{"id":88,"date":"2024-04-29T11:57:25","date_gmt":"2024-04-29T09:57:25","guid":{"rendered":"https:\/\/test.arcotec.com\/mon-compte\/"},"modified":"2026-03-16T15:01:41","modified_gmt":"2026-03-16T14:01:41","slug":"mon-compte","status":"publish","type":"page","link":"https:\/\/arcotec.com\/fr\/mon-compte\/","title":{"rendered":"Mon compte"},"content":{"rendered":"<div class=\"woocommerce\"><\/div>\n","protected":false},"excerpt":{"rendered":"","protected":false},"author":1,"featured_media":0,"parent":0,"menu_order":0,"comment_status":"closed","ping_status":"closed","template":"","meta":{"footnotes":""},"class_list":["post-88","page","type-page","status-publish","hentry"],"yoast_head":"<!-- This site is optimized with the Yoast SEO plugin v27.3 - https:\/\/yoast.com\/product\/yoast-seo-wordpress\/ -->\n<title>Mon compte | Arcotec GmbH<\/title>\n<meta name=\"description\" content=\"Connectez-vous \u00e0 votre compte Arcotec pour g\u00e9rer vos commandes, mettre \u00e0 jour vos adresses de facturation et modifier votre mot de passe.\" \/>\n<meta name=\"robots\" content=\"index, follow, max-snippet:-1, max-image-preview:large, max-video-preview:-1\" \/>\n<link rel=\"canonical\" href=\"https:\/\/arcotec.com\/fr\/mon-compte\/\" \/>\n<meta property=\"og:locale\" content=\"fr_FR\" \/>\n<meta property=\"og:type\" content=\"article\" \/>\n<meta property=\"og:title\" content=\"Mon compte | Arcotec GmbH\" \/>\n<meta property=\"og:description\" content=\"Connectez-vous \u00e0 votre compte Arcotec pour g\u00e9rer vos commandes, mettre \u00e0 jour vos adresses de facturation et modifier votre mot de passe.\" \/>\n<meta property=\"og:url\" content=\"https:\/\/arcotec.com\/fr\/mon-compte\/\" \/>\n<meta property=\"og:site_name\" content=\"arcotec\" \/>\n<meta property=\"article:modified_time\" content=\"2026-03-16T14:01:41+00:00\" \/>\n<meta name=\"twitter:card\" content=\"summary_large_image\" \/>\n<meta name=\"twitter:label1\" content=\"Dur\u00e9e de lecture estim\u00e9e\" \/>\n\t<meta name=\"twitter:data1\" content=\"1 minute\" \/>\n<script type=\"application\/ld+json\" class=\"yoast-schema-graph\">{\"@context\":\"https:\\\/\\\/schema.org\",\"@graph\":[{\"@type\":\"WebPage\",\"@id\":\"https:\\\/\\\/arcotec.com\\\/fr\\\/mon-compte\\\/\",\"url\":\"https:\\\/\\\/arcotec.com\\\/fr\\\/mon-compte\\\/\",\"name\":\"Mon compte | Arcotec GmbH\",\"isPartOf\":{\"@id\":\"https:\\\/\\\/arcotec.com\\\/fr\\\/#website\"},\"datePublished\":\"2024-04-29T09:57:25+00:00\",\"dateModified\":\"2026-03-16T14:01:41+00:00\",\"description\":\"Connectez-vous \u00e0 votre compte Arcotec pour g\u00e9rer vos commandes, mettre \u00e0 jour vos adresses de facturation et modifier votre mot de passe.\",\"breadcrumb\":{\"@id\":\"https:\\\/\\\/arcotec.com\\\/fr\\\/mon-compte\\\/#breadcrumb\"},\"inLanguage\":\"fr-FR\",\"potentialAction\":[{\"@type\":\"ReadAction\",\"target\":[\"https:\\\/\\\/arcotec.com\\\/fr\\\/mon-compte\\\/\"]}]},{\"@type\":\"BreadcrumbList\",\"@id\":\"https:\\\/\\\/arcotec.com\\\/fr\\\/mon-compte\\\/#breadcrumb\",\"itemListElement\":[{\"@type\":\"ListItem\",\"position\":1,\"name\":\"Home\",\"item\":\"https:\\\/\\\/arcotec.com\\\/fr\\\/\"},{\"@type\":\"ListItem\",\"position\":2,\"name\":\"Mon compte\"}]},{\"@type\":\"WebSite\",\"@id\":\"https:\\\/\\\/arcotec.com\\\/fr\\\/#website\",\"url\":\"https:\\\/\\\/arcotec.com\\\/fr\\\/\",\"name\":\"arcotec\",\"description\":\"\",\"potentialAction\":[{\"@type\":\"SearchAction\",\"target\":{\"@type\":\"EntryPoint\",\"urlTemplate\":\"https:\\\/\\\/arcotec.com\\\/fr\\\/?s={search_term_string}\"},\"query-input\":{\"@type\":\"PropertyValueSpecification\",\"valueRequired\":true,\"valueName\":\"search_term_string\"}}],\"inLanguage\":\"fr-FR\"}]}<\/script>\n<!-- \/ Yoast SEO plugin. -->","yoast_head_json":{"title":"Mon compte | Arcotec GmbH","description":"Connectez-vous \u00e0 votre compte Arcotec pour g\u00e9rer vos commandes, mettre \u00e0 jour vos adresses de facturation et modifier votre mot de passe.","robots":{"index":"index","follow":"follow","max-snippet":"max-snippet:-1","max-image-preview":"max-image-preview:large","max-video-preview":"max-video-preview:-1"},"canonical":"https:\/\/arcotec.com\/fr\/mon-compte\/","og_locale":"fr_FR","og_type":"article","og_title":"Mon compte | Arcotec GmbH","og_description":"Connectez-vous \u00e0 votre compte Arcotec pour g\u00e9rer vos commandes, mettre \u00e0 jour vos adresses de facturation et modifier votre mot de passe.","og_url":"https:\/\/arcotec.com\/fr\/mon-compte\/","og_site_name":"arcotec","article_modified_time":"2026-03-16T14:01:41+00:00","twitter_card":"summary_large_image","twitter_misc":{"Dur\u00e9e de lecture estim\u00e9e":"1 minute"},"schema":{"@context":"https:\/\/schema.org","@graph":[{"@type":"WebPage","@id":"https:\/\/arcotec.com\/fr\/mon-compte\/","url":"https:\/\/arcotec.com\/fr\/mon-compte\/","name":"Mon compte | Arcotec GmbH","isPartOf":{"@id":"https:\/\/arcotec.com\/fr\/#website"},"datePublished":"2024-04-29T09:57:25+00:00","dateModified":"2026-03-16T14:01:41+00:00","description":"Connectez-vous \u00e0 votre compte Arcotec pour g\u00e9rer vos commandes, mettre \u00e0 jour vos adresses de facturation et modifier votre mot de passe.","breadcrumb":{"@id":"https:\/\/arcotec.com\/fr\/mon-compte\/#breadcrumb"},"inLanguage":"fr-FR","potentialAction":[{"@type":"ReadAction","target":["https:\/\/arcotec.com\/fr\/mon-compte\/"]}]},{"@type":"BreadcrumbList","@id":"https:\/\/arcotec.com\/fr\/mon-compte\/#breadcrumb","itemListElement":[{"@type":"ListItem","position":1,"name":"Home","item":"https:\/\/arcotec.com\/fr\/"},{"@type":"ListItem","position":2,"name":"Mon compte"}]},{"@type":"WebSite","@id":"https:\/\/arcotec.com\/fr\/#website","url":"https:\/\/arcotec.com\/fr\/","name":"arcotec","description":"","potentialAction":[{"@type":"SearchAction","target":{"@type":"EntryPoint","urlTemplate":"https:\/\/arcotec.com\/fr\/?s={search_term_string}"},"query-input":{"@type":"PropertyValueSpecification","valueRequired":true,"valueName":"search_term_string"}}],"inLanguage":"fr-FR"}]}},"_links":{"self":[{"href":"https:\/\/arcotec.com\/fr\/wp-json\/wp\/v2\/pages\/88","targetHints":{"allow":["GET"]}}],"collection":[{"href":"https:\/\/arcotec.com\/fr\/wp-json\/wp\/v2\/pages"}],"about":[{"href":"https:\/\/arcotec.com\/fr\/wp-json\/wp\/v2\/types\/page"}],"author":[{"embeddable":true,"href":"https:\/\/arcotec.com\/fr\/wp-json\/wp\/v2\/users\/1"}],"replies":[{"embeddable":true,"href":"https:\/\/arcotec.com\/fr\/wp-json\/wp\/v2\/comments?post=88"}],"version-history":[{"count":1,"href":"https:\/\/arcotec.com\/fr\/wp-json\/wp\/v2\/pages\/88\/revisions"}],"predecessor-version":[{"id":1256,"href":"https:\/\/arcotec.com\/fr\/wp-json\/wp\/v2\/pages\/88\/revisions\/1256"}],"wp:attachment":[{"href":"https:\/\/arcotec.com\/fr\/wp-json\/wp\/v2\/media?parent=88"}],"curies":[{"name":"wp","href":"https:\/\/api.w.org\/{rel}","templated":true}]}}