{"id":46169,"date":"2025-12-02T13:21:28","date_gmt":"2025-12-02T12:21:28","guid":{"rendered":"https:\/\/test.arcotec.com\/service\/"},"modified":"2026-03-16T14:31:43","modified_gmt":"2026-03-16T13:31:43","slug":"service","status":"publish","type":"page","link":"https:\/\/arcotec.com\/fr\/service\/","title":{"rendered":"Service"},"content":{"rendered":"\n<div style=\"height:25px\" aria-hidden=\"true\" class=\"wp-block-spacer\"><\/div>\n\n\n<div id=\"default-class\" class=\"headline-block default-class\">\r\n                        <div class=\"container\">     \r\n                            <div class=\"row\">\r\n                                <div class=\"col\">\r\n                                    <h1  style=\"color: var(--arcot-blue)\" class=\"wt-headline big  \">Service apr\u00e8s-vente, pi\u00e8ces de rechange et laboratoire<\/h1>\r\n                                <\/div>                                        \r\n                            <\/div>                         \r\n                                                        \r\n                        <\/div>                                \r\n                <\/div>\r\n            \n\n\n<div style=\"height:20px\" aria-hidden=\"true\" class=\"wp-block-spacer\"><\/div>\n\n\n<section id=\"\" class=\"text-block \">                \r\n                    <div class=\"container\">                        \r\n                                                \r\n                        <div class=\"row text\">\r\n                        <div class=\"col\">\r\n                            <div class=\"textBlock-text fs-16 fw-medium lh-26 text-block-html \">\r\n                                <p class=\"wp-block-wt-text-block\">Arcotec vous propose un service apr\u00e8s-vente complet. Ainsi, nous sommes \u00e0 vos c\u00f4t\u00e9s m\u00eame apr\u00e8s l\u2019achat d\u2019une installation. En tant que client, vous ne b\u00e9n\u00e9ficiez pas seulement de<strong>\u00a0conseils avis\u00e9s et d\u2019un service apr\u00e8s-vente haut de gamme\u00a0:<\/strong>\u00a0notre <a href=\"https:\/\/arcotec.com\/fr\/laboratoire\/\">laboratoire <\/a>est \u00e9galement toujours \u00e0 vos c\u00f4t\u00e9s, par exemple lorsqu\u2019il s\u2019agit de trouver la m\u00e9thode de traitement optimale pour vos mat\u00e9riaux.<\/p>\n\r\n                            <\/div>\r\n                        <\/div>                                        \r\n                    <\/div>  \r\n                                              \r\n                    <\/div>                                \r\n            <\/section>\n\n\n<div style=\"height:30px\" aria-hidden=\"true\" class=\"wp-block-spacer\"><\/div>\n\n\n<div id=\"b-bold\" class=\"headline-block b-bold\">\r\n                        <div class=\"container\">     \r\n                            <div class=\"row\">\r\n                                <div class=\"col\">\r\n                                    <h2  style=\"color: var(--arcot-black)\" class=\"wt-headline medium  \">Service apr\u00e8s-vente et pi\u00e8ces de rechange d\u2019origine d\u2019Arcotec<\/h2>\r\n                                <\/div>                                        \r\n                            <\/div>                         \r\n                                                        \r\n                        <\/div>                                \r\n                <\/div>\r\n            \n\n\n<div style=\"height:30px\" aria-hidden=\"true\" class=\"wp-block-spacer\"><\/div>\n\n\n\n<div class=\"wp-block-group container arcot-list\"><div class=\"wp-block-group__inner-container is-layout-constrained wp-block-group-is-layout-constrained\">\n<div class=\"wp-block-columns is-layout-flex wp-container-core-columns-is-layout-9d6595d7 wp-block-columns-is-layout-flex\">\n<div class=\"wp-block-column is-layout-flow wp-block-column-is-layout-flow\" style=\"flex-basis:66.66%\"><section id=\"\" class=\"text-block \">                \r\n                    <div class=\"container\">                        \r\n                                                \r\n                        <div class=\"row text\">\r\n                        <div class=\"col\">\r\n                            <div class=\"textBlock-text fs-16 fw-medium lh-26 text-block-html \">\r\n                                <p class=\"wp-block-wt-text-block\">Il est important \u00e0 nos yeux que vous puissiez toujours compter sur nous, m\u00eame apr\u00e8s l\u2019achat d\u2019une installation Arcotec. C\u2019est pourquoi nous avons toujours accord\u00e9 une importance particuli\u00e8re \u00e0 la&nbsp;<strong>qualit\u00e9 \u00e9lev\u00e9e de notre service apr\u00e8s-vente<\/strong>.<\/p>\n<p>Nos techniciens de service et ing\u00e9nieurs entretiennent les plus de 25&nbsp;000&nbsp;installations vendues par Arcotec, directement sur site,&nbsp;<strong>365&nbsp;jours par an<\/strong>. En cas de d\u00e9faut, notre \u00e9quipe vous fournit rapidement les pi\u00e8ces de rechange adapt\u00e9es et font en sorte que votre installation soit de nouveau op\u00e9rationnelle rapidement. Nous contribuons ainsi \u00e0 garantir un&nbsp;<strong>bon d\u00e9roulement de la production<\/strong>.<\/p>\n\r\n                            <\/div>\r\n                        <\/div>                                        \r\n                    <\/div>  \r\n                                              \r\n                    <\/div>                                \r\n            <\/section><\/div>\n\n\n\n<div class=\"wp-block-column is-layout-flow wp-block-column-is-layout-flow\" style=\"flex-basis:33.33%\"><div class=\"wp-block-image\">\n<figure class=\"alignright size-full\"><img loading=\"lazy\" decoding=\"async\" width=\"700\" height=\"498\" src=\"https:\/\/arcotec.com\/wp-content\/uploads\/2025\/12\/spare-parts-arcotec.jpg\" alt=\"Spare Parts Arcotec\" class=\"wp-image-46154\" srcset=\"https:\/\/arcotec.com\/wp-content\/uploads\/2025\/12\/spare-parts-arcotec.jpg 700w, https:\/\/arcotec.com\/wp-content\/uploads\/2025\/12\/spare-parts-arcotec-300x213.jpg 300w, https:\/\/arcotec.com\/wp-content\/uploads\/2025\/12\/spare-parts-arcotec-600x427.jpg 600w\" sizes=\"auto, (max-width: 700px) 100vw, 700px\" \/><\/figure>\n<\/div><\/div>\n<\/div>\n<\/div><\/div>\n\n\n\n<div style=\"height:30px\" aria-hidden=\"true\" class=\"wp-block-spacer\"><\/div>\n\n\n<section id=\"\" class=\"text-block \">                \r\n                    <div class=\"container\">                        \r\n                        <div class=\"row\">                                        \r\n                        <div class=\"col\">\r\n                            <h3 class=\"textBlock-headline upper wt-font-color-black left  left \">Prestations de service<\/h3>\r\n                        <\/div>                                        \r\n                    <\/div>                        \r\n                        <div class=\"row text\">\r\n                        <div class=\"col\">\r\n                            <div class=\"textBlock-text fs-16 fw-medium lh-26 text-block-html \">\r\n                                <p class=\"wp-block-wt-text-block\">Notre objectif est de&nbsp;<strong>satisfaire nos clients<\/strong>&nbsp;et d\u2019assurer un service apr\u00e8s-vente de la meilleure qualit\u00e9 possible. En tant que client Arcotec, vous b\u00e9n\u00e9ficiez par cons\u00e9quent des prestations suivantes&nbsp;:<\/p>\n\r\n                            <\/div>\r\n                        <\/div>                                        \r\n                    <\/div>  \r\n                                              \r\n                    <\/div>                                \r\n            <\/section>\n\n\n<div class=\"wp-block-group container\"><div class=\"wp-block-group__inner-container is-layout-constrained wp-block-group-is-layout-constrained\">\n<ul class=\"wp-block-list\">\n<li>Maintenance sur site dans le monde entier<\/li>\n\n\n\n<li>Stock important de pi\u00e8ces de rechange<\/li>\n\n\n\n<li>Livraison de pi\u00e8ces de rechange 24h\/24<\/li>\n\n\n\n<li>Assistance t\u00e9l\u00e9phonique multilingue<\/li>\n\n\n\n<li>Parc \u00e9tendu d\u2019installations de rechange<\/li>\n\n\n\n<li>Assistance en ligne<\/li>\n<\/ul>\n<\/div><\/div>\n\n\n\n<div style=\"height:30px\" aria-hidden=\"true\" class=\"wp-block-spacer\"><\/div>\n\n\n<section id=\"\" class=\"text-block \">                \r\n                    <div class=\"container\">                        \r\n                        <div class=\"row\">                                        \r\n                        <div class=\"col\">\r\n                            <h3 class=\"textBlock-headline upper wt-font-color-black left  left \">Assistance OEM<\/h3>\r\n                        <\/div>                                        \r\n                    <\/div>                        \r\n                        <div class=\"row text\">\r\n                        <div class=\"col\">\r\n                            <div class=\"textBlock-text fs-16 fw-medium lh-26 text-block-html \">\r\n                                <p class=\"wp-block-wt-text-block\">Dans le cadre de l\u2019assistance OEM, nous vous proposons \u00e9galement des pi\u00e8ces de rechange et une assistance pour les appareils Arcotec qui ont \u00e9t\u00e9<strong>&nbsp;int\u00e9gr\u00e9s dans une autre installation<\/strong>. Ainsi, en tant que constructeur d\u2019installations, vous \u00eates toujours en mesure de proposer \u00e0 vos clients des pi\u00e8ces de rechange d\u2019origine haut de gamme et un service apr\u00e8s-vente d\u2019excellence.<\/p>\n\r\n                            <\/div>\r\n                        <\/div>                                        \r\n                    <\/div>  \r\n                                              \r\n                    <\/div>                                \r\n            <\/section>\n\n\n<div style=\"height:50px\" aria-hidden=\"true\" class=\"wp-block-spacer\"><\/div>\n\n\n<div class=\"contact-banner-block\">    \r\n              <div class=\"container-fluid\" style=\"background-color: #008DD4 \">\r\n                        <div class=\"container\">                \r\n                           <div class=\"contact-banner-container\" >\r\n                           <div class=\"contact-banner-left\">\r\n                                 <p class=\"headline\">Si vous d\u00e9sirez de plus informations, n\u2019h\u00e9sitez pas \u00e0 nous contacter pour une consultation gratuite.<\/p>\r\n                           <\/div>\r\n                          \r\n                           <div class=\"contact-banner-button\">\r\n                                <a class=\"wt-button\" href=\/fr\/contact\/>\r\n                                    <div class=\"wt-btn-outline\">\r\n                                        <span>Contact<\/span>\r\n                                        <div class=\"wt-long-arrow-right\"><\/div>\r\n                                    <\/div>\r\n                                <\/a>\r\n                           <\/div>\r\n                                \r\n                           <\/div>\r\n                           <\/div>\r\n                        <\/div>\r\n                <\/div>","protected":false},"excerpt":{"rendered":"","protected":false},"author":1,"featured_media":0,"parent":0,"menu_order":0,"comment_status":"closed","ping_status":"closed","template":"","meta":{"footnotes":""},"class_list":["post-46169","page","type-page","status-publish","hentry"],"yoast_head":"<!-- This site is optimized with the Yoast SEO plugin v27.3 - https:\/\/yoast.com\/product\/yoast-seo-wordpress\/ -->\n<title>Nos prestations de service | Arcotec GmbH<\/title>\n<meta name=\"description\" content=\"Avec les services complets pour les installations de pr\u00e9traitement Arcotec, vous avez toujours un partenaire fiable et comp\u00e9tent \u00e0 vos c\u00f4t\u00e9s.\" \/>\n<meta name=\"robots\" content=\"index, follow, max-snippet:-1, max-image-preview:large, max-video-preview:-1\" \/>\n<link rel=\"canonical\" href=\"https:\/\/arcotec.com\/fr\/service\/\" \/>\n<meta property=\"og:locale\" content=\"fr_FR\" \/>\n<meta property=\"og:type\" content=\"article\" \/>\n<meta property=\"og:title\" content=\"Nos prestations de service | Arcotec GmbH\" \/>\n<meta property=\"og:description\" content=\"Avec les services complets pour les installations de pr\u00e9traitement Arcotec, vous avez toujours un partenaire fiable et comp\u00e9tent \u00e0 vos c\u00f4t\u00e9s.\" \/>\n<meta property=\"og:url\" content=\"https:\/\/arcotec.com\/fr\/service\/\" \/>\n<meta property=\"og:site_name\" content=\"arcotec\" \/>\n<meta property=\"article:modified_time\" content=\"2026-03-16T13:31:43+00:00\" \/>\n<meta property=\"og:image\" content=\"https:\/\/arcotec.com\/wp-content\/uploads\/2025\/12\/spare-parts-arcotec.jpg\" \/>\n\t<meta property=\"og:image:width\" content=\"700\" \/>\n\t<meta property=\"og:image:height\" content=\"498\" \/>\n\t<meta property=\"og:image:type\" content=\"image\/jpeg\" \/>\n<meta name=\"twitter:card\" content=\"summary_large_image\" \/>\n<meta name=\"twitter:label1\" content=\"Dur\u00e9e de lecture estim\u00e9e\" \/>\n\t<meta name=\"twitter:data1\" content=\"2 minutes\" \/>\n<script type=\"application\/ld+json\" class=\"yoast-schema-graph\">{\"@context\":\"https:\\\/\\\/schema.org\",\"@graph\":[{\"@type\":\"WebPage\",\"@id\":\"https:\\\/\\\/arcotec.com\\\/fr\\\/service\\\/\",\"url\":\"https:\\\/\\\/arcotec.com\\\/fr\\\/service\\\/\",\"name\":\"Nos prestations de service | Arcotec GmbH\",\"isPartOf\":{\"@id\":\"https:\\\/\\\/arcotec.com\\\/fr\\\/#website\"},\"primaryImageOfPage\":{\"@id\":\"https:\\\/\\\/arcotec.com\\\/fr\\\/service\\\/#primaryimage\"},\"image\":{\"@id\":\"https:\\\/\\\/arcotec.com\\\/fr\\\/service\\\/#primaryimage\"},\"thumbnailUrl\":\"https:\\\/\\\/arcotec.com\\\/wp-content\\\/uploads\\\/2025\\\/12\\\/spare-parts-arcotec.jpg\",\"datePublished\":\"2025-12-02T12:21:28+00:00\",\"dateModified\":\"2026-03-16T13:31:43+00:00\",\"description\":\"Avec les services complets pour les installations de pr\u00e9traitement Arcotec, vous avez toujours un partenaire fiable et comp\u00e9tent \u00e0 vos c\u00f4t\u00e9s.\",\"breadcrumb\":{\"@id\":\"https:\\\/\\\/arcotec.com\\\/fr\\\/service\\\/#breadcrumb\"},\"inLanguage\":\"fr-FR\",\"potentialAction\":[{\"@type\":\"ReadAction\",\"target\":[\"https:\\\/\\\/arcotec.com\\\/fr\\\/service\\\/\"]}]},{\"@type\":\"ImageObject\",\"inLanguage\":\"fr-FR\",\"@id\":\"https:\\\/\\\/arcotec.com\\\/fr\\\/service\\\/#primaryimage\",\"url\":\"https:\\\/\\\/arcotec.com\\\/wp-content\\\/uploads\\\/2025\\\/12\\\/spare-parts-arcotec.jpg\",\"contentUrl\":\"https:\\\/\\\/arcotec.com\\\/wp-content\\\/uploads\\\/2025\\\/12\\\/spare-parts-arcotec.jpg\"},{\"@type\":\"BreadcrumbList\",\"@id\":\"https:\\\/\\\/arcotec.com\\\/fr\\\/service\\\/#breadcrumb\",\"itemListElement\":[{\"@type\":\"ListItem\",\"position\":1,\"name\":\"Home\",\"item\":\"https:\\\/\\\/arcotec.com\\\/fr\\\/\"},{\"@type\":\"ListItem\",\"position\":2,\"name\":\"Service\"}]},{\"@type\":\"WebSite\",\"@id\":\"https:\\\/\\\/arcotec.com\\\/fr\\\/#website\",\"url\":\"https:\\\/\\\/arcotec.com\\\/fr\\\/\",\"name\":\"arcotec\",\"description\":\"\",\"potentialAction\":[{\"@type\":\"SearchAction\",\"target\":{\"@type\":\"EntryPoint\",\"urlTemplate\":\"https:\\\/\\\/arcotec.com\\\/fr\\\/?s={search_term_string}\"},\"query-input\":{\"@type\":\"PropertyValueSpecification\",\"valueRequired\":true,\"valueName\":\"search_term_string\"}}],\"inLanguage\":\"fr-FR\"}]}<\/script>\n<!-- \/ Yoast SEO plugin. -->","yoast_head_json":{"title":"Nos prestations de service | Arcotec GmbH","description":"Avec les services complets pour les installations de pr\u00e9traitement Arcotec, vous avez toujours un partenaire fiable et comp\u00e9tent \u00e0 vos c\u00f4t\u00e9s.","robots":{"index":"index","follow":"follow","max-snippet":"max-snippet:-1","max-image-preview":"max-image-preview:large","max-video-preview":"max-video-preview:-1"},"canonical":"https:\/\/arcotec.com\/fr\/service\/","og_locale":"fr_FR","og_type":"article","og_title":"Nos prestations de service | Arcotec GmbH","og_description":"Avec les services complets pour les installations de pr\u00e9traitement Arcotec, vous avez toujours un partenaire fiable et comp\u00e9tent \u00e0 vos c\u00f4t\u00e9s.","og_url":"https:\/\/arcotec.com\/fr\/service\/","og_site_name":"arcotec","article_modified_time":"2026-03-16T13:31:43+00:00","og_image":[{"width":700,"height":498,"url":"https:\/\/arcotec.com\/wp-content\/uploads\/2025\/12\/spare-parts-arcotec.jpg","type":"image\/jpeg"}],"twitter_card":"summary_large_image","twitter_misc":{"Dur\u00e9e de lecture estim\u00e9e":"2 minutes"},"schema":{"@context":"https:\/\/schema.org","@graph":[{"@type":"WebPage","@id":"https:\/\/arcotec.com\/fr\/service\/","url":"https:\/\/arcotec.com\/fr\/service\/","name":"Nos prestations de service | Arcotec GmbH","isPartOf":{"@id":"https:\/\/arcotec.com\/fr\/#website"},"primaryImageOfPage":{"@id":"https:\/\/arcotec.com\/fr\/service\/#primaryimage"},"image":{"@id":"https:\/\/arcotec.com\/fr\/service\/#primaryimage"},"thumbnailUrl":"https:\/\/arcotec.com\/wp-content\/uploads\/2025\/12\/spare-parts-arcotec.jpg","datePublished":"2025-12-02T12:21:28+00:00","dateModified":"2026-03-16T13:31:43+00:00","description":"Avec les services complets pour les installations de pr\u00e9traitement Arcotec, vous avez toujours un partenaire fiable et comp\u00e9tent \u00e0 vos c\u00f4t\u00e9s.","breadcrumb":{"@id":"https:\/\/arcotec.com\/fr\/service\/#breadcrumb"},"inLanguage":"fr-FR","potentialAction":[{"@type":"ReadAction","target":["https:\/\/arcotec.com\/fr\/service\/"]}]},{"@type":"ImageObject","inLanguage":"fr-FR","@id":"https:\/\/arcotec.com\/fr\/service\/#primaryimage","url":"https:\/\/arcotec.com\/wp-content\/uploads\/2025\/12\/spare-parts-arcotec.jpg","contentUrl":"https:\/\/arcotec.com\/wp-content\/uploads\/2025\/12\/spare-parts-arcotec.jpg"},{"@type":"BreadcrumbList","@id":"https:\/\/arcotec.com\/fr\/service\/#breadcrumb","itemListElement":[{"@type":"ListItem","position":1,"name":"Home","item":"https:\/\/arcotec.com\/fr\/"},{"@type":"ListItem","position":2,"name":"Service"}]},{"@type":"WebSite","@id":"https:\/\/arcotec.com\/fr\/#website","url":"https:\/\/arcotec.com\/fr\/","name":"arcotec","description":"","potentialAction":[{"@type":"SearchAction","target":{"@type":"EntryPoint","urlTemplate":"https:\/\/arcotec.com\/fr\/?s={search_term_string}"},"query-input":{"@type":"PropertyValueSpecification","valueRequired":true,"valueName":"search_term_string"}}],"inLanguage":"fr-FR"}]}},"_links":{"self":[{"href":"https:\/\/arcotec.com\/fr\/wp-json\/wp\/v2\/pages\/46169","targetHints":{"allow":["GET"]}}],"collection":[{"href":"https:\/\/arcotec.com\/fr\/wp-json\/wp\/v2\/pages"}],"about":[{"href":"https:\/\/arcotec.com\/fr\/wp-json\/wp\/v2\/types\/page"}],"author":[{"embeddable":true,"href":"https:\/\/arcotec.com\/fr\/wp-json\/wp\/v2\/users\/1"}],"replies":[{"embeddable":true,"href":"https:\/\/arcotec.com\/fr\/wp-json\/wp\/v2\/comments?post=46169"}],"version-history":[{"count":3,"href":"https:\/\/arcotec.com\/fr\/wp-json\/wp\/v2\/pages\/46169\/revisions"}],"predecessor-version":[{"id":46185,"href":"https:\/\/arcotec.com\/fr\/wp-json\/wp\/v2\/pages\/46169\/revisions\/46185"}],"wp:attachment":[{"href":"https:\/\/arcotec.com\/fr\/wp-json\/wp\/v2\/media?parent=46169"}],"curies":[{"name":"wp","href":"https:\/\/api.w.org\/{rel}","templated":true}]}}