{"id":3582,"date":"2024-08-20T12:51:59","date_gmt":"2024-08-20T10:51:59","guid":{"rendered":"https:\/\/test.arcotec.com\/?page_id=3582"},"modified":"2026-03-16T14:47:51","modified_gmt":"2026-03-16T13:47:51","slug":"contact-service","status":"publish","type":"page","link":"https:\/\/arcotec.com\/fr\/laboratoire\/contact-service\/","title":{"rendered":"Contact service"},"content":{"rendered":"\n<div style=\"height:20px\" aria-hidden=\"true\" class=\"wp-block-spacer\"><\/div>\n\n\n<div id=\"default-class\" class=\"headline-block default-class\">\r\n                        <div class=\"container\">     \r\n                            <div class=\"row\">\r\n                                <div class=\"col\">\r\n                                    <h1  style=\"color: var(--arcot-blue)\" class=\"wt-headline big  \">Contacter le SAV<\/h1>\r\n                                <\/div>                                        \r\n                            <\/div>                         \r\n                                                        \r\n                        <\/div>                                \r\n                <\/div>\r\n            \n\n\n<div style=\"height:10px\" aria-hidden=\"true\" class=\"wp-block-spacer\"><\/div>\n\n\n   <section class=\"contact-form-block contact-form-block-id-69e8f2a313f79 mb-5\">\r\n                    <div class=\"container\">\r\n                        <p>\r\n                            Vous avez besoin de l&rsquo;intervention d&rsquo;un technicien ? Dans ce cas, veuillez remplir le formulaire ci-dessous.\r\n                        <\/p>\r\n                        <form class=\"contact-form-container\" id=\"contact-service-arcot-form\" novalidate>\r\n                                <div class=\"d-lg-flex gap-custom-3\">\r\n                                    <div class=\"col input-wrapper mb-4\">\r\n                                        <p>Veuillez s\u00e9lectionner :<\/p>\r\n                                        <select id=\"cf_select_one\" name=\"cf_select_one\" class=\"form-control\" >\r\n                                            <option value=\"option1\" selected>G\u00e9n\u00e9rateurs de couronne \/ plasma (HS, CG, PG, PGS)<\/option>\r\n                                            <option value=\"option2\">Installations \u00e0 flamme (FT, FTS, FTM, EFT, Silane)<\/option>\r\n                                            <option value=\"option2\">Autres<\/option>\r\n                                      \r\n                                        <\/select>\r\n                                        <div class=\"invalid-feedback\">\r\n                                            Veuillez indiquer votre pr\u00e9nom.\r\n                                        <\/div>\r\n                                    <\/div>\r\n                                    \r\n                                    <div class=\"col input-wrapper mb-4\">\r\n                                        <p>Num\u00e9ro de s\u00e9rie :<\/p>\r\n                                        <input type=\"text\" id=\"cf_serial_number\" name=\"cf_serial_number\" class=\"form-control\" >\r\n                                        <div class=\"invalid-feedback\">\r\n                                          Veuillez indiquer votre nom de famille.\r\n                                        <\/div>\r\n                                    <\/div>\r\n                                <\/div>\r\n                                \r\n                                <div class=\"d-lg-flex gap-custom-3\">\r\n                                    <div class=\"col input-wrapper mb-4\">\r\n                                        <p>Veuillez s\u00e9lectionner :<\/p>\r\n                                        <select id=\"cf_select_two\" name=\"cf_select_two\" class=\"form-control\" >\r\n                                            <option value=\"option1\" selected>G\u00e9n\u00e9rateurs de couronne \/ plasma (HS, CG, PG, PGS)<\/option>\r\n                                            <option value=\"option2\">Installations \u00e0 flamme (FT, FTS, FTM, EFT, Silane)<\/option>\r\n                                            <option value=\"option2\">Autres<\/option>\r\n                                      \r\n                                        <\/select>\r\n                                        <div class=\"invalid-feedback\">\r\n                                            Veuillez indiquer votre pr\u00e9nom.\r\n                                        <\/div>\r\n                                    <\/div>\r\n                                    \r\n                                    <div class=\"col input-wrapper mb-4\">\r\n                                        <p>Num\u00e9ro de s\u00e9rie :<\/p>\r\n                                        <input type=\"text\" id=\"cf_serial_number_two\" name=\"cf_serial_number_two\" class=\"form-control\" >\r\n                                        <div class=\"invalid-feedback\">\r\n                                          Veuillez indiquer votre nom de famille.\r\n                                        <\/div>\r\n                                    <\/div>\r\n                                <\/div>\r\n                                         \r\n                                <div class=\"input-wrapper mb-4\">\r\n                                    <p>Sujet*<\/p>\r\n                                    <input type=\"text\" id=\"cf_betreff\" name=\"cf_betreff\" class=\"form-control\" required>\r\n                                    <div class=\"invalid-feedback\">\r\n                                      Veuillez indiquer un objet.\r\n                                    <\/div>\r\n                                <\/div>\r\n                                \r\n                                <div class=\"input-wrapper mb-4\">\r\n                                <p>Commentaire<\/p>\r\n                                    <textarea id=\"cf_message\" name=\"cf_message\" class=\"form-control\" rows=\"3\" maxlength=\"500\" required><\/textarea>\r\n                                    <div class=\"invalid-feedback\">\r\n                                    \r\n                                    <\/div>\r\n                                <\/div>\r\n                                \r\n                                <div class=\"d-lg-flex gap-custom-3\">\r\n                                    <div class=\"col input-wrapper mb-4\">\r\n                                            <p>Nom*<\/p>\r\n                                            <input type=\"text\" id=\"cf_last_name\" name=\"cf_last_name\" class=\"form-control\" required>\r\n                                            <div class=\"invalid-feedback\">\r\n                                              Veuillez indiquer votre nom de famille.\r\n                                            <\/div>\r\n                                        <\/div>\r\n                                    \r\n                                    <div class=\"col input-wrapper mb-4\">\r\n                                        <p>Pr\u00e9nom*<\/p>\r\n                                        <input type=\"text\" id=\"cf_first_name\" name=\"cf_first_name\" class=\"form-control\" required>\r\n                                        <div class=\"invalid-feedback\">\r\n                                          Veuillez indiquer votre pr\u00e9nom.\r\n                                        <\/div>\r\n                                    <\/div>\r\n                                    \r\n                                    <div class=\"col input-wrapper mb-4\">\r\n                                     <p>Soci\u00e9t\u00e9*<\/p>\r\n                                        <input type=\"text\" id=\"cf_firma\" name=\"cf_firma\" class=\"form-control\" required>\r\n                                        <div class=\"invalid-feedback\">\r\n                                          Veuillez indiquer le nom de votre entreprise.\r\n                                        <\/div>\r\n                                    <\/div>\r\n                                <\/div>\r\n\r\n                                \r\n                                <div class=\"d-lg-flex gap-custom-3\">\r\n                                    <div class=\"col input-wrapper mb-4\">\r\n                                        <p>E-Mail*<\/p>\r\n                                        <input type=\"email\" id=\"cf_mail\" name=\"cf_mail\" class=\"form-control\" required>\r\n                                        <div class=\"invalid-feedback\">\r\n                                          Veuillez indiquer une adresse e-mail valide.\r\n                                        <\/div>\r\n                                    <\/div>\r\n                                    \r\n                                    <div class=\"col input-wrapper mb-4\">\r\n                                        <p>T\u00e9l*<\/p>\r\n                                        <input type=\"text\" id=\"cf_tel\" name=\"cf_tel\" class=\"form-control\">\r\n                                        <div class=\"invalid-feedback\">\r\n                                          Veuillez saisir un num\u00e9ro de t\u00e9l\u00e9phone correct.\r\n                                        <\/div>\r\n                                    <\/div>\r\n                                    \r\n                                    <div class=\"col input-wrapper mb-4\">\r\n                                        <p>Fax<\/p>\r\n                                        <input type=\"text\" id=\"cf_fax\" name=\"cf_fax\" class=\"form-control\">\r\n                                        <div class=\"invalid-feedback\">\r\n                                          \r\n                                        <\/div>\r\n                                    <\/div>\r\n\r\n                                <\/div>\r\n                                \r\n                                <div class=\"d-lg-flex gap-custom-3\">\r\n                                    <div class=\"col input-wrapper mb-4\">\r\n                                        <p>Rue\/no.*<\/p>\r\n                                        <input type=\"text\" id=\"cf_company_street\" name=\"cf_company_street\" class=\"form-control\" required>\r\n                                        <div class=\"invalid-feedback\">\r\n                                          Veuillez indiquer l&rsquo;adresse de votre entreprise.\r\n                                        <\/div>\r\n                                    <\/div>\r\n                                    \r\n                                    <div class=\"col input-wrapper mb-4\">\r\n                                        <p>Code postal*<\/p>\r\n                                        <input type=\"text\" id=\"cf_plz\" name=\"cf_plz\" class=\"form-control\" required>\r\n                                        <div class=\"invalid-feedback\">\r\n                                          Veuillez indiquer votre code postal.\r\n                                        <\/div>\r\n                                    <\/div>\r\n                                    \r\n                                    <div class=\"col input-wrapper mb-4\">\r\n                                        <p>Ville*<\/p>\r\n                                        <input type=\"text\" id=\"cf_ort\" name=\"cf_ort\" class=\"form-control\" required>\r\n                                        <div class=\"invalid-feedback\">\r\n                                          Veuillez indiquer votre lieu.\r\n                                        <\/div>\r\n                                    <\/div>\r\n                                    <div class=\"col input-wrapper mb-4\">\r\n                                        <p>Pays*<\/p>\r\n                                        <input type=\"text\" id=\"cf_land\" name=\"cf_land\" class=\"form-control\" required>\r\n                                        <div class=\"invalid-feedback\">\r\n                                          \r\n                                        <\/div>\r\n                                    <\/div>\r\n                                <\/div>\r\n                                <p class=\"mt-3\">Les champs marqu\u00e9s d&rsquo;un * sont obligatoires.<\/p>\r\n                                     \r\n                                <div class=\"form-check mb-3\" id=\"privacyCheck\">\r\n                                    <input class=\"form-check-input\" type=\"checkbox\" id=\"gridCheck7\" required>\r\n                                    <label class=\"form-check-label wt-t\" for=\"gridCheck7\">\r\n                                     <label class=\"form-check-label wt-t\" for=\"gridCheck7\">J&rsquo;ai lu la note de <a href=\"\/fr\/protection-des-donnees\/\" target=\"_blank\">Politique de confidentialit\u00e9<\/a>   .*<\/label>\r\n                                    <p class=\"invalid-feedback\" style=\"display: none;\">Veuillez accepter notre politique de confidentialit\u00e9.<\/p>\r\n                                <\/div>\r\n                           \r\n                                 <div class=\"h-captcha \" data-sitekey=bf786d62-7684-4b7c-9050-7374265a13da><\/div>\r\n                                 <div id=\"success-message\" style=\"display:none\">Nous vous remercions de votre message. Nous vous contacterons rapidement.<\/div>\r\n             \r\n                 \r\n                                \r\n                                <div class=\"invalid-feedback-h-captcha\" style=\"display: none;\">  Veuillez remplir le hCaptcha<\/div>\r\n                               <button id=\"button-style\" type=\"submit\" class=\"mt-3 wt-btn-full wt-btn-full-light-blue\">Envoyer<\/button>  \r\n                        <\/form>\r\n                    <\/div>        \r\n                <\/section>\n\n\n<div style=\"height:200px\" aria-hidden=\"true\" class=\"wp-block-spacer\"><\/div>\n","protected":false},"excerpt":{"rendered":"","protected":false},"author":1,"featured_media":0,"parent":1491,"menu_order":0,"comment_status":"closed","ping_status":"closed","template":"","meta":{"footnotes":""},"class_list":["post-3582","page","type-page","status-publish","hentry"],"yoast_head":"<!-- This site is optimized with the Yoast SEO plugin v27.3 - https:\/\/yoast.com\/product\/yoast-seo-wordpress\/ -->\n<title>Contact service apr\u00e8s-vente | Arcotec GmbH<\/title>\n<meta name=\"description\" content=\"Contactez d\u00e8s maintenant notre service d&#039;assistance et b\u00e9n\u00e9ficiez de l&#039;aide technique de nos experts Arcotec.\" \/>\n<meta name=\"robots\" content=\"index, follow, max-snippet:-1, max-image-preview:large, max-video-preview:-1\" \/>\n<link rel=\"canonical\" href=\"https:\/\/arcotec.com\/fr\/laboratoire\/contact-service\/\" \/>\n<meta property=\"og:locale\" content=\"fr_FR\" \/>\n<meta property=\"og:type\" content=\"article\" \/>\n<meta property=\"og:title\" content=\"Contact service apr\u00e8s-vente | Arcotec GmbH\" \/>\n<meta property=\"og:description\" content=\"Contactez d\u00e8s maintenant notre service d&#039;assistance et b\u00e9n\u00e9ficiez de l&#039;aide technique de nos experts Arcotec.\" \/>\n<meta property=\"og:url\" content=\"https:\/\/arcotec.com\/fr\/laboratoire\/contact-service\/\" \/>\n<meta property=\"og:site_name\" content=\"arcotec\" \/>\n<meta property=\"article:modified_time\" content=\"2026-03-16T13:47:51+00:00\" \/>\n<meta name=\"twitter:card\" content=\"summary_large_image\" \/>\n<script type=\"application\/ld+json\" class=\"yoast-schema-graph\">{\"@context\":\"https:\\\/\\\/schema.org\",\"@graph\":[{\"@type\":\"WebPage\",\"@id\":\"https:\\\/\\\/arcotec.com\\\/fr\\\/laboratoire\\\/contact-service\\\/\",\"url\":\"https:\\\/\\\/arcotec.com\\\/fr\\\/laboratoire\\\/contact-service\\\/\",\"name\":\"Contact service apr\u00e8s-vente | Arcotec GmbH\",\"isPartOf\":{\"@id\":\"https:\\\/\\\/arcotec.com\\\/fr\\\/#website\"},\"datePublished\":\"2024-08-20T10:51:59+00:00\",\"dateModified\":\"2026-03-16T13:47:51+00:00\",\"description\":\"Contactez d\u00e8s maintenant notre service d'assistance et b\u00e9n\u00e9ficiez de l'aide technique de nos experts Arcotec.\",\"breadcrumb\":{\"@id\":\"https:\\\/\\\/arcotec.com\\\/fr\\\/laboratoire\\\/contact-service\\\/#breadcrumb\"},\"inLanguage\":\"fr-FR\",\"potentialAction\":[{\"@type\":\"ReadAction\",\"target\":[\"https:\\\/\\\/arcotec.com\\\/fr\\\/laboratoire\\\/contact-service\\\/\"]}]},{\"@type\":\"BreadcrumbList\",\"@id\":\"https:\\\/\\\/arcotec.com\\\/fr\\\/laboratoire\\\/contact-service\\\/#breadcrumb\",\"itemListElement\":[{\"@type\":\"ListItem\",\"position\":1,\"name\":\"Home\",\"item\":\"https:\\\/\\\/arcotec.com\\\/fr\\\/\"},{\"@type\":\"ListItem\",\"position\":2,\"name\":\"Laboratoire\",\"item\":\"https:\\\/\\\/test.arcotec.com\\\/fr\\\/laboratoire\\\/\"},{\"@type\":\"ListItem\",\"position\":3,\"name\":\"Contact service\"}]},{\"@type\":\"WebSite\",\"@id\":\"https:\\\/\\\/arcotec.com\\\/fr\\\/#website\",\"url\":\"https:\\\/\\\/arcotec.com\\\/fr\\\/\",\"name\":\"arcotec\",\"description\":\"\",\"potentialAction\":[{\"@type\":\"SearchAction\",\"target\":{\"@type\":\"EntryPoint\",\"urlTemplate\":\"https:\\\/\\\/arcotec.com\\\/fr\\\/?s={search_term_string}\"},\"query-input\":{\"@type\":\"PropertyValueSpecification\",\"valueRequired\":true,\"valueName\":\"search_term_string\"}}],\"inLanguage\":\"fr-FR\"}]}<\/script>\n<!-- \/ Yoast SEO plugin. -->","yoast_head_json":{"title":"Contact service apr\u00e8s-vente | Arcotec GmbH","description":"Contactez d\u00e8s maintenant notre service d'assistance et b\u00e9n\u00e9ficiez de l'aide technique de nos experts Arcotec.","robots":{"index":"index","follow":"follow","max-snippet":"max-snippet:-1","max-image-preview":"max-image-preview:large","max-video-preview":"max-video-preview:-1"},"canonical":"https:\/\/arcotec.com\/fr\/laboratoire\/contact-service\/","og_locale":"fr_FR","og_type":"article","og_title":"Contact service apr\u00e8s-vente | Arcotec GmbH","og_description":"Contactez d\u00e8s maintenant notre service d'assistance et b\u00e9n\u00e9ficiez de l'aide technique de nos experts Arcotec.","og_url":"https:\/\/arcotec.com\/fr\/laboratoire\/contact-service\/","og_site_name":"arcotec","article_modified_time":"2026-03-16T13:47:51+00:00","twitter_card":"summary_large_image","schema":{"@context":"https:\/\/schema.org","@graph":[{"@type":"WebPage","@id":"https:\/\/arcotec.com\/fr\/laboratoire\/contact-service\/","url":"https:\/\/arcotec.com\/fr\/laboratoire\/contact-service\/","name":"Contact service apr\u00e8s-vente | Arcotec GmbH","isPartOf":{"@id":"https:\/\/arcotec.com\/fr\/#website"},"datePublished":"2024-08-20T10:51:59+00:00","dateModified":"2026-03-16T13:47:51+00:00","description":"Contactez d\u00e8s maintenant notre service d'assistance et b\u00e9n\u00e9ficiez de l'aide technique de nos experts Arcotec.","breadcrumb":{"@id":"https:\/\/arcotec.com\/fr\/laboratoire\/contact-service\/#breadcrumb"},"inLanguage":"fr-FR","potentialAction":[{"@type":"ReadAction","target":["https:\/\/arcotec.com\/fr\/laboratoire\/contact-service\/"]}]},{"@type":"BreadcrumbList","@id":"https:\/\/arcotec.com\/fr\/laboratoire\/contact-service\/#breadcrumb","itemListElement":[{"@type":"ListItem","position":1,"name":"Home","item":"https:\/\/arcotec.com\/fr\/"},{"@type":"ListItem","position":2,"name":"Laboratoire","item":"https:\/\/test.arcotec.com\/fr\/laboratoire\/"},{"@type":"ListItem","position":3,"name":"Contact service"}]},{"@type":"WebSite","@id":"https:\/\/arcotec.com\/fr\/#website","url":"https:\/\/arcotec.com\/fr\/","name":"arcotec","description":"","potentialAction":[{"@type":"SearchAction","target":{"@type":"EntryPoint","urlTemplate":"https:\/\/arcotec.com\/fr\/?s={search_term_string}"},"query-input":{"@type":"PropertyValueSpecification","valueRequired":true,"valueName":"search_term_string"}}],"inLanguage":"fr-FR"}]}},"_links":{"self":[{"href":"https:\/\/arcotec.com\/fr\/wp-json\/wp\/v2\/pages\/3582","targetHints":{"allow":["GET"]}}],"collection":[{"href":"https:\/\/arcotec.com\/fr\/wp-json\/wp\/v2\/pages"}],"about":[{"href":"https:\/\/arcotec.com\/fr\/wp-json\/wp\/v2\/types\/page"}],"author":[{"embeddable":true,"href":"https:\/\/arcotec.com\/fr\/wp-json\/wp\/v2\/users\/1"}],"replies":[{"embeddable":true,"href":"https:\/\/arcotec.com\/fr\/wp-json\/wp\/v2\/comments?post=3582"}],"version-history":[{"count":4,"href":"https:\/\/arcotec.com\/fr\/wp-json\/wp\/v2\/pages\/3582\/revisions"}],"predecessor-version":[{"id":47710,"href":"https:\/\/arcotec.com\/fr\/wp-json\/wp\/v2\/pages\/3582\/revisions\/47710"}],"up":[{"embeddable":true,"href":"https:\/\/arcotec.com\/fr\/wp-json\/wp\/v2\/pages\/1491"}],"wp:attachment":[{"href":"https:\/\/arcotec.com\/fr\/wp-json\/wp\/v2\/media?parent=3582"}],"curies":[{"name":"wp","href":"https:\/\/api.w.org\/{rel}","templated":true}]}}