{"id":1559,"date":"2024-05-06T15:41:30","date_gmt":"2024-05-06T13:41:30","guid":{"rendered":"https:\/\/test.arcotec.com\/?page_id=1559"},"modified":"2026-02-09T10:04:50","modified_gmt":"2026-02-09T09:04:50","slug":"station-pour-feuilles","status":"publish","type":"page","link":"https:\/\/arcotec.com\/fr\/systemes-de-pretraitement\/installation-de-pretraitement-corona-hf\/station-pour-feuilles\/","title":{"rendered":"Station pour feuilles"},"content":{"rendered":"\n<div style=\"height:25px\" aria-hidden=\"true\" class=\"wp-block-spacer\"><\/div>\n\n\n<div id=\"default-class\" class=\"headline-block default-class\">\r\n                        <div class=\"container\">     \r\n                            <div class=\"row\">\r\n                                <div class=\"col\">\r\n                                    <h1  style=\"color: var(--arcot-blue)\" class=\"wt-headline big  \">Station de pr\u00e9traitement de feuilles<\/h1>\r\n                                <\/div>                                        \r\n                            <\/div>                         \r\n                                                        \r\n                        <\/div>                                \r\n                <\/div>\r\n            \n\n\n<div style=\"height:20px\" aria-hidden=\"true\" class=\"wp-block-spacer\"><\/div>\n\n\n<section id=\"\" class=\"text-block \">                \r\n                    <div class=\"container\">                        \r\n                                                \r\n                        <div class=\"row text\">\r\n                        <div class=\"col\">\r\n                            <div class=\"textBlock-text fs-16 fw-medium lh-26 text-block-html \">\r\n                                <p class=\"wp-block-wt-text-block\">Notre<strong>station pour feuilles<\/strong> sert \u00e0 pr\u00e9traiter des feuilles individuelles en continu gr\u00e2ce au traitement corona ultra-efficace. Cela permet d\u2019augmenter de mani\u00e8re significative la mouillabilit\u00e9 du mat\u00e9riau, et ainsi de faire en sorte que les peintures et adh\u00e9sifs tiennent plus longtemps.<\/p>\n\r\n                            <\/div>\r\n                        <\/div>                                        \r\n                    <\/div>  \r\n                                              \r\n                    <\/div>                                \r\n            <\/section>\n\n\n<div style=\"height:20px\" aria-hidden=\"true\" class=\"wp-block-spacer\"><\/div>\n\n\n<div id=\"default-class\" class=\"headline-block default-class\">\r\n                        <div class=\"container\">     \r\n                            <div class=\"row\">\r\n                                <div class=\"col\">\r\n                                    <h2  style=\"color: var(--arcot-black)\" class=\"wt-headline medium  \">Solution \u00e9conomique pour le pr\u00e9traitement de feuilles<\/h2>\r\n                                <\/div>                                        \r\n                            <\/div>                         \r\n                                                        \r\n                        <\/div>                                \r\n                <\/div>\r\n            \n\n\n<div class=\"wp-block-group container\"><div class=\"wp-block-group__inner-container is-layout-constrained wp-block-group-is-layout-constrained\">\n<div class=\"wp-block-columns is-layout-flex wp-container-core-columns-is-layout-9d6595d7 wp-block-columns-is-layout-flex\">\n<div class=\"wp-block-column is-layout-flow wp-block-column-is-layout-flow\" style=\"flex-basis:66.66%\"><section id=\"\" class=\"text-block \">                \r\n                    <div class=\"container\">                        \r\n                                                \r\n                        <div class=\"row text\">\r\n                        <div class=\"col\">\r\n                            <div class=\"textBlock-text fs-16 fw-medium lh-26 text-block-html \">\r\n                                <p class=\"wp-block-wt-text-block\">Notre station pour feuilles est une <strong>installation de pr\u00e9traitement \u00e0 part enti\u00e8re<\/strong> contenant tous les composants n\u00e9cessaires \u00e0 la r\u00e9alisation d\u2019un pr\u00e9traitement corona sur des mat\u00e9riaux plats. Une fois que l\u2019utilisateur a plac\u00e9 la feuille, cette derni\u00e8re est automatiquement ins\u00e9r\u00e9e dans la station et trait\u00e9e au corona. Une fois l\u2019<strong>activation de surface<\/strong> correctement effectu\u00e9e, la feuille est d\u00e9pos\u00e9e sur le support.<\/p>\n\r\n                            <\/div>\r\n                        <\/div>                                        \r\n                    <\/div>  \r\n                                              \r\n                    <\/div>                                \r\n            <\/section>\n\n\n<div style=\"height:15px\" aria-hidden=\"true\" class=\"wp-block-spacer\"><\/div>\n\n\n<section id=\"\" class=\"text-block \">                \r\n                    <div class=\"container\">                        \r\n                        <div class=\"row\">                                        \r\n                        <div class=\"col\">\r\n                            <h3 class=\"textBlock-headline upper wt-font-color-black left  left \">Station pour feuilles d\u2019Arcotec<\/h3>\r\n                        <\/div>                                        \r\n                    <\/div>                        \r\n                        <div class=\"row text\">\r\n                        <div class=\"col\">\r\n                            <div class=\"textBlock-text fs-16 fw-medium lh-26 text-block-html \">\r\n                                <p class=\"wp-block-wt-text-block\">La <strong>vitesse de travail <\/strong>de la station pour feuilles peut \u00eatre r\u00e9gl\u00e9e entre 0 et 100\u00a0m\/min. L\u2019<strong>intensit\u00e9<\/strong> du pr\u00e9traitement peut \u00eatre consult\u00e9e et r\u00e9gl\u00e9e sur le g\u00e9n\u00e9rateur. Lors du d\u00e9veloppement de cette installation corona, nous avons accord\u00e9 une importance particuli\u00e8re \u00e0 une construction compacte et \u00e0 la simplicit\u00e9 d\u2019utilisation.<\/p>\n\r\n                            <\/div>\r\n                        <\/div>                                        \r\n                    <\/div>  \r\n                                              \r\n                    <\/div>                                \r\n            <\/section><\/div>\n\n\n\n<div class=\"wp-block-column is-layout-flow wp-block-column-is-layout-flow\" style=\"flex-basis:33.33%\">\n<figure class=\"wp-block-image size-medium\"><img loading=\"lazy\" decoding=\"async\" width=\"300\" height=\"300\" src=\"https:\/\/arcotec.com\/wp-content\/uploads\/2024\/08\/sheet-station-arcotec-300x300.jpg\" alt=\"Bogenstation - Arcotec\" class=\"wp-image-2897\" srcset=\"https:\/\/arcotec.com\/wp-content\/uploads\/2024\/08\/sheet-station-arcotec-300x300.jpg 300w, https:\/\/arcotec.com\/wp-content\/uploads\/2024\/08\/sheet-station-arcotec-150x150.jpg 150w, https:\/\/arcotec.com\/wp-content\/uploads\/2024\/08\/sheet-station-arcotec-100x100.jpg 100w, https:\/\/arcotec.com\/wp-content\/uploads\/2024\/08\/sheet-station-arcotec.jpg 422w\" sizes=\"auto, (max-width: 300px) 100vw, 300px\" \/><\/figure>\n<\/div>\n<\/div>\n<\/div><\/div>\n\n\n\n<div style=\"height:50px\" aria-hidden=\"true\" class=\"wp-block-spacer\"><\/div>\n\n\n<div class=\"contact-banner-block\">    \r\n              <div class=\"container-fluid\" style=\"background-color: #008DD4 \">\r\n                        <div class=\"container\">                \r\n                           <div class=\"contact-banner-container\" >\r\n                           <div class=\"contact-banner-left\">\r\n                                 <p class=\"headline\">Si vous d\u00e9sirez de plus informations, n\u2019h\u00e9sitez pas \u00e0 nous contacter pour une consultation gratuite.<\/p>\r\n                           <\/div>\r\n                          \r\n                           <div class=\"contact-banner-button\">\r\n                                <a class=\"wt-button\" href=\/fr\/contact\/>\r\n                                    <div class=\"wt-btn-outline\">\r\n                                        <span>Contact<\/span>\r\n                                        <div class=\"wt-long-arrow-right\"><\/div>\r\n                                    <\/div>\r\n                                <\/a>\r\n                           <\/div>\r\n                                \r\n                           <\/div>\r\n                           <\/div>\r\n                        <\/div>\r\n                <\/div>\n\n\n<div style=\"height:75px\" aria-hidden=\"true\" class=\"wp-block-spacer\"><\/div>\n\n\n<div id=\"default-class\" class=\"headline-block default-class\">\r\n                        <div class=\"container\">     \r\n                            <div class=\"row\">\r\n                                <div class=\"col\">\r\n                                    <h2  style=\"color: var(--arcot-black)\" class=\"wt-headline medium  \">Pr\u00e9traitement simple de feuilles<\/h2>\r\n                                <\/div>                                        \r\n                            <\/div>                         \r\n                                                        \r\n                        <\/div>                                \r\n                <\/div>\r\n            \n\n\n<div style=\"height:20px\" aria-hidden=\"true\" class=\"wp-block-spacer\"><\/div>\n\n\n<section id=\"\" class=\"text-block \">                \r\n                    <div class=\"container\">                        \r\n                                                \r\n                        <div class=\"row text\">\r\n                        <div class=\"col\">\r\n                            <div class=\"textBlock-text fs-16 fw-medium lh-26 text-block-html \">\r\n                                <p class=\"wp-block-wt-text-block\">\u00c0 l\u2019\u00e9tat non trait\u00e9, les surfaces de nombreux mat\u00e9riaux pr\u00e9sentent une mauvaise mouillabilit\u00e9. Cela concerne non seulement les plastiques comme les <strong>polyol\u00e9fines<\/strong>, mais aussi le m\u00e9tal, le verre, la c\u00e9ramique et de nombreux types de papiers.<\/p>\n\r\n                            <\/div>\r\n                        <\/div>                                        \r\n                    <\/div>  \r\n                                              \r\n                    <\/div>                                \r\n            <\/section>\n\n<section id=\"\" class=\"text-block \">                \r\n                    <div class=\"container\">                        \r\n                        <div class=\"row\">                                        \r\n                        <div class=\"col\">\r\n                            <h3 class=\"textBlock-headline upper wt-font-color-black left  left \">\u00c0 propos du fonctionnement de la station pour feuilles<\/h3>\r\n                        <\/div>                                        \r\n                    <\/div>                        \r\n                        <div class=\"row text\">\r\n                        <div class=\"col\">\r\n                            <div class=\"textBlock-text fs-16 fw-medium lh-26 text-block-html \">\r\n                                <p class=\"wp-block-wt-text-block\">Un pr\u00e9traitement de la surface permet d\u2019augmenter fortement l\u2019<strong>adh\u00e9rence<\/strong> sur ces mat\u00e9riaux. Ce pr\u00e9traitement peut \u00eatre effectu\u00e9 \u00e0 l\u2019aide de produits chimiques agressifs, ou sans produire de d\u00e9chets via des proc\u00e9d\u00e9s physiques.<\/p>\n<p>Le principe de fonctionnement de tous les <strong>proc\u00e9d\u00e9s physiques<\/strong> est bas\u00e9 sur un plasma, c\u2019est-\u00e0-dire un m\u00e9lange de gaz activ\u00e9. Dans le cas d\u2019une <a href=\"https:\/\/arcotec.com\/fr\/systemes-de-pretraitement\/installation-de-pretraitement-corona-hf\/\">installation corona<\/a>, ce plasma est g\u00e9n\u00e9r\u00e9 par une d\u00e9charge haute tension appliqu\u00e9e sur le substrat.<\/p>\n\r\n                            <\/div>\r\n                        <\/div>                                        \r\n                    <\/div>  \r\n                                              \r\n                    <\/div>                                \r\n            <\/section>\n\n\n<div style=\"height:30px\" aria-hidden=\"true\" class=\"wp-block-spacer\"><\/div>\n\n\n<div id=\"default-class\" class=\"headline-block default-class\">\r\n                        <div class=\"container\">     \r\n                            <div class=\"row\">\r\n                                <div class=\"col\">\r\n                                    <h2  style=\"color: var(--arcot-black)\" class=\"wt-headline medium  \">Solution unique : une installation corona sp\u00e9cifique pour les feuilles<\/h2>\r\n                                <\/div>                                        \r\n                            <\/div>                         \r\n                                                        \r\n                        <\/div>                                \r\n                <\/div>\r\n            \n\n\n<div style=\"height:20px\" aria-hidden=\"true\" class=\"wp-block-spacer\"><\/div>\n\n\n<section id=\"\" class=\"text-block \">                \r\n                    <div class=\"container\">                        \r\n                                                \r\n                        <div class=\"row text\">\r\n                        <div class=\"col\">\r\n                            <div class=\"textBlock-text fs-16 fw-medium lh-26 text-block-html \">\r\n                                <p class=\"wp-block-wt-text-block\">Ce type de pr\u00e9traitement est la plupart du temps utilis\u00e9 pour les <strong>films et les pi\u00e8ces form\u00e9es<\/strong>. La plupart des installations corona sont configur\u00e9es pour ces usages, selon les exigences propres \u00e0 chaque client.<\/p>\n<p>Avec cette station pour feuilles, nous vous proposons au contraire une installation corona <strong>sp\u00e9cialement con\u00e7ue pour l\u2019activation de feuilles<\/strong>. Cela vous permet d\u2019obtenir une solution simple et \u00e9conomique pour effectuer un pr\u00e9traitement corona sur des plastiques, m\u00e9taux et autres substrats. Avec sa structure bien pens\u00e9e, vous b\u00e9n\u00e9ficiez d\u2019une installation corona \u00e0 part enti\u00e8re, compacte et \u00e0 un prix tr\u00e8s \u00e9conomique.<\/p>\n\r\n                            <\/div>\r\n                        <\/div>                                        \r\n                    <\/div>  \r\n                                              \r\n                    <\/div>                                \r\n            <\/section>\n\n\n<div style=\"height:100px\" aria-hidden=\"true\" class=\"wp-block-spacer\"><\/div>\n","protected":false},"excerpt":{"rendered":"","protected":false},"author":1,"featured_media":0,"parent":1411,"menu_order":0,"comment_status":"closed","ping_status":"closed","template":"","meta":{"footnotes":""},"class_list":["post-1559","page","type-page","status-publish","hentry"],"yoast_head":"<!-- This site is optimized with the Yoast SEO plugin v27.3 - https:\/\/yoast.com\/product\/yoast-seo-wordpress\/ -->\n<title>Station pour feuilles pour un pr\u00e9traitement corona \u00e9conomique<\/title>\n<meta name=\"description\" content=\"Vous \u00eates \u00e0 la recherche d\u2019une station pour feuilles pour le pr\u00e9traitement de mat\u00e9riaux en plaques ? D\u00e9couvrez la solution compacte et \u00e9conomique d\u2019Arcotec !\" \/>\n<meta name=\"robots\" content=\"index, follow, max-snippet:-1, max-image-preview:large, max-video-preview:-1\" \/>\n<link rel=\"canonical\" href=\"https:\/\/arcotec.com\/fr\/systemes-de-pretraitement\/installation-de-pretraitement-corona-hf\/station-pour-feuilles\/\" \/>\n<meta property=\"og:locale\" content=\"fr_FR\" \/>\n<meta property=\"og:type\" content=\"article\" \/>\n<meta property=\"og:title\" content=\"Station pour feuilles pour un pr\u00e9traitement corona \u00e9conomique\" \/>\n<meta property=\"og:description\" content=\"Vous \u00eates \u00e0 la recherche d\u2019une station pour feuilles pour le pr\u00e9traitement de mat\u00e9riaux en plaques ? D\u00e9couvrez la solution compacte et \u00e9conomique d\u2019Arcotec !\" \/>\n<meta property=\"og:url\" content=\"https:\/\/arcotec.com\/fr\/systemes-de-pretraitement\/installation-de-pretraitement-corona-hf\/station-pour-feuilles\/\" \/>\n<meta property=\"og:site_name\" content=\"arcotec\" \/>\n<meta property=\"article:modified_time\" content=\"2026-02-09T09:04:50+00:00\" \/>\n<meta property=\"og:image\" content=\"https:\/\/arcotec.com\/wp-content\/uploads\/2024\/08\/sheet-station-arcotec.jpg\" \/>\n\t<meta property=\"og:image:width\" content=\"422\" \/>\n\t<meta property=\"og:image:height\" content=\"422\" \/>\n\t<meta property=\"og:image:type\" content=\"image\/jpeg\" \/>\n<meta name=\"twitter:card\" content=\"summary_large_image\" \/>\n<meta name=\"twitter:label1\" content=\"Dur\u00e9e de lecture estim\u00e9e\" \/>\n\t<meta name=\"twitter:data1\" content=\"2 minutes\" \/>\n<script type=\"application\/ld+json\" class=\"yoast-schema-graph\">{\"@context\":\"https:\\\/\\\/schema.org\",\"@graph\":[{\"@type\":\"WebPage\",\"@id\":\"https:\\\/\\\/arcotec.com\\\/fr\\\/systemes-de-pretraitement\\\/installation-de-pretraitement-corona-hf\\\/station-pour-feuilles\\\/\",\"url\":\"https:\\\/\\\/arcotec.com\\\/fr\\\/systemes-de-pretraitement\\\/installation-de-pretraitement-corona-hf\\\/station-pour-feuilles\\\/\",\"name\":\"Station pour feuilles pour un pr\u00e9traitement corona \u00e9conomique\",\"isPartOf\":{\"@id\":\"https:\\\/\\\/arcotec.com\\\/fr\\\/#website\"},\"primaryImageOfPage\":{\"@id\":\"https:\\\/\\\/arcotec.com\\\/fr\\\/systemes-de-pretraitement\\\/installation-de-pretraitement-corona-hf\\\/station-pour-feuilles\\\/#primaryimage\"},\"image\":{\"@id\":\"https:\\\/\\\/arcotec.com\\\/fr\\\/systemes-de-pretraitement\\\/installation-de-pretraitement-corona-hf\\\/station-pour-feuilles\\\/#primaryimage\"},\"thumbnailUrl\":\"https:\\\/\\\/arcotec.com\\\/wp-content\\\/uploads\\\/2024\\\/08\\\/sheet-station-arcotec-300x300.jpg\",\"datePublished\":\"2024-05-06T13:41:30+00:00\",\"dateModified\":\"2026-02-09T09:04:50+00:00\",\"description\":\"Vous \u00eates \u00e0 la recherche d\u2019une station pour feuilles pour le pr\u00e9traitement de mat\u00e9riaux en plaques ? D\u00e9couvrez la solution compacte et \u00e9conomique d\u2019Arcotec !\",\"breadcrumb\":{\"@id\":\"https:\\\/\\\/arcotec.com\\\/fr\\\/systemes-de-pretraitement\\\/installation-de-pretraitement-corona-hf\\\/station-pour-feuilles\\\/#breadcrumb\"},\"inLanguage\":\"fr-FR\",\"potentialAction\":[{\"@type\":\"ReadAction\",\"target\":[\"https:\\\/\\\/arcotec.com\\\/fr\\\/systemes-de-pretraitement\\\/installation-de-pretraitement-corona-hf\\\/station-pour-feuilles\\\/\"]}]},{\"@type\":\"ImageObject\",\"inLanguage\":\"fr-FR\",\"@id\":\"https:\\\/\\\/arcotec.com\\\/fr\\\/systemes-de-pretraitement\\\/installation-de-pretraitement-corona-hf\\\/station-pour-feuilles\\\/#primaryimage\",\"url\":\"https:\\\/\\\/arcotec.com\\\/wp-content\\\/uploads\\\/2024\\\/08\\\/sheet-station-arcotec-300x300.jpg\",\"contentUrl\":\"https:\\\/\\\/arcotec.com\\\/wp-content\\\/uploads\\\/2024\\\/08\\\/sheet-station-arcotec-300x300.jpg\"},{\"@type\":\"BreadcrumbList\",\"@id\":\"https:\\\/\\\/arcotec.com\\\/fr\\\/systemes-de-pretraitement\\\/installation-de-pretraitement-corona-hf\\\/station-pour-feuilles\\\/#breadcrumb\",\"itemListElement\":[{\"@type\":\"ListItem\",\"position\":1,\"name\":\"Home\",\"item\":\"https:\\\/\\\/arcotec.com\\\/fr\\\/\"},{\"@type\":\"ListItem\",\"position\":2,\"name\":\"Syst\u00e8mes de pr\u00e9traitement\",\"item\":\"https:\\\/\\\/test.arcotec.com\\\/fr\\\/systemes-de-pretraitement\\\/\"},{\"@type\":\"ListItem\",\"position\":3,\"name\":\"Installation de pr\u00e9traitement corona HF\",\"item\":\"https:\\\/\\\/test.arcotec.com\\\/fr\\\/systemes-de-pretraitement\\\/installation-de-pretraitement-corona-hf\\\/\"},{\"@type\":\"ListItem\",\"position\":4,\"name\":\"Station pour feuilles\"}]},{\"@type\":\"WebSite\",\"@id\":\"https:\\\/\\\/arcotec.com\\\/fr\\\/#website\",\"url\":\"https:\\\/\\\/arcotec.com\\\/fr\\\/\",\"name\":\"arcotec\",\"description\":\"\",\"potentialAction\":[{\"@type\":\"SearchAction\",\"target\":{\"@type\":\"EntryPoint\",\"urlTemplate\":\"https:\\\/\\\/arcotec.com\\\/fr\\\/?s={search_term_string}\"},\"query-input\":{\"@type\":\"PropertyValueSpecification\",\"valueRequired\":true,\"valueName\":\"search_term_string\"}}],\"inLanguage\":\"fr-FR\"}]}<\/script>\n<!-- \/ Yoast SEO plugin. -->","yoast_head_json":{"title":"Station pour feuilles pour un pr\u00e9traitement corona \u00e9conomique","description":"Vous \u00eates \u00e0 la recherche d\u2019une station pour feuilles pour le pr\u00e9traitement de mat\u00e9riaux en plaques ? D\u00e9couvrez la solution compacte et \u00e9conomique d\u2019Arcotec !","robots":{"index":"index","follow":"follow","max-snippet":"max-snippet:-1","max-image-preview":"max-image-preview:large","max-video-preview":"max-video-preview:-1"},"canonical":"https:\/\/arcotec.com\/fr\/systemes-de-pretraitement\/installation-de-pretraitement-corona-hf\/station-pour-feuilles\/","og_locale":"fr_FR","og_type":"article","og_title":"Station pour feuilles pour un pr\u00e9traitement corona \u00e9conomique","og_description":"Vous \u00eates \u00e0 la recherche d\u2019une station pour feuilles pour le pr\u00e9traitement de mat\u00e9riaux en plaques ? D\u00e9couvrez la solution compacte et \u00e9conomique d\u2019Arcotec !","og_url":"https:\/\/arcotec.com\/fr\/systemes-de-pretraitement\/installation-de-pretraitement-corona-hf\/station-pour-feuilles\/","og_site_name":"arcotec","article_modified_time":"2026-02-09T09:04:50+00:00","og_image":[{"width":422,"height":422,"url":"https:\/\/arcotec.com\/wp-content\/uploads\/2024\/08\/sheet-station-arcotec.jpg","type":"image\/jpeg"}],"twitter_card":"summary_large_image","twitter_misc":{"Dur\u00e9e de lecture estim\u00e9e":"2 minutes"},"schema":{"@context":"https:\/\/schema.org","@graph":[{"@type":"WebPage","@id":"https:\/\/arcotec.com\/fr\/systemes-de-pretraitement\/installation-de-pretraitement-corona-hf\/station-pour-feuilles\/","url":"https:\/\/arcotec.com\/fr\/systemes-de-pretraitement\/installation-de-pretraitement-corona-hf\/station-pour-feuilles\/","name":"Station pour feuilles pour un pr\u00e9traitement corona \u00e9conomique","isPartOf":{"@id":"https:\/\/arcotec.com\/fr\/#website"},"primaryImageOfPage":{"@id":"https:\/\/arcotec.com\/fr\/systemes-de-pretraitement\/installation-de-pretraitement-corona-hf\/station-pour-feuilles\/#primaryimage"},"image":{"@id":"https:\/\/arcotec.com\/fr\/systemes-de-pretraitement\/installation-de-pretraitement-corona-hf\/station-pour-feuilles\/#primaryimage"},"thumbnailUrl":"https:\/\/arcotec.com\/wp-content\/uploads\/2024\/08\/sheet-station-arcotec-300x300.jpg","datePublished":"2024-05-06T13:41:30+00:00","dateModified":"2026-02-09T09:04:50+00:00","description":"Vous \u00eates \u00e0 la recherche d\u2019une station pour feuilles pour le pr\u00e9traitement de mat\u00e9riaux en plaques ? D\u00e9couvrez la solution compacte et \u00e9conomique d\u2019Arcotec !","breadcrumb":{"@id":"https:\/\/arcotec.com\/fr\/systemes-de-pretraitement\/installation-de-pretraitement-corona-hf\/station-pour-feuilles\/#breadcrumb"},"inLanguage":"fr-FR","potentialAction":[{"@type":"ReadAction","target":["https:\/\/arcotec.com\/fr\/systemes-de-pretraitement\/installation-de-pretraitement-corona-hf\/station-pour-feuilles\/"]}]},{"@type":"ImageObject","inLanguage":"fr-FR","@id":"https:\/\/arcotec.com\/fr\/systemes-de-pretraitement\/installation-de-pretraitement-corona-hf\/station-pour-feuilles\/#primaryimage","url":"https:\/\/arcotec.com\/wp-content\/uploads\/2024\/08\/sheet-station-arcotec-300x300.jpg","contentUrl":"https:\/\/arcotec.com\/wp-content\/uploads\/2024\/08\/sheet-station-arcotec-300x300.jpg"},{"@type":"BreadcrumbList","@id":"https:\/\/arcotec.com\/fr\/systemes-de-pretraitement\/installation-de-pretraitement-corona-hf\/station-pour-feuilles\/#breadcrumb","itemListElement":[{"@type":"ListItem","position":1,"name":"Home","item":"https:\/\/arcotec.com\/fr\/"},{"@type":"ListItem","position":2,"name":"Syst\u00e8mes de pr\u00e9traitement","item":"https:\/\/test.arcotec.com\/fr\/systemes-de-pretraitement\/"},{"@type":"ListItem","position":3,"name":"Installation de pr\u00e9traitement corona HF","item":"https:\/\/test.arcotec.com\/fr\/systemes-de-pretraitement\/installation-de-pretraitement-corona-hf\/"},{"@type":"ListItem","position":4,"name":"Station pour feuilles"}]},{"@type":"WebSite","@id":"https:\/\/arcotec.com\/fr\/#website","url":"https:\/\/arcotec.com\/fr\/","name":"arcotec","description":"","potentialAction":[{"@type":"SearchAction","target":{"@type":"EntryPoint","urlTemplate":"https:\/\/arcotec.com\/fr\/?s={search_term_string}"},"query-input":{"@type":"PropertyValueSpecification","valueRequired":true,"valueName":"search_term_string"}}],"inLanguage":"fr-FR"}]}},"_links":{"self":[{"href":"https:\/\/arcotec.com\/fr\/wp-json\/wp\/v2\/pages\/1559","targetHints":{"allow":["GET"]}}],"collection":[{"href":"https:\/\/arcotec.com\/fr\/wp-json\/wp\/v2\/pages"}],"about":[{"href":"https:\/\/arcotec.com\/fr\/wp-json\/wp\/v2\/types\/page"}],"author":[{"embeddable":true,"href":"https:\/\/arcotec.com\/fr\/wp-json\/wp\/v2\/users\/1"}],"replies":[{"embeddable":true,"href":"https:\/\/arcotec.com\/fr\/wp-json\/wp\/v2\/comments?post=1559"}],"version-history":[{"count":7,"href":"https:\/\/arcotec.com\/fr\/wp-json\/wp\/v2\/pages\/1559\/revisions"}],"predecessor-version":[{"id":46973,"href":"https:\/\/arcotec.com\/fr\/wp-json\/wp\/v2\/pages\/1559\/revisions\/46973"}],"up":[{"embeddable":true,"href":"https:\/\/arcotec.com\/fr\/wp-json\/wp\/v2\/pages\/1411"}],"wp:attachment":[{"href":"https:\/\/arcotec.com\/fr\/wp-json\/wp\/v2\/media?parent=1559"}],"curies":[{"name":"wp","href":"https:\/\/api.w.org\/{rel}","templated":true}]}}