{"id":1535,"date":"2024-05-06T15:44:34","date_gmt":"2024-05-06T13:44:34","guid":{"rendered":"https:\/\/test.arcotec.com\/?page_id=1535"},"modified":"2026-03-02T16:44:16","modified_gmt":"2026-03-02T15:44:16","slug":"silicatisation","status":"publish","type":"page","link":"https:\/\/arcotec.com\/fr\/systemes-de-pretraitement\/flamme\/silicatisation\/","title":{"rendered":"Silicatisation"},"content":{"rendered":"\n<div style=\"height:25px\" aria-hidden=\"true\" class=\"wp-block-spacer\"><\/div>\n\n\n<div id=\"default-class\" class=\"headline-block default-class\">\r\n                        <div class=\"container\">     \r\n                            <div class=\"row\">\r\n                                <div class=\"col\">\r\n                                    <h1  style=\"color: var(--arcot-blue)\" class=\"wt-headline big  \">Silicatisation<\/h1>\r\n                                <\/div>                                        \r\n                            <\/div>                         \r\n                                                        \r\n                        <\/div>                                \r\n                <\/div>\r\n            \n\n\n<div style=\"height:10px\" aria-hidden=\"true\" class=\"wp-block-spacer\"><\/div>\n\n\n\n<div class=\"wp-block-group container\"><div class=\"wp-block-group__inner-container is-layout-constrained wp-block-group-is-layout-constrained\">\n<p>Pour les <strong>exigences les plus \u00e9lev\u00e9es en termes de tension de surface<\/strong>, avec le proc\u00e9d\u00e9 arcosil\u00ae, nous vous proposons une m\u00e9thode de silicatisation assurant une am\u00e9lioration optimale et durable de la mouillabilit\u00e9 et de l\u2019adh\u00e9rence sur les surfaces.<\/p>\n\n\n\n<div style=\"height:30px\" aria-hidden=\"true\" class=\"wp-block-spacer\"><\/div>\n\n\n<div id=\"default-class\" class=\"headline-block default-class\"> \r\n                                                \r\n                        <h2 style=\"color: var(--arcot-black)\" class=\"wt-subheadline \">Adh\u00e9rence de surface optimale gr\u00e2ce \u00e0 la silicatisation<\/h2>                            \r\n                                                                           \r\n                <\/div><\/div><\/div>\n\n\n\n<div class=\"wp-block-group container arcot-list\"><div class=\"wp-block-group__inner-container is-layout-constrained wp-block-group-is-layout-constrained\">\n<div class=\"wp-block-columns is-layout-flex wp-container-core-columns-is-layout-9d6595d7 wp-block-columns-is-layout-flex\">\n<div class=\"wp-block-column is-layout-flow wp-block-column-is-layout-flow\" style=\"flex-basis:75%\">\n<p>La silicatisation est une \u00e9volution du flammage. Ici, un <strong>compos\u00e9 de silane<\/strong> l\u00e9g\u00e8rement volatil en faible concentration est ajout\u00e9 \u00e0 la flamme (c\u2019est-\u00e0-dire au m\u00e9lange gaz combustible\/air). Le silicate qui se forme dans la flamme se d\u00e9pose sur la surface. La couche de silicate qui en r\u00e9sulte forme une base d\u2019adh\u00e9rence optimale, stable et durable.<\/p>\n\n\n\n<div style=\"height:10px\" aria-hidden=\"true\" class=\"wp-block-spacer\"><\/div>\n\n\n<div id=\"default-class\" class=\"headline-block default-class\"> \r\n                                                \r\n                        <h3 style=\"color: var(--arcot-black)\" class=\"wt-subheadline \">\u00c9prouv\u00e9 et facile d\u2019utilisation : arcosil\u00ae<\/h3>                            \r\n                                                                           \r\n                <\/div>\n\n\n<p>Arcosil\u00ae est notre <strong>pr\u00e9curseur de silane \u00e9prouv\u00e9<\/strong> pour la silicatisation de surfaces. L\u2019injection dans la flamme se fait facilement au moyen d\u2019une unit\u00e9 de dosage de silane. Une application uniforme sur le substrat trait\u00e9 est ainsi garantie.<\/p>\n<\/div>\n\n\n\n<div class=\"wp-block-column is-layout-flow wp-block-column-is-layout-flow\" style=\"flex-basis:25%\">\n<div style=\"height:25px\" aria-hidden=\"true\" class=\"wp-block-spacer\"><\/div>\n\n\n\n<figure class=\"wp-block-image size-full is-style-default\"><img loading=\"lazy\" decoding=\"async\" width=\"2215\" height=\"2560\" src=\"https:\/\/arcotec.com\/wp-content\/uploads\/2026\/03\/2020226-ARCEC-SILIKATe-scaled.webp\" alt=\"\" class=\"wp-image-47582\" style=\"aspect-ratio:3\/4;object-fit:cover\" srcset=\"https:\/\/arcotec.com\/wp-content\/uploads\/2026\/03\/2020226-ARCEC-SILIKATe-scaled.webp 2215w, https:\/\/arcotec.com\/wp-content\/uploads\/2026\/03\/2020226-ARCEC-SILIKATe-260x300.webp 260w, https:\/\/arcotec.com\/wp-content\/uploads\/2026\/03\/2020226-ARCEC-SILIKATe-886x1024.webp 886w, https:\/\/arcotec.com\/wp-content\/uploads\/2026\/03\/2020226-ARCEC-SILIKATe-768x888.webp 768w, https:\/\/arcotec.com\/wp-content\/uploads\/2026\/03\/2020226-ARCEC-SILIKATe-1329x1536.webp 1329w, https:\/\/arcotec.com\/wp-content\/uploads\/2026\/03\/2020226-ARCEC-SILIKATe-1772x2048.webp 1772w, https:\/\/arcotec.com\/wp-content\/uploads\/2026\/03\/2020226-ARCEC-SILIKATe-600x693.webp 600w\" sizes=\"auto, (max-width: 2215px) 100vw, 2215px\" \/><\/figure>\n<\/div>\n<\/div>\n<\/div><\/div>\n\n\n\n<div style=\"height:100px\" aria-hidden=\"true\" class=\"wp-block-spacer\"><\/div>\n\n\n<div class=\"contact-banner-block\">    \r\n              <div class=\"container-fluid\" style=\"background-color: #008DD4 \">\r\n                        <div class=\"container\">                \r\n                           <div class=\"contact-banner-container\" >\r\n                           <div class=\"contact-banner-left\">\r\n                                 <p class=\"headline\">Si vous d\u00e9sirez de plus informations, n\u2019h\u00e9sitez pas \u00e0 nous contacter pour une consultation gratuite.<\/p>\r\n                           <\/div>\r\n                          \r\n                           <div class=\"contact-banner-button\">\r\n                                <a class=\"wt-button\" href=\/fr\/contact\/>\r\n                                    <div class=\"wt-btn-outline\">\r\n                                        <span>Contact<\/span>\r\n                                        <div class=\"wt-long-arrow-right\"><\/div>\r\n                                    <\/div>\r\n                                <\/a>\r\n                           <\/div>\r\n                                \r\n                           <\/div>\r\n                           <\/div>\r\n                        <\/div>\r\n                <\/div>\n\n\n<div style=\"height:100px\" aria-hidden=\"true\" class=\"wp-block-spacer\"><\/div>\n\n\n<div id=\"default-class\" class=\"headline-block default-class\">\r\n                        <div class=\"container\">     \r\n                            <div class=\"row\">\r\n                                <div class=\"col\">\r\n                                    <h2  style=\"color: var(--arcot-black)\" class=\"wt-headline medium  \">Voici comment la silicatisation assure une force d\u2019adh\u00e9rence optimale<\/h2>\r\n                                <\/div>                                        \r\n                            <\/div>                         \r\n                                                        \r\n                        <\/div>                                \r\n                <\/div>\r\n            \n\n\n<div class=\"wp-block-group container\"><div class=\"wp-block-group__inner-container is-layout-constrained wp-block-group-is-layout-constrained\">\n<p>Le silane br\u00fble dans la flamme pour se transformer en silicate (SiOx, x\u22482), et forme une fine <strong>couche invisible<\/strong> de seulement quelques nanom\u00e8tres d\u2019\u00e9paisseur sur la surface \u00e0 traiter. La couche augmente la stabilit\u00e9 \u00e0 long terme de l\u2019activation. Elle emp\u00eache \u00e9galement la diffusion d\u2019oxyg\u00e8ne et d\u2019humidit\u00e9. Cela permet, par exemple, d\u2019\u00e9viter dans une large mesure une corrosion des m\u00e9taux.<\/p>\n<\/div><\/div>\n\n\n\n<div style=\"height:10px\" aria-hidden=\"true\" class=\"wp-block-spacer\"><\/div>\n\n\n<div id=\"default-class\" class=\"headline-block default-class\">\r\n                        <div class=\"container\">     \r\n                            <div class=\"row\">\r\n                                <div class=\"col\">\r\n                                    <h2  style=\"color: var(--arcot-black)\" class=\"wt-headline medium  \">Quand une silicatisation des surfaces est-elle judicieuse ?<\/h2>\r\n                                <\/div>                                        \r\n                            <\/div>                         \r\n                                                        \r\n                        <\/div>                                \r\n                <\/div>\r\n            \n\n\n<div class=\"wp-block-group container\"><div class=\"wp-block-group__inner-container is-layout-constrained wp-block-group-is-layout-constrained\">\n<p>Ce proc\u00e9d\u00e9 s\u2019applique notamment en cas d\u2019<strong>exigences \u00e9lev\u00e9es concernant l\u2019adh\u00e9rence<\/strong> des couches de finition, par ex. pour la r\u00e9sistance \u00e0 l\u2019humidit\u00e9 ou la protection anticorrosion. Il donne de bons r\u00e9sultats sur les m\u00e9taux (par ex. aluminium, cuivre), le verre et \u00e9galement les mati\u00e8res plastiques.<\/p>\n\n\n\n<p>Dans tous les cas, comme pour le flammage normal, les <strong>r\u00e9glages optimaux sont d\u00e9termin\u00e9s par des essais<\/strong>. Notre laboratoire se tient \u00e0 votre disposition \u00e0 cet effet. Nous vous donnons \u00e9galement la possibilit\u00e9 d\u2019acheter des installations de <a href=\"https:\/\/arcotec.com\/fr\/service\/\">laboratoire<\/a> de fa\u00e7on \u00e0 pouvoir effectuer vous-m\u00eame \u00e0 tout moment des tests rapides. En outre, une v\u00e9rification rapide du r\u00e9sultat de traitement est possible avec nos <a href=\"\/fr\/systemes-de-pretraitement\/encres-de-test\/\">encres de test arcotest\u00ae<\/a>.<\/p>\n<\/div><\/div>\n\n\n\n<div style=\"height:30px\" aria-hidden=\"true\" class=\"wp-block-spacer\"><\/div>\n\n\n<div id=\"default-class\" class=\"headline-block default-class\">\r\n                        <div class=\"container\">     \r\n                            <div class=\"row\">\r\n                                <div class=\"col\">\r\n                                    <h2  style=\"color: var(--arcot-black)\" class=\"wt-headline medium  \">Application pratique de la silicatisation de surface<\/h2>\r\n                                <\/div>                                        \r\n                            <\/div>                         \r\n                                                        \r\n                        <\/div>                                \r\n                <\/div>\r\n            \n\n\n<div class=\"wp-block-group container\"><div class=\"wp-block-group__inner-container is-layout-constrained wp-block-group-is-layout-constrained\">\n<p>Concr\u00e8tement, pour quels substrats le flammage au silane est-il utilis\u00e9 ? <br>Comme mentionn\u00e9 pr\u00e9c\u00e9demment, il s\u2019agit principalement d\u2019un proc\u00e9d\u00e9 de <strong>pr\u00e9traitement des substrats en m\u00e9tal et en verre<\/strong>.<\/p>\n<\/div><\/div>\n\n\n\n<div style=\"height:200px\" aria-hidden=\"true\" class=\"wp-block-spacer\"><\/div>\n","protected":false},"excerpt":{"rendered":"<p>Pour les exigences les plus \u00e9lev\u00e9es en termes de tension de surface, avec le proc\u00e9d\u00e9 arcosil\u00ae, nous vous proposons une m\u00e9thode de silicatisation assurant une am\u00e9lioration optimale et durable de la mouillabilit\u00e9 et de l\u2019adh\u00e9rence sur les surfaces. La silicatisation est une \u00e9volution du flammage. Ici, un compos\u00e9 de silane l\u00e9g\u00e8rement volatil en faible concentration [&hellip;]<\/p>\n","protected":false},"author":1,"featured_media":0,"parent":1449,"menu_order":0,"comment_status":"closed","ping_status":"closed","template":"","meta":{"footnotes":""},"class_list":["post-1535","page","type-page","status-publish","hentry"],"yoast_head":"<!-- This site is optimized with the Yoast SEO plugin v27.3 - https:\/\/yoast.com\/product\/yoast-seo-wordpress\/ -->\n<title>Pr\u00e9traitement avec silicatisation Arcosil efficace<\/title>\n<meta name=\"description\" content=\"La silicatisation am\u00e9liore consid\u00e9rablement l\u2019adh\u00e9rence sur les surfaces et prot\u00e8ge \u00e9galement de la corrosion. \u27a4 Demandez maintenant Arcosil.\" \/>\n<meta name=\"robots\" content=\"index, follow, max-snippet:-1, max-image-preview:large, max-video-preview:-1\" \/>\n<link rel=\"canonical\" href=\"https:\/\/arcotec.com\/fr\/systemes-de-pretraitement\/flamme\/silicatisation\/\" \/>\n<meta property=\"og:locale\" content=\"fr_FR\" \/>\n<meta property=\"og:type\" content=\"article\" \/>\n<meta property=\"og:title\" content=\"Pr\u00e9traitement avec silicatisation Arcosil efficace\" \/>\n<meta property=\"og:description\" content=\"La silicatisation am\u00e9liore consid\u00e9rablement l\u2019adh\u00e9rence sur les surfaces et prot\u00e8ge \u00e9galement de la corrosion. \u27a4 Demandez maintenant Arcosil.\" \/>\n<meta property=\"og:url\" content=\"https:\/\/arcotec.com\/fr\/systemes-de-pretraitement\/flamme\/silicatisation\/\" \/>\n<meta property=\"og:site_name\" content=\"arcotec\" \/>\n<meta property=\"article:modified_time\" content=\"2026-03-02T15:44:16+00:00\" \/>\n<meta property=\"og:image\" content=\"https:\/\/arcotec.com\/wp-content\/uploads\/2026\/03\/2020226-ARCEC-SILIKATe-scaled.webp\" \/>\n\t<meta property=\"og:image:width\" content=\"2215\" \/>\n\t<meta property=\"og:image:height\" content=\"2560\" \/>\n\t<meta property=\"og:image:type\" content=\"image\/webp\" \/>\n<meta name=\"twitter:card\" content=\"summary_large_image\" \/>\n<meta name=\"twitter:label1\" content=\"Dur\u00e9e de lecture estim\u00e9e\" \/>\n\t<meta name=\"twitter:data1\" content=\"2 minutes\" \/>\n<script type=\"application\/ld+json\" class=\"yoast-schema-graph\">{\"@context\":\"https:\\\/\\\/schema.org\",\"@graph\":[{\"@type\":\"WebPage\",\"@id\":\"https:\\\/\\\/arcotec.com\\\/fr\\\/systemes-de-pretraitement\\\/flamme\\\/silicatisation\\\/\",\"url\":\"https:\\\/\\\/arcotec.com\\\/fr\\\/systemes-de-pretraitement\\\/flamme\\\/silicatisation\\\/\",\"name\":\"Pr\u00e9traitement avec silicatisation Arcosil efficace\",\"isPartOf\":{\"@id\":\"https:\\\/\\\/arcotec.com\\\/fr\\\/#website\"},\"primaryImageOfPage\":{\"@id\":\"https:\\\/\\\/arcotec.com\\\/fr\\\/systemes-de-pretraitement\\\/flamme\\\/silicatisation\\\/#primaryimage\"},\"image\":{\"@id\":\"https:\\\/\\\/arcotec.com\\\/fr\\\/systemes-de-pretraitement\\\/flamme\\\/silicatisation\\\/#primaryimage\"},\"thumbnailUrl\":\"https:\\\/\\\/arcotec.com\\\/wp-content\\\/uploads\\\/2026\\\/03\\\/2020226-ARCEC-SILIKATe-scaled.webp\",\"datePublished\":\"2024-05-06T13:44:34+00:00\",\"dateModified\":\"2026-03-02T15:44:16+00:00\",\"description\":\"La silicatisation am\u00e9liore consid\u00e9rablement l\u2019adh\u00e9rence sur les surfaces et prot\u00e8ge \u00e9galement de la corrosion. \u27a4 Demandez maintenant Arcosil.\",\"breadcrumb\":{\"@id\":\"https:\\\/\\\/arcotec.com\\\/fr\\\/systemes-de-pretraitement\\\/flamme\\\/silicatisation\\\/#breadcrumb\"},\"inLanguage\":\"fr-FR\",\"potentialAction\":[{\"@type\":\"ReadAction\",\"target\":[\"https:\\\/\\\/arcotec.com\\\/fr\\\/systemes-de-pretraitement\\\/flamme\\\/silicatisation\\\/\"]}]},{\"@type\":\"ImageObject\",\"inLanguage\":\"fr-FR\",\"@id\":\"https:\\\/\\\/arcotec.com\\\/fr\\\/systemes-de-pretraitement\\\/flamme\\\/silicatisation\\\/#primaryimage\",\"url\":\"https:\\\/\\\/arcotec.com\\\/wp-content\\\/uploads\\\/2026\\\/03\\\/2020226-ARCEC-SILIKATe-scaled.webp\",\"contentUrl\":\"https:\\\/\\\/arcotec.com\\\/wp-content\\\/uploads\\\/2026\\\/03\\\/2020226-ARCEC-SILIKATe-scaled.webp\"},{\"@type\":\"BreadcrumbList\",\"@id\":\"https:\\\/\\\/arcotec.com\\\/fr\\\/systemes-de-pretraitement\\\/flamme\\\/silicatisation\\\/#breadcrumb\",\"itemListElement\":[{\"@type\":\"ListItem\",\"position\":1,\"name\":\"Home\",\"item\":\"https:\\\/\\\/arcotec.com\\\/fr\\\/\"},{\"@type\":\"ListItem\",\"position\":2,\"name\":\"Syst\u00e8mes de pr\u00e9traitement\",\"item\":\"https:\\\/\\\/test.arcotec.com\\\/fr\\\/systemes-de-pretraitement\\\/\"},{\"@type\":\"ListItem\",\"position\":3,\"name\":\"appareil FTM\",\"item\":\"https:\\\/\\\/arcotec.com\\\/fr\\\/systemes-de-pretraitement\\\/flamme\\\/\"},{\"@type\":\"ListItem\",\"position\":4,\"name\":\"Silicatisation\"}]},{\"@type\":\"WebSite\",\"@id\":\"https:\\\/\\\/arcotec.com\\\/fr\\\/#website\",\"url\":\"https:\\\/\\\/arcotec.com\\\/fr\\\/\",\"name\":\"arcotec\",\"description\":\"\",\"potentialAction\":[{\"@type\":\"SearchAction\",\"target\":{\"@type\":\"EntryPoint\",\"urlTemplate\":\"https:\\\/\\\/arcotec.com\\\/fr\\\/?s={search_term_string}\"},\"query-input\":{\"@type\":\"PropertyValueSpecification\",\"valueRequired\":true,\"valueName\":\"search_term_string\"}}],\"inLanguage\":\"fr-FR\"}]}<\/script>\n<!-- \/ Yoast SEO plugin. -->","yoast_head_json":{"title":"Pr\u00e9traitement avec silicatisation Arcosil efficace","description":"La silicatisation am\u00e9liore consid\u00e9rablement l\u2019adh\u00e9rence sur les surfaces et prot\u00e8ge \u00e9galement de la corrosion. \u27a4 Demandez maintenant Arcosil.","robots":{"index":"index","follow":"follow","max-snippet":"max-snippet:-1","max-image-preview":"max-image-preview:large","max-video-preview":"max-video-preview:-1"},"canonical":"https:\/\/arcotec.com\/fr\/systemes-de-pretraitement\/flamme\/silicatisation\/","og_locale":"fr_FR","og_type":"article","og_title":"Pr\u00e9traitement avec silicatisation Arcosil efficace","og_description":"La silicatisation am\u00e9liore consid\u00e9rablement l\u2019adh\u00e9rence sur les surfaces et prot\u00e8ge \u00e9galement de la corrosion. \u27a4 Demandez maintenant Arcosil.","og_url":"https:\/\/arcotec.com\/fr\/systemes-de-pretraitement\/flamme\/silicatisation\/","og_site_name":"arcotec","article_modified_time":"2026-03-02T15:44:16+00:00","og_image":[{"width":2215,"height":2560,"url":"https:\/\/arcotec.com\/wp-content\/uploads\/2026\/03\/2020226-ARCEC-SILIKATe-scaled.webp","type":"image\/webp"}],"twitter_card":"summary_large_image","twitter_misc":{"Dur\u00e9e de lecture estim\u00e9e":"2 minutes"},"schema":{"@context":"https:\/\/schema.org","@graph":[{"@type":"WebPage","@id":"https:\/\/arcotec.com\/fr\/systemes-de-pretraitement\/flamme\/silicatisation\/","url":"https:\/\/arcotec.com\/fr\/systemes-de-pretraitement\/flamme\/silicatisation\/","name":"Pr\u00e9traitement avec silicatisation Arcosil efficace","isPartOf":{"@id":"https:\/\/arcotec.com\/fr\/#website"},"primaryImageOfPage":{"@id":"https:\/\/arcotec.com\/fr\/systemes-de-pretraitement\/flamme\/silicatisation\/#primaryimage"},"image":{"@id":"https:\/\/arcotec.com\/fr\/systemes-de-pretraitement\/flamme\/silicatisation\/#primaryimage"},"thumbnailUrl":"https:\/\/arcotec.com\/wp-content\/uploads\/2026\/03\/2020226-ARCEC-SILIKATe-scaled.webp","datePublished":"2024-05-06T13:44:34+00:00","dateModified":"2026-03-02T15:44:16+00:00","description":"La silicatisation am\u00e9liore consid\u00e9rablement l\u2019adh\u00e9rence sur les surfaces et prot\u00e8ge \u00e9galement de la corrosion. \u27a4 Demandez maintenant Arcosil.","breadcrumb":{"@id":"https:\/\/arcotec.com\/fr\/systemes-de-pretraitement\/flamme\/silicatisation\/#breadcrumb"},"inLanguage":"fr-FR","potentialAction":[{"@type":"ReadAction","target":["https:\/\/arcotec.com\/fr\/systemes-de-pretraitement\/flamme\/silicatisation\/"]}]},{"@type":"ImageObject","inLanguage":"fr-FR","@id":"https:\/\/arcotec.com\/fr\/systemes-de-pretraitement\/flamme\/silicatisation\/#primaryimage","url":"https:\/\/arcotec.com\/wp-content\/uploads\/2026\/03\/2020226-ARCEC-SILIKATe-scaled.webp","contentUrl":"https:\/\/arcotec.com\/wp-content\/uploads\/2026\/03\/2020226-ARCEC-SILIKATe-scaled.webp"},{"@type":"BreadcrumbList","@id":"https:\/\/arcotec.com\/fr\/systemes-de-pretraitement\/flamme\/silicatisation\/#breadcrumb","itemListElement":[{"@type":"ListItem","position":1,"name":"Home","item":"https:\/\/arcotec.com\/fr\/"},{"@type":"ListItem","position":2,"name":"Syst\u00e8mes de pr\u00e9traitement","item":"https:\/\/test.arcotec.com\/fr\/systemes-de-pretraitement\/"},{"@type":"ListItem","position":3,"name":"appareil FTM","item":"https:\/\/arcotec.com\/fr\/systemes-de-pretraitement\/flamme\/"},{"@type":"ListItem","position":4,"name":"Silicatisation"}]},{"@type":"WebSite","@id":"https:\/\/arcotec.com\/fr\/#website","url":"https:\/\/arcotec.com\/fr\/","name":"arcotec","description":"","potentialAction":[{"@type":"SearchAction","target":{"@type":"EntryPoint","urlTemplate":"https:\/\/arcotec.com\/fr\/?s={search_term_string}"},"query-input":{"@type":"PropertyValueSpecification","valueRequired":true,"valueName":"search_term_string"}}],"inLanguage":"fr-FR"}]}},"_links":{"self":[{"href":"https:\/\/arcotec.com\/fr\/wp-json\/wp\/v2\/pages\/1535","targetHints":{"allow":["GET"]}}],"collection":[{"href":"https:\/\/arcotec.com\/fr\/wp-json\/wp\/v2\/pages"}],"about":[{"href":"https:\/\/arcotec.com\/fr\/wp-json\/wp\/v2\/types\/page"}],"author":[{"embeddable":true,"href":"https:\/\/arcotec.com\/fr\/wp-json\/wp\/v2\/users\/1"}],"replies":[{"embeddable":true,"href":"https:\/\/arcotec.com\/fr\/wp-json\/wp\/v2\/comments?post=1535"}],"version-history":[{"count":7,"href":"https:\/\/arcotec.com\/fr\/wp-json\/wp\/v2\/pages\/1535\/revisions"}],"predecessor-version":[{"id":47592,"href":"https:\/\/arcotec.com\/fr\/wp-json\/wp\/v2\/pages\/1535\/revisions\/47592"}],"up":[{"embeddable":true,"href":"https:\/\/arcotec.com\/fr\/wp-json\/wp\/v2\/pages\/1449"}],"wp:attachment":[{"href":"https:\/\/arcotec.com\/fr\/wp-json\/wp\/v2\/media?parent=1535"}],"curies":[{"name":"wp","href":"https:\/\/api.w.org\/{rel}","templated":true}]}}