{"id":1518,"date":"2024-05-06T15:27:23","date_gmt":"2024-05-06T13:27:23","guid":{"rendered":"https:\/\/test.arcotec.com\/?page_id=1518"},"modified":"2024-08-22T09:20:10","modified_gmt":"2024-08-22T07:20:10","slug":"entreprise","status":"publish","type":"page","link":"https:\/\/arcotec.com\/fr\/entreprise\/","title":{"rendered":"Entreprise"},"content":{"rendered":"\n<div style=\"height:25px\" aria-hidden=\"true\" class=\"wp-block-spacer\"><\/div>\n\n\n<div id=\"default-class\" class=\"headline-block default-class\">\r\n                        <div class=\"container\">     \r\n                            <div class=\"row\">\r\n                                <div class=\"col\">\r\n                                    <h1  style=\"color: var(--arcot-blue)\" class=\"wt-headline   \">Histoire de l\u2019entreprise<\/h1>\r\n                                <\/div>                                        \r\n                            <\/div>                         \r\n                                                        \r\n                        <\/div>                                \r\n                <\/div>\r\n            \n\n\n<div style=\"height:20px\" aria-hidden=\"true\" class=\"wp-block-spacer\"><\/div>\n\n\n\n<div class=\"wp-block-group container\"><div class=\"wp-block-group__inner-container is-layout-constrained wp-block-group-is-layout-constrained\">\n<div class=\"wp-block-columns is-layout-flex wp-container-core-columns-is-layout-9d6595d7 wp-block-columns-is-layout-flex\">\n<div class=\"wp-block-column is-layout-flow wp-block-column-is-layout-flow\" style=\"flex-basis:33.33%\">\n<figure class=\"wp-block-image size-full\"><img loading=\"lazy\" decoding=\"async\" width=\"540\" height=\"308\" src=\"https:\/\/arcotec.com\/wp-content\/uploads\/2024\/07\/arcotec-building.jpg\" alt=\"Arcotec Geb\u00e4ude\" class=\"wp-image-2378\" srcset=\"https:\/\/arcotec.com\/wp-content\/uploads\/2024\/07\/arcotec-building.jpg 540w, https:\/\/arcotec.com\/wp-content\/uploads\/2024\/07\/arcotec-building-300x171.jpg 300w\" sizes=\"auto, (max-width: 540px) 100vw, 540px\" \/><\/figure>\n<\/div>\n\n\n\n<div class=\"wp-block-column is-layout-flow wp-block-column-is-layout-flow\" style=\"flex-basis:66.66%\"><section id=\"\" class=\"text-block \">                \r\n                    <div class=\"container\">                        \r\n                        <div class=\"row\">                                        \r\n                        <div class=\"col\">\r\n                            <h2 class=\"textBlock-headline upper wt-font-color-black left  left \">2019<\/h2>\r\n                        <\/div>                                        \r\n                    <\/div>                        \r\n                        <div class=\"row text\">\r\n                        <div class=\"col\">\r\n                            <div class=\"textBlock-text fs-16 fw-medium lh-26 text-block-html \">\r\n                                <p class=\"wp-block-wt-text-block\">Forte de plus de 45 ans d\u2019exp\u00e9rience et unique fabricant des trois m\u00e9thodes de pr\u00e9traitement physique sous pression atmosph\u00e9rique (corona, plasma, flamme), la soci\u00e9t\u00e9 Arcotec GmbH poursuit sa success story. Les plus de 25 000 installations de pr\u00e9traitement Arcotec employ\u00e9es dans le monde entier constituent un gage de notre qualit\u00e9 sup\u00e9rieure constante et de notre savoir-faire unique dans le domaine du pr\u00e9traitement de surface.<\/p>\n\r\n                            <\/div>\r\n                        <\/div>                                        \r\n                    <\/div>  \r\n                                              \r\n                    <\/div>                                \r\n            <\/section><\/div>\n<\/div>\n\n\n\n<div style=\"height:15px\" aria-hidden=\"true\" class=\"wp-block-spacer\"><\/div>\n\n\n\n<div class=\"wp-block-columns is-layout-flex wp-container-core-columns-is-layout-9d6595d7 wp-block-columns-is-layout-flex\">\n<div class=\"wp-block-column is-layout-flow wp-block-column-is-layout-flow\" style=\"flex-basis:33.33%\">\n<figure class=\"wp-block-image size-full\"><img loading=\"lazy\" decoding=\"async\" width=\"700\" height=\"400\" src=\"https:\/\/arcotec.com\/wp-content\/uploads\/2024\/07\/plasma-arcospot-arcotec.jpg\" alt=\"Plasma arcospot | Arcotec\" class=\"wp-image-1596\" srcset=\"https:\/\/arcotec.com\/wp-content\/uploads\/2024\/07\/plasma-arcospot-arcotec.jpg 700w, https:\/\/arcotec.com\/wp-content\/uploads\/2024\/07\/plasma-arcospot-arcotec-300x171.jpg 300w, https:\/\/arcotec.com\/wp-content\/uploads\/2024\/07\/plasma-arcospot-arcotec-600x343.jpg 600w\" sizes=\"auto, (max-width: 700px) 100vw, 700px\" \/><\/figure>\n<\/div>\n\n\n\n<div class=\"wp-block-column is-layout-flow wp-block-column-is-layout-flow\" style=\"flex-basis:66.66%\"><section id=\"\" class=\"text-block \">                \r\n                    <div class=\"container\">                        \r\n                        <div class=\"row\">                                        \r\n                        <div class=\"col\">\r\n                            <h2 class=\"textBlock-headline upper wt-font-color-black left  left \">1997<\/h2>\r\n                        <\/div>                                        \r\n                    <\/div>                        \r\n                        <div class=\"row text\">\r\n                        <div class=\"col\">\r\n                            <div class=\"textBlock-text fs-16 fw-medium lh-26 text-block-html \">\r\n                                <p class=\"wp-block-wt-text-block\">Lancement de l\u2019appareil \u00e0 plasma atmosph\u00e9rique (Arcospot\u00ae), qui \u00e9met une d\u00e9charge d\u2019\u00e9tincelles \u00e0 haute \u00e9nergie. Ce lancement a tout particuli\u00e8rement permis de conqu\u00e9rir le march\u00e9 des mati\u00e8res plastiques difficiles \u00e0 traiter \u00e0 vitesses d\u2019avance \u00e9lev\u00e9es.<\/p>\n\r\n                            <\/div>\r\n                        <\/div>                                        \r\n                    <\/div>  \r\n                                              \r\n                    <\/div>                                \r\n            <\/section><\/div>\n<\/div>\n\n\n\n<div style=\"height:15px\" aria-hidden=\"true\" class=\"wp-block-spacer\"><\/div>\n\n\n\n<div class=\"wp-block-columns is-layout-flex wp-container-core-columns-is-layout-9d6595d7 wp-block-columns-is-layout-flex\">\n<div class=\"wp-block-column is-layout-flow wp-block-column-is-layout-flow\" style=\"flex-basis:33.33%\">\n<figure class=\"wp-block-image size-full\"><img loading=\"lazy\" decoding=\"async\" width=\"700\" height=\"400\" src=\"https:\/\/arcotec.com\/wp-content\/uploads\/2024\/07\/flamme-arcogas-arcotec.jpg\" alt=\"Flamme arcogas | Arcotec\" class=\"wp-image-1588\" srcset=\"https:\/\/arcotec.com\/wp-content\/uploads\/2024\/07\/flamme-arcogas-arcotec.jpg 700w, https:\/\/arcotec.com\/wp-content\/uploads\/2024\/07\/flamme-arcogas-arcotec-300x171.jpg 300w, https:\/\/arcotec.com\/wp-content\/uploads\/2024\/07\/flamme-arcogas-arcotec-600x343.jpg 600w\" sizes=\"auto, (max-width: 700px) 100vw, 700px\" \/><\/figure>\n<\/div>\n\n\n\n<div class=\"wp-block-column is-layout-flow wp-block-column-is-layout-flow\" style=\"flex-basis:66.66%\"><section id=\"\" class=\"text-block \">                \r\n                    <div class=\"container\">                        \r\n                        <div class=\"row\">                                        \r\n                        <div class=\"col\">\r\n                            <h2 class=\"textBlock-headline upper wt-font-color-black left  left \">1991<\/h2>\r\n                        <\/div>                                        \r\n                    <\/div>                        \r\n                        <div class=\"row text\">\r\n                        <div class=\"col\">\r\n                            <div class=\"textBlock-text fs-16 fw-medium lh-26 text-block-html \">\r\n                                <p class=\"wp-block-wt-text-block\">Lancement d\u2019un autre principe de traitement physique, le \u00ab traitement par flammage \u00bb.<\/p>\n\r\n                            <\/div>\r\n                        <\/div>                                        \r\n                    <\/div>  \r\n                                              \r\n                    <\/div>                                \r\n            <\/section><\/div>\n<\/div>\n\n\n\n<div style=\"height:15px\" aria-hidden=\"true\" class=\"wp-block-spacer\"><\/div>\n\n\n\n<div class=\"wp-block-columns is-layout-flex wp-container-core-columns-is-layout-9d6595d7 wp-block-columns-is-layout-flex\">\n<div class=\"wp-block-column is-layout-flow wp-block-column-is-layout-flow\" style=\"flex-basis:33.33%\"><div class=\"wp-block-image\">\n<figure class=\"aligncenter size-medium\"><img loading=\"lazy\" decoding=\"async\" width=\"300\" height=\"200\" src=\"https:\/\/arcotec.com\/wp-content\/uploads\/2024\/07\/arcotec-300x200.webp\" alt=\"Arcotec Logo\" class=\"wp-image-1688\" srcset=\"https:\/\/arcotec.com\/wp-content\/uploads\/2024\/07\/arcotec-300x200.webp 300w, https:\/\/arcotec.com\/wp-content\/uploads\/2024\/07\/arcotec-1024x683.webp 1024w, https:\/\/arcotec.com\/wp-content\/uploads\/2024\/07\/arcotec-768x512.webp 768w, https:\/\/arcotec.com\/wp-content\/uploads\/2024\/07\/arcotec-1536x1025.webp 1536w, https:\/\/arcotec.com\/wp-content\/uploads\/2024\/07\/arcotec-600x400.webp 600w, https:\/\/arcotec.com\/wp-content\/uploads\/2024\/07\/arcotec.webp 1776w\" sizes=\"auto, (max-width: 300px) 100vw, 300px\" \/><\/figure>\n<\/div><\/div>\n\n\n\n<div class=\"wp-block-column is-layout-flow wp-block-column-is-layout-flow\" style=\"flex-basis:66.66%\"><section id=\"\" class=\"text-block \">                \r\n                    <div class=\"container\">                        \r\n                        <div class=\"row\">                                        \r\n                        <div class=\"col\">\r\n                            <h2 class=\"textBlock-headline upper wt-font-color-black left  left \">1985<\/h2>\r\n                        <\/div>                                        \r\n                    <\/div>                        \r\n                        <div class=\"row text\">\r\n                        <div class=\"col\">\r\n                            <div class=\"textBlock-text fs-16 fw-medium lh-26 text-block-html \">\r\n                                <p class=\"wp-block-wt-text-block\">Cr\u00e9ation de la soci\u00e9t\u00e9 Arcotec GmbH.<\/p>\n\r\n                            <\/div>\r\n                        <\/div>                                        \r\n                    <\/div>  \r\n                                              \r\n                    <\/div>                                \r\n            <\/section><\/div>\n<\/div>\n\n\n\n<div style=\"height:15px\" aria-hidden=\"true\" class=\"wp-block-spacer\"><\/div>\n\n\n\n<div class=\"wp-block-columns is-layout-flex wp-container-core-columns-is-layout-9d6595d7 wp-block-columns-is-layout-flex\">\n<div class=\"wp-block-column is-layout-flow wp-block-column-is-layout-flow\" style=\"flex-basis:33.33%\">\n<figure class=\"wp-block-image size-full\"><img loading=\"lazy\" decoding=\"async\" width=\"700\" height=\"400\" src=\"https:\/\/arcotec.com\/wp-content\/uploads\/2024\/07\/plasma-arcojet-arcotec.jpg\" alt=\"Plasma arcojet | Arcotec\" class=\"wp-image-1592\" srcset=\"https:\/\/arcotec.com\/wp-content\/uploads\/2024\/07\/plasma-arcojet-arcotec.jpg 700w, https:\/\/arcotec.com\/wp-content\/uploads\/2024\/07\/plasma-arcojet-arcotec-300x171.jpg 300w, https:\/\/arcotec.com\/wp-content\/uploads\/2024\/07\/plasma-arcojet-arcotec-600x343.jpg 600w\" sizes=\"auto, (max-width: 700px) 100vw, 700px\" \/><\/figure>\n<\/div>\n\n\n\n<div class=\"wp-block-column is-layout-flow wp-block-column-is-layout-flow\" style=\"flex-basis:66.66%\"><section id=\"\" class=\"text-block \">                \r\n                    <div class=\"container\">                        \r\n                        <div class=\"row\">                                        \r\n                        <div class=\"col\">\r\n                            <h2 class=\"textBlock-headline upper wt-font-color-black left  left \">1976<\/h2>\r\n                        <\/div>                                        \r\n                    <\/div>                        \r\n                        <div class=\"row text\">\r\n                        <div class=\"col\">\r\n                            <div class=\"textBlock-text fs-16 fw-medium lh-26 text-block-html \">\r\n                                <p class=\"wp-block-wt-text-block\">D\u00e9veloppement et utilisation du premier appareil plasma au monde avec \u00e9lectrodes \u00e0 jet libre (Arcojet) pour le traitement de pi\u00e8ces tridimensionnelles en mati\u00e8re plastique ; le principe de fonctionnement repose sur un plasma \u00e9lectrique.<\/p>\n\r\n                            <\/div>\r\n                        <\/div>                                        \r\n                    <\/div>  \r\n                                              \r\n                    <\/div>                                \r\n            <\/section><\/div>\n<\/div>\n\n\n\n<div style=\"height:15px\" aria-hidden=\"true\" class=\"wp-block-spacer\"><\/div>\n\n\n\n<div class=\"wp-block-columns is-layout-flex wp-container-core-columns-is-layout-9d6595d7 wp-block-columns-is-layout-flex\">\n<div class=\"wp-block-column is-layout-flow wp-block-column-is-layout-flow\" style=\"flex-basis:33.33%\">\n<figure class=\"wp-block-image size-full\"><img loading=\"lazy\" decoding=\"async\" width=\"700\" height=\"400\" src=\"https:\/\/arcotec.com\/wp-content\/uploads\/2024\/07\/corona-treatment-graphic-arcotec.jpg\" alt=\"Corona treatment graphic | Arcotec\" class=\"wp-image-1584\" srcset=\"https:\/\/arcotec.com\/wp-content\/uploads\/2024\/07\/corona-treatment-graphic-arcotec.jpg 700w, https:\/\/arcotec.com\/wp-content\/uploads\/2024\/07\/corona-treatment-graphic-arcotec-300x171.jpg 300w, https:\/\/arcotec.com\/wp-content\/uploads\/2024\/07\/corona-treatment-graphic-arcotec-600x343.jpg 600w\" sizes=\"auto, (max-width: 700px) 100vw, 700px\" \/><\/figure>\n<\/div>\n\n\n\n<div class=\"wp-block-column is-layout-flow wp-block-column-is-layout-flow\" style=\"flex-basis:66.66%\"><section id=\"\" class=\"text-block \">                \r\n                    <div class=\"container\">                        \r\n                        <div class=\"row\">                                        \r\n                        <div class=\"col\">\r\n                            <h2 class=\"textBlock-headline upper wt-font-color-black left  left \">1975<\/h2>\r\n                        <\/div>                                        \r\n                    <\/div>                        \r\n                        <div class=\"row text\">\r\n                        <div class=\"col\">\r\n                            <div class=\"textBlock-text fs-16 fw-medium lh-26 text-block-html \">\r\n                                <p class=\"wp-block-wt-text-block\">D\u00e8s 1975, il lance la production d\u2019appareils de pr\u00e9traitement sur la base d\u2019un corona haute fr\u00e9quence.<\/p>\n\r\n                            <\/div>\r\n                        <\/div>                                        \r\n                    <\/div>  \r\n                                              \r\n                    <\/div>                                \r\n            <\/section><\/div>\n<\/div>\n\n\n\n<div style=\"height:15px\" aria-hidden=\"true\" class=\"wp-block-spacer\"><\/div>\n\n\n\n<div class=\"wp-block-columns is-layout-flex wp-container-core-columns-is-layout-9d6595d7 wp-block-columns-is-layout-flex\">\n<div class=\"wp-block-column is-layout-flow wp-block-column-is-layout-flow\" style=\"flex-basis:33.33%\"><\/div>\n\n\n\n<div class=\"wp-block-column is-layout-flow wp-block-column-is-layout-flow\" style=\"flex-basis:66.66%\"><section id=\"\" class=\"text-block \">                \r\n                    <div class=\"container\">                        \r\n                        <div class=\"row\">                                        \r\n                        <div class=\"col\">\r\n                            <h2 class=\"textBlock-headline upper wt-font-color-black left  left \">1974<\/h2>\r\n                        <\/div>                                        \r\n                    <\/div>                        \r\n                        <div class=\"row text\">\r\n                        <div class=\"col\">\r\n                            <div class=\"textBlock-text fs-16 fw-medium lh-26 text-block-html \">\r\n                                <p class=\"wp-block-wt-text-block\">En 1974, Fritz Bloss fonde un commerce ind\u00e9pendant.<\/p>\n\r\n                            <\/div>\r\n                        <\/div>                                        \r\n                    <\/div>  \r\n                                              \r\n                    <\/div>                                \r\n            <\/section><\/div>\n<\/div>\n<\/div><\/div>\n\n\n\n<div style=\"height:200px\" aria-hidden=\"true\" class=\"wp-block-spacer\"><\/div>\n","protected":false},"excerpt":{"rendered":"","protected":false},"author":1,"featured_media":0,"parent":0,"menu_order":0,"comment_status":"closed","ping_status":"closed","template":"","meta":{"footnotes":""},"class_list":["post-1518","page","type-page","status-publish","hentry"],"yoast_head":"<!-- This site is optimized with the Yoast SEO plugin v27.3 - https:\/\/yoast.com\/product\/yoast-seo-wordpress\/ -->\n<title>D\u00e9couvrez tout l\u2019historique d\u2019Arcotec<\/title>\n<meta name=\"description\" content=\"Depuis pr\u00e8s de 50 ans, nous convainquons nos clients avec des installations de pr\u00e9traitement physique de qualit\u00e9. \u27a4 En savoir plus !\" \/>\n<meta name=\"robots\" content=\"index, follow, max-snippet:-1, max-image-preview:large, max-video-preview:-1\" \/>\n<link rel=\"canonical\" href=\"https:\/\/arcotec.com\/fr\/entreprise\/\" \/>\n<meta property=\"og:locale\" content=\"fr_FR\" \/>\n<meta property=\"og:type\" content=\"article\" \/>\n<meta property=\"og:title\" content=\"D\u00e9couvrez tout l\u2019historique d\u2019Arcotec\" \/>\n<meta property=\"og:description\" content=\"Depuis pr\u00e8s de 50 ans, nous convainquons nos clients avec des installations de pr\u00e9traitement physique de qualit\u00e9. \u27a4 En savoir plus !\" \/>\n<meta property=\"og:url\" content=\"https:\/\/arcotec.com\/fr\/entreprise\/\" \/>\n<meta property=\"og:site_name\" content=\"arcotec\" \/>\n<meta property=\"article:modified_time\" content=\"2024-08-22T07:20:10+00:00\" \/>\n<meta property=\"og:image\" content=\"https:\/\/test.arcotec.com\/wp-content\/uploads\/2024\/07\/arcotec-building.jpg\" \/>\n<meta name=\"twitter:card\" content=\"summary_large_image\" \/>\n<meta name=\"twitter:label1\" content=\"Dur\u00e9e de lecture estim\u00e9e\" \/>\n\t<meta name=\"twitter:data1\" content=\"3 minutes\" \/>\n<script type=\"application\/ld+json\" class=\"yoast-schema-graph\">{\"@context\":\"https:\\\/\\\/schema.org\",\"@graph\":[{\"@type\":\"WebPage\",\"@id\":\"https:\\\/\\\/arcotec.com\\\/fr\\\/entreprise\\\/\",\"url\":\"https:\\\/\\\/arcotec.com\\\/fr\\\/entreprise\\\/\",\"name\":\"D\u00e9couvrez tout l\u2019historique d\u2019Arcotec\",\"isPartOf\":{\"@id\":\"https:\\\/\\\/arcotec.com\\\/fr\\\/#website\"},\"primaryImageOfPage\":{\"@id\":\"https:\\\/\\\/arcotec.com\\\/fr\\\/entreprise\\\/#primaryimage\"},\"image\":{\"@id\":\"https:\\\/\\\/arcotec.com\\\/fr\\\/entreprise\\\/#primaryimage\"},\"thumbnailUrl\":\"https:\\\/\\\/arcotec.com\\\/wp-content\\\/uploads\\\/2024\\\/07\\\/arcotec-building.jpg\",\"datePublished\":\"2024-05-06T13:27:23+00:00\",\"dateModified\":\"2024-08-22T07:20:10+00:00\",\"description\":\"Depuis pr\u00e8s de 50 ans, nous convainquons nos clients avec des installations de pr\u00e9traitement physique de qualit\u00e9. \u27a4 En savoir plus !\",\"breadcrumb\":{\"@id\":\"https:\\\/\\\/arcotec.com\\\/fr\\\/entreprise\\\/#breadcrumb\"},\"inLanguage\":\"fr-FR\",\"potentialAction\":[{\"@type\":\"ReadAction\",\"target\":[\"https:\\\/\\\/arcotec.com\\\/fr\\\/entreprise\\\/\"]}]},{\"@type\":\"ImageObject\",\"inLanguage\":\"fr-FR\",\"@id\":\"https:\\\/\\\/arcotec.com\\\/fr\\\/entreprise\\\/#primaryimage\",\"url\":\"https:\\\/\\\/arcotec.com\\\/wp-content\\\/uploads\\\/2024\\\/07\\\/arcotec-building.jpg\",\"contentUrl\":\"https:\\\/\\\/arcotec.com\\\/wp-content\\\/uploads\\\/2024\\\/07\\\/arcotec-building.jpg\"},{\"@type\":\"BreadcrumbList\",\"@id\":\"https:\\\/\\\/arcotec.com\\\/fr\\\/entreprise\\\/#breadcrumb\",\"itemListElement\":[{\"@type\":\"ListItem\",\"position\":1,\"name\":\"Home\",\"item\":\"https:\\\/\\\/arcotec.com\\\/fr\\\/\"},{\"@type\":\"ListItem\",\"position\":2,\"name\":\"Entreprise\"}]},{\"@type\":\"WebSite\",\"@id\":\"https:\\\/\\\/arcotec.com\\\/fr\\\/#website\",\"url\":\"https:\\\/\\\/arcotec.com\\\/fr\\\/\",\"name\":\"arcotec\",\"description\":\"\",\"potentialAction\":[{\"@type\":\"SearchAction\",\"target\":{\"@type\":\"EntryPoint\",\"urlTemplate\":\"https:\\\/\\\/arcotec.com\\\/fr\\\/?s={search_term_string}\"},\"query-input\":{\"@type\":\"PropertyValueSpecification\",\"valueRequired\":true,\"valueName\":\"search_term_string\"}}],\"inLanguage\":\"fr-FR\"}]}<\/script>\n<!-- \/ Yoast SEO plugin. -->","yoast_head_json":{"title":"D\u00e9couvrez tout l\u2019historique d\u2019Arcotec","description":"Depuis pr\u00e8s de 50 ans, nous convainquons nos clients avec des installations de pr\u00e9traitement physique de qualit\u00e9. \u27a4 En savoir plus !","robots":{"index":"index","follow":"follow","max-snippet":"max-snippet:-1","max-image-preview":"max-image-preview:large","max-video-preview":"max-video-preview:-1"},"canonical":"https:\/\/arcotec.com\/fr\/entreprise\/","og_locale":"fr_FR","og_type":"article","og_title":"D\u00e9couvrez tout l\u2019historique d\u2019Arcotec","og_description":"Depuis pr\u00e8s de 50 ans, nous convainquons nos clients avec des installations de pr\u00e9traitement physique de qualit\u00e9. \u27a4 En savoir plus !","og_url":"https:\/\/arcotec.com\/fr\/entreprise\/","og_site_name":"arcotec","article_modified_time":"2024-08-22T07:20:10+00:00","og_image":[{"url":"https:\/\/test.arcotec.com\/wp-content\/uploads\/2024\/07\/arcotec-building.jpg","type":"","width":"","height":""}],"twitter_card":"summary_large_image","twitter_misc":{"Dur\u00e9e de lecture estim\u00e9e":"3 minutes"},"schema":{"@context":"https:\/\/schema.org","@graph":[{"@type":"WebPage","@id":"https:\/\/arcotec.com\/fr\/entreprise\/","url":"https:\/\/arcotec.com\/fr\/entreprise\/","name":"D\u00e9couvrez tout l\u2019historique d\u2019Arcotec","isPartOf":{"@id":"https:\/\/arcotec.com\/fr\/#website"},"primaryImageOfPage":{"@id":"https:\/\/arcotec.com\/fr\/entreprise\/#primaryimage"},"image":{"@id":"https:\/\/arcotec.com\/fr\/entreprise\/#primaryimage"},"thumbnailUrl":"https:\/\/arcotec.com\/wp-content\/uploads\/2024\/07\/arcotec-building.jpg","datePublished":"2024-05-06T13:27:23+00:00","dateModified":"2024-08-22T07:20:10+00:00","description":"Depuis pr\u00e8s de 50 ans, nous convainquons nos clients avec des installations de pr\u00e9traitement physique de qualit\u00e9. \u27a4 En savoir plus !","breadcrumb":{"@id":"https:\/\/arcotec.com\/fr\/entreprise\/#breadcrumb"},"inLanguage":"fr-FR","potentialAction":[{"@type":"ReadAction","target":["https:\/\/arcotec.com\/fr\/entreprise\/"]}]},{"@type":"ImageObject","inLanguage":"fr-FR","@id":"https:\/\/arcotec.com\/fr\/entreprise\/#primaryimage","url":"https:\/\/arcotec.com\/wp-content\/uploads\/2024\/07\/arcotec-building.jpg","contentUrl":"https:\/\/arcotec.com\/wp-content\/uploads\/2024\/07\/arcotec-building.jpg"},{"@type":"BreadcrumbList","@id":"https:\/\/arcotec.com\/fr\/entreprise\/#breadcrumb","itemListElement":[{"@type":"ListItem","position":1,"name":"Home","item":"https:\/\/arcotec.com\/fr\/"},{"@type":"ListItem","position":2,"name":"Entreprise"}]},{"@type":"WebSite","@id":"https:\/\/arcotec.com\/fr\/#website","url":"https:\/\/arcotec.com\/fr\/","name":"arcotec","description":"","potentialAction":[{"@type":"SearchAction","target":{"@type":"EntryPoint","urlTemplate":"https:\/\/arcotec.com\/fr\/?s={search_term_string}"},"query-input":{"@type":"PropertyValueSpecification","valueRequired":true,"valueName":"search_term_string"}}],"inLanguage":"fr-FR"}]}},"_links":{"self":[{"href":"https:\/\/arcotec.com\/fr\/wp-json\/wp\/v2\/pages\/1518","targetHints":{"allow":["GET"]}}],"collection":[{"href":"https:\/\/arcotec.com\/fr\/wp-json\/wp\/v2\/pages"}],"about":[{"href":"https:\/\/arcotec.com\/fr\/wp-json\/wp\/v2\/types\/page"}],"author":[{"embeddable":true,"href":"https:\/\/arcotec.com\/fr\/wp-json\/wp\/v2\/users\/1"}],"replies":[{"embeddable":true,"href":"https:\/\/arcotec.com\/fr\/wp-json\/wp\/v2\/comments?post=1518"}],"version-history":[{"count":3,"href":"https:\/\/arcotec.com\/fr\/wp-json\/wp\/v2\/pages\/1518\/revisions"}],"predecessor-version":[{"id":2689,"href":"https:\/\/arcotec.com\/fr\/wp-json\/wp\/v2\/pages\/1518\/revisions\/2689"}],"wp:attachment":[{"href":"https:\/\/arcotec.com\/fr\/wp-json\/wp\/v2\/media?parent=1518"}],"curies":[{"name":"wp","href":"https:\/\/api.w.org\/{rel}","templated":true}]}}