{"id":1509,"date":"2024-05-06T15:36:24","date_gmt":"2024-05-06T13:36:24","guid":{"rendered":"https:\/\/test.arcotec.com\/?page_id=1509"},"modified":"2026-02-09T08:55:53","modified_gmt":"2026-02-09T07:55:53","slug":"testtinten","status":"publish","type":"page","link":"https:\/\/arcotec.com\/fr\/systemes-de-pretraitement\/testtinten\/","title":{"rendered":"Testtinten"},"content":{"rendered":"\n<div style=\"height:25px\" aria-hidden=\"true\" class=\"wp-block-spacer\"><\/div>\n\n\n\n<div class=\"wp-block-group container\"><div class=\"wp-block-group__inner-container is-layout-constrained wp-block-group-is-layout-constrained\">\n<div class=\"wp-block-columns is-layout-flex wp-container-core-columns-is-layout-9d6595d7 wp-block-columns-is-layout-flex\">\n<div class=\"wp-block-column is-layout-flow wp-block-column-is-layout-flow\" style=\"flex-basis:66.66%\"><div id=\"default-class\" class=\"headline-block default-class\"> \r\n                        <h1 style=\"color: var(--arcot-blue)\" class=\"wt-headline  \">Encres et feutres de test<\/h1>                        \r\n                        <h2 style=\"color: var(--arcot-black)\" class=\"wt-subheadline \">Contr\u00f4le simple de la tension de surface<\/h2>                            \r\n                                                                           \r\n                <\/div><\/div>\n\n\n\n<div class=\"wp-block-column is-layout-flow wp-block-column-is-layout-flow\" style=\"flex-basis:33.33%\"><div class=\"wp-block-image\">\n<figure class=\"alignright size-medium\"><img loading=\"lazy\" decoding=\"async\" width=\"300\" height=\"227\" src=\"https:\/\/arcotec.com\/wp-content\/uploads\/2026\/02\/arcotest-test-inks-products-arcotec-300x227.jpg\" alt=\"\" class=\"wp-image-46848\" style=\"aspect-ratio:4\/3;object-fit:contain\" srcset=\"https:\/\/arcotec.com\/wp-content\/uploads\/2026\/02\/arcotest-test-inks-products-arcotec-300x227.jpg 300w, https:\/\/arcotec.com\/wp-content\/uploads\/2026\/02\/arcotest-test-inks-products-arcotec.jpg 422w\" sizes=\"auto, (max-width: 300px) 100vw, 300px\" \/><\/figure>\n<\/div><\/div>\n<\/div>\n<\/div><\/div>\n\n\n\n<div style=\"height:20px\" aria-hidden=\"true\" class=\"wp-block-spacer\"><\/div>\n\n\n<section id=\"\" class=\"text-block \">                \r\n                    <div class=\"container\">                        \r\n                                                \r\n                        <div class=\"row text\">\r\n                        <div class=\"col\">\r\n                            <div class=\"textBlock-text fs-16 fw-medium lh-26 text-block-html \">\r\n                                <p class=\"wp-block-wt-text-block\">Avec les encres de test d\u2019arcotest<sup>\u00ae<\/sup>, vous pouvez contr\u00f4ler la\u00a0<strong>tension de surface<\/strong>\u00a0de diff\u00e9rents mat\u00e9riaux de mani\u00e8re simple et rapide. Ainsi, il est possible de se prononcer avec fiabilit\u00e9 sur l\u2019adh\u00e9rence d\u2019encres d\u2019impression, de vernis et d\u2019adh\u00e9sifs sur du plastique, du m\u00e9tal, du verre et d\u2019autres substrats.<\/p>\n\r\n                            <\/div>\r\n                        <\/div>                                        \r\n                    <\/div>  \r\n                                              \r\n                    <\/div>                                \r\n            <\/section>\n\n\n<div style=\"height:20px\" aria-hidden=\"true\" class=\"wp-block-spacer\"><\/div>\n\n\n<section id=\"\" class=\"text-block \">                \r\n                    <div class=\"container\">                        \r\n                        <div class=\"row\">                                        \r\n                        <div class=\"col\">\r\n                            <P class=\"textBlock-headline upper wt-font-color-black left  left \">Application simple, r\u00e9sultats fiables<\/P>\r\n                        <\/div>                                        \r\n                    <\/div>                        \r\n                        <div class=\"row text\">\r\n                        <div class=\"col\">\r\n                            <div class=\"textBlock-text fs-16 fw-medium lh-26 text-block-html \">\r\n                                <p class=\"wp-block-wt-text-block\">La d\u00e9termination de la tension de surface avec les encres de test d\u2019arcotest\u00ae est on ne peut plus simple\u00a0: tracez un court trait avec une encre de test pr\u00e9sentant une tension de surface d\u00e9finie sur la surface \u00e0 \u00e9valuer et observez son comportement. Apr\u00e8s quelques secondes seulement, vous obtenez un\u00a0<strong>r\u00e9sultat fiable en mN\/m (dyne)<\/strong>.<\/p>\n<p>Afin de rendre l\u2019application encore plus simple, les encres arcotest\u00ae sont \u00e9galement disponibles sous forme de\u00a0<strong>feutres<\/strong>. Ceux-ci se manipulent comme des feutres classiques, ce qui permet d\u2019emp\u00eacher l\u2019encre de se renverser.<\/p>\n\r\n                            <\/div>\r\n                        <\/div>                                        \r\n                    <\/div>  \r\n                                              \r\n                    <\/div>                                \r\n            <\/section>\n\n\n<div style=\"height:50px\" aria-hidden=\"true\" class=\"wp-block-spacer\"><\/div>\n\n\n<div class=\"contact-banner-block\">    \r\n              <div class=\"container-fluid\" style=\"background-color: #008DD4 \">\r\n                        <div class=\"container\">                \r\n                           <div class=\"contact-banner-container\" >\r\n                           <div class=\"contact-banner-left\">\r\n                                 <p class=\"headline\">Commandez des encres de test apr\u00e8s vous \u00eatre enregistr\u00e9 dans notre boutique B2B<\/p>\r\n                           <\/div>\r\n                          \r\n                           <div class=\"contact-banner-button\">\r\n                                <a class=\"wt-button\" href=https:\/\/arcotest.de\/>\r\n                                    <div class=\"wt-btn-outline\">\r\n                                        <span>au magasin<\/span>\r\n                                        <div class=\"wt-long-arrow-right\"><\/div>\r\n                                    <\/div>\r\n                                <\/a>\r\n                           <\/div>\r\n                                \r\n                           <\/div>\r\n                           <\/div>\r\n                        <\/div>\r\n                <\/div>\n\n\n<div style=\"height:50px\" aria-hidden=\"true\" class=\"wp-block-spacer\"><\/div>\n\n\n<div id=\"default-class\" class=\"headline-block default-class\">\r\n                        <div class=\"container\">     \r\n                            <div class=\"row\">\r\n                                <div class=\"col\">\r\n                                    <h2  style=\"color: var(--arcot-black)\" class=\"wt-headline big  \">D\u00e9couvrez les produits d\u2019arcotest\u00ae<\/h2>\r\n                                <\/div>                                        \r\n                            <\/div>                         \r\n                                                        \r\n                        <\/div>                                \r\n                <\/div>\r\n            \n\n\n<div style=\"height:20px\" aria-hidden=\"true\" class=\"wp-block-spacer\"><\/div>\n\n\n<section id=\"\" class=\"text-block \">                \r\n                    <div class=\"container\">                        \r\n                                                \r\n                        <div class=\"row text\">\r\n                        <div class=\"col\">\r\n                            <div class=\"textBlock-text fs-16 fw-medium lh-26 text-block-html \">\r\n                                <p class=\"wp-block-wt-text-block\">En plus de nos\u00a0<strong>encres de test \u00e9prouv\u00e9es<\/strong>\u00a0des s\u00e9ries PINK et BLEU (selon DIN\u00a053364 et ISO\u00a08296), nous vous proposons toute une gamme d\u2019autres produits innovants pour d\u00e9terminer la tension de surface de vos mat\u00e9riaux.<\/p>\n\r\n                            <\/div>\r\n                        <\/div>                                        \r\n                    <\/div>  \r\n                                              \r\n                    <\/div>                                \r\n            <\/section>\n\n\n<div style=\"height:20px\" aria-hidden=\"true\" class=\"wp-block-spacer\"><\/div>\n\n\n<section id=\"\" class=\"text-block \">                \r\n                    <div class=\"container\">                        \r\n                        <div class=\"row\">                                        \r\n                        <div class=\"col\">\r\n                            <h3 class=\"textBlock-headline upper wt-font-color-black left  left \">Non toxique et \u00e9cologique : arcotest\u00ae ORGANIC<\/h3>\r\n                        <\/div>                                        \r\n                    <\/div>                        \r\n                        <div class=\"row text\">\r\n                        <div class=\"col\">\r\n                            <div class=\"textBlock-text fs-16 fw-medium lh-26 text-block-html \">\r\n                                <p class=\"wp-block-wt-text-block\">Afin de simplifier encore davantage la prise en main de nos encres de test, nous avons d\u00e9velopp\u00e9\u00a0<a href=\"https:\/\/arcotest.info\/fr\/feutres-test\/#organic\">arcotest<sup>\u00ae<\/sup>\u00a0ORGANIC<\/a>. Il s\u2019agit d\u2019une alternative non toxique, \u00e9cologique et\u00a0<strong>non soumise \u00e0 l\u2019\u00e9tiquetage\u00a0<\/strong>aux produits traditionnels. L\u2019application et la manipulation de ce produit s\u2019appuient sur les normes DIN 53364 et ISO 8296.<\/p>\n\r\n                            <\/div>\r\n                        <\/div>                                        \r\n                    <\/div>  \r\n                                              \r\n                    <\/div>                                \r\n            <\/section>\n\n\n<div style=\"height:20px\" aria-hidden=\"true\" class=\"wp-block-spacer\"><\/div>\n\n\n<section id=\"\" class=\"text-block \">                \r\n                    <div class=\"container\">                        \r\n                        <div class=\"row\">                                        \r\n                        <div class=\"col\">\r\n                            <h3 class=\"textBlock-headline upper wt-font-color-black left  left \">QUICKTEST 38\u00ae et RAPIDTEST 38\u00ae : analyse des polyol\u00e9fines en quelques secondes<\/h3>\r\n                        <\/div>                                        \r\n                    <\/div>                        \r\n                        <div class=\"row text\">\r\n                        <div class=\"col\">\r\n                            <div class=\"textBlock-text fs-16 fw-medium lh-26 text-block-html \">\r\n                                <p class=\"wp-block-wt-text-block\">Si vous avez besoin d\u2019<strong>analyser rapidement les polyol\u00e9fines,<\/strong>\u00a0nous vous proposons deux s\u00e9ries d\u2019encres de test\u00a0:\u00a0<a href=\"https:\/\/arcotest.info\/fr\/feutres-test\/#quicktest\">QUICKTEST 38<sup>\u00ae<\/sup><\/a>\u00a0et\u00a0<a href=\"https:\/\/arcotest.info\/fr\/feutres-test\/#rapidtest\">RAPIDTEST 38<sup>\u00ae<\/sup><\/a>. Les deux sont disponibles sous forme de feutres pratiques et se pr\u00eatent parfaitement \u00e0 des tests et \u00e9chantillonnages rapides. Le r\u00e9sultat du test est indiqu\u00e9 de mani\u00e8re durable, ce qui simplifie le processus d\u2019<strong>archivage permanent<\/strong>.<\/p>\n\r\n                            <\/div>\r\n                        <\/div>                                        \r\n                    <\/div>  \r\n                                              \r\n                    <\/div>                                \r\n            <\/section>\n\n\n<div style=\"height:20px\" aria-hidden=\"true\" class=\"wp-block-spacer\"><\/div>\n\n\n<section id=\"\" class=\"text-block \">                \r\n                    <div class=\"container\">                        \r\n                        <div class=\"row\">                                        \r\n                        <div class=\"col\">\r\n                            <h3 class=\"textBlock-headline upper wt-font-color-black left  left \">Identification s\u00fbre des salissures avec arcospray\u00ae 38<\/h3>\r\n                        <\/div>                                        \r\n                    <\/div>                        \r\n                        <div class=\"row text\">\r\n                        <div class=\"col\">\r\n                            <div class=\"textBlock-text fs-16 fw-medium lh-26 text-block-html \">\r\n                                <p class=\"wp-block-wt-text-block\">Les\u00a0<strong>salissures\u00a0<\/strong>peuvent \u00e9galement \u00eatre identifi\u00e9es de mani\u00e8re s\u00fbre avec les encres de test d\u2019arcotest<sup>\u00ae<\/sup>. Avec l\u2019<a href=\"https:\/\/arcotest.info\/fr\/feutres-test\/#spray\">arcospray<sup>\u00ae<\/sup>\u00a038<\/a>, il est possible d\u2019effectuer un test d\u2019<strong>absence de graisse<\/strong>, sans r\u00e9sidus sur de grandes et petites surfaces.<\/p>\n<p>Ce test se base sur le principe admettant qu\u2019une surface est exempte de graisse \u00e0 partir d\u2019une tension de surface de 38\u00a0mN\/m. Le spray fournit en l\u2019espace de deux secondes des r\u00e9sultats fiables, et s\u2019\u00e9vapore ensuite<strong>\u00a0sans laisser de r\u00e9sidus<\/strong>.<\/p>\n<p>Arcospray<sup>\u00ae<\/sup>\u00a038 est non toxique, non nocif pour la sant\u00e9 et respectueux de l\u2019environnement.<\/p>\n<p>Retrouvez plus d\u2019informations et encore plus de produits sur\u00a0<a href=\"https:\/\/arcotest.info\/fr\/\">arcotest.info<\/a>.<\/p>\n\r\n                            <\/div>\r\n                        <\/div>                                        \r\n                    <\/div>  \r\n                                              \r\n                    <\/div>                                \r\n            <\/section>\n\n\n<div style=\"height:50px\" aria-hidden=\"true\" class=\"wp-block-spacer\"><\/div>\n","protected":false},"excerpt":{"rendered":"","protected":false},"author":1,"featured_media":0,"parent":1402,"menu_order":0,"comment_status":"closed","ping_status":"closed","template":"","meta":{"footnotes":""},"class_list":["post-1509","page","type-page","status-publish","hentry"],"yoast_head":"<!-- This site is optimized with the Yoast SEO plugin v27.3 - https:\/\/yoast.com\/product\/yoast-seo-wordpress\/ -->\n<title>Encres de test Arcotec pour la d\u00e9termination de la tension superficielle<\/title>\n<meta name=\"description\" content=\"Les encres de test permettent d&#039;\u00e9valuer l&#039;adh\u00e9rence des peintures, vernis et colles sur toutes les surfaces. \u27a4 Simple et rapide.\" \/>\n<meta name=\"robots\" content=\"index, follow, max-snippet:-1, max-image-preview:large, max-video-preview:-1\" \/>\n<link rel=\"canonical\" href=\"https:\/\/arcotec.com\/fr\/systemes-de-pretraitement\/testtinten\/\" \/>\n<meta property=\"og:locale\" content=\"fr_FR\" \/>\n<meta property=\"og:type\" content=\"article\" \/>\n<meta property=\"og:title\" content=\"Encres de test Arcotec pour la d\u00e9termination de la tension superficielle\" \/>\n<meta property=\"og:description\" content=\"Les encres de test permettent d&#039;\u00e9valuer l&#039;adh\u00e9rence des peintures, vernis et colles sur toutes les surfaces. \u27a4 Simple et rapide.\" \/>\n<meta property=\"og:url\" content=\"https:\/\/arcotec.com\/fr\/systemes-de-pretraitement\/testtinten\/\" \/>\n<meta property=\"og:site_name\" content=\"arcotec\" \/>\n<meta property=\"article:modified_time\" content=\"2026-02-09T07:55:53+00:00\" \/>\n<meta property=\"og:image\" content=\"https:\/\/arcotec.com\/wp-content\/uploads\/2026\/02\/arcotest-test-inks-products-arcotec.jpg\" \/>\n\t<meta property=\"og:image:width\" content=\"422\" \/>\n\t<meta property=\"og:image:height\" content=\"320\" \/>\n\t<meta property=\"og:image:type\" content=\"image\/jpeg\" \/>\n<meta name=\"twitter:card\" content=\"summary_large_image\" \/>\n<meta name=\"twitter:label1\" content=\"Dur\u00e9e de lecture estim\u00e9e\" \/>\n\t<meta name=\"twitter:data1\" content=\"2 minutes\" \/>\n<script type=\"application\/ld+json\" class=\"yoast-schema-graph\">{\"@context\":\"https:\\\/\\\/schema.org\",\"@graph\":[{\"@type\":\"WebPage\",\"@id\":\"https:\\\/\\\/arcotec.com\\\/fr\\\/systemes-de-pretraitement\\\/testtinten\\\/\",\"url\":\"https:\\\/\\\/arcotec.com\\\/fr\\\/systemes-de-pretraitement\\\/testtinten\\\/\",\"name\":\"Encres de test Arcotec pour la d\u00e9termination de la tension superficielle\",\"isPartOf\":{\"@id\":\"https:\\\/\\\/arcotec.com\\\/fr\\\/#website\"},\"primaryImageOfPage\":{\"@id\":\"https:\\\/\\\/arcotec.com\\\/fr\\\/systemes-de-pretraitement\\\/testtinten\\\/#primaryimage\"},\"image\":{\"@id\":\"https:\\\/\\\/arcotec.com\\\/fr\\\/systemes-de-pretraitement\\\/testtinten\\\/#primaryimage\"},\"thumbnailUrl\":\"https:\\\/\\\/arcotec.com\\\/wp-content\\\/uploads\\\/2026\\\/02\\\/arcotest-test-inks-products-arcotec-300x227.jpg\",\"datePublished\":\"2024-05-06T13:36:24+00:00\",\"dateModified\":\"2026-02-09T07:55:53+00:00\",\"description\":\"Les encres de test permettent d'\u00e9valuer l'adh\u00e9rence des peintures, vernis et colles sur toutes les surfaces. \u27a4 Simple et rapide.\",\"breadcrumb\":{\"@id\":\"https:\\\/\\\/arcotec.com\\\/fr\\\/systemes-de-pretraitement\\\/testtinten\\\/#breadcrumb\"},\"inLanguage\":\"fr-FR\",\"potentialAction\":[{\"@type\":\"ReadAction\",\"target\":[\"https:\\\/\\\/arcotec.com\\\/fr\\\/systemes-de-pretraitement\\\/testtinten\\\/\"]}]},{\"@type\":\"ImageObject\",\"inLanguage\":\"fr-FR\",\"@id\":\"https:\\\/\\\/arcotec.com\\\/fr\\\/systemes-de-pretraitement\\\/testtinten\\\/#primaryimage\",\"url\":\"https:\\\/\\\/arcotec.com\\\/wp-content\\\/uploads\\\/2026\\\/02\\\/arcotest-test-inks-products-arcotec-300x227.jpg\",\"contentUrl\":\"https:\\\/\\\/arcotec.com\\\/wp-content\\\/uploads\\\/2026\\\/02\\\/arcotest-test-inks-products-arcotec-300x227.jpg\"},{\"@type\":\"BreadcrumbList\",\"@id\":\"https:\\\/\\\/arcotec.com\\\/fr\\\/systemes-de-pretraitement\\\/testtinten\\\/#breadcrumb\",\"itemListElement\":[{\"@type\":\"ListItem\",\"position\":1,\"name\":\"Home\",\"item\":\"https:\\\/\\\/arcotec.com\\\/fr\\\/\"},{\"@type\":\"ListItem\",\"position\":2,\"name\":\"Syst\u00e8mes de pr\u00e9traitement\",\"item\":\"https:\\\/\\\/test.arcotec.com\\\/fr\\\/systemes-de-pretraitement\\\/\"},{\"@type\":\"ListItem\",\"position\":3,\"name\":\"Testtinten\"}]},{\"@type\":\"WebSite\",\"@id\":\"https:\\\/\\\/arcotec.com\\\/fr\\\/#website\",\"url\":\"https:\\\/\\\/arcotec.com\\\/fr\\\/\",\"name\":\"arcotec\",\"description\":\"\",\"potentialAction\":[{\"@type\":\"SearchAction\",\"target\":{\"@type\":\"EntryPoint\",\"urlTemplate\":\"https:\\\/\\\/arcotec.com\\\/fr\\\/?s={search_term_string}\"},\"query-input\":{\"@type\":\"PropertyValueSpecification\",\"valueRequired\":true,\"valueName\":\"search_term_string\"}}],\"inLanguage\":\"fr-FR\"}]}<\/script>\n<!-- \/ Yoast SEO plugin. -->","yoast_head_json":{"title":"Encres de test Arcotec pour la d\u00e9termination de la tension superficielle","description":"Les encres de test permettent d'\u00e9valuer l'adh\u00e9rence des peintures, vernis et colles sur toutes les surfaces. \u27a4 Simple et rapide.","robots":{"index":"index","follow":"follow","max-snippet":"max-snippet:-1","max-image-preview":"max-image-preview:large","max-video-preview":"max-video-preview:-1"},"canonical":"https:\/\/arcotec.com\/fr\/systemes-de-pretraitement\/testtinten\/","og_locale":"fr_FR","og_type":"article","og_title":"Encres de test Arcotec pour la d\u00e9termination de la tension superficielle","og_description":"Les encres de test permettent d'\u00e9valuer l'adh\u00e9rence des peintures, vernis et colles sur toutes les surfaces. \u27a4 Simple et rapide.","og_url":"https:\/\/arcotec.com\/fr\/systemes-de-pretraitement\/testtinten\/","og_site_name":"arcotec","article_modified_time":"2026-02-09T07:55:53+00:00","og_image":[{"width":422,"height":320,"url":"https:\/\/arcotec.com\/wp-content\/uploads\/2026\/02\/arcotest-test-inks-products-arcotec.jpg","type":"image\/jpeg"}],"twitter_card":"summary_large_image","twitter_misc":{"Dur\u00e9e de lecture estim\u00e9e":"2 minutes"},"schema":{"@context":"https:\/\/schema.org","@graph":[{"@type":"WebPage","@id":"https:\/\/arcotec.com\/fr\/systemes-de-pretraitement\/testtinten\/","url":"https:\/\/arcotec.com\/fr\/systemes-de-pretraitement\/testtinten\/","name":"Encres de test Arcotec pour la d\u00e9termination de la tension superficielle","isPartOf":{"@id":"https:\/\/arcotec.com\/fr\/#website"},"primaryImageOfPage":{"@id":"https:\/\/arcotec.com\/fr\/systemes-de-pretraitement\/testtinten\/#primaryimage"},"image":{"@id":"https:\/\/arcotec.com\/fr\/systemes-de-pretraitement\/testtinten\/#primaryimage"},"thumbnailUrl":"https:\/\/arcotec.com\/wp-content\/uploads\/2026\/02\/arcotest-test-inks-products-arcotec-300x227.jpg","datePublished":"2024-05-06T13:36:24+00:00","dateModified":"2026-02-09T07:55:53+00:00","description":"Les encres de test permettent d'\u00e9valuer l'adh\u00e9rence des peintures, vernis et colles sur toutes les surfaces. \u27a4 Simple et rapide.","breadcrumb":{"@id":"https:\/\/arcotec.com\/fr\/systemes-de-pretraitement\/testtinten\/#breadcrumb"},"inLanguage":"fr-FR","potentialAction":[{"@type":"ReadAction","target":["https:\/\/arcotec.com\/fr\/systemes-de-pretraitement\/testtinten\/"]}]},{"@type":"ImageObject","inLanguage":"fr-FR","@id":"https:\/\/arcotec.com\/fr\/systemes-de-pretraitement\/testtinten\/#primaryimage","url":"https:\/\/arcotec.com\/wp-content\/uploads\/2026\/02\/arcotest-test-inks-products-arcotec-300x227.jpg","contentUrl":"https:\/\/arcotec.com\/wp-content\/uploads\/2026\/02\/arcotest-test-inks-products-arcotec-300x227.jpg"},{"@type":"BreadcrumbList","@id":"https:\/\/arcotec.com\/fr\/systemes-de-pretraitement\/testtinten\/#breadcrumb","itemListElement":[{"@type":"ListItem","position":1,"name":"Home","item":"https:\/\/arcotec.com\/fr\/"},{"@type":"ListItem","position":2,"name":"Syst\u00e8mes de pr\u00e9traitement","item":"https:\/\/test.arcotec.com\/fr\/systemes-de-pretraitement\/"},{"@type":"ListItem","position":3,"name":"Testtinten"}]},{"@type":"WebSite","@id":"https:\/\/arcotec.com\/fr\/#website","url":"https:\/\/arcotec.com\/fr\/","name":"arcotec","description":"","potentialAction":[{"@type":"SearchAction","target":{"@type":"EntryPoint","urlTemplate":"https:\/\/arcotec.com\/fr\/?s={search_term_string}"},"query-input":{"@type":"PropertyValueSpecification","valueRequired":true,"valueName":"search_term_string"}}],"inLanguage":"fr-FR"}]}},"_links":{"self":[{"href":"https:\/\/arcotec.com\/fr\/wp-json\/wp\/v2\/pages\/1509","targetHints":{"allow":["GET"]}}],"collection":[{"href":"https:\/\/arcotec.com\/fr\/wp-json\/wp\/v2\/pages"}],"about":[{"href":"https:\/\/arcotec.com\/fr\/wp-json\/wp\/v2\/types\/page"}],"author":[{"embeddable":true,"href":"https:\/\/arcotec.com\/fr\/wp-json\/wp\/v2\/users\/1"}],"replies":[{"embeddable":true,"href":"https:\/\/arcotec.com\/fr\/wp-json\/wp\/v2\/comments?post=1509"}],"version-history":[{"count":14,"href":"https:\/\/arcotec.com\/fr\/wp-json\/wp\/v2\/pages\/1509\/revisions"}],"predecessor-version":[{"id":46876,"href":"https:\/\/arcotec.com\/fr\/wp-json\/wp\/v2\/pages\/1509\/revisions\/46876"}],"up":[{"embeddable":true,"href":"https:\/\/arcotec.com\/fr\/wp-json\/wp\/v2\/pages\/1402"}],"wp:attachment":[{"href":"https:\/\/arcotec.com\/fr\/wp-json\/wp\/v2\/media?parent=1509"}],"curies":[{"name":"wp","href":"https:\/\/api.w.org\/{rel}","templated":true}]}}