{"id":1500,"date":"2024-05-06T15:35:21","date_gmt":"2024-05-06T13:35:21","guid":{"rendered":"https:\/\/test.arcotec.com\/?page_id=1500"},"modified":"2025-12-02T16:28:36","modified_gmt":"2025-12-02T15:28:36","slug":"installations-speciales","status":"publish","type":"page","link":"https:\/\/arcotec.com\/fr\/systemes-de-pretraitement\/installations-speciales\/","title":{"rendered":"Installations speciales"},"content":{"rendered":"\n<div style=\"height:25px\" aria-hidden=\"true\" class=\"wp-block-spacer\"><\/div>\n\n\n<div id=\"default-class\" class=\"headline-block default-class\">\r\n                        <div class=\"container\">     \r\n                            <div class=\"row\">\r\n                                <div class=\"col\">\r\n                                    <h1  style=\"color: var(--arcot-blue)\" class=\"wt-headline big  \">Installations sp\u00e9ciales<\/h1>\r\n                                <\/div>                                        \r\n                            <\/div>                         \r\n                                                        \r\n                        <\/div>                                \r\n                <\/div>\r\n            \n\n\n<div style=\"height:20px\" aria-hidden=\"true\" class=\"wp-block-spacer\"><\/div>\n\n\n<section id=\"\" class=\"text-block \">                \r\n                    <div class=\"container\">                        \r\n                                                \r\n                        <div class=\"row text\">\r\n                        <div class=\"col\">\r\n                            <div class=\"textBlock-text fs-16 fw-medium lh-26 text-block-html \">\r\n                                <p class=\"wp-block-wt-text-block\">Avec&nbsp;<strong>des solutions innovantes<\/strong>&nbsp;dans la construction d\u2019installations sp\u00e9ciales, nous cr\u00e9ons la base d\u2019une activation de surface automatis\u00e9e. Nos clients b\u00e9n\u00e9ficient des comp\u00e9tences de notre&nbsp;<strong>\u00e9quipe de d\u00e9veloppement exp\u00e9riment\u00e9e<\/strong>, constitu\u00e9e d\u2019ing\u00e9nieurs et de techniciens. Nous vous \u00e9paulons \u00e9galement volontiers dans votre projet et nous saurons vous convaincre avec une solution d\u2019application personnalis\u00e9e.<\/p>\n\r\n                            <\/div>\r\n                        <\/div>                                        \r\n                    <\/div>  \r\n                                              \r\n                    <\/div>                                \r\n            <\/section>\n\n\n<div style=\"height:30px\" aria-hidden=\"true\" class=\"wp-block-spacer\"><\/div>\n\n\n<div id=\"default-class\" class=\"headline-block default-class\">\r\n                        <div class=\"container\">     \r\n                            <div class=\"row\">\r\n                                <div class=\"col\">\r\n                                    <h2  style=\"color: var(--arcot-black)\" class=\"wt-headline medium  text-center\">Solutions robotis\u00e9es<\/h2>\r\n                                <\/div>                                        \r\n                            <\/div>                         \r\n                                                        \r\n                        <\/div>                                \r\n                <\/div>\r\n            \n\n\n<div style=\"height:20px\" aria-hidden=\"true\" class=\"wp-block-spacer\"><\/div>\n\n\n\n<div class=\"wp-block-group container arcot-list\"><div class=\"wp-block-group__inner-container is-layout-constrained wp-block-group-is-layout-constrained\">\n<div class=\"wp-block-columns is-layout-flex wp-container-core-columns-is-layout-9d6595d7 wp-block-columns-is-layout-flex\">\n<div class=\"wp-block-column is-layout-flow wp-block-column-is-layout-flow\"><div class=\"wp-block-image\">\n<figure class=\"aligncenter size-full\"><img loading=\"lazy\" decoding=\"async\" width=\"550\" height=\"400\" src=\"https:\/\/arcotec.com\/wp-content\/uploads\/2024\/07\/roboter-mb3-sr-arcotec.jpg\" alt=\"Roboter MB3 - Arcotec\" class=\"wp-image-2580\" srcset=\"https:\/\/arcotec.com\/wp-content\/uploads\/2024\/07\/roboter-mb3-sr-arcotec.jpg 550w, https:\/\/arcotec.com\/wp-content\/uploads\/2024\/07\/roboter-mb3-sr-arcotec-300x218.jpg 300w\" sizes=\"auto, (max-width: 550px) 100vw, 550px\" \/><\/figure>\n<\/div>\n\n\n<div style=\"height:20px\" aria-hidden=\"true\" class=\"wp-block-spacer\"><\/div>\n\n\n<div id=\"default-class\" class=\"headline-block default-class\"> \r\n                        <p style=\"color: var(--arcot-blue)\" class=\"wt-headline  text-center\">Robot avec br\u00fbleur sp\u00e9cial MB3-SR<\/p>                        \r\n                                                    \r\n                                                                           \r\n                <\/div><\/div>\n\n\n\n<div class=\"wp-block-column is-layout-flow wp-block-column-is-layout-flow\"><div class=\"wp-block-image\">\n<figure class=\"aligncenter size-full\"><img loading=\"lazy\" decoding=\"async\" width=\"550\" height=\"400\" src=\"https:\/\/arcotec.com\/wp-content\/uploads\/2024\/07\/roboter-b1-arcotec.jpg\" alt=\"Roboter B1 - Arcotec\" class=\"wp-image-2552\" srcset=\"https:\/\/arcotec.com\/wp-content\/uploads\/2024\/07\/roboter-b1-arcotec.jpg 550w, https:\/\/arcotec.com\/wp-content\/uploads\/2024\/07\/roboter-b1-arcotec-300x218.jpg 300w\" sizes=\"auto, (max-width: 550px) 100vw, 550px\" \/><\/figure>\n<\/div>\n\n\n<div style=\"height:20px\" aria-hidden=\"true\" class=\"wp-block-spacer\"><\/div>\n\n\n<div id=\"default-class\" class=\"headline-block default-class\"> \r\n                        <p style=\"color: var(--arcot-blue)\" class=\"wt-headline  text-center\">Robot avec br\u00fbleurs B1 \u00e0 r\u00e9glage pneumatique<\/p>                        \r\n                                                    \r\n                                                                           \r\n                <\/div><\/div>\n<\/div>\n<\/div><\/div>\n\n\n\n<div style=\"height:60px\" aria-hidden=\"true\" class=\"wp-block-spacer\"><\/div>\n\n\n<div id=\"default-class\" class=\"headline-block default-class\">\r\n                        <div class=\"container\">     \r\n                            <div class=\"row\">\r\n                                <div class=\"col\">\r\n                                    <h2  style=\"color: var(--arcot-black)\" class=\"wt-headline medium  text-center\">Installations de convoyage<\/h2>\r\n                                <\/div>                                        \r\n                            <\/div>                         \r\n                                                        \r\n                        <\/div>                                \r\n                <\/div>\r\n            \n\n\n<div style=\"height:20px\" aria-hidden=\"true\" class=\"wp-block-spacer\"><\/div>\n\n\n\n<div class=\"wp-block-group container\"><div class=\"wp-block-group__inner-container is-layout-constrained wp-block-group-is-layout-constrained\">\n<div class=\"wp-block-columns is-layout-flex wp-container-core-columns-is-layout-9d6595d7 wp-block-columns-is-layout-flex\">\n<div class=\"wp-block-column is-layout-flow wp-block-column-is-layout-flow\"><div class=\"wp-block-image\">\n<figure class=\"aligncenter size-full\"><img loading=\"lazy\" decoding=\"async\" width=\"550\" height=\"400\" src=\"https:\/\/arcotec.com\/wp-content\/uploads\/2024\/07\/conveyor-gts-401-arcotec.jpg\" alt=\"F\u00f6rderbandanlage GTS 401 - Arcotec\" class=\"wp-image-2572\" srcset=\"https:\/\/arcotec.com\/wp-content\/uploads\/2024\/07\/conveyor-gts-401-arcotec.jpg 550w, https:\/\/arcotec.com\/wp-content\/uploads\/2024\/07\/conveyor-gts-401-arcotec-300x218.jpg 300w\" sizes=\"auto, (max-width: 550px) 100vw, 550px\" \/><\/figure>\n<\/div>\n\n\n<div style=\"height:20px\" aria-hidden=\"true\" class=\"wp-block-spacer\"><\/div>\n\n\n<div id=\"default-class\" class=\"headline-block default-class\"> \r\n                        <p style=\"color: var(--arcot-blue)\" class=\"wt-headline  text-center\">FTS 401 avec convoyeur et cabine de flammage<\/p>                        \r\n                                                    \r\n                                                                           \r\n                <\/div><\/div>\n\n\n\n<div class=\"wp-block-column is-layout-flow wp-block-column-is-layout-flow\"><div class=\"wp-block-image\">\n<figure class=\"aligncenter size-full\"><img loading=\"lazy\" decoding=\"async\" width=\"550\" height=\"400\" src=\"https:\/\/arcotec.com\/wp-content\/uploads\/2024\/07\/conveyor-arcotec.jpg\" alt=\"Kettenf\u00f6rderer Arcotec\" class=\"wp-image-2576\" srcset=\"https:\/\/arcotec.com\/wp-content\/uploads\/2024\/07\/conveyor-arcotec.jpg 550w, https:\/\/arcotec.com\/wp-content\/uploads\/2024\/07\/conveyor-arcotec-300x218.jpg 300w\" sizes=\"auto, (max-width: 550px) 100vw, 550px\" \/><\/figure>\n<\/div>\n\n\n<div style=\"height:20px\" aria-hidden=\"true\" class=\"wp-block-spacer\"><\/div>\n\n\n<div id=\"default-class\" class=\"headline-block default-class\"> \r\n                        <p style=\"color: var(--arcot-blue)\" class=\"wt-headline  text-center\">Convoyeur \u00e0 cha\u00eene avec supports d\u2019articles s\u00e9parables<\/p>                        \r\n                                                    \r\n                                                                           \r\n                <\/div><\/div>\n<\/div>\n<\/div><\/div>\n\n\n\n<div style=\"height:60px\" aria-hidden=\"true\" class=\"wp-block-spacer\"><\/div>\n\n\n<div id=\"default-class\" class=\"headline-block default-class\">\r\n                        <div class=\"container\">     \r\n                            <div class=\"row\">\r\n                                <div class=\"col\">\r\n                                    <h2  style=\"color: var(--arcot-black)\" class=\"wt-headline medium  text-center\">Enceintes<\/h2>\r\n                                <\/div>                                        \r\n                            <\/div>                         \r\n                                                        \r\n                        <\/div>                                \r\n                <\/div>\r\n            \n\n\n<div style=\"height:20px\" aria-hidden=\"true\" class=\"wp-block-spacer\"><\/div>\n\n\n\n<div class=\"wp-block-group container arcot-list\"><div class=\"wp-block-group__inner-container is-layout-constrained wp-block-group-is-layout-constrained\">\n<div class=\"wp-block-columns is-layout-flex wp-container-core-columns-is-layout-9d6595d7 wp-block-columns-is-layout-flex\">\n<div class=\"wp-block-column is-layout-flow wp-block-column-is-layout-flow\"><div class=\"wp-block-image\">\n<figure class=\"aligncenter size-full\"><img loading=\"lazy\" decoding=\"async\" width=\"550\" height=\"400\" src=\"https:\/\/arcotec.com\/wp-content\/uploads\/2024\/07\/pre-treatment-station-arcotec.jpg\" alt=\"Vorbehandlungsstation - Arcotec\" class=\"wp-image-2556\" srcset=\"https:\/\/arcotec.com\/wp-content\/uploads\/2024\/07\/pre-treatment-station-arcotec.jpg 550w, https:\/\/arcotec.com\/wp-content\/uploads\/2024\/07\/pre-treatment-station-arcotec-300x218.jpg 300w\" sizes=\"auto, (max-width: 550px) 100vw, 550px\" \/><\/figure>\n<\/div>\n\n\n<div style=\"height:20px\" aria-hidden=\"true\" class=\"wp-block-spacer\"><\/div>\n\n\n<div id=\"default-class\" class=\"headline-block default-class\"> \r\n                        <p style=\"color: var(--arcot-blue)\" class=\"wt-headline  text-center\">Station de pr\u00e9traitement pour profil\u00e9s EPDM et tuyaux en plastique<\/p>                        \r\n                                                    \r\n                                                                           \r\n                <\/div><\/div>\n\n\n\n<div class=\"wp-block-column is-layout-flow wp-block-column-is-layout-flow\"><div class=\"wp-block-image\">\n<figure class=\"aligncenter size-full\"><img loading=\"lazy\" decoding=\"async\" width=\"550\" height=\"400\" src=\"https:\/\/arcotec.com\/wp-content\/uploads\/2024\/07\/enclosed-convexor-arcotec.jpg\" alt=\"Umhaustes F\u00f6rderband - Arcotec\" class=\"wp-image-2568\" srcset=\"https:\/\/arcotec.com\/wp-content\/uploads\/2024\/07\/enclosed-convexor-arcotec.jpg 550w, https:\/\/arcotec.com\/wp-content\/uploads\/2024\/07\/enclosed-convexor-arcotec-300x218.jpg 300w\" sizes=\"auto, (max-width: 550px) 100vw, 550px\" \/><\/figure>\n<\/div>\n\n\n<div style=\"height:20px\" aria-hidden=\"true\" class=\"wp-block-spacer\"><\/div>\n\n\n<div id=\"default-class\" class=\"headline-block default-class\"> \r\n                        <p style=\"color: var(--arcot-blue)\" class=\"wt-headline  text-center\">Convoyeur capot\u00e9 avec silicatisation<\/p>                        \r\n                                                    \r\n                                                                           \r\n                <\/div><\/div>\n<\/div>\n<\/div><\/div>\n\n\n\n<div style=\"height:50px\" aria-hidden=\"true\" class=\"wp-block-spacer\"><\/div>\n\n\n<div id=\"default-class\" class=\"headline-block default-class\">\r\n                        <div class=\"container\">     \r\n                            <div class=\"row\">\r\n                                <div class=\"col\">\r\n                                    <h2  style=\"color: var(--arcot-black)\" class=\"wt-headline medium  text-center\">Installations sp\u00e9ciales<\/h2>\r\n                                <\/div>                                        \r\n                            <\/div>                         \r\n                                                        \r\n                        <\/div>                                \r\n                <\/div>\r\n            \n\n\n<div style=\"height:20px\" aria-hidden=\"true\" class=\"wp-block-spacer\"><\/div>\n\n\n\n<div class=\"wp-block-group container arcot-list\"><div class=\"wp-block-group__inner-container is-layout-constrained wp-block-group-is-layout-constrained\">\n<div class=\"wp-block-columns is-layout-flex wp-container-core-columns-is-layout-9d6595d7 wp-block-columns-is-layout-flex\">\n<div class=\"wp-block-column is-layout-flow wp-block-column-is-layout-flow\"><div class=\"wp-block-image\">\n<figure class=\"aligncenter size-full\"><img loading=\"lazy\" decoding=\"async\" width=\"550\" height=\"400\" src=\"https:\/\/arcotec.com\/wp-content\/uploads\/2024\/07\/flame-pre-treatment-station-arcotec.jpg\" alt=\"Flammvorbehandlungsstation - Arcotec\" class=\"wp-image-2564\" srcset=\"https:\/\/arcotec.com\/wp-content\/uploads\/2024\/07\/flame-pre-treatment-station-arcotec.jpg 550w, https:\/\/arcotec.com\/wp-content\/uploads\/2024\/07\/flame-pre-treatment-station-arcotec-300x218.jpg 300w\" sizes=\"auto, (max-width: 550px) 100vw, 550px\" \/><\/figure>\n<\/div>\n\n\n<div style=\"height:20px\" aria-hidden=\"true\" class=\"wp-block-spacer\"><\/div>\n\n\n<div id=\"default-class\" class=\"headline-block default-class\"> \r\n                        <p style=\"color: var(--arcot-blue)\" class=\"wt-headline  text-center\">Station de pr\u00e9traitement par flammage avec br\u00fbleur B1W refroidi par eau<\/p>                        \r\n                                                    \r\n                                                                           \r\n                <\/div><\/div>\n\n\n\n<div class=\"wp-block-column is-layout-flow wp-block-column-is-layout-flow\"><div class=\"wp-block-image\">\n<figure class=\"aligncenter size-full\"><img loading=\"lazy\" decoding=\"async\" width=\"550\" height=\"400\" src=\"https:\/\/arcotec.com\/wp-content\/uploads\/2024\/07\/fts-station-arcotec.jpg\" alt=\"FTS Station - Arcotec\" class=\"wp-image-2560\" srcset=\"https:\/\/arcotec.com\/wp-content\/uploads\/2024\/07\/fts-station-arcotec.jpg 550w, https:\/\/arcotec.com\/wp-content\/uploads\/2024\/07\/fts-station-arcotec-300x218.jpg 300w\" sizes=\"auto, (max-width: 550px) 100vw, 550px\" \/><\/figure>\n<\/div>\n\n\n<div style=\"height:20px\" aria-hidden=\"true\" class=\"wp-block-spacer\"><\/div>\n\n\n<div id=\"default-class\" class=\"headline-block default-class\"> \r\n                        <p style=\"color: var(--arcot-blue)\" class=\"wt-headline  text-center\">FTS avec commande \u00e9lectrique modifi\u00e9e<\/p>                        \r\n                                                    \r\n                                                                           \r\n                <\/div><\/div>\n<\/div>\n<\/div><\/div>\n\n\n\n<div style=\"height:100px\" aria-hidden=\"true\" class=\"wp-block-spacer\"><\/div>\n\n\n<div class=\"contact-banner-block\">    \r\n              <div class=\"container-fluid\" style=\"background-color: #008DD4 \">\r\n                        <div class=\"container\">                \r\n                           <div class=\"contact-banner-container\" >\r\n                           <div class=\"contact-banner-left\">\r\n                                 <p class=\"headline\">Si vous d\u00e9sirez de plus informations, n\u2019h\u00e9sitez pas \u00e0 nous contacter pour une consultation gratuite.<\/p>\r\n                           <\/div>\r\n                          \r\n                           <div class=\"contact-banner-button\">\r\n                                <a class=\"wt-button\" href=\/fr\/contact\/>\r\n                                    <div class=\"wt-btn-outline\">\r\n                                        <span>Contact<\/span>\r\n                                        <div class=\"wt-long-arrow-right\"><\/div>\r\n                                    <\/div>\r\n                                <\/a>\r\n                           <\/div>\r\n                                \r\n                           <\/div>\r\n                           <\/div>\r\n                        <\/div>\r\n                <\/div>","protected":false},"excerpt":{"rendered":"","protected":false},"author":1,"featured_media":0,"parent":1402,"menu_order":0,"comment_status":"closed","ping_status":"closed","template":"","meta":{"footnotes":""},"class_list":["post-1500","page","type-page","status-publish","hentry"],"yoast_head":"<!-- This site is optimized with the Yoast SEO plugin v27.3 - https:\/\/yoast.com\/product\/yoast-seo-wordpress\/ -->\n<title>Installations sp\u00e9ciales d\u2019Arcotec pour le pr\u00e9traitement<\/title>\n<meta name=\"description\" content=\"Pour les exigences sp\u00e9ciales en mati\u00e8re de pr\u00e9traitement, nous proposons des solutions individuelles : robots, enceintes et bien plus encore.\" \/>\n<meta name=\"robots\" content=\"index, follow, max-snippet:-1, max-image-preview:large, max-video-preview:-1\" \/>\n<link rel=\"canonical\" href=\"https:\/\/arcotec.com\/fr\/systemes-de-pretraitement\/installations-speciales\/\" \/>\n<meta property=\"og:locale\" content=\"fr_FR\" \/>\n<meta property=\"og:type\" content=\"article\" \/>\n<meta property=\"og:title\" content=\"Installations sp\u00e9ciales d\u2019Arcotec pour le pr\u00e9traitement\" \/>\n<meta property=\"og:description\" content=\"Pour les exigences sp\u00e9ciales en mati\u00e8re de pr\u00e9traitement, nous proposons des solutions individuelles : robots, enceintes et bien plus encore.\" \/>\n<meta property=\"og:url\" content=\"https:\/\/arcotec.com\/fr\/systemes-de-pretraitement\/installations-speciales\/\" \/>\n<meta property=\"og:site_name\" content=\"arcotec\" \/>\n<meta property=\"article:modified_time\" content=\"2025-12-02T15:28:36+00:00\" \/>\n<meta property=\"og:image\" content=\"https:\/\/arcotec.com\/wp-content\/uploads\/2024\/07\/roboter-mb3-sr-arcotec.jpg\" \/>\n\t<meta property=\"og:image:width\" content=\"550\" \/>\n\t<meta property=\"og:image:height\" content=\"400\" \/>\n\t<meta property=\"og:image:type\" content=\"image\/jpeg\" \/>\n<meta name=\"twitter:card\" content=\"summary_large_image\" \/>\n<meta name=\"twitter:label1\" content=\"Dur\u00e9e de lecture estim\u00e9e\" \/>\n\t<meta name=\"twitter:data1\" content=\"2 minutes\" \/>\n<script type=\"application\/ld+json\" class=\"yoast-schema-graph\">{\"@context\":\"https:\\\/\\\/schema.org\",\"@graph\":[{\"@type\":\"WebPage\",\"@id\":\"https:\\\/\\\/arcotec.com\\\/fr\\\/systemes-de-pretraitement\\\/installations-speciales\\\/\",\"url\":\"https:\\\/\\\/arcotec.com\\\/fr\\\/systemes-de-pretraitement\\\/installations-speciales\\\/\",\"name\":\"Installations sp\u00e9ciales d\u2019Arcotec pour le pr\u00e9traitement\",\"isPartOf\":{\"@id\":\"https:\\\/\\\/arcotec.com\\\/fr\\\/#website\"},\"primaryImageOfPage\":{\"@id\":\"https:\\\/\\\/arcotec.com\\\/fr\\\/systemes-de-pretraitement\\\/installations-speciales\\\/#primaryimage\"},\"image\":{\"@id\":\"https:\\\/\\\/arcotec.com\\\/fr\\\/systemes-de-pretraitement\\\/installations-speciales\\\/#primaryimage\"},\"thumbnailUrl\":\"https:\\\/\\\/arcotec.com\\\/wp-content\\\/uploads\\\/2024\\\/07\\\/roboter-mb3-sr-arcotec.jpg\",\"datePublished\":\"2024-05-06T13:35:21+00:00\",\"dateModified\":\"2025-12-02T15:28:36+00:00\",\"description\":\"Pour les exigences sp\u00e9ciales en mati\u00e8re de pr\u00e9traitement, nous proposons des solutions individuelles : robots, enceintes et bien plus encore.\",\"breadcrumb\":{\"@id\":\"https:\\\/\\\/arcotec.com\\\/fr\\\/systemes-de-pretraitement\\\/installations-speciales\\\/#breadcrumb\"},\"inLanguage\":\"fr-FR\",\"potentialAction\":[{\"@type\":\"ReadAction\",\"target\":[\"https:\\\/\\\/arcotec.com\\\/fr\\\/systemes-de-pretraitement\\\/installations-speciales\\\/\"]}]},{\"@type\":\"ImageObject\",\"inLanguage\":\"fr-FR\",\"@id\":\"https:\\\/\\\/arcotec.com\\\/fr\\\/systemes-de-pretraitement\\\/installations-speciales\\\/#primaryimage\",\"url\":\"https:\\\/\\\/arcotec.com\\\/wp-content\\\/uploads\\\/2024\\\/07\\\/roboter-mb3-sr-arcotec.jpg\",\"contentUrl\":\"https:\\\/\\\/arcotec.com\\\/wp-content\\\/uploads\\\/2024\\\/07\\\/roboter-mb3-sr-arcotec.jpg\"},{\"@type\":\"BreadcrumbList\",\"@id\":\"https:\\\/\\\/arcotec.com\\\/fr\\\/systemes-de-pretraitement\\\/installations-speciales\\\/#breadcrumb\",\"itemListElement\":[{\"@type\":\"ListItem\",\"position\":1,\"name\":\"Home\",\"item\":\"https:\\\/\\\/arcotec.com\\\/fr\\\/\"},{\"@type\":\"ListItem\",\"position\":2,\"name\":\"Syst\u00e8mes de pr\u00e9traitement\",\"item\":\"https:\\\/\\\/test.arcotec.com\\\/fr\\\/systemes-de-pretraitement\\\/\"},{\"@type\":\"ListItem\",\"position\":3,\"name\":\"Installations speciales\"}]},{\"@type\":\"WebSite\",\"@id\":\"https:\\\/\\\/arcotec.com\\\/fr\\\/#website\",\"url\":\"https:\\\/\\\/arcotec.com\\\/fr\\\/\",\"name\":\"arcotec\",\"description\":\"\",\"potentialAction\":[{\"@type\":\"SearchAction\",\"target\":{\"@type\":\"EntryPoint\",\"urlTemplate\":\"https:\\\/\\\/arcotec.com\\\/fr\\\/?s={search_term_string}\"},\"query-input\":{\"@type\":\"PropertyValueSpecification\",\"valueRequired\":true,\"valueName\":\"search_term_string\"}}],\"inLanguage\":\"fr-FR\"}]}<\/script>\n<!-- \/ Yoast SEO plugin. -->","yoast_head_json":{"title":"Installations sp\u00e9ciales d\u2019Arcotec pour le pr\u00e9traitement","description":"Pour les exigences sp\u00e9ciales en mati\u00e8re de pr\u00e9traitement, nous proposons des solutions individuelles : robots, enceintes et bien plus encore.","robots":{"index":"index","follow":"follow","max-snippet":"max-snippet:-1","max-image-preview":"max-image-preview:large","max-video-preview":"max-video-preview:-1"},"canonical":"https:\/\/arcotec.com\/fr\/systemes-de-pretraitement\/installations-speciales\/","og_locale":"fr_FR","og_type":"article","og_title":"Installations sp\u00e9ciales d\u2019Arcotec pour le pr\u00e9traitement","og_description":"Pour les exigences sp\u00e9ciales en mati\u00e8re de pr\u00e9traitement, nous proposons des solutions individuelles : robots, enceintes et bien plus encore.","og_url":"https:\/\/arcotec.com\/fr\/systemes-de-pretraitement\/installations-speciales\/","og_site_name":"arcotec","article_modified_time":"2025-12-02T15:28:36+00:00","og_image":[{"width":550,"height":400,"url":"https:\/\/arcotec.com\/wp-content\/uploads\/2024\/07\/roboter-mb3-sr-arcotec.jpg","type":"image\/jpeg"}],"twitter_card":"summary_large_image","twitter_misc":{"Dur\u00e9e de lecture estim\u00e9e":"2 minutes"},"schema":{"@context":"https:\/\/schema.org","@graph":[{"@type":"WebPage","@id":"https:\/\/arcotec.com\/fr\/systemes-de-pretraitement\/installations-speciales\/","url":"https:\/\/arcotec.com\/fr\/systemes-de-pretraitement\/installations-speciales\/","name":"Installations sp\u00e9ciales d\u2019Arcotec pour le pr\u00e9traitement","isPartOf":{"@id":"https:\/\/arcotec.com\/fr\/#website"},"primaryImageOfPage":{"@id":"https:\/\/arcotec.com\/fr\/systemes-de-pretraitement\/installations-speciales\/#primaryimage"},"image":{"@id":"https:\/\/arcotec.com\/fr\/systemes-de-pretraitement\/installations-speciales\/#primaryimage"},"thumbnailUrl":"https:\/\/arcotec.com\/wp-content\/uploads\/2024\/07\/roboter-mb3-sr-arcotec.jpg","datePublished":"2024-05-06T13:35:21+00:00","dateModified":"2025-12-02T15:28:36+00:00","description":"Pour les exigences sp\u00e9ciales en mati\u00e8re de pr\u00e9traitement, nous proposons des solutions individuelles : robots, enceintes et bien plus encore.","breadcrumb":{"@id":"https:\/\/arcotec.com\/fr\/systemes-de-pretraitement\/installations-speciales\/#breadcrumb"},"inLanguage":"fr-FR","potentialAction":[{"@type":"ReadAction","target":["https:\/\/arcotec.com\/fr\/systemes-de-pretraitement\/installations-speciales\/"]}]},{"@type":"ImageObject","inLanguage":"fr-FR","@id":"https:\/\/arcotec.com\/fr\/systemes-de-pretraitement\/installations-speciales\/#primaryimage","url":"https:\/\/arcotec.com\/wp-content\/uploads\/2024\/07\/roboter-mb3-sr-arcotec.jpg","contentUrl":"https:\/\/arcotec.com\/wp-content\/uploads\/2024\/07\/roboter-mb3-sr-arcotec.jpg"},{"@type":"BreadcrumbList","@id":"https:\/\/arcotec.com\/fr\/systemes-de-pretraitement\/installations-speciales\/#breadcrumb","itemListElement":[{"@type":"ListItem","position":1,"name":"Home","item":"https:\/\/arcotec.com\/fr\/"},{"@type":"ListItem","position":2,"name":"Syst\u00e8mes de pr\u00e9traitement","item":"https:\/\/test.arcotec.com\/fr\/systemes-de-pretraitement\/"},{"@type":"ListItem","position":3,"name":"Installations speciales"}]},{"@type":"WebSite","@id":"https:\/\/arcotec.com\/fr\/#website","url":"https:\/\/arcotec.com\/fr\/","name":"arcotec","description":"","potentialAction":[{"@type":"SearchAction","target":{"@type":"EntryPoint","urlTemplate":"https:\/\/arcotec.com\/fr\/?s={search_term_string}"},"query-input":{"@type":"PropertyValueSpecification","valueRequired":true,"valueName":"search_term_string"}}],"inLanguage":"fr-FR"}]}},"_links":{"self":[{"href":"https:\/\/arcotec.com\/fr\/wp-json\/wp\/v2\/pages\/1500","targetHints":{"allow":["GET"]}}],"collection":[{"href":"https:\/\/arcotec.com\/fr\/wp-json\/wp\/v2\/pages"}],"about":[{"href":"https:\/\/arcotec.com\/fr\/wp-json\/wp\/v2\/types\/page"}],"author":[{"embeddable":true,"href":"https:\/\/arcotec.com\/fr\/wp-json\/wp\/v2\/users\/1"}],"replies":[{"embeddable":true,"href":"https:\/\/arcotec.com\/fr\/wp-json\/wp\/v2\/comments?post=1500"}],"version-history":[{"count":6,"href":"https:\/\/arcotec.com\/fr\/wp-json\/wp\/v2\/pages\/1500\/revisions"}],"predecessor-version":[{"id":46359,"href":"https:\/\/arcotec.com\/fr\/wp-json\/wp\/v2\/pages\/1500\/revisions\/46359"}],"up":[{"embeddable":true,"href":"https:\/\/arcotec.com\/fr\/wp-json\/wp\/v2\/pages\/1402"}],"wp:attachment":[{"href":"https:\/\/arcotec.com\/fr\/wp-json\/wp\/v2\/media?parent=1500"}],"curies":[{"name":"wp","href":"https:\/\/api.w.org\/{rel}","templated":true}]}}