{"id":1491,"date":"2024-05-06T15:26:38","date_gmt":"2024-05-06T13:26:38","guid":{"rendered":"https:\/\/test.arcotec.com\/?page_id=1491"},"modified":"2025-12-02T14:22:58","modified_gmt":"2025-12-02T13:22:58","slug":"laboratoire","status":"publish","type":"page","link":"https:\/\/arcotec.com\/fr\/laboratoire\/","title":{"rendered":"Laboratoire"},"content":{"rendered":"\n<div style=\"height:25px\" aria-hidden=\"true\" class=\"wp-block-spacer\"><\/div>\n\n\n<div id=\"default-class\" class=\"headline-block default-class\">\r\n                        <div class=\"container\">     \r\n                            <div class=\"row\">\r\n                                <div class=\"col\">\r\n                                    <h1  style=\"color: var(--arcot-blue)\" class=\"wt-headline big  \">Le laboratoire Arcotec<\/h1>\r\n                                <\/div>                                        \r\n                            <\/div>                         \r\n                                                        \r\n                        <\/div>                                \r\n                <\/div>\r\n            \n\n\n<div style=\"height:25px\" aria-hidden=\"true\" class=\"wp-block-spacer\"><\/div>\n\n\n<section id=\"\" class=\"text-block \">                \r\n                    <div class=\"container\">                        \r\n                                                \r\n                        <div class=\"row text\">\r\n                        <div class=\"col\">\r\n                            <div class=\"textBlock-text fs-16 fw-medium lh-26 text-block-html \">\r\n                                <p class=\"wp-block-wt-text-block\">Le&nbsp;<strong>pr\u00e9traitement<\/strong>&nbsp;est un processus complexe devant r\u00e9pondre \u00e0 des exigences \u00e9lev\u00e9es. Il s\u2019agit par exemple d\u2019activer efficacement des substrats sensibles sans les endommager, ou de savoir \u00e0 quel moment l\u2019activation d\u2019un substrat est suffisante. Arcotec GmbH se tient \u00e0 vos c\u00f4t\u00e9s pour vous aider \u00e0 relever tous les d\u00e9fis.<\/p>\n\r\n                            <\/div>\r\n                        <\/div>                                        \r\n                    <\/div>  \r\n                                              \r\n                    <\/div>                                \r\n            <\/section>\n\n\n<div style=\"height:30px\" aria-hidden=\"true\" class=\"wp-block-spacer\"><\/div>\n\n\n<div id=\"b-bold\" class=\"headline-block b-bold\">\r\n                        <div class=\"container\">     \r\n                            <div class=\"row\">\r\n                                <div class=\"col\">\r\n                                    <h2  style=\"color: var(--arcot-black)\" class=\"wt-headline medium  \">Trouvons ensemble votre solution d\u2019application unique<\/h2>\r\n                                <\/div>                                        \r\n                            <\/div>                         \r\n                                                        \r\n                        <\/div>                                \r\n                <\/div>\r\n            \n\n\n<div style=\"height:30px\" aria-hidden=\"true\" class=\"wp-block-spacer\"><\/div>\n\n\n\n<div class=\"wp-block-group container arcot-list\"><div class=\"wp-block-group__inner-container is-layout-constrained wp-block-group-is-layout-constrained\">\n<div class=\"wp-block-columns is-layout-flex wp-container-core-columns-is-layout-9d6595d7 wp-block-columns-is-layout-flex\">\n<div class=\"wp-block-column is-layout-flow wp-block-column-is-layout-flow\" style=\"flex-basis:66.66%\"><section id=\"\" class=\"text-block \">                \r\n                    <div class=\"container\">                        \r\n                                                \r\n                        <div class=\"row text\">\r\n                        <div class=\"col\">\r\n                            <div class=\"textBlock-text fs-16 fw-medium lh-26 text-block-html \">\r\n                                <p class=\"wp-block-wt-text-block\">Notre \u00e9quipe compos\u00e9e de physiciens, d\u2019ing\u00e9nieurs et de techniciens r\u00e9alise et teste pour vous l\u2019<strong>application la plus efficace et la plus pratique.<\/strong>&nbsp;Nous disposons \u00e0 cette fin d\u2019un laboratoire \u00e9quip\u00e9 selon les normes les plus r\u00e9centes, o\u00f9 nous sommes en mesure de simuler de mani\u00e8re tr\u00e8s r\u00e9aliste toutes les conditions de production.<\/p>\n<p>Nous d\u00e9veloppons pour chacun de nos clients une&nbsp;<strong>solution d\u2019application optimale<\/strong>. Pour ce faire, notre laboratoire, notre atelier et notre d\u00e9partement conception travaillent en \u00e9troite collaboration pour le d\u00e9veloppement et la construction de prototypes.<\/p>\n\r\n                            <\/div>\r\n                        <\/div>                                        \r\n                    <\/div>  \r\n                                              \r\n                    <\/div>                                \r\n            <\/section><\/div>\n\n\n\n<div class=\"wp-block-column is-layout-flow wp-block-column-is-layout-flow\" style=\"flex-basis:33.33%\"><div class=\"wp-block-image\">\n<figure class=\"alignright size-full\"><img loading=\"lazy\" decoding=\"async\" width=\"800\" height=\"453\" src=\"https:\/\/arcotec.com\/wp-content\/uploads\/2024\/07\/arcotec-labor.jpg\" alt=\"Arcotec Labor\" class=\"wp-image-1730\" srcset=\"https:\/\/arcotec.com\/wp-content\/uploads\/2024\/07\/arcotec-labor.jpg 800w, https:\/\/arcotec.com\/wp-content\/uploads\/2024\/07\/arcotec-labor-300x170.jpg 300w, https:\/\/arcotec.com\/wp-content\/uploads\/2024\/07\/arcotec-labor-768x435.jpg 768w, https:\/\/arcotec.com\/wp-content\/uploads\/2024\/07\/arcotec-labor-600x340.jpg 600w\" sizes=\"auto, (max-width: 800px) 100vw, 800px\" \/><\/figure>\n<\/div><\/div>\n<\/div>\n<\/div><\/div>\n\n\n\n<div style=\"height:30px\" aria-hidden=\"true\" class=\"wp-block-spacer\"><\/div>\n\n\n<section id=\"\" class=\"text-block \">                \r\n                    <div class=\"container\">                        \r\n                        <div class=\"row\">                                        \r\n                        <div class=\"col\">\r\n                            <h3 class=\"textBlock-headline upper wt-font-color-black left  left \">\u00c9quipement de notre laboratoire<\/h3>\r\n                        <\/div>                                        \r\n                    <\/div>                        \r\n                        <div class=\"row text\">\r\n                        <div class=\"col\">\r\n                            <div class=\"textBlock-text fs-16 fw-medium lh-26 text-block-html \">\r\n                                <p class=\"wp-block-wt-text-block\">Notre laboratoire dispose d\u2019<strong>installations de pr\u00e9traitement Arcotec<\/strong>&nbsp;ultramodernes pour les quatre proc\u00e9d\u00e9s physiques d\u2019activation de surface, ainsi que de diverses&nbsp;<strong>installations sp\u00e9cifiques<\/strong>. Afin de r\u00e9aliser tous les essais pertinents, notre laboratoire poss\u00e8de, entre autres, les appareils suppl\u00e9mentaires suivants&nbsp;:<\/p>\n\r\n                            <\/div>\r\n                        <\/div>                                        \r\n                    <\/div>  \r\n                                              \r\n                    <\/div>                                \r\n            <\/section>\n\n\n<div class=\"wp-block-group container\"><div class=\"wp-block-group__inner-container is-layout-constrained wp-block-group-is-layout-constrained\">\n<ul class=\"wp-block-list\">\n<li>Bobineuse<\/li>\n\n\n\n<li>Unit\u00e9 lin\u00e9aire<\/li>\n\n\n\n<li>Convoyeurs<\/li>\n\n\n\n<li>Dispositifs de rotation<\/li>\n\n\n\n<li>Robot<\/li>\n\n\n\n<li>Station pour feuilles<\/li>\n\n\n\n<li>Plateau tournant<\/li>\n<\/ul>\n<\/div><\/div>\n\n\n\n<div style=\"height:50px\" aria-hidden=\"true\" class=\"wp-block-spacer\"><\/div>\n\n\n<div class=\"contact-banner-block\">    \r\n              <div class=\"container-fluid\" style=\"background-color: #008DD4 \">\r\n                        <div class=\"container\">                \r\n                           <div class=\"contact-banner-container\" >\r\n                           <div class=\"contact-banner-left\">\r\n                                 <p class=\"headline\">Si vous d\u00e9sirez de plus informations, n\u2019h\u00e9sitez pas \u00e0 nous contacter pour une consultation gratuite.<\/p>\r\n                           <\/div>\r\n                          \r\n                           <div class=\"contact-banner-button\">\r\n                                <a class=\"wt-button\" href=\/fr\/contact\/>\r\n                                    <div class=\"wt-btn-outline\">\r\n                                        <span>Contact<\/span>\r\n                                        <div class=\"wt-long-arrow-right\"><\/div>\r\n                                    <\/div>\r\n                                <\/a>\r\n                           <\/div>\r\n                                \r\n                           <\/div>\r\n                           <\/div>\r\n                        <\/div>\r\n                <\/div>","protected":false},"excerpt":{"rendered":"","protected":false},"author":1,"featured_media":0,"parent":0,"menu_order":0,"comment_status":"closed","ping_status":"closed","template":"","meta":{"footnotes":""},"class_list":["post-1491","page","type-page","status-publish","hentry"],"yoast_head":"<!-- This site is optimized with the Yoast SEO plugin v27.3 - https:\/\/yoast.com\/product\/yoast-seo-wordpress\/ -->\n<title>Notre service apr\u00e8s-vente pour installations de pr\u00e9traitement<\/title>\n<meta name=\"description\" content=\"Le service apr\u00e8s-vente d\u2019Arcotec est pr\u00e9sent pour vous dans le monde entier. Nous nous tenons \u00e0 votre disposition avec nos techniciens et plus encore.\" \/>\n<meta name=\"robots\" content=\"index, follow, max-snippet:-1, max-image-preview:large, max-video-preview:-1\" \/>\n<link rel=\"canonical\" href=\"https:\/\/arcotec.com\/fr\/laboratoire\/\" \/>\n<meta property=\"og:locale\" content=\"fr_FR\" \/>\n<meta property=\"og:type\" content=\"article\" \/>\n<meta property=\"og:title\" content=\"Notre service apr\u00e8s-vente pour installations de pr\u00e9traitement\" \/>\n<meta property=\"og:description\" content=\"Le service apr\u00e8s-vente d\u2019Arcotec est pr\u00e9sent pour vous dans le monde entier. Nous nous tenons \u00e0 votre disposition avec nos techniciens et plus encore.\" \/>\n<meta property=\"og:url\" content=\"https:\/\/arcotec.com\/fr\/laboratoire\/\" \/>\n<meta property=\"og:site_name\" content=\"arcotec\" \/>\n<meta property=\"article:modified_time\" content=\"2025-12-02T13:22:58+00:00\" \/>\n<meta property=\"og:image\" content=\"https:\/\/arcotec.com\/wp-content\/uploads\/2024\/07\/arcotec-labor.jpg\" \/>\n\t<meta property=\"og:image:width\" content=\"800\" \/>\n\t<meta property=\"og:image:height\" content=\"453\" \/>\n\t<meta property=\"og:image:type\" content=\"image\/jpeg\" \/>\n<meta name=\"twitter:card\" content=\"summary_large_image\" \/>\n<meta name=\"twitter:label1\" content=\"Dur\u00e9e de lecture estim\u00e9e\" \/>\n\t<meta name=\"twitter:data1\" content=\"2 minutes\" \/>\n<script type=\"application\/ld+json\" class=\"yoast-schema-graph\">{\"@context\":\"https:\\\/\\\/schema.org\",\"@graph\":[{\"@type\":\"WebPage\",\"@id\":\"https:\\\/\\\/arcotec.com\\\/fr\\\/laboratoire\\\/\",\"url\":\"https:\\\/\\\/arcotec.com\\\/fr\\\/laboratoire\\\/\",\"name\":\"Notre service apr\u00e8s-vente pour installations de pr\u00e9traitement\",\"isPartOf\":{\"@id\":\"https:\\\/\\\/arcotec.com\\\/fr\\\/#website\"},\"primaryImageOfPage\":{\"@id\":\"https:\\\/\\\/arcotec.com\\\/fr\\\/laboratoire\\\/#primaryimage\"},\"image\":{\"@id\":\"https:\\\/\\\/arcotec.com\\\/fr\\\/laboratoire\\\/#primaryimage\"},\"thumbnailUrl\":\"https:\\\/\\\/arcotec.com\\\/wp-content\\\/uploads\\\/2024\\\/07\\\/arcotec-labor.jpg\",\"datePublished\":\"2024-05-06T13:26:38+00:00\",\"dateModified\":\"2025-12-02T13:22:58+00:00\",\"description\":\"Le service apr\u00e8s-vente d\u2019Arcotec est pr\u00e9sent pour vous dans le monde entier. Nous nous tenons \u00e0 votre disposition avec nos techniciens et plus encore.\",\"breadcrumb\":{\"@id\":\"https:\\\/\\\/arcotec.com\\\/fr\\\/laboratoire\\\/#breadcrumb\"},\"inLanguage\":\"fr-FR\",\"potentialAction\":[{\"@type\":\"ReadAction\",\"target\":[\"https:\\\/\\\/arcotec.com\\\/fr\\\/laboratoire\\\/\"]}]},{\"@type\":\"ImageObject\",\"inLanguage\":\"fr-FR\",\"@id\":\"https:\\\/\\\/arcotec.com\\\/fr\\\/laboratoire\\\/#primaryimage\",\"url\":\"https:\\\/\\\/arcotec.com\\\/wp-content\\\/uploads\\\/2024\\\/07\\\/arcotec-labor.jpg\",\"contentUrl\":\"https:\\\/\\\/arcotec.com\\\/wp-content\\\/uploads\\\/2024\\\/07\\\/arcotec-labor.jpg\"},{\"@type\":\"BreadcrumbList\",\"@id\":\"https:\\\/\\\/arcotec.com\\\/fr\\\/laboratoire\\\/#breadcrumb\",\"itemListElement\":[{\"@type\":\"ListItem\",\"position\":1,\"name\":\"Home\",\"item\":\"https:\\\/\\\/arcotec.com\\\/fr\\\/\"},{\"@type\":\"ListItem\",\"position\":2,\"name\":\"Laboratoire\"}]},{\"@type\":\"WebSite\",\"@id\":\"https:\\\/\\\/arcotec.com\\\/fr\\\/#website\",\"url\":\"https:\\\/\\\/arcotec.com\\\/fr\\\/\",\"name\":\"arcotec\",\"description\":\"\",\"potentialAction\":[{\"@type\":\"SearchAction\",\"target\":{\"@type\":\"EntryPoint\",\"urlTemplate\":\"https:\\\/\\\/arcotec.com\\\/fr\\\/?s={search_term_string}\"},\"query-input\":{\"@type\":\"PropertyValueSpecification\",\"valueRequired\":true,\"valueName\":\"search_term_string\"}}],\"inLanguage\":\"fr-FR\"}]}<\/script>\n<!-- \/ Yoast SEO plugin. -->","yoast_head_json":{"title":"Notre service apr\u00e8s-vente pour installations de pr\u00e9traitement","description":"Le service apr\u00e8s-vente d\u2019Arcotec est pr\u00e9sent pour vous dans le monde entier. Nous nous tenons \u00e0 votre disposition avec nos techniciens et plus encore.","robots":{"index":"index","follow":"follow","max-snippet":"max-snippet:-1","max-image-preview":"max-image-preview:large","max-video-preview":"max-video-preview:-1"},"canonical":"https:\/\/arcotec.com\/fr\/laboratoire\/","og_locale":"fr_FR","og_type":"article","og_title":"Notre service apr\u00e8s-vente pour installations de pr\u00e9traitement","og_description":"Le service apr\u00e8s-vente d\u2019Arcotec est pr\u00e9sent pour vous dans le monde entier. Nous nous tenons \u00e0 votre disposition avec nos techniciens et plus encore.","og_url":"https:\/\/arcotec.com\/fr\/laboratoire\/","og_site_name":"arcotec","article_modified_time":"2025-12-02T13:22:58+00:00","og_image":[{"width":800,"height":453,"url":"https:\/\/arcotec.com\/wp-content\/uploads\/2024\/07\/arcotec-labor.jpg","type":"image\/jpeg"}],"twitter_card":"summary_large_image","twitter_misc":{"Dur\u00e9e de lecture estim\u00e9e":"2 minutes"},"schema":{"@context":"https:\/\/schema.org","@graph":[{"@type":"WebPage","@id":"https:\/\/arcotec.com\/fr\/laboratoire\/","url":"https:\/\/arcotec.com\/fr\/laboratoire\/","name":"Notre service apr\u00e8s-vente pour installations de pr\u00e9traitement","isPartOf":{"@id":"https:\/\/arcotec.com\/fr\/#website"},"primaryImageOfPage":{"@id":"https:\/\/arcotec.com\/fr\/laboratoire\/#primaryimage"},"image":{"@id":"https:\/\/arcotec.com\/fr\/laboratoire\/#primaryimage"},"thumbnailUrl":"https:\/\/arcotec.com\/wp-content\/uploads\/2024\/07\/arcotec-labor.jpg","datePublished":"2024-05-06T13:26:38+00:00","dateModified":"2025-12-02T13:22:58+00:00","description":"Le service apr\u00e8s-vente d\u2019Arcotec est pr\u00e9sent pour vous dans le monde entier. Nous nous tenons \u00e0 votre disposition avec nos techniciens et plus encore.","breadcrumb":{"@id":"https:\/\/arcotec.com\/fr\/laboratoire\/#breadcrumb"},"inLanguage":"fr-FR","potentialAction":[{"@type":"ReadAction","target":["https:\/\/arcotec.com\/fr\/laboratoire\/"]}]},{"@type":"ImageObject","inLanguage":"fr-FR","@id":"https:\/\/arcotec.com\/fr\/laboratoire\/#primaryimage","url":"https:\/\/arcotec.com\/wp-content\/uploads\/2024\/07\/arcotec-labor.jpg","contentUrl":"https:\/\/arcotec.com\/wp-content\/uploads\/2024\/07\/arcotec-labor.jpg"},{"@type":"BreadcrumbList","@id":"https:\/\/arcotec.com\/fr\/laboratoire\/#breadcrumb","itemListElement":[{"@type":"ListItem","position":1,"name":"Home","item":"https:\/\/arcotec.com\/fr\/"},{"@type":"ListItem","position":2,"name":"Laboratoire"}]},{"@type":"WebSite","@id":"https:\/\/arcotec.com\/fr\/#website","url":"https:\/\/arcotec.com\/fr\/","name":"arcotec","description":"","potentialAction":[{"@type":"SearchAction","target":{"@type":"EntryPoint","urlTemplate":"https:\/\/arcotec.com\/fr\/?s={search_term_string}"},"query-input":{"@type":"PropertyValueSpecification","valueRequired":true,"valueName":"search_term_string"}}],"inLanguage":"fr-FR"}]}},"_links":{"self":[{"href":"https:\/\/arcotec.com\/fr\/wp-json\/wp\/v2\/pages\/1491","targetHints":{"allow":["GET"]}}],"collection":[{"href":"https:\/\/arcotec.com\/fr\/wp-json\/wp\/v2\/pages"}],"about":[{"href":"https:\/\/arcotec.com\/fr\/wp-json\/wp\/v2\/types\/page"}],"author":[{"embeddable":true,"href":"https:\/\/arcotec.com\/fr\/wp-json\/wp\/v2\/users\/1"}],"replies":[{"embeddable":true,"href":"https:\/\/arcotec.com\/fr\/wp-json\/wp\/v2\/comments?post=1491"}],"version-history":[{"count":7,"href":"https:\/\/arcotec.com\/fr\/wp-json\/wp\/v2\/pages\/1491\/revisions"}],"predecessor-version":[{"id":46204,"href":"https:\/\/arcotec.com\/fr\/wp-json\/wp\/v2\/pages\/1491\/revisions\/46204"}],"wp:attachment":[{"href":"https:\/\/arcotec.com\/fr\/wp-json\/wp\/v2\/media?parent=1491"}],"curies":[{"name":"wp","href":"https:\/\/api.w.org\/{rel}","templated":true}]}}