{"id":1485,"date":"2024-05-06T15:27:00","date_gmt":"2024-05-06T13:27:00","guid":{"rendered":"https:\/\/test.arcotec.com\/?page_id=1485"},"modified":"2024-08-22T08:21:14","modified_gmt":"2024-08-22T06:21:14","slug":"references","status":"publish","type":"page","link":"https:\/\/arcotec.com\/fr\/references\/","title":{"rendered":"R\u00e9f\u00e9rences"},"content":{"rendered":"","protected":false},"excerpt":{"rendered":"","protected":false},"author":1,"featured_media":0,"parent":0,"menu_order":0,"comment_status":"closed","ping_status":"closed","template":"","meta":{"footnotes":""},"class_list":["post-1485","page","type-page","status-publish","hentry"],"yoast_head":"<!-- This site is optimized with the Yoast SEO plugin v27.3 - https:\/\/yoast.com\/product\/yoast-seo-wordpress\/ -->\n<title>T\u00e9moignages sinc\u00e8res de clients concernant Arcotec<\/title>\n<meta name=\"description\" content=\"Depuis plus de 45 ans, Arcotec est leader dans les trois proc\u00e9d\u00e9s de pr\u00e9traitement physiques. \u27a4 D\u00e9couvrez ce que nos clients disent de nous !\" \/>\n<meta name=\"robots\" content=\"index, follow, max-snippet:-1, max-image-preview:large, max-video-preview:-1\" \/>\n<link rel=\"canonical\" href=\"https:\/\/arcotec.com\/fr\/references\/\" \/>\n<meta property=\"og:locale\" content=\"fr_FR\" \/>\n<meta property=\"og:type\" content=\"article\" \/>\n<meta property=\"og:title\" content=\"T\u00e9moignages sinc\u00e8res de clients concernant Arcotec\" \/>\n<meta property=\"og:description\" content=\"Depuis plus de 45 ans, Arcotec est leader dans les trois proc\u00e9d\u00e9s de pr\u00e9traitement physiques. \u27a4 D\u00e9couvrez ce que nos clients disent de nous !\" \/>\n<meta property=\"og:url\" content=\"https:\/\/arcotec.com\/fr\/references\/\" \/>\n<meta property=\"og:site_name\" content=\"arcotec\" \/>\n<meta property=\"article:modified_time\" content=\"2024-08-22T06:21:14+00:00\" \/>\n<meta name=\"twitter:card\" content=\"summary_large_image\" \/>\n<script type=\"application\/ld+json\" class=\"yoast-schema-graph\">{\"@context\":\"https:\\\/\\\/schema.org\",\"@graph\":[{\"@type\":\"WebPage\",\"@id\":\"https:\\\/\\\/arcotec.com\\\/fr\\\/references\\\/\",\"url\":\"https:\\\/\\\/arcotec.com\\\/fr\\\/references\\\/\",\"name\":\"T\u00e9moignages sinc\u00e8res de clients concernant Arcotec\",\"isPartOf\":{\"@id\":\"https:\\\/\\\/arcotec.com\\\/fr\\\/#website\"},\"datePublished\":\"2024-05-06T13:27:00+00:00\",\"dateModified\":\"2024-08-22T06:21:14+00:00\",\"description\":\"Depuis plus de 45 ans, Arcotec est leader dans les trois proc\u00e9d\u00e9s de pr\u00e9traitement physiques. \u27a4 D\u00e9couvrez ce que nos clients disent de nous !\",\"breadcrumb\":{\"@id\":\"https:\\\/\\\/arcotec.com\\\/fr\\\/references\\\/#breadcrumb\"},\"inLanguage\":\"fr-FR\",\"potentialAction\":[{\"@type\":\"ReadAction\",\"target\":[\"https:\\\/\\\/arcotec.com\\\/fr\\\/references\\\/\"]}]},{\"@type\":\"BreadcrumbList\",\"@id\":\"https:\\\/\\\/arcotec.com\\\/fr\\\/references\\\/#breadcrumb\",\"itemListElement\":[{\"@type\":\"ListItem\",\"position\":1,\"name\":\"Home\",\"item\":\"https:\\\/\\\/arcotec.com\\\/fr\\\/\"},{\"@type\":\"ListItem\",\"position\":2,\"name\":\"R\u00e9f\u00e9rences\"}]},{\"@type\":\"WebSite\",\"@id\":\"https:\\\/\\\/arcotec.com\\\/fr\\\/#website\",\"url\":\"https:\\\/\\\/arcotec.com\\\/fr\\\/\",\"name\":\"arcotec\",\"description\":\"\",\"potentialAction\":[{\"@type\":\"SearchAction\",\"target\":{\"@type\":\"EntryPoint\",\"urlTemplate\":\"https:\\\/\\\/arcotec.com\\\/fr\\\/?s={search_term_string}\"},\"query-input\":{\"@type\":\"PropertyValueSpecification\",\"valueRequired\":true,\"valueName\":\"search_term_string\"}}],\"inLanguage\":\"fr-FR\"}]}<\/script>\n<!-- \/ Yoast SEO plugin. -->","yoast_head_json":{"title":"T\u00e9moignages sinc\u00e8res de clients concernant Arcotec","description":"Depuis plus de 45 ans, Arcotec est leader dans les trois proc\u00e9d\u00e9s de pr\u00e9traitement physiques. \u27a4 D\u00e9couvrez ce que nos clients disent de nous !","robots":{"index":"index","follow":"follow","max-snippet":"max-snippet:-1","max-image-preview":"max-image-preview:large","max-video-preview":"max-video-preview:-1"},"canonical":"https:\/\/arcotec.com\/fr\/references\/","og_locale":"fr_FR","og_type":"article","og_title":"T\u00e9moignages sinc\u00e8res de clients concernant Arcotec","og_description":"Depuis plus de 45 ans, Arcotec est leader dans les trois proc\u00e9d\u00e9s de pr\u00e9traitement physiques. \u27a4 D\u00e9couvrez ce que nos clients disent de nous !","og_url":"https:\/\/arcotec.com\/fr\/references\/","og_site_name":"arcotec","article_modified_time":"2024-08-22T06:21:14+00:00","twitter_card":"summary_large_image","schema":{"@context":"https:\/\/schema.org","@graph":[{"@type":"WebPage","@id":"https:\/\/arcotec.com\/fr\/references\/","url":"https:\/\/arcotec.com\/fr\/references\/","name":"T\u00e9moignages sinc\u00e8res de clients concernant Arcotec","isPartOf":{"@id":"https:\/\/arcotec.com\/fr\/#website"},"datePublished":"2024-05-06T13:27:00+00:00","dateModified":"2024-08-22T06:21:14+00:00","description":"Depuis plus de 45 ans, Arcotec est leader dans les trois proc\u00e9d\u00e9s de pr\u00e9traitement physiques. \u27a4 D\u00e9couvrez ce que nos clients disent de nous !","breadcrumb":{"@id":"https:\/\/arcotec.com\/fr\/references\/#breadcrumb"},"inLanguage":"fr-FR","potentialAction":[{"@type":"ReadAction","target":["https:\/\/arcotec.com\/fr\/references\/"]}]},{"@type":"BreadcrumbList","@id":"https:\/\/arcotec.com\/fr\/references\/#breadcrumb","itemListElement":[{"@type":"ListItem","position":1,"name":"Home","item":"https:\/\/arcotec.com\/fr\/"},{"@type":"ListItem","position":2,"name":"R\u00e9f\u00e9rences"}]},{"@type":"WebSite","@id":"https:\/\/arcotec.com\/fr\/#website","url":"https:\/\/arcotec.com\/fr\/","name":"arcotec","description":"","potentialAction":[{"@type":"SearchAction","target":{"@type":"EntryPoint","urlTemplate":"https:\/\/arcotec.com\/fr\/?s={search_term_string}"},"query-input":{"@type":"PropertyValueSpecification","valueRequired":true,"valueName":"search_term_string"}}],"inLanguage":"fr-FR"}]}},"_links":{"self":[{"href":"https:\/\/arcotec.com\/fr\/wp-json\/wp\/v2\/pages\/1485","targetHints":{"allow":["GET"]}}],"collection":[{"href":"https:\/\/arcotec.com\/fr\/wp-json\/wp\/v2\/pages"}],"about":[{"href":"https:\/\/arcotec.com\/fr\/wp-json\/wp\/v2\/types\/page"}],"author":[{"embeddable":true,"href":"https:\/\/arcotec.com\/fr\/wp-json\/wp\/v2\/users\/1"}],"replies":[{"embeddable":true,"href":"https:\/\/arcotec.com\/fr\/wp-json\/wp\/v2\/comments?post=1485"}],"version-history":[{"count":1,"href":"https:\/\/arcotec.com\/fr\/wp-json\/wp\/v2\/pages\/1485\/revisions"}],"predecessor-version":[{"id":1487,"href":"https:\/\/arcotec.com\/fr\/wp-json\/wp\/v2\/pages\/1485\/revisions\/1487"}],"wp:attachment":[{"href":"https:\/\/arcotec.com\/fr\/wp-json\/wp\/v2\/media?parent=1485"}],"curies":[{"name":"wp","href":"https:\/\/api.w.org\/{rel}","templated":true}]}}