{"id":1476,"date":"2024-05-06T15:34:29","date_gmt":"2024-05-06T13:34:29","guid":{"rendered":"https:\/\/test.arcotec.com\/?page_id=1476"},"modified":"2026-02-09T11:16:55","modified_gmt":"2026-02-09T10:16:55","slug":"plasma","status":"publish","type":"page","link":"https:\/\/arcotec.com\/fr\/systemes-de-pretraitement\/plasma\/","title":{"rendered":"Plasma"},"content":{"rendered":"\n<div style=\"height:25px\" aria-hidden=\"true\" class=\"wp-block-spacer\"><\/div>\n\n\n<div id=\"default-class\" class=\"headline-block default-class\">\r\n                        <div class=\"container\">     \r\n                            <div class=\"row\">\r\n                                <div class=\"col\">\r\n                                    <h1  style=\"color: var(--arcot-blue)\" class=\"wt-headline big  \">Pr\u00e9traitement plasma<\/h1>\r\n                                <\/div>                                        \r\n                            <\/div>                         \r\n                                                        \r\n                        <\/div>                                \r\n                <\/div>\r\n            \n\n\n<div style=\"height:20px\" aria-hidden=\"true\" class=\"wp-block-spacer\"><\/div>\n\n\n\n<div class=\"wp-block-group container\"><div class=\"wp-block-group__inner-container is-layout-constrained wp-block-group-is-layout-constrained\">\n<div class=\"wp-block-columns is-layout-flex wp-container-core-columns-is-layout-9d6595d7 wp-block-columns-is-layout-flex\">\n<div class=\"wp-block-column is-layout-flow wp-block-column-is-layout-flow\">\n<p>Aujourd\u2019hui, le pr\u00e9traitement plasma est une m\u00e9thode largement r\u00e9pandue pour l\u2019activation des surfaces en plastique. Il cr\u00e9e les <strong>conditions id\u00e9ales pour une bonne adh\u00e9rence <\/strong>des peintures, vernis, adh\u00e9sifs et autres rev\u00eatements sur les mati\u00e8res plastiques, les m\u00e9taux et d\u2019autres surfaces.<\/p>\n\n\n\n<p>Les installations n\u00e9cessaires \u00e0 cet effet peuvent \u00eatre int\u00e9gr\u00e9es sans probl\u00e8me dans des processus de fabrication existants et<strong> ne n\u00e9cessitent pas de contre-\u00e9lectrode mise \u00e0 la terre<\/strong>. Cela le rend particuli\u00e8rement bien adapt\u00e9 au pr\u00e9traitement de pi\u00e8ces form\u00e9es compos\u00e9es de mat\u00e9riaux diff\u00e9rents.<\/p>\n<\/div>\n\n\n\n<div class=\"wp-block-column is-layout-flow wp-block-column-is-layout-flow\">\n<figure class=\"wp-block-image size-full\"><img loading=\"lazy\" decoding=\"async\" width=\"550\" height=\"200\" src=\"https:\/\/arcotec.com\/wp-content\/uploads\/2024\/08\/plasma-discharge-arcotec.jpg\" alt=\"Plasmaentladung Grafik - Arcotec\" class=\"wp-image-3124\" srcset=\"https:\/\/arcotec.com\/wp-content\/uploads\/2024\/08\/plasma-discharge-arcotec.jpg 550w, https:\/\/arcotec.com\/wp-content\/uploads\/2024\/08\/plasma-discharge-arcotec-300x109.jpg 300w\" sizes=\"auto, (max-width: 550px) 100vw, 550px\" \/><\/figure>\n<\/div>\n<\/div>\n<\/div><\/div>\n\n\n\n<div style=\"height:75px\" aria-hidden=\"true\" class=\"wp-block-spacer\"><\/div>\n\n\n<section class=\"product-tiles-block\">\r\n                <div class=\"container-fluid\">\r\n                 \r\n                           <div class=\"product-tiles-container\">\r\n                               \r\n               <div class=\"product-tiles-item\">\r\n                  <a class=\"wt-button\" href=\/fr\/systemes-de-pretraitement\/plasma\/arcojet\/ target=_blank>\r\n                    <img decoding=\"async\" src=\"https:\/\/arcotec.com\/wp-content\/uploads\/2024\/08\/arcojet-plasma-generator-arcotec.jpg\" \/>\r\n                        <p class=\"product-headline headline-bg-no product-headline-white\">Arcojet\u00ae<\/p>\r\n                     <\/a>\r\n               <\/div>\r\n           \r\n               <div class=\"product-tiles-item\">\r\n                  <a class=\"wt-button\" href=\/fr\/systemes-de-pretraitement\/plasma\/arcospot\/ target=_blank>\r\n                    <img decoding=\"async\" src=\"https:\/\/arcotec.com\/wp-content\/uploads\/2024\/08\/arcospot-plasma-generator-arcotec.jpg\" \/>\r\n                        <p class=\"product-headline headline-bg-no product-headline-white\">Arcospot\u00ae<\/p>\r\n                     <\/a>\r\n               <\/div>\r\n           \r\n                            <\/div>\r\n               \r\n                <\/div>                                                                \r\n            <\/section>\n\n\n<div style=\"height:75px\" aria-hidden=\"true\" class=\"wp-block-spacer\"><\/div>\n\n\n\n<div class=\"wp-block-group container\"><div class=\"wp-block-group__inner-container is-layout-constrained wp-block-group-is-layout-constrained\"><div id=\"default-class\" class=\"headline-block default-class\"> \r\n                        <h2 style=\"color: var(--arcot-black)\" class=\"wt-headline  \">Qu\u2019est-ce qu\u2019un traitement plasma ?<\/h2>                        \r\n                                                    \r\n                                                                           \r\n                <\/div>\n\n\n<p>\u00c0 l\u2019\u00e9tat non trait\u00e9, les surfaces des mati\u00e8res plastiques et m\u00e9taux, mais aussi d\u2019autres mat\u00e9riaux tels que les c\u00e9ramiques, le verre ou certains papiers, sont difficilement mouillables. Cela signifie qu\u2019elles pr\u00e9sentent une <strong>faible \u00e9nergie de surface <\/strong>et que pour cette raison, elles sont difficiles voire impossibles \u00e0 mouiller avec des liquides tels que des peintures, des vernis ou des adh\u00e9sifs.<\/p>\n\n\n\n<p>Ce probl\u00e8me peut \u00eatre r\u00e9solu par l\u2019activation de surface. Lors du<strong> pr\u00e9traitement plasma<\/strong>, une d\u00e9charge \u00e9lectrique se produit entre deux \u00e9lectrodes. Le plasma ainsi produit est appliqu\u00e9 sur la surface du substrat au moyen d\u2019un jet d\u2019air. \u00c0 la surface, il brise les cha\u00eenes mol\u00e9culaires, permettant ainsi la fixation de radicaux libres. Une<strong> bonne mouillabilit\u00e9 de la surface <\/strong>est ainsi assur\u00e9e.<\/p>\n<\/div><\/div>\n\n\n\n<div style=\"height:30px\" aria-hidden=\"true\" class=\"wp-block-spacer\"><\/div>\n\n\n\n<div class=\"wp-block-group container\"><div class=\"wp-block-group__inner-container is-layout-constrained wp-block-group-is-layout-constrained\"><div id=\"default-class\" class=\"headline-block default-class\"> \r\n                        <h2 style=\"color: var(--arcot-black)\" class=\"wt-headline  \">Arcotec assure d\u2019excellents r\u00e9sultats<\/h2>                        \r\n                                                    \r\n                                                                           \r\n                <\/div>\n\n\n<div class=\"wp-block-columns is-layout-flex wp-container-core-columns-is-layout-9d6595d7 wp-block-columns-is-layout-flex\">\n<div class=\"wp-block-column is-layout-flow wp-block-column-is-layout-flow\">\n<div class=\"wp-block-columns is-layout-flex wp-container-core-columns-is-layout-9d6595d7 wp-block-columns-is-layout-flex\">\n<div class=\"wp-block-column is-layout-flow wp-block-column-is-layout-flow\"><div id=\"default-class\" class=\"headline-block default-class\"> \r\n                                                \r\n                        <h3 style=\"color: var(--arcot-black)\" class=\"wt-subheadline \">Id\u00e9al pour le pr\u00e9traitement en ligne<\/h3>                            \r\n                                                                           \r\n                <\/div>\n\n\n<p>Les installations plasma d\u2019Arcotec fonctionnent sous pression atmosph\u00e9rique. Elles ne n\u00e9cessitent donc<strong> pas de chambre \u00e0 vide s\u00e9par\u00e9e<\/strong>, ce qui les rend parfaitement adapt\u00e9es \u00e0 une int\u00e9gration dans une ligne de production.<\/p>\n\n\n\n<div style=\"height:10px\" aria-hidden=\"true\" class=\"wp-block-spacer\"><\/div>\n\n\n<div id=\"default-class\" class=\"headline-block default-class\"> \r\n                                                \r\n                        <h3 style=\"color: var(--arcot-black)\" class=\"wt-subheadline \">Adaptation individuelle \u00e0 vos exigences<\/h3>                            \r\n                                                                           \r\n                <\/div>\n\n\n<p>Les installations plasma d\u2019Arcotec peuvent \u00eatre livr\u00e9es dans diff\u00e9rentes configurations, ce qui nous permet de r\u00e9pondre \u00e0<strong> toutes les situations de montage<\/strong>. Nos constructeurs d\u00e9veloppent donc une solution personnalis\u00e9e r\u00e9pondant \u00e0 vos besoins<\/p>\n<\/div>\n\n\n\n<div class=\"wp-block-column is-layout-flow wp-block-column-is-layout-flow\"><div id=\"default-class\" class=\"headline-block default-class\"> \r\n                                                \r\n                        <h3 style=\"color: var(--arcot-black)\" class=\"wt-subheadline \">Pr\u00e9traitement de pi\u00e8ces form\u00e9es<\/h3>                            \r\n                                                                           \r\n                <\/div>\n\n\n<p>Comme les installations plasma se passent de <strong>contre-\u00e9lectrode reli\u00e9e \u00e0 la masse<\/strong>, elles permettent \u00e9galement de pr\u00e9traiter facilement des pi\u00e8ces form\u00e9es, profil\u00e9s, rainures de collage ou bo\u00eetes pliables, et ce \u00e0 une vitesse pouvant atteindre 200 m\u00e8tres par minute.<\/p>\n\n\n\n<div style=\"height:10px\" aria-hidden=\"true\" class=\"wp-block-spacer\"><\/div>\n\n\n<div id=\"default-class\" class=\"headline-block default-class\"> \r\n                                                \r\n                        <h3 style=\"color: var(--arcot-black)\" class=\"wt-subheadline \">Pr\u00e9traitement plasma en salle blanche<\/h3>                            \r\n                                                                           \r\n                <\/div>\n\n\n<p>Les appareils plasma conviennent pour les applications en salle blanche.<\/p>\n<\/div>\n<\/div>\n<\/div>\n<\/div>\n<\/div><\/div>\n\n\n\n<div style=\"height:75px\" aria-hidden=\"true\" class=\"wp-block-spacer\"><\/div>\n\n\n<div class=\"contact-banner-block\">    \r\n              <div class=\"container-fluid\" style=\"background-color: #008DD4 \">\r\n                        <div class=\"container\">                \r\n                           <div class=\"contact-banner-container\" >\r\n                           <div class=\"contact-banner-left\">\r\n                                 <p class=\"headline\">Si vous d\u00e9sirez de plus informations, n\u2019h\u00e9sitez pas \u00e0 nous contacter pour une consultation gratuite.<\/p>\r\n                           <\/div>\r\n                          \r\n                           <div class=\"contact-banner-button\">\r\n                                <a class=\"wt-button\" href=\/fr\/contact\/>\r\n                                    <div class=\"wt-btn-outline\">\r\n                                        <span>Contact<\/span>\r\n                                        <div class=\"wt-long-arrow-right\"><\/div>\r\n                                    <\/div>\r\n                                <\/a>\r\n                           <\/div>\r\n                                \r\n                           <\/div>\r\n                           <\/div>\r\n                        <\/div>\r\n                <\/div>\n\n\n<div style=\"height:75px\" aria-hidden=\"true\" class=\"wp-block-spacer\"><\/div>\n\n\n\n<div class=\"wp-block-group container\"><div class=\"wp-block-group__inner-container is-layout-constrained wp-block-group-is-layout-constrained\"><div id=\"default-class\" class=\"headline-block default-class\"> \r\n                        <h2 style=\"color: var(--arcot-black)\" class=\"wt-headline  \">Questions fr\u00e9quemment pos\u00e9es sur le pr\u00e9traitement plasma<\/h2>                        \r\n                                                    \r\n                                                                           \r\n                <\/div>\n\n<div id=\"default-class\" class=\"headline-block default-class\"> \r\n                                                \r\n                        <h3 style=\"color: var(--arcot-black)\" class=\"wt-subheadline \">Qu\u2019est-ce que le plasma ?<\/h3>                            \r\n                                                                           \r\n                <\/div>\n\n\n<p>Le <strong>plasma <\/strong>correspond \u00e0 un quatri\u00e8me \u00e9tat de la mati\u00e8re, en plus des solides, liquides et gaz que tout le monde conna\u00eet. Il s\u2019agit d\u2019un m\u00e9lange conducteur d\u2019ions, d\u2019\u00e9lectrons libres et d\u2019atomes ou de mol\u00e9cules sans charge. Dans le traitement plasma, on utilise ces radicaux libres pour augmenter la mouillabilit\u00e9 de la surface trait\u00e9e.<\/p>\n\n\n<div id=\"default-class\" class=\"headline-block default-class\"> \r\n                                                \r\n                        <h3 style=\"color: var(--arcot-black)\" class=\"wt-subheadline \">Pour quels substrats\/surfaces le pr\u00e9traitement plasma convient-il ?<\/h3>                            \r\n                                                                           \r\n                <\/div>\n\n\n<p>Aujourd\u2019hui, l\u2019activation de surface par plasma est un proc\u00e9d\u00e9 standard de <strong>pr\u00e9traitement des mati\u00e8res plastiques<\/strong>. Elle est par exemple utilis\u00e9e lorsque l\u2019on souhaite appliquer un vernis, une impression ou un adh\u00e9sif sur des polym\u00e8res tels que le polypropyl\u00e8ne ou le poly\u00e9thyl\u00e8ne. Mais le pr\u00e9traitement plasma convient \u00e9galement pour l\u2019activation de m\u00e9taux, c\u00e9ramiques, papiers et verre.<\/p>\n<\/div><\/div>\n\n\n\n<div style=\"height:200px\" aria-hidden=\"true\" class=\"wp-block-spacer\"><\/div>\n","protected":false},"excerpt":{"rendered":"<p>Aujourd\u2019hui, le pr\u00e9traitement plasma est une m\u00e9thode largement r\u00e9pandue pour l\u2019activation des surfaces en plastique. Il cr\u00e9e les conditions id\u00e9ales pour une bonne adh\u00e9rence des peintures, vernis, adh\u00e9sifs et autres rev\u00eatements sur les mati\u00e8res plastiques, les m\u00e9taux et d\u2019autres surfaces. Les installations n\u00e9cessaires \u00e0 cet effet peuvent \u00eatre int\u00e9gr\u00e9es sans probl\u00e8me dans des processus de [&hellip;]<\/p>\n","protected":false},"author":1,"featured_media":0,"parent":1402,"menu_order":0,"comment_status":"closed","ping_status":"closed","template":"","meta":{"footnotes":""},"class_list":["post-1476","page","type-page","status-publish","hentry"],"yoast_head":"<!-- This site is optimized with the Yoast SEO plugin v27.3 - https:\/\/yoast.com\/product\/yoast-seo-wordpress\/ -->\n<title>Pr\u00e9traitement par plasma \u00e0 la pression atmosph\u00e9rique d\u2019Arcotec<\/title>\n<meta name=\"description\" content=\"Pr\u00e9traitement efficace et rapide des mat\u00e9riaux avec les appareils \u00e0 plasma. Pour une tenue s\u00fbre des : \u2713 peintures, \u2713 vernis, \u2713 films.\" \/>\n<meta name=\"robots\" content=\"index, follow, max-snippet:-1, max-image-preview:large, max-video-preview:-1\" \/>\n<link rel=\"canonical\" href=\"https:\/\/arcotec.com\/fr\/systemes-de-pretraitement\/plasma\/\" \/>\n<meta property=\"og:locale\" content=\"fr_FR\" \/>\n<meta property=\"og:type\" content=\"article\" \/>\n<meta property=\"og:title\" content=\"Pr\u00e9traitement par plasma \u00e0 la pression atmosph\u00e9rique d\u2019Arcotec\" \/>\n<meta property=\"og:description\" content=\"Pr\u00e9traitement efficace et rapide des mat\u00e9riaux avec les appareils \u00e0 plasma. Pour une tenue s\u00fbre des : \u2713 peintures, \u2713 vernis, \u2713 films.\" \/>\n<meta property=\"og:url\" content=\"https:\/\/arcotec.com\/fr\/systemes-de-pretraitement\/plasma\/\" \/>\n<meta property=\"og:site_name\" content=\"arcotec\" \/>\n<meta property=\"article:modified_time\" content=\"2026-02-09T10:16:55+00:00\" \/>\n<meta property=\"og:image\" content=\"https:\/\/arcotec.com\/wp-content\/uploads\/2024\/08\/plasma-discharge-arcotec.jpg\" \/>\n\t<meta property=\"og:image:width\" content=\"550\" \/>\n\t<meta property=\"og:image:height\" content=\"200\" \/>\n\t<meta property=\"og:image:type\" content=\"image\/jpeg\" \/>\n<meta name=\"twitter:card\" content=\"summary_large_image\" \/>\n<meta name=\"twitter:label1\" content=\"Dur\u00e9e de lecture estim\u00e9e\" \/>\n\t<meta name=\"twitter:data1\" content=\"3 minutes\" \/>\n<script type=\"application\/ld+json\" class=\"yoast-schema-graph\">{\"@context\":\"https:\\\/\\\/schema.org\",\"@graph\":[{\"@type\":\"WebPage\",\"@id\":\"https:\\\/\\\/arcotec.com\\\/fr\\\/systemes-de-pretraitement\\\/plasma\\\/\",\"url\":\"https:\\\/\\\/arcotec.com\\\/fr\\\/systemes-de-pretraitement\\\/plasma\\\/\",\"name\":\"Pr\u00e9traitement par plasma \u00e0 la pression atmosph\u00e9rique d\u2019Arcotec\",\"isPartOf\":{\"@id\":\"https:\\\/\\\/arcotec.com\\\/fr\\\/#website\"},\"primaryImageOfPage\":{\"@id\":\"https:\\\/\\\/arcotec.com\\\/fr\\\/systemes-de-pretraitement\\\/plasma\\\/#primaryimage\"},\"image\":{\"@id\":\"https:\\\/\\\/arcotec.com\\\/fr\\\/systemes-de-pretraitement\\\/plasma\\\/#primaryimage\"},\"thumbnailUrl\":\"https:\\\/\\\/arcotec.com\\\/wp-content\\\/uploads\\\/2024\\\/08\\\/plasma-discharge-arcotec.jpg\",\"datePublished\":\"2024-05-06T13:34:29+00:00\",\"dateModified\":\"2026-02-09T10:16:55+00:00\",\"description\":\"Pr\u00e9traitement efficace et rapide des mat\u00e9riaux avec les appareils \u00e0 plasma. Pour une tenue s\u00fbre des : \u2713 peintures, \u2713 vernis, \u2713 films.\",\"breadcrumb\":{\"@id\":\"https:\\\/\\\/arcotec.com\\\/fr\\\/systemes-de-pretraitement\\\/plasma\\\/#breadcrumb\"},\"inLanguage\":\"fr-FR\",\"potentialAction\":[{\"@type\":\"ReadAction\",\"target\":[\"https:\\\/\\\/arcotec.com\\\/fr\\\/systemes-de-pretraitement\\\/plasma\\\/\"]}]},{\"@type\":\"ImageObject\",\"inLanguage\":\"fr-FR\",\"@id\":\"https:\\\/\\\/arcotec.com\\\/fr\\\/systemes-de-pretraitement\\\/plasma\\\/#primaryimage\",\"url\":\"https:\\\/\\\/arcotec.com\\\/wp-content\\\/uploads\\\/2024\\\/08\\\/plasma-discharge-arcotec.jpg\",\"contentUrl\":\"https:\\\/\\\/arcotec.com\\\/wp-content\\\/uploads\\\/2024\\\/08\\\/plasma-discharge-arcotec.jpg\"},{\"@type\":\"BreadcrumbList\",\"@id\":\"https:\\\/\\\/arcotec.com\\\/fr\\\/systemes-de-pretraitement\\\/plasma\\\/#breadcrumb\",\"itemListElement\":[{\"@type\":\"ListItem\",\"position\":1,\"name\":\"Home\",\"item\":\"https:\\\/\\\/arcotec.com\\\/fr\\\/\"},{\"@type\":\"ListItem\",\"position\":2,\"name\":\"Syst\u00e8mes de pr\u00e9traitement\",\"item\":\"https:\\\/\\\/test.arcotec.com\\\/fr\\\/systemes-de-pretraitement\\\/\"},{\"@type\":\"ListItem\",\"position\":3,\"name\":\"Plasma\"}]},{\"@type\":\"WebSite\",\"@id\":\"https:\\\/\\\/arcotec.com\\\/fr\\\/#website\",\"url\":\"https:\\\/\\\/arcotec.com\\\/fr\\\/\",\"name\":\"arcotec\",\"description\":\"\",\"potentialAction\":[{\"@type\":\"SearchAction\",\"target\":{\"@type\":\"EntryPoint\",\"urlTemplate\":\"https:\\\/\\\/arcotec.com\\\/fr\\\/?s={search_term_string}\"},\"query-input\":{\"@type\":\"PropertyValueSpecification\",\"valueRequired\":true,\"valueName\":\"search_term_string\"}}],\"inLanguage\":\"fr-FR\"}]}<\/script>\n<!-- \/ Yoast SEO plugin. -->","yoast_head_json":{"title":"Pr\u00e9traitement par plasma \u00e0 la pression atmosph\u00e9rique d\u2019Arcotec","description":"Pr\u00e9traitement efficace et rapide des mat\u00e9riaux avec les appareils \u00e0 plasma. Pour une tenue s\u00fbre des : \u2713 peintures, \u2713 vernis, \u2713 films.","robots":{"index":"index","follow":"follow","max-snippet":"max-snippet:-1","max-image-preview":"max-image-preview:large","max-video-preview":"max-video-preview:-1"},"canonical":"https:\/\/arcotec.com\/fr\/systemes-de-pretraitement\/plasma\/","og_locale":"fr_FR","og_type":"article","og_title":"Pr\u00e9traitement par plasma \u00e0 la pression atmosph\u00e9rique d\u2019Arcotec","og_description":"Pr\u00e9traitement efficace et rapide des mat\u00e9riaux avec les appareils \u00e0 plasma. Pour une tenue s\u00fbre des : \u2713 peintures, \u2713 vernis, \u2713 films.","og_url":"https:\/\/arcotec.com\/fr\/systemes-de-pretraitement\/plasma\/","og_site_name":"arcotec","article_modified_time":"2026-02-09T10:16:55+00:00","og_image":[{"width":550,"height":200,"url":"https:\/\/arcotec.com\/wp-content\/uploads\/2024\/08\/plasma-discharge-arcotec.jpg","type":"image\/jpeg"}],"twitter_card":"summary_large_image","twitter_misc":{"Dur\u00e9e de lecture estim\u00e9e":"3 minutes"},"schema":{"@context":"https:\/\/schema.org","@graph":[{"@type":"WebPage","@id":"https:\/\/arcotec.com\/fr\/systemes-de-pretraitement\/plasma\/","url":"https:\/\/arcotec.com\/fr\/systemes-de-pretraitement\/plasma\/","name":"Pr\u00e9traitement par plasma \u00e0 la pression atmosph\u00e9rique d\u2019Arcotec","isPartOf":{"@id":"https:\/\/arcotec.com\/fr\/#website"},"primaryImageOfPage":{"@id":"https:\/\/arcotec.com\/fr\/systemes-de-pretraitement\/plasma\/#primaryimage"},"image":{"@id":"https:\/\/arcotec.com\/fr\/systemes-de-pretraitement\/plasma\/#primaryimage"},"thumbnailUrl":"https:\/\/arcotec.com\/wp-content\/uploads\/2024\/08\/plasma-discharge-arcotec.jpg","datePublished":"2024-05-06T13:34:29+00:00","dateModified":"2026-02-09T10:16:55+00:00","description":"Pr\u00e9traitement efficace et rapide des mat\u00e9riaux avec les appareils \u00e0 plasma. Pour une tenue s\u00fbre des : \u2713 peintures, \u2713 vernis, \u2713 films.","breadcrumb":{"@id":"https:\/\/arcotec.com\/fr\/systemes-de-pretraitement\/plasma\/#breadcrumb"},"inLanguage":"fr-FR","potentialAction":[{"@type":"ReadAction","target":["https:\/\/arcotec.com\/fr\/systemes-de-pretraitement\/plasma\/"]}]},{"@type":"ImageObject","inLanguage":"fr-FR","@id":"https:\/\/arcotec.com\/fr\/systemes-de-pretraitement\/plasma\/#primaryimage","url":"https:\/\/arcotec.com\/wp-content\/uploads\/2024\/08\/plasma-discharge-arcotec.jpg","contentUrl":"https:\/\/arcotec.com\/wp-content\/uploads\/2024\/08\/plasma-discharge-arcotec.jpg"},{"@type":"BreadcrumbList","@id":"https:\/\/arcotec.com\/fr\/systemes-de-pretraitement\/plasma\/#breadcrumb","itemListElement":[{"@type":"ListItem","position":1,"name":"Home","item":"https:\/\/arcotec.com\/fr\/"},{"@type":"ListItem","position":2,"name":"Syst\u00e8mes de pr\u00e9traitement","item":"https:\/\/test.arcotec.com\/fr\/systemes-de-pretraitement\/"},{"@type":"ListItem","position":3,"name":"Plasma"}]},{"@type":"WebSite","@id":"https:\/\/arcotec.com\/fr\/#website","url":"https:\/\/arcotec.com\/fr\/","name":"arcotec","description":"","potentialAction":[{"@type":"SearchAction","target":{"@type":"EntryPoint","urlTemplate":"https:\/\/arcotec.com\/fr\/?s={search_term_string}"},"query-input":{"@type":"PropertyValueSpecification","valueRequired":true,"valueName":"search_term_string"}}],"inLanguage":"fr-FR"}]}},"_links":{"self":[{"href":"https:\/\/arcotec.com\/fr\/wp-json\/wp\/v2\/pages\/1476","targetHints":{"allow":["GET"]}}],"collection":[{"href":"https:\/\/arcotec.com\/fr\/wp-json\/wp\/v2\/pages"}],"about":[{"href":"https:\/\/arcotec.com\/fr\/wp-json\/wp\/v2\/types\/page"}],"author":[{"embeddable":true,"href":"https:\/\/arcotec.com\/fr\/wp-json\/wp\/v2\/users\/1"}],"replies":[{"embeddable":true,"href":"https:\/\/arcotec.com\/fr\/wp-json\/wp\/v2\/comments?post=1476"}],"version-history":[{"count":4,"href":"https:\/\/arcotec.com\/fr\/wp-json\/wp\/v2\/pages\/1476\/revisions"}],"predecessor-version":[{"id":47091,"href":"https:\/\/arcotec.com\/fr\/wp-json\/wp\/v2\/pages\/1476\/revisions\/47091"}],"up":[{"embeddable":true,"href":"https:\/\/arcotec.com\/fr\/wp-json\/wp\/v2\/pages\/1402"}],"wp:attachment":[{"href":"https:\/\/arcotec.com\/fr\/wp-json\/wp\/v2\/media?parent=1476"}],"curies":[{"name":"wp","href":"https:\/\/api.w.org\/{rel}","templated":true}]}}