{"id":1458,"date":"2024-05-07T16:20:51","date_gmt":"2024-05-07T14:20:51","guid":{"rendered":"https:\/\/test.arcotec.com\/?page_id=1458"},"modified":"2026-02-19T15:51:15","modified_gmt":"2026-02-19T14:51:15","slug":"mentions-legales","status":"publish","type":"page","link":"https:\/\/arcotec.com\/fr\/mentions-legales\/","title":{"rendered":"Mentions l\u00e9gales"},"content":{"rendered":"<section id=\"\" class=\"text-block \">                \r\n                    <div class=\"container\">                        \r\n                        <div class=\"row\">                                        \r\n                        <div class=\"col\">\r\n                            <h1 class=\"textBlock-headline upper wt-font-color-blue left  left \">Mentions l\u00e9gales<\/h1>\r\n                        <\/div>                                        \r\n                    <\/div>                        \r\n                        <div class=\"row text\">\r\n                        <div class=\"col\">\r\n                            <div class=\"textBlock-text fs-16 fw-medium lh-26 text-block-html \">\r\n                                <p class=\"wp-block-wt-text-block\">Informations conform\u00e9ment au \u00a7 18 MStV:<\/p>\n<p><strong>Arcotec GmbH<\/strong><br \/>Rotweg 24<br \/>71297 M\u00f6nsheim<\/p>\n<p><strong>Repr\u00e9sent\u00e9e par:<\/strong><br \/>Arcotec GmbH<br \/>Propri\u00e9taire: Fritz P. Bloss \/ Sebastian Bloss<\/p>\n<p><strong>Contact:<\/strong><br \/>T\u00e9l\u00e9fone: + 49 (0) 7044 92 12 0<br \/>Fax: + 49 (0) 7044 92 12 12<br \/>E-Mail: <a href=\"mailto:info@arcotec.com\" target=\"_blank\" rel=\"noreferrer noopener\">info@arcotec.com<\/a><\/p>\n<p><strong>Inscription au Registre du Commerce:<\/strong><br \/>Inscription au registre du commerce.<br \/>tribunal de district de Mannheim<br \/>Num\u00e9ro d\u2019enregistrement : HRB 51565-M<\/p>\n<p><strong>Taxe de vente:<\/strong><br \/>Num\u00e9ro d\u2019identification de la taxe de vente selon \u00a727 a loi sur la taxe de vente:<br \/>N\u00b0 de TVA : DE144525337<br \/>N\u00b0 d\u2019identification fiscale de l\u2019entreprise: 48020\/12071<\/p>\n<p><strong>Responsable selon \u00a7 18 MStV:<\/strong><br \/>Arcotec GmbH<br \/>Sebastian Bloss<br \/>Rotweg 24<br \/>D-71297 M\u00f6nsheim<\/p>\n<p><strong>R\u00e9solution des Litiges<\/strong><br \/>Nous ne sommes ni tenus ni dispos\u00e9s \u00e0 participer \u00e0 une proc\u00e9dure de r\u00e8glement des litiges devant un organisme de conciliation des consommateurs.<\/p>\n<p><strong>Droit d\u2019auteur<\/strong><br \/>Les contenus et \u0153uvres cr\u00e9es par les exploitants sur ces pages sont soumis aux droits d\u2019auteur allemands. La reproduction, l\u2019utilisation, la diffusion et toute autre forme d\u2019exploitation hors des limites du droit d\u2019auteur n\u00e9cessitent l\u2019accord \u00e9crit de l\u2019auteur ou cr\u00e9ateur en question. Le t\u00e9l\u00e9chargement et copies de ce site ne sont autoris\u00e9s que pour l\u2019usage priv\u00e9 et non commercial.<br \/>Si les contenus de cette page n\u2019ont pas \u00e9t\u00e9 cr\u00e9es par l\u2019exploitant, les droits d\u2019auteur de tiers sont respect\u00e9s. Les contenus de tiers en particulier seront marqu\u00e9s tant que tels. Si vous remarquez malgr\u00e9 tout une infraction au droit d\u2019auteur, nous vous prions de nous le faire savoir. D\u00e8s connaissance des infractions ceux contenus seront supprim\u00e9s imm\u00e9diatement.<\/p>\n\r\n                            <\/div>\r\n                        <\/div>                                        \r\n                    <\/div>  \r\n                                              \r\n                    <\/div>                                \r\n            <\/section>\n\n\n<div style=\"height:100px\" aria-hidden=\"true\" class=\"wp-block-spacer\"><\/div>\n","protected":false},"excerpt":{"rendered":"","protected":false},"author":1,"featured_media":0,"parent":0,"menu_order":0,"comment_status":"closed","ping_status":"closed","template":"","meta":{"footnotes":""},"class_list":["post-1458","page","type-page","status-publish","hentry"],"yoast_head":"<!-- This site is optimized with the Yoast SEO plugin v27.3 - https:\/\/yoast.com\/product\/yoast-seo-wordpress\/ -->\n<title>Mentions l\u00e9gales d\u2019Arcotec GmbH \u2013 Vos experts en pr\u00e9traitement<\/title>\n<meta name=\"description\" content=\"Dans nos mentions l\u00e9gales, vous trouverez tous les renseignements sur nos contenus, des informations juridiques et plus encore.\" \/>\n<meta name=\"robots\" content=\"index, follow, max-snippet:-1, max-image-preview:large, max-video-preview:-1\" \/>\n<link rel=\"canonical\" href=\"https:\/\/arcotec.com\/fr\/mentions-legales\/\" \/>\n<meta property=\"og:locale\" content=\"fr_FR\" \/>\n<meta property=\"og:type\" content=\"article\" \/>\n<meta property=\"og:title\" content=\"Mentions l\u00e9gales d\u2019Arcotec GmbH \u2013 Vos experts en pr\u00e9traitement\" \/>\n<meta property=\"og:description\" content=\"Dans nos mentions l\u00e9gales, vous trouverez tous les renseignements sur nos contenus, des informations juridiques et plus encore.\" \/>\n<meta property=\"og:url\" content=\"https:\/\/arcotec.com\/fr\/mentions-legales\/\" \/>\n<meta property=\"og:site_name\" content=\"arcotec\" \/>\n<meta property=\"article:modified_time\" content=\"2026-02-19T14:51:15+00:00\" \/>\n<meta name=\"twitter:card\" content=\"summary_large_image\" \/>\n<meta name=\"twitter:label1\" content=\"Dur\u00e9e de lecture estim\u00e9e\" \/>\n\t<meta name=\"twitter:data1\" content=\"2 minutes\" \/>\n<script type=\"application\/ld+json\" class=\"yoast-schema-graph\">{\"@context\":\"https:\\\/\\\/schema.org\",\"@graph\":[{\"@type\":\"WebPage\",\"@id\":\"https:\\\/\\\/arcotec.com\\\/fr\\\/mentions-legales\\\/\",\"url\":\"https:\\\/\\\/arcotec.com\\\/fr\\\/mentions-legales\\\/\",\"name\":\"Mentions l\u00e9gales d\u2019Arcotec GmbH \u2013 Vos experts en pr\u00e9traitement\",\"isPartOf\":{\"@id\":\"https:\\\/\\\/arcotec.com\\\/fr\\\/#website\"},\"datePublished\":\"2024-05-07T14:20:51+00:00\",\"dateModified\":\"2026-02-19T14:51:15+00:00\",\"description\":\"Dans nos mentions l\u00e9gales, vous trouverez tous les renseignements sur nos contenus, des informations juridiques et plus encore.\",\"breadcrumb\":{\"@id\":\"https:\\\/\\\/arcotec.com\\\/fr\\\/mentions-legales\\\/#breadcrumb\"},\"inLanguage\":\"fr-FR\",\"potentialAction\":[{\"@type\":\"ReadAction\",\"target\":[\"https:\\\/\\\/arcotec.com\\\/fr\\\/mentions-legales\\\/\"]}]},{\"@type\":\"BreadcrumbList\",\"@id\":\"https:\\\/\\\/arcotec.com\\\/fr\\\/mentions-legales\\\/#breadcrumb\",\"itemListElement\":[{\"@type\":\"ListItem\",\"position\":1,\"name\":\"Home\",\"item\":\"https:\\\/\\\/arcotec.com\\\/fr\\\/\"},{\"@type\":\"ListItem\",\"position\":2,\"name\":\"Mentions l\u00e9gales\"}]},{\"@type\":\"WebSite\",\"@id\":\"https:\\\/\\\/arcotec.com\\\/fr\\\/#website\",\"url\":\"https:\\\/\\\/arcotec.com\\\/fr\\\/\",\"name\":\"arcotec\",\"description\":\"\",\"potentialAction\":[{\"@type\":\"SearchAction\",\"target\":{\"@type\":\"EntryPoint\",\"urlTemplate\":\"https:\\\/\\\/arcotec.com\\\/fr\\\/?s={search_term_string}\"},\"query-input\":{\"@type\":\"PropertyValueSpecification\",\"valueRequired\":true,\"valueName\":\"search_term_string\"}}],\"inLanguage\":\"fr-FR\"}]}<\/script>\n<!-- \/ Yoast SEO plugin. -->","yoast_head_json":{"title":"Mentions l\u00e9gales d\u2019Arcotec GmbH \u2013 Vos experts en pr\u00e9traitement","description":"Dans nos mentions l\u00e9gales, vous trouverez tous les renseignements sur nos contenus, des informations juridiques et plus encore.","robots":{"index":"index","follow":"follow","max-snippet":"max-snippet:-1","max-image-preview":"max-image-preview:large","max-video-preview":"max-video-preview:-1"},"canonical":"https:\/\/arcotec.com\/fr\/mentions-legales\/","og_locale":"fr_FR","og_type":"article","og_title":"Mentions l\u00e9gales d\u2019Arcotec GmbH \u2013 Vos experts en pr\u00e9traitement","og_description":"Dans nos mentions l\u00e9gales, vous trouverez tous les renseignements sur nos contenus, des informations juridiques et plus encore.","og_url":"https:\/\/arcotec.com\/fr\/mentions-legales\/","og_site_name":"arcotec","article_modified_time":"2026-02-19T14:51:15+00:00","twitter_card":"summary_large_image","twitter_misc":{"Dur\u00e9e de lecture estim\u00e9e":"2 minutes"},"schema":{"@context":"https:\/\/schema.org","@graph":[{"@type":"WebPage","@id":"https:\/\/arcotec.com\/fr\/mentions-legales\/","url":"https:\/\/arcotec.com\/fr\/mentions-legales\/","name":"Mentions l\u00e9gales d\u2019Arcotec GmbH \u2013 Vos experts en pr\u00e9traitement","isPartOf":{"@id":"https:\/\/arcotec.com\/fr\/#website"},"datePublished":"2024-05-07T14:20:51+00:00","dateModified":"2026-02-19T14:51:15+00:00","description":"Dans nos mentions l\u00e9gales, vous trouverez tous les renseignements sur nos contenus, des informations juridiques et plus encore.","breadcrumb":{"@id":"https:\/\/arcotec.com\/fr\/mentions-legales\/#breadcrumb"},"inLanguage":"fr-FR","potentialAction":[{"@type":"ReadAction","target":["https:\/\/arcotec.com\/fr\/mentions-legales\/"]}]},{"@type":"BreadcrumbList","@id":"https:\/\/arcotec.com\/fr\/mentions-legales\/#breadcrumb","itemListElement":[{"@type":"ListItem","position":1,"name":"Home","item":"https:\/\/arcotec.com\/fr\/"},{"@type":"ListItem","position":2,"name":"Mentions l\u00e9gales"}]},{"@type":"WebSite","@id":"https:\/\/arcotec.com\/fr\/#website","url":"https:\/\/arcotec.com\/fr\/","name":"arcotec","description":"","potentialAction":[{"@type":"SearchAction","target":{"@type":"EntryPoint","urlTemplate":"https:\/\/arcotec.com\/fr\/?s={search_term_string}"},"query-input":{"@type":"PropertyValueSpecification","valueRequired":true,"valueName":"search_term_string"}}],"inLanguage":"fr-FR"}]}},"_links":{"self":[{"href":"https:\/\/arcotec.com\/fr\/wp-json\/wp\/v2\/pages\/1458","targetHints":{"allow":["GET"]}}],"collection":[{"href":"https:\/\/arcotec.com\/fr\/wp-json\/wp\/v2\/pages"}],"about":[{"href":"https:\/\/arcotec.com\/fr\/wp-json\/wp\/v2\/types\/page"}],"author":[{"embeddable":true,"href":"https:\/\/arcotec.com\/fr\/wp-json\/wp\/v2\/users\/1"}],"replies":[{"embeddable":true,"href":"https:\/\/arcotec.com\/fr\/wp-json\/wp\/v2\/comments?post=1458"}],"version-history":[{"count":9,"href":"https:\/\/arcotec.com\/fr\/wp-json\/wp\/v2\/pages\/1458\/revisions"}],"predecessor-version":[{"id":47442,"href":"https:\/\/arcotec.com\/fr\/wp-json\/wp\/v2\/pages\/1458\/revisions\/47442"}],"wp:attachment":[{"href":"https:\/\/arcotec.com\/fr\/wp-json\/wp\/v2\/media?parent=1458"}],"curies":[{"name":"wp","href":"https:\/\/api.w.org\/{rel}","templated":true}]}}