{"id":46135,"date":"2025-12-02T13:21:28","date_gmt":"2025-12-02T12:21:28","guid":{"rendered":"https:\/\/test.arcotec.com\/?page_id=46135"},"modified":"2026-03-16T14:33:09","modified_gmt":"2026-03-16T13:33:09","slug":"service-tecnico","status":"publish","type":"page","link":"https:\/\/arcotec.com\/es\/service-tecnico\/","title":{"rendered":"Service"},"content":{"rendered":"\n<div style=\"height:25px\" aria-hidden=\"true\" class=\"wp-block-spacer\"><\/div>\n\n\n<div id=\"default-class\" class=\"headline-block default-class\">\r\n                        <div class=\"container\">     \r\n                            <div class=\"row\">\r\n                                <div class=\"col\">\r\n                                    <h1  style=\"color: var(--arcot-blue)\" class=\"wt-headline big  \">Servicio t\u00e9cnico, piezas de repuesto y laboratorio<\/h1>\r\n                                <\/div>                                        \r\n                            <\/div>                         \r\n                                                        \r\n                        <\/div>                                \r\n                <\/div>\r\n            \n\n\n<div style=\"height:20px\" aria-hidden=\"true\" class=\"wp-block-spacer\"><\/div>\n\n\n<section id=\"\" class=\"text-block \">                \r\n                    <div class=\"container\">                        \r\n                                                \r\n                        <div class=\"row text\">\r\n                        <div class=\"col\">\r\n                            <div class=\"textBlock-text fs-16 fw-medium lh-26 text-block-html \">\r\n                                <p class=\"wp-block-wt-text-block\">Arcotec es sin\u00f3nimo de un servicio al cliente integral. Por eso estamos a su disposici\u00f3n incluso despu\u00e9s de la compra de uno de nuestros equipos. Como cliente nuestro, usted no solo se beneficia de un<strong> asesoramiento competente y un servicio de primera categor\u00eda.<\/strong> Tambi\u00e9n ponemos a su disposici\u00f3n nuestro <a href=\"\/es\/labor\/\">laboratorio<\/a>, por ejemplo, en caso de que necesite encontrar el m\u00e9todo de tratamiento \u00f3ptimo para sus materiales.<\/p>\n\r\n                            <\/div>\r\n                        <\/div>                                        \r\n                    <\/div>  \r\n                                              \r\n                    <\/div>                                \r\n            <\/section>\n\n\n<div style=\"height:30px\" aria-hidden=\"true\" class=\"wp-block-spacer\"><\/div>\n\n\n<div id=\"b-bold\" class=\"headline-block b-bold\">\r\n                        <div class=\"container\">     \r\n                            <div class=\"row\">\r\n                                <div class=\"col\">\r\n                                    <h2  style=\"color: var(--arcot-black)\" class=\"wt-headline medium  \">Servicio t\u00e9cnico y repuestos originales de Arcotec<\/h2>\r\n                                <\/div>                                        \r\n                            <\/div>                         \r\n                                                        \r\n                        <\/div>                                \r\n                <\/div>\r\n            \n\n\n<div style=\"height:30px\" aria-hidden=\"true\" class=\"wp-block-spacer\"><\/div>\n\n\n\n<div class=\"wp-block-group container arcot-list\"><div class=\"wp-block-group__inner-container is-layout-constrained wp-block-group-is-layout-constrained\">\n<div class=\"wp-block-columns is-layout-flex wp-container-core-columns-is-layout-9d6595d7 wp-block-columns-is-layout-flex\">\n<div class=\"wp-block-column is-layout-flow wp-block-column-is-layout-flow\" style=\"flex-basis:66.66%\"><section id=\"\" class=\"text-block \">                \r\n                    <div class=\"container\">                        \r\n                                                \r\n                        <div class=\"row text\">\r\n                        <div class=\"col\">\r\n                            <div class=\"textBlock-text fs-16 fw-medium lh-26 text-block-html \">\r\n                                <p class=\"wp-block-wt-text-block\">Damos mucha importancia a que usted pueda confiar en nosotros en todo momento, incluso tras la compra de un equipo Arcotec. Por eso nos empe\u00f1amos en ofrecer siempre un <strong>servicio posventa de la m\u00e1xima calidad<\/strong>.<\/p>\n<p>Nuestros t\u00e9cnicos e ingenieros realizan el mantenimiento de los m\u00e1s de 25.000 equipos Arcotec vendidos <strong>los 365 d\u00edas del a\u00f1o<\/strong> en las propias instalaciones de los clientes. En caso de una aver\u00eda, nuestro personal acude al lugar apropiado con las piezas de repuesto necesarias y se ocupa de que su equipo vuelva a funcionar de nuevo lo antes posible. De ese modo contribuimos a garantizar que <strong>sus procesos de producci\u00f3n no se interrumpan<\/strong>.<\/p>\n\r\n                            <\/div>\r\n                        <\/div>                                        \r\n                    <\/div>  \r\n                                              \r\n                    <\/div>                                \r\n            <\/section><\/div>\n\n\n\n<div class=\"wp-block-column is-layout-flow wp-block-column-is-layout-flow\" style=\"flex-basis:33.33%\"><div class=\"wp-block-image\">\n<figure class=\"alignright size-full\"><img loading=\"lazy\" decoding=\"async\" width=\"700\" height=\"498\" src=\"https:\/\/arcotec.com\/wp-content\/uploads\/2025\/12\/spare-parts-arcotec.jpg\" alt=\"Spare Parts Arcotec\" class=\"wp-image-46154\" srcset=\"https:\/\/arcotec.com\/wp-content\/uploads\/2025\/12\/spare-parts-arcotec.jpg 700w, https:\/\/arcotec.com\/wp-content\/uploads\/2025\/12\/spare-parts-arcotec-300x213.jpg 300w, https:\/\/arcotec.com\/wp-content\/uploads\/2025\/12\/spare-parts-arcotec-600x427.jpg 600w\" sizes=\"auto, (max-width: 700px) 100vw, 700px\" \/><\/figure>\n<\/div><\/div>\n<\/div>\n<\/div><\/div>\n\n\n\n<div style=\"height:30px\" aria-hidden=\"true\" class=\"wp-block-spacer\"><\/div>\n\n\n<section id=\"\" class=\"text-block \">                \r\n                    <div class=\"container\">                        \r\n                        <div class=\"row\">                                        \r\n                        <div class=\"col\">\r\n                            <h3 class=\"textBlock-headline upper wt-font-color-black left  left \">Servicio y mantenimiento<\/h3>\r\n                        <\/div>                                        \r\n                    <\/div>                        \r\n                        <div class=\"row text\">\r\n                        <div class=\"col\">\r\n                            <div class=\"textBlock-text fs-16 fw-medium lh-26 text-block-html \">\r\n                                <p class=\"wp-block-wt-text-block\">Nuestro objetivo es lograr la <strong>satisfacci\u00f3n de nuestros clientes<\/strong> y ofrecerles el mejor servicio posible. Como cliente de Arcotec, usted se beneficia de las siguientes ventajas:<\/p>\n\r\n                            <\/div>\r\n                        <\/div>                                        \r\n                    <\/div>  \r\n                                              \r\n                    <\/div>                                \r\n            <\/section>\n\n\n<div class=\"wp-block-group container\"><div class=\"wp-block-group__inner-container is-layout-constrained wp-block-group-is-layout-constrained\">\n<ul class=\"wp-block-list\">\n<li>Servicio t\u00e9cnico in situ en todo el mundo<\/li>\n\n\n\n<li>Gran almac\u00e9n de piezas de repuesto<\/li>\n\n\n\n<li>Entrega de repuestos en 24 horas<\/li>\n\n\n\n<li>Ayuda telef\u00f3nica en varios idiomas<\/li>\n\n\n\n<li>Extenso parque de equipos de sustituci\u00f3n<\/li>\n\n\n\n<li>Soporte t\u00e9cnico por internet<\/li>\n<\/ul>\n<\/div><\/div>\n\n\n\n<div style=\"height:30px\" aria-hidden=\"true\" class=\"wp-block-spacer\"><\/div>\n\n\n<section id=\"\" class=\"text-block \">                \r\n                    <div class=\"container\">                        \r\n                        <div class=\"row\">                                        \r\n                        <div class=\"col\">\r\n                            <h3 class=\"textBlock-headline upper wt-font-color-black left  left \">Asistencia OEM<\/h3>\r\n                        <\/div>                                        \r\n                    <\/div>                        \r\n                        <div class=\"row text\">\r\n                        <div class=\"col\">\r\n                            <div class=\"textBlock-text fs-16 fw-medium lh-26 text-block-html \">\r\n                                <p class=\"wp-block-wt-text-block\">En el marco de la asistencia OEM, le ofrecemos piezas de repuesto y asistencia t\u00e9cnica para equipos de Arcotec que se hayan<strong> integrado en otros sistemas<\/strong>. De ese modo, los fabricantes de instalaciones se aseguran de poder ofrecer siempre a sus clientes repuestos de alta calidad y el mejor servicio posible.<\/p>\n\r\n                            <\/div>\r\n                        <\/div>                                        \r\n                    <\/div>  \r\n                                              \r\n                    <\/div>                                \r\n            <\/section>\n\n\n<div style=\"height:50px\" aria-hidden=\"true\" class=\"wp-block-spacer\"><\/div>\n\n\n<div class=\"contact-banner-block\">    \r\n              <div class=\"container-fluid\" style=\"background-color: #008DD4 \">\r\n                        <div class=\"container\">                \r\n                           <div class=\"contact-banner-container\" >\r\n                           <div class=\"contact-banner-left\">\r\n                                 <p class=\"headline\">Le invitamos a contactarnos para una consulta gratuita.<\/p>\r\n                           <\/div>\r\n                          \r\n                           <div class=\"contact-banner-button\">\r\n                                <a class=\"wt-button\" href=\/es\/contacto\/>\r\n                                    <div class=\"wt-btn-outline\">\r\n                                        <span>Contacto<\/span>\r\n                                        <div class=\"wt-long-arrow-right\"><\/div>\r\n                                    <\/div>\r\n                                <\/a>\r\n                           <\/div>\r\n                                \r\n                           <\/div>\r\n                           <\/div>\r\n                        <\/div>\r\n                <\/div>","protected":false},"excerpt":{"rendered":"","protected":false},"author":1,"featured_media":0,"parent":0,"menu_order":0,"comment_status":"closed","ping_status":"closed","template":"","meta":{"footnotes":""},"class_list":["post-46135","page","type-page","status-publish","hentry"],"yoast_head":"<!-- This site is optimized with the Yoast SEO plugin v27.3 - https:\/\/yoast.com\/product\/yoast-seo-wordpress\/ -->\n<title>Nuestros servicios | Arcotec GmbH<\/title>\n<meta name=\"description\" content=\"Con los servicios integrales para las instalaciones de pretratamiento de Arcotec, siempre contar\u00e1 con un socio fiable y competente a su lado.\" \/>\n<meta name=\"robots\" content=\"index, follow, max-snippet:-1, max-image-preview:large, max-video-preview:-1\" \/>\n<link rel=\"canonical\" href=\"https:\/\/arcotec.com\/es\/service-tecnico\/\" \/>\n<meta property=\"og:locale\" content=\"es_ES\" \/>\n<meta property=\"og:type\" content=\"article\" \/>\n<meta property=\"og:title\" content=\"Nuestros servicios | Arcotec GmbH\" \/>\n<meta property=\"og:description\" content=\"Con los servicios integrales para las instalaciones de pretratamiento de Arcotec, siempre contar\u00e1 con un socio fiable y competente a su lado.\" \/>\n<meta property=\"og:url\" content=\"https:\/\/arcotec.com\/es\/service-tecnico\/\" \/>\n<meta property=\"og:site_name\" content=\"arcotec\" \/>\n<meta property=\"article:modified_time\" content=\"2026-03-16T13:33:09+00:00\" \/>\n<meta property=\"og:image\" content=\"https:\/\/arcotec.com\/wp-content\/uploads\/2025\/12\/spare-parts-arcotec.jpg\" \/>\n\t<meta property=\"og:image:width\" content=\"700\" \/>\n\t<meta property=\"og:image:height\" content=\"498\" \/>\n\t<meta property=\"og:image:type\" content=\"image\/jpeg\" \/>\n<meta name=\"twitter:card\" content=\"summary_large_image\" \/>\n<meta name=\"twitter:label1\" content=\"Tiempo de lectura\" \/>\n\t<meta name=\"twitter:data1\" content=\"2 minutos\" \/>\n<script type=\"application\/ld+json\" class=\"yoast-schema-graph\">{\"@context\":\"https:\\\/\\\/schema.org\",\"@graph\":[{\"@type\":\"WebPage\",\"@id\":\"https:\\\/\\\/arcotec.com\\\/es\\\/service-tecnico\\\/\",\"url\":\"https:\\\/\\\/arcotec.com\\\/es\\\/service-tecnico\\\/\",\"name\":\"Nuestros servicios | Arcotec GmbH\",\"isPartOf\":{\"@id\":\"https:\\\/\\\/arcotec.com\\\/es\\\/#website\"},\"primaryImageOfPage\":{\"@id\":\"https:\\\/\\\/arcotec.com\\\/es\\\/service-tecnico\\\/#primaryimage\"},\"image\":{\"@id\":\"https:\\\/\\\/arcotec.com\\\/es\\\/service-tecnico\\\/#primaryimage\"},\"thumbnailUrl\":\"https:\\\/\\\/arcotec.com\\\/wp-content\\\/uploads\\\/2025\\\/12\\\/spare-parts-arcotec.jpg\",\"datePublished\":\"2025-12-02T12:21:28+00:00\",\"dateModified\":\"2026-03-16T13:33:09+00:00\",\"description\":\"Con los servicios integrales para las instalaciones de pretratamiento de Arcotec, siempre contar\u00e1 con un socio fiable y competente a su lado.\",\"breadcrumb\":{\"@id\":\"https:\\\/\\\/arcotec.com\\\/es\\\/service-tecnico\\\/#breadcrumb\"},\"inLanguage\":\"es\",\"potentialAction\":[{\"@type\":\"ReadAction\",\"target\":[\"https:\\\/\\\/arcotec.com\\\/es\\\/service-tecnico\\\/\"]}]},{\"@type\":\"ImageObject\",\"inLanguage\":\"es\",\"@id\":\"https:\\\/\\\/arcotec.com\\\/es\\\/service-tecnico\\\/#primaryimage\",\"url\":\"https:\\\/\\\/arcotec.com\\\/wp-content\\\/uploads\\\/2025\\\/12\\\/spare-parts-arcotec.jpg\",\"contentUrl\":\"https:\\\/\\\/arcotec.com\\\/wp-content\\\/uploads\\\/2025\\\/12\\\/spare-parts-arcotec.jpg\"},{\"@type\":\"BreadcrumbList\",\"@id\":\"https:\\\/\\\/arcotec.com\\\/es\\\/service-tecnico\\\/#breadcrumb\",\"itemListElement\":[{\"@type\":\"ListItem\",\"position\":1,\"name\":\"Home\",\"item\":\"https:\\\/\\\/arcotec.com\\\/es\\\/\"},{\"@type\":\"ListItem\",\"position\":2,\"name\":\"Service\"}]},{\"@type\":\"WebSite\",\"@id\":\"https:\\\/\\\/arcotec.com\\\/es\\\/#website\",\"url\":\"https:\\\/\\\/arcotec.com\\\/es\\\/\",\"name\":\"arcotec\",\"description\":\"\",\"potentialAction\":[{\"@type\":\"SearchAction\",\"target\":{\"@type\":\"EntryPoint\",\"urlTemplate\":\"https:\\\/\\\/arcotec.com\\\/es\\\/?s={search_term_string}\"},\"query-input\":{\"@type\":\"PropertyValueSpecification\",\"valueRequired\":true,\"valueName\":\"search_term_string\"}}],\"inLanguage\":\"es\"}]}<\/script>\n<!-- \/ Yoast SEO plugin. -->","yoast_head_json":{"title":"Nuestros servicios | Arcotec GmbH","description":"Con los servicios integrales para las instalaciones de pretratamiento de Arcotec, siempre contar\u00e1 con un socio fiable y competente a su lado.","robots":{"index":"index","follow":"follow","max-snippet":"max-snippet:-1","max-image-preview":"max-image-preview:large","max-video-preview":"max-video-preview:-1"},"canonical":"https:\/\/arcotec.com\/es\/service-tecnico\/","og_locale":"es_ES","og_type":"article","og_title":"Nuestros servicios | Arcotec GmbH","og_description":"Con los servicios integrales para las instalaciones de pretratamiento de Arcotec, siempre contar\u00e1 con un socio fiable y competente a su lado.","og_url":"https:\/\/arcotec.com\/es\/service-tecnico\/","og_site_name":"arcotec","article_modified_time":"2026-03-16T13:33:09+00:00","og_image":[{"width":700,"height":498,"url":"https:\/\/arcotec.com\/wp-content\/uploads\/2025\/12\/spare-parts-arcotec.jpg","type":"image\/jpeg"}],"twitter_card":"summary_large_image","twitter_misc":{"Tiempo de lectura":"2 minutos"},"schema":{"@context":"https:\/\/schema.org","@graph":[{"@type":"WebPage","@id":"https:\/\/arcotec.com\/es\/service-tecnico\/","url":"https:\/\/arcotec.com\/es\/service-tecnico\/","name":"Nuestros servicios | Arcotec GmbH","isPartOf":{"@id":"https:\/\/arcotec.com\/es\/#website"},"primaryImageOfPage":{"@id":"https:\/\/arcotec.com\/es\/service-tecnico\/#primaryimage"},"image":{"@id":"https:\/\/arcotec.com\/es\/service-tecnico\/#primaryimage"},"thumbnailUrl":"https:\/\/arcotec.com\/wp-content\/uploads\/2025\/12\/spare-parts-arcotec.jpg","datePublished":"2025-12-02T12:21:28+00:00","dateModified":"2026-03-16T13:33:09+00:00","description":"Con los servicios integrales para las instalaciones de pretratamiento de Arcotec, siempre contar\u00e1 con un socio fiable y competente a su lado.","breadcrumb":{"@id":"https:\/\/arcotec.com\/es\/service-tecnico\/#breadcrumb"},"inLanguage":"es","potentialAction":[{"@type":"ReadAction","target":["https:\/\/arcotec.com\/es\/service-tecnico\/"]}]},{"@type":"ImageObject","inLanguage":"es","@id":"https:\/\/arcotec.com\/es\/service-tecnico\/#primaryimage","url":"https:\/\/arcotec.com\/wp-content\/uploads\/2025\/12\/spare-parts-arcotec.jpg","contentUrl":"https:\/\/arcotec.com\/wp-content\/uploads\/2025\/12\/spare-parts-arcotec.jpg"},{"@type":"BreadcrumbList","@id":"https:\/\/arcotec.com\/es\/service-tecnico\/#breadcrumb","itemListElement":[{"@type":"ListItem","position":1,"name":"Home","item":"https:\/\/arcotec.com\/es\/"},{"@type":"ListItem","position":2,"name":"Service"}]},{"@type":"WebSite","@id":"https:\/\/arcotec.com\/es\/#website","url":"https:\/\/arcotec.com\/es\/","name":"arcotec","description":"","potentialAction":[{"@type":"SearchAction","target":{"@type":"EntryPoint","urlTemplate":"https:\/\/arcotec.com\/es\/?s={search_term_string}"},"query-input":{"@type":"PropertyValueSpecification","valueRequired":true,"valueName":"search_term_string"}}],"inLanguage":"es"}]}},"_links":{"self":[{"href":"https:\/\/arcotec.com\/es\/wp-json\/wp\/v2\/pages\/46135","targetHints":{"allow":["GET"]}}],"collection":[{"href":"https:\/\/arcotec.com\/es\/wp-json\/wp\/v2\/pages"}],"about":[{"href":"https:\/\/arcotec.com\/es\/wp-json\/wp\/v2\/types\/page"}],"author":[{"embeddable":true,"href":"https:\/\/arcotec.com\/es\/wp-json\/wp\/v2\/users\/1"}],"replies":[{"embeddable":true,"href":"https:\/\/arcotec.com\/es\/wp-json\/wp\/v2\/comments?post=46135"}],"version-history":[{"count":16,"href":"https:\/\/arcotec.com\/es\/wp-json\/wp\/v2\/pages\/46135\/revisions"}],"predecessor-version":[{"id":46183,"href":"https:\/\/arcotec.com\/es\/wp-json\/wp\/v2\/pages\/46135\/revisions\/46183"}],"wp:attachment":[{"href":"https:\/\/arcotec.com\/es\/wp-json\/wp\/v2\/media?parent=46135"}],"curies":[{"name":"wp","href":"https:\/\/api.w.org\/{rel}","templated":true}]}}