{"id":3579,"date":"2024-08-20T12:51:59","date_gmt":"2024-08-20T10:51:59","guid":{"rendered":"https:\/\/test.arcotec.com\/?page_id=3579"},"modified":"2026-03-16T14:49:56","modified_gmt":"2026-03-16T13:49:56","slug":"contacto-de-servicio","status":"publish","type":"page","link":"https:\/\/arcotec.com\/es\/labor\/contacto-de-servicio\/","title":{"rendered":"Contacto de servicio"},"content":{"rendered":"\n<div style=\"height:20px\" aria-hidden=\"true\" class=\"wp-block-spacer\"><\/div>\n\n\n<div id=\"default-class\" class=\"headline-block default-class\">\r\n                        <div class=\"container\">     \r\n                            <div class=\"row\">\r\n                                <div class=\"col\">\r\n                                    <h1  style=\"color: var(--arcot-blue)\" class=\"wt-headline big  \">Formulario de contacto de servicio t\u00e9cnico<\/h1>\r\n                                <\/div>                                        \r\n                            <\/div>                         \r\n                                                        \r\n                        <\/div>                                \r\n                <\/div>\r\n            \n\n\n<div style=\"height:10px\" aria-hidden=\"true\" class=\"wp-block-spacer\"><\/div>\n\n\n   <section class=\"contact-form-block contact-form-block-id-69e8f2eca2848 mb-5\">\r\n                    <div class=\"container\">\r\n                        <p>\r\n                            Necesita un t\u00e9cnico? Rellene el siguiente formulario.\r\n                        <\/p>\r\n                        <form class=\"contact-form-container\" id=\"contact-service-arcot-form\" novalidate>\r\n                                <div class=\"d-lg-flex gap-custom-3\">\r\n                                    <div class=\"col input-wrapper mb-4\">\r\n                                        <p>Seleccione por favor:<\/p>\r\n                                        <select id=\"cf_select_one\" name=\"cf_select_one\" class=\"form-control\" >\r\n                                            <option value=\"option1\" selected>Generadores de corona\/plasma (HS, CG, PG, PGS)<\/option>\r\n                                            <option value=\"option2\">Sistemas de llamas (FT, FTS, FTM, EFT, Silan)<\/option>\r\n                                            <option value=\"option2\">Otros<\/option>\r\n                                      \r\n                                        <\/select>\r\n                                        <div class=\"invalid-feedback\">\r\n                                            Por favor, introduzca su nombre.\r\n                                        <\/div>\r\n                                    <\/div>\r\n                                    \r\n                                    <div class=\"col input-wrapper mb-4\">\r\n                                        <p>N\u00famero de serie:<\/p>\r\n                                        <input type=\"text\" id=\"cf_serial_number\" name=\"cf_serial_number\" class=\"form-control\" >\r\n                                        <div class=\"invalid-feedback\">\r\n                                          Por favor, introduzca su apellido.\r\n                                        <\/div>\r\n                                    <\/div>\r\n                                <\/div>\r\n                                \r\n                                <div class=\"d-lg-flex gap-custom-3\">\r\n                                    <div class=\"col input-wrapper mb-4\">\r\n                                        <p>Seleccione por favor:<\/p>\r\n                                        <select id=\"cf_select_two\" name=\"cf_select_two\" class=\"form-control\" >\r\n                                            <option value=\"option1\" selected>Generadores de corona\/plasma (HS, CG, PG, PGS)<\/option>\r\n                                            <option value=\"option2\">Sistemas de llamas (FT, FTS, FTM, EFT, Silan)<\/option>\r\n                                            <option value=\"option2\">Otros<\/option>\r\n                                      \r\n                                        <\/select>\r\n                                        <div class=\"invalid-feedback\">\r\n                                            Por favor, introduzca su nombre.\r\n                                        <\/div>\r\n                                    <\/div>\r\n                                    \r\n                                    <div class=\"col input-wrapper mb-4\">\r\n                                        <p>N\u00famero de serie:<\/p>\r\n                                        <input type=\"text\" id=\"cf_serial_number_two\" name=\"cf_serial_number_two\" class=\"form-control\" >\r\n                                        <div class=\"invalid-feedback\">\r\n                                          Por favor, introduzca su apellido.\r\n                                        <\/div>\r\n                                    <\/div>\r\n                                <\/div>\r\n                                         \r\n                                <div class=\"input-wrapper mb-4\">\r\n                                    <p>Acerca de*<\/p>\r\n                                    <input type=\"text\" id=\"cf_betreff\" name=\"cf_betreff\" class=\"form-control\" required>\r\n                                    <div class=\"invalid-feedback\">\r\n                                      Por favor, introduzca un asunto.\r\n                                    <\/div>\r\n                                <\/div>\r\n                                \r\n                                <div class=\"input-wrapper mb-4\">\r\n                                <p>Comentarios<\/p>\r\n                                    <textarea id=\"cf_message\" name=\"cf_message\" class=\"form-control\" rows=\"3\" maxlength=\"500\" required><\/textarea>\r\n                                    <div class=\"invalid-feedback\">\r\n                                    \r\n                                    <\/div>\r\n                                <\/div>\r\n                                \r\n                                <div class=\"d-lg-flex gap-custom-3\">\r\n                                    <div class=\"col input-wrapper mb-4\">\r\n                                            <p>Apellidos*<\/p>\r\n                                            <input type=\"text\" id=\"cf_last_name\" name=\"cf_last_name\" class=\"form-control\" required>\r\n                                            <div class=\"invalid-feedback\">\r\n                                              Por favor, introduzca su apellido.\r\n                                            <\/div>\r\n                                        <\/div>\r\n                                    \r\n                                    <div class=\"col input-wrapper mb-4\">\r\n                                        <p>Nombre*<\/p>\r\n                                        <input type=\"text\" id=\"cf_first_name\" name=\"cf_first_name\" class=\"form-control\" required>\r\n                                        <div class=\"invalid-feedback\">\r\n                                          Por favor, introduzca su nombre.\r\n                                        <\/div>\r\n                                    <\/div>\r\n                                    \r\n                                    <div class=\"col input-wrapper mb-4\">\r\n                                     <p>Empresa*<\/p>\r\n                                        <input type=\"text\" id=\"cf_firma\" name=\"cf_firma\" class=\"form-control\" required>\r\n                                        <div class=\"invalid-feedback\">\r\n                                          Introduzca el nombre de su empresa.\r\n                                        <\/div>\r\n                                    <\/div>\r\n                                <\/div>\r\n\r\n                                \r\n                                <div class=\"d-lg-flex gap-custom-3\">\r\n                                    <div class=\"col input-wrapper mb-4\">\r\n                                        <p>E-Mail*<\/p>\r\n                                        <input type=\"email\" id=\"cf_mail\" name=\"cf_mail\" class=\"form-control\" required>\r\n                                        <div class=\"invalid-feedback\">\r\n                                          Introduzca una direcci\u00f3n de correo electr\u00f3nico v\u00e1lida.\r\n                                        <\/div>\r\n                                    <\/div>\r\n                                    \r\n                                    <div class=\"col input-wrapper mb-4\">\r\n                                        <p>Tel.*<\/p>\r\n                                        <input type=\"text\" id=\"cf_tel\" name=\"cf_tel\" class=\"form-control\">\r\n                                        <div class=\"invalid-feedback\">\r\n                                          Introduzca un n\u00famero de tel\u00e9fono correcto.\r\n                                        <\/div>\r\n                                    <\/div>\r\n                                    \r\n                                    <div class=\"col input-wrapper mb-4\">\r\n                                        <p>Fax<\/p>\r\n                                        <input type=\"text\" id=\"cf_fax\" name=\"cf_fax\" class=\"form-control\">\r\n                                        <div class=\"invalid-feedback\">\r\n                                          \r\n                                        <\/div>\r\n                                    <\/div>\r\n\r\n                                <\/div>\r\n                                \r\n                                <div class=\"d-lg-flex gap-custom-3\">\r\n                                    <div class=\"col input-wrapper mb-4\">\r\n                                        <p>Calle, no, piso*<\/p>\r\n                                        <input type=\"text\" id=\"cf_company_street\" name=\"cf_company_street\" class=\"form-control\" required>\r\n                                        <div class=\"invalid-feedback\">\r\n                                          Introduzca la direcci\u00f3n de su empresa.\r\n                                        <\/div>\r\n                                    <\/div>\r\n                                    \r\n                                    <div class=\"col input-wrapper mb-4\">\r\n                                        <p>C.P.*<\/p>\r\n                                        <input type=\"text\" id=\"cf_plz\" name=\"cf_plz\" class=\"form-control\" required>\r\n                                        <div class=\"invalid-feedback\">\r\n                                          Introduzca su c\u00f3digo postal.\r\n                                        <\/div>\r\n                                    <\/div>\r\n                                    \r\n                                    <div class=\"col input-wrapper mb-4\">\r\n                                        <p>Localidat*<\/p>\r\n                                        <input type=\"text\" id=\"cf_ort\" name=\"cf_ort\" class=\"form-control\" required>\r\n                                        <div class=\"invalid-feedback\">\r\n                                          Por favor, introduzca su ubicaci\u00f3n.\r\n                                        <\/div>\r\n                                    <\/div>\r\n                                    <div class=\"col input-wrapper mb-4\">\r\n                                        <p>Pa\u00eds*<\/p>\r\n                                        <input type=\"text\" id=\"cf_land\" name=\"cf_land\" class=\"form-control\" required>\r\n                                        <div class=\"invalid-feedback\">\r\n                                          \r\n                                        <\/div>\r\n                                    <\/div>\r\n                                <\/div>\r\n                                <p class=\"mt-3\">Los campos marcados con * son obligatorios.<\/p>\r\n                                     \r\n                                <div class=\"form-check mb-3\" id=\"privacyCheck\">\r\n                                    <input class=\"form-check-input\" type=\"checkbox\" id=\"gridCheck7\" required>\r\n                                    <label class=\"form-check-label wt-t\" for=\"gridCheck7\">\r\n                                     <label class=\"form-check-label wt-t\" for=\"gridCheck7\">He le\u00eddo la nota de <a href=\"\/es\/politica-de-privacidad\/\" target=\"_blank\">pol\u00edtica de privacidad<\/a>   .*<\/label>\r\n                                    <p class=\"invalid-feedback\" style=\"display: none;\">Acepte nuestra pol\u00edtica de privacidad.<\/p>\r\n                                <\/div>\r\n                           \r\n                                 <div class=\"h-captcha \" data-sitekey=bf786d62-7684-4b7c-9050-7374265a13da><\/div>\r\n                                 <div id=\"success-message\" style=\"display:none\">Gracias por su mensaje. Nos pondremos en contacto con usted lo antes posible.<\/div>\r\n             \r\n                 \r\n                                \r\n                                <div class=\"invalid-feedback-h-captcha\" style=\"display: none;\">  Por favor, rellene el hCaptcha<\/div>\r\n                               <button id=\"button-style\" type=\"submit\" class=\"mt-3 wt-btn-full wt-btn-full-light-blue\">Enviar<\/button>  \r\n                        <\/form>\r\n                    <\/div>        \r\n                <\/section>\n\n\n<div style=\"height:200px\" aria-hidden=\"true\" class=\"wp-block-spacer\"><\/div>\n","protected":false},"excerpt":{"rendered":"","protected":false},"author":1,"featured_media":0,"parent":1494,"menu_order":0,"comment_status":"closed","ping_status":"closed","template":"","meta":{"footnotes":""},"class_list":["post-3579","page","type-page","status-publish","hentry"],"yoast_head":"<!-- This site is optimized with the Yoast SEO plugin v27.3 - https:\/\/yoast.com\/product\/yoast-seo-wordpress\/ -->\n<title>Contacto de servicio t\u00e9cnico | Arcotec GmbH<\/title>\n<meta name=\"description\" content=\"\u00bfNecesita asistencia t\u00e9cnica o la intervenci\u00f3n de un t\u00e9cnico para su instalaci\u00f3n Arcotec? Utilice ahora nuestro formulario de contacto de servicio t\u00e9cnico.\" \/>\n<meta name=\"robots\" content=\"index, follow, max-snippet:-1, max-image-preview:large, max-video-preview:-1\" \/>\n<link rel=\"canonical\" href=\"https:\/\/arcotec.com\/es\/labor\/contacto-de-servicio\/\" \/>\n<meta property=\"og:locale\" content=\"es_ES\" \/>\n<meta property=\"og:type\" content=\"article\" \/>\n<meta property=\"og:title\" content=\"Contacto de servicio t\u00e9cnico | Arcotec GmbH\" \/>\n<meta property=\"og:description\" content=\"\u00bfNecesita asistencia t\u00e9cnica o la intervenci\u00f3n de un t\u00e9cnico para su instalaci\u00f3n Arcotec? Utilice ahora nuestro formulario de contacto de servicio t\u00e9cnico.\" \/>\n<meta property=\"og:url\" content=\"https:\/\/arcotec.com\/es\/labor\/contacto-de-servicio\/\" \/>\n<meta property=\"og:site_name\" content=\"arcotec\" \/>\n<meta property=\"article:modified_time\" content=\"2026-03-16T13:49:56+00:00\" \/>\n<meta name=\"twitter:card\" content=\"summary_large_image\" \/>\n<script type=\"application\/ld+json\" class=\"yoast-schema-graph\">{\"@context\":\"https:\\\/\\\/schema.org\",\"@graph\":[{\"@type\":\"WebPage\",\"@id\":\"https:\\\/\\\/arcotec.com\\\/es\\\/labor\\\/contacto-de-servicio\\\/\",\"url\":\"https:\\\/\\\/arcotec.com\\\/es\\\/labor\\\/contacto-de-servicio\\\/\",\"name\":\"Contacto de servicio t\u00e9cnico | Arcotec GmbH\",\"isPartOf\":{\"@id\":\"https:\\\/\\\/arcotec.com\\\/es\\\/#website\"},\"datePublished\":\"2024-08-20T10:51:59+00:00\",\"dateModified\":\"2026-03-16T13:49:56+00:00\",\"description\":\"\u00bfNecesita asistencia t\u00e9cnica o la intervenci\u00f3n de un t\u00e9cnico para su instalaci\u00f3n Arcotec? Utilice ahora nuestro formulario de contacto de servicio t\u00e9cnico.\",\"breadcrumb\":{\"@id\":\"https:\\\/\\\/arcotec.com\\\/es\\\/labor\\\/contacto-de-servicio\\\/#breadcrumb\"},\"inLanguage\":\"es\",\"potentialAction\":[{\"@type\":\"ReadAction\",\"target\":[\"https:\\\/\\\/arcotec.com\\\/es\\\/labor\\\/contacto-de-servicio\\\/\"]}]},{\"@type\":\"BreadcrumbList\",\"@id\":\"https:\\\/\\\/arcotec.com\\\/es\\\/labor\\\/contacto-de-servicio\\\/#breadcrumb\",\"itemListElement\":[{\"@type\":\"ListItem\",\"position\":1,\"name\":\"Home\",\"item\":\"https:\\\/\\\/arcotec.com\\\/es\\\/\"},{\"@type\":\"ListItem\",\"position\":2,\"name\":\"Labor\",\"item\":\"https:\\\/\\\/test.arcotec.com\\\/es\\\/labor\\\/\"},{\"@type\":\"ListItem\",\"position\":3,\"name\":\"Contacto de servicio\"}]},{\"@type\":\"WebSite\",\"@id\":\"https:\\\/\\\/arcotec.com\\\/es\\\/#website\",\"url\":\"https:\\\/\\\/arcotec.com\\\/es\\\/\",\"name\":\"arcotec\",\"description\":\"\",\"potentialAction\":[{\"@type\":\"SearchAction\",\"target\":{\"@type\":\"EntryPoint\",\"urlTemplate\":\"https:\\\/\\\/arcotec.com\\\/es\\\/?s={search_term_string}\"},\"query-input\":{\"@type\":\"PropertyValueSpecification\",\"valueRequired\":true,\"valueName\":\"search_term_string\"}}],\"inLanguage\":\"es\"}]}<\/script>\n<!-- \/ Yoast SEO plugin. -->","yoast_head_json":{"title":"Contacto de servicio t\u00e9cnico | Arcotec GmbH","description":"\u00bfNecesita asistencia t\u00e9cnica o la intervenci\u00f3n de un t\u00e9cnico para su instalaci\u00f3n Arcotec? Utilice ahora nuestro formulario de contacto de servicio t\u00e9cnico.","robots":{"index":"index","follow":"follow","max-snippet":"max-snippet:-1","max-image-preview":"max-image-preview:large","max-video-preview":"max-video-preview:-1"},"canonical":"https:\/\/arcotec.com\/es\/labor\/contacto-de-servicio\/","og_locale":"es_ES","og_type":"article","og_title":"Contacto de servicio t\u00e9cnico | Arcotec GmbH","og_description":"\u00bfNecesita asistencia t\u00e9cnica o la intervenci\u00f3n de un t\u00e9cnico para su instalaci\u00f3n Arcotec? Utilice ahora nuestro formulario de contacto de servicio t\u00e9cnico.","og_url":"https:\/\/arcotec.com\/es\/labor\/contacto-de-servicio\/","og_site_name":"arcotec","article_modified_time":"2026-03-16T13:49:56+00:00","twitter_card":"summary_large_image","schema":{"@context":"https:\/\/schema.org","@graph":[{"@type":"WebPage","@id":"https:\/\/arcotec.com\/es\/labor\/contacto-de-servicio\/","url":"https:\/\/arcotec.com\/es\/labor\/contacto-de-servicio\/","name":"Contacto de servicio t\u00e9cnico | Arcotec GmbH","isPartOf":{"@id":"https:\/\/arcotec.com\/es\/#website"},"datePublished":"2024-08-20T10:51:59+00:00","dateModified":"2026-03-16T13:49:56+00:00","description":"\u00bfNecesita asistencia t\u00e9cnica o la intervenci\u00f3n de un t\u00e9cnico para su instalaci\u00f3n Arcotec? Utilice ahora nuestro formulario de contacto de servicio t\u00e9cnico.","breadcrumb":{"@id":"https:\/\/arcotec.com\/es\/labor\/contacto-de-servicio\/#breadcrumb"},"inLanguage":"es","potentialAction":[{"@type":"ReadAction","target":["https:\/\/arcotec.com\/es\/labor\/contacto-de-servicio\/"]}]},{"@type":"BreadcrumbList","@id":"https:\/\/arcotec.com\/es\/labor\/contacto-de-servicio\/#breadcrumb","itemListElement":[{"@type":"ListItem","position":1,"name":"Home","item":"https:\/\/arcotec.com\/es\/"},{"@type":"ListItem","position":2,"name":"Labor","item":"https:\/\/test.arcotec.com\/es\/labor\/"},{"@type":"ListItem","position":3,"name":"Contacto de servicio"}]},{"@type":"WebSite","@id":"https:\/\/arcotec.com\/es\/#website","url":"https:\/\/arcotec.com\/es\/","name":"arcotec","description":"","potentialAction":[{"@type":"SearchAction","target":{"@type":"EntryPoint","urlTemplate":"https:\/\/arcotec.com\/es\/?s={search_term_string}"},"query-input":{"@type":"PropertyValueSpecification","valueRequired":true,"valueName":"search_term_string"}}],"inLanguage":"es"}]}},"_links":{"self":[{"href":"https:\/\/arcotec.com\/es\/wp-json\/wp\/v2\/pages\/3579","targetHints":{"allow":["GET"]}}],"collection":[{"href":"https:\/\/arcotec.com\/es\/wp-json\/wp\/v2\/pages"}],"about":[{"href":"https:\/\/arcotec.com\/es\/wp-json\/wp\/v2\/types\/page"}],"author":[{"embeddable":true,"href":"https:\/\/arcotec.com\/es\/wp-json\/wp\/v2\/users\/1"}],"replies":[{"embeddable":true,"href":"https:\/\/arcotec.com\/es\/wp-json\/wp\/v2\/comments?post=3579"}],"version-history":[{"count":6,"href":"https:\/\/arcotec.com\/es\/wp-json\/wp\/v2\/pages\/3579\/revisions"}],"predecessor-version":[{"id":47712,"href":"https:\/\/arcotec.com\/es\/wp-json\/wp\/v2\/pages\/3579\/revisions\/47712"}],"up":[{"embeddable":true,"href":"https:\/\/arcotec.com\/es\/wp-json\/wp\/v2\/pages\/1494"}],"wp:attachment":[{"href":"https:\/\/arcotec.com\/es\/wp-json\/wp\/v2\/media?parent=3579"}],"curies":[{"name":"wp","href":"https:\/\/api.w.org\/{rel}","templated":true}]}}