{"id":1561,"date":"2024-05-06T15:41:30","date_gmt":"2024-05-06T13:41:30","guid":{"rendered":"https:\/\/test.arcotec.com\/?page_id=1561"},"modified":"2026-02-09T10:03:31","modified_gmt":"2026-02-09T09:03:31","slug":"estacion-de-arco","status":"publish","type":"page","link":"https:\/\/arcotec.com\/es\/sistemas-de-pretratamiento\/coronaanlagen\/estacion-de-arco\/","title":{"rendered":"Estaci\u00f3n de arco"},"content":{"rendered":"\n<div style=\"height:25px\" aria-hidden=\"true\" class=\"wp-block-spacer\"><\/div>\n\n\n<div id=\"default-class\" class=\"headline-block default-class\">\r\n                        <div class=\"container\">     \r\n                            <div class=\"row\">\r\n                                <div class=\"col\">\r\n                                    <h1  style=\"color: var(--arcot-blue)\" class=\"wt-headline big  \">Estaci\u00f3n de pretratamiento de hojas<\/h1>\r\n                                <\/div>                                        \r\n                            <\/div>                         \r\n                                                        \r\n                        <\/div>                                \r\n                <\/div>\r\n            \n\n\n<div style=\"height:20px\" aria-hidden=\"true\" class=\"wp-block-spacer\"><\/div>\n\n\n<section id=\"\" class=\"text-block \">                \r\n                    <div class=\"container\">                        \r\n                                                \r\n                        <div class=\"row text\">\r\n                        <div class=\"col\">\r\n                            <div class=\"textBlock-text fs-16 fw-medium lh-26 text-block-html \">\r\n                                <p class=\"wp-block-wt-text-block\">Nuestra estaci\u00f3n de hojas es un\u00a0<strong>equipo de pretratamiento completo<\/strong>\u00a0que incluye todos los componentes necesarios para realizar un pretratamiento por efecto corona en materiales planos. Una vez que el usuario ha colocado una hoja de material, esta se inserta autom\u00e1ticamente y se somete a tratamiento por efecto corona. Tras la\u00a0<strong>activaci\u00f3n de la superficie<\/strong>, las hojas se depositan en la bandeja de salida.<\/p>\n\r\n                            <\/div>\r\n                        <\/div>                                        \r\n                    <\/div>  \r\n                                              \r\n                    <\/div>                                \r\n            <\/section>\n\n\n<div style=\"height:20px\" aria-hidden=\"true\" class=\"wp-block-spacer\"><\/div>\n\n\n<div id=\"default-class\" class=\"headline-block default-class\">\r\n                        <div class=\"container\">     \r\n                            <div class=\"row\">\r\n                                <div class=\"col\">\r\n                                    <h2  style=\"color: var(--arcot-black)\" class=\"wt-headline medium  \">Soluci\u00f3n econ\u00f3mica para el pretratamiento de hojas de material<\/h2>\r\n                                <\/div>                                        \r\n                            <\/div>                         \r\n                                                        \r\n                        <\/div>                                \r\n                <\/div>\r\n            \n\n\n<div class=\"wp-block-group container\"><div class=\"wp-block-group__inner-container is-layout-constrained wp-block-group-is-layout-constrained\">\n<div class=\"wp-block-columns is-layout-flex wp-container-core-columns-is-layout-9d6595d7 wp-block-columns-is-layout-flex\">\n<div class=\"wp-block-column is-layout-flow wp-block-column-is-layout-flow\" style=\"flex-basis:66.66%\"><section id=\"\" class=\"text-block \">                \r\n                    <div class=\"container\">                        \r\n                                                \r\n                        <div class=\"row text\">\r\n                        <div class=\"col\">\r\n                            <div class=\"textBlock-text fs-16 fw-medium lh-26 text-block-html \">\r\n                                <p class=\"wp-block-wt-text-block\">Nuestra estaci\u00f3n de hojas es un\u00a0<strong>equipo de pretratamiento completo<\/strong>\u00a0que incluye todos los componentes necesarios para realizar un pretratamiento por efecto corona en materiales planos. Una vez que el usuario ha colocado una hoja de material, esta se inserta autom\u00e1ticamente y se somete a tratamiento por efecto corona. Tras la\u00a0<strong>activaci\u00f3n de la superficie<\/strong>, las hojas se depositan en la bandeja de salida.<\/p>\n\r\n                            <\/div>\r\n                        <\/div>                                        \r\n                    <\/div>  \r\n                                              \r\n                    <\/div>                                \r\n            <\/section>\n\n\n<div style=\"height:15px\" aria-hidden=\"true\" class=\"wp-block-spacer\"><\/div>\n\n\n<section id=\"\" class=\"text-block \">                \r\n                    <div class=\"container\">                        \r\n                        <div class=\"row\">                                        \r\n                        <div class=\"col\">\r\n                            <h3 class=\"textBlock-headline upper wt-font-color-black left  left \"> Estaci\u00f3n de tratamiento de hojas de Arcotec<\/h3>\r\n                        <\/div>                                        \r\n                    <\/div>                        \r\n                        <div class=\"row text\">\r\n                        <div class=\"col\">\r\n                            <div class=\"textBlock-text fs-16 fw-medium lh-26 text-block-html \">\r\n                                <p class=\"wp-block-wt-text-block\">La\u00a0<strong>velocidad de trabajo de la estaci\u00f3n de hojas<\/strong>\u00a0se puede ajustar entre 0 m\/min y 100 m\/min. La\u00a0<strong>intensidad<\/strong>\u00a0del pretratamiento se ajusta y se indica en el generador. Al dise\u00f1ar este equipo de pretratamiento por efecto corona, hemos hecho hincapi\u00e9 en dotarlo de una estructura compacta y un manejo sencillo.<\/p>\n\r\n                            <\/div>\r\n                        <\/div>                                        \r\n                    <\/div>  \r\n                                              \r\n                    <\/div>                                \r\n            <\/section><\/div>\n\n\n\n<div class=\"wp-block-column is-layout-flow wp-block-column-is-layout-flow\" style=\"flex-basis:33.33%\">\n<figure class=\"wp-block-image size-medium\"><img loading=\"lazy\" decoding=\"async\" width=\"300\" height=\"300\" src=\"https:\/\/arcotec.com\/wp-content\/uploads\/2024\/08\/sheet-station-arcotec-300x300.jpg\" alt=\"Bogenstation - Arcotec\" class=\"wp-image-2897\" srcset=\"https:\/\/arcotec.com\/wp-content\/uploads\/2024\/08\/sheet-station-arcotec-300x300.jpg 300w, https:\/\/arcotec.com\/wp-content\/uploads\/2024\/08\/sheet-station-arcotec-150x150.jpg 150w, https:\/\/arcotec.com\/wp-content\/uploads\/2024\/08\/sheet-station-arcotec-100x100.jpg 100w, https:\/\/arcotec.com\/wp-content\/uploads\/2024\/08\/sheet-station-arcotec.jpg 422w\" sizes=\"auto, (max-width: 300px) 100vw, 300px\" \/><\/figure>\n<\/div>\n<\/div>\n<\/div><\/div>\n\n\n\n<div style=\"height:50px\" aria-hidden=\"true\" class=\"wp-block-spacer\"><\/div>\n\n\n<div class=\"contact-banner-block\">    \r\n              <div class=\"container-fluid\" style=\"background-color: #008DD4 \">\r\n                        <div class=\"container\">                \r\n                           <div class=\"contact-banner-container\" >\r\n                           <div class=\"contact-banner-left\">\r\n                                 <p class=\"headline\">Le invitamos a contactarnos para una consulta gratuita.<\/p>\r\n                           <\/div>\r\n                          \r\n                           <div class=\"contact-banner-button\">\r\n                                <a class=\"wt-button\" href=\/kontakt\/>\r\n                                    <div class=\"wt-btn-outline\">\r\n                                        <span>zum Kontakt<\/span>\r\n                                        <div class=\"wt-long-arrow-right\"><\/div>\r\n                                    <\/div>\r\n                                <\/a>\r\n                           <\/div>\r\n                                \r\n                           <\/div>\r\n                           <\/div>\r\n                        <\/div>\r\n                <\/div>\n\n\n<div style=\"height:75px\" aria-hidden=\"true\" class=\"wp-block-spacer\"><\/div>\n\n\n<div id=\"default-class\" class=\"headline-block default-class\">\r\n                        <div class=\"container\">     \r\n                            <div class=\"row\">\r\n                                <div class=\"col\">\r\n                                    <h2  style=\"color: var(--arcot-black)\" class=\"wt-headline medium  \">Pretratamiento sencillo de material en forma de hoja<\/h2>\r\n                                <\/div>                                        \r\n                            <\/div>                         \r\n                                                        \r\n                        <\/div>                                \r\n                <\/div>\r\n            \n\n\n<div style=\"height:20px\" aria-hidden=\"true\" class=\"wp-block-spacer\"><\/div>\n\n\n<section id=\"\" class=\"text-block \">                \r\n                    <div class=\"container\">                        \r\n                                                \r\n                        <div class=\"row text\">\r\n                        <div class=\"col\">\r\n                            <div class=\"textBlock-text fs-16 fw-medium lh-26 text-block-html \">\r\n                                <p class=\"wp-block-wt-text-block\">Las superficies de muchos materiales tienen malas propiedades de humectabilidad si no se someten a un tratamiento previo. Esto afecta no solamente a pl\u00e1sticos como las\u00a0<strong>poliolefinas<\/strong>, sino tambi\u00e9n al metal, al vidrio, a la cer\u00e1mica y a muchos tipos de papel.<\/p>\n\r\n                            <\/div>\r\n                        <\/div>                                        \r\n                    <\/div>  \r\n                                              \r\n                    <\/div>                                \r\n            <\/section>\n\n<section id=\"\" class=\"text-block \">                \r\n                    <div class=\"container\">                        \r\n                        <div class=\"row\">                                        \r\n                        <div class=\"col\">\r\n                            <h3 class=\"textBlock-headline upper wt-font-color-black left  left \">Ir al modo de funcionamiento de la estaci\u00f3n de hojas<\/h3>\r\n                        <\/div>                                        \r\n                    <\/div>                        \r\n                        <div class=\"row text\">\r\n                        <div class=\"col\">\r\n                            <div class=\"textBlock-text fs-16 fw-medium lh-26 text-block-html \">\r\n                                <p class=\"wp-block-wt-text-block\">El pretratamiento de la superficie puede mejorar considerablemente la\u00a0<strong>adherencia<\/strong>\u00a0de esos materiales. Esto puede efectuarse con productos qu\u00edmicos agresivos, pero tambi\u00e9n con m\u00e9todos f\u00edsicos que no generan residuos.<\/p>\n<p>Todos los\u00a0<strong>procedimientos f\u00edsicos<\/strong>\u00a0utilizan fundamentalmente un plasma, es decir, una mezcla gaseosa activa. En un\u00a0<a href=\"https:\/\/arcotec.com\/es\/sistemas-de-pretratamiento\/planta-corona\/\">equipo de efecto corona<\/a>, este plasma se genera mediante una descarga de alta tensi\u00f3n que se coloca sobre el sustrato.<\/p>\n\r\n                            <\/div>\r\n                        <\/div>                                        \r\n                    <\/div>  \r\n                                              \r\n                    <\/div>                                \r\n            <\/section>\n\n\n<div style=\"height:30px\" aria-hidden=\"true\" class=\"wp-block-spacer\"><\/div>\n\n\n<div id=\"default-class\" class=\"headline-block default-class\">\r\n                        <div class=\"container\">     \r\n                            <div class=\"row\">\r\n                                <div class=\"col\">\r\n                                    <h2  style=\"color: var(--arcot-black)\" class=\"wt-headline medium  \">Excepcional: un equipo de efecto corona especialmente adaptado al material en forma de hoja<\/h2>\r\n                                <\/div>                                        \r\n                            <\/div>                         \r\n                                                        \r\n                        <\/div>                                \r\n                <\/div>\r\n            \n\n\n<div style=\"height:20px\" aria-hidden=\"true\" class=\"wp-block-spacer\"><\/div>\n\n\n<section id=\"\" class=\"text-block \">                \r\n                    <div class=\"container\">                        \r\n                                                \r\n                        <div class=\"row text\">\r\n                        <div class=\"col\">\r\n                            <div class=\"textBlock-text fs-16 fw-medium lh-26 text-block-html \">\r\n                                <p class=\"wp-block-wt-text-block\">Este tipo de pretratamiento suele utilizarse, sobre todo, con\u00a0<strong>l\u00e1minas y piezas preformadas<\/strong>. La mayor\u00eda de equipos de efecto corona se configura para esta finalidad de uso con arreglo a los requisitos del cliente.<\/p>\n<p>En cambio, con la estaci\u00f3n de hojas le ofrecemos un equipo de efecto corona dise\u00f1ado\u00a0<strong>especialmente para la activaci\u00f3n de hojas de material<\/strong>. Esto le ofrece la posibilidad de realizar un pretratamiento por efecto corona en pl\u00e1stico, metal y otros sustratos de una forma sencilla y econ\u00f3mica. Su ingeniosa estructura le permite contar con un equipo de efecto corona completo de dimensiones compactas y a un precio muy econ\u00f3mico.<\/p>\n\r\n                            <\/div>\r\n                        <\/div>                                        \r\n                    <\/div>  \r\n                                              \r\n                    <\/div>                                \r\n            <\/section>\n\n\n<div style=\"height:100px\" aria-hidden=\"true\" class=\"wp-block-spacer\"><\/div>\n","protected":false},"excerpt":{"rendered":"","protected":false},"author":1,"featured_media":0,"parent":1414,"menu_order":0,"comment_status":"closed","ping_status":"closed","template":"","meta":{"footnotes":""},"class_list":["post-1561","page","type-page","status-publish","hentry"],"yoast_head":"<!-- This site is optimized with the Yoast SEO plugin v27.3 - https:\/\/yoast.com\/product\/yoast-seo-wordpress\/ -->\n<title>Estaci\u00f3n de piezas acodadas para el pretratamiento<\/title>\n<meta name=\"description\" content=\"La estaci\u00f3n de piezas acodadas de Arcotec posibilita el tratamiento por efecto corona de piezas acodadas a una frecuencia de hasta 100 m\/min.\" \/>\n<meta name=\"robots\" content=\"index, follow, max-snippet:-1, max-image-preview:large, max-video-preview:-1\" \/>\n<link rel=\"canonical\" href=\"https:\/\/arcotec.com\/es\/sistemas-de-pretratamiento\/coronaanlagen\/estacion-de-arco\/\" \/>\n<meta property=\"og:locale\" content=\"es_ES\" \/>\n<meta property=\"og:type\" content=\"article\" \/>\n<meta property=\"og:title\" content=\"Estaci\u00f3n de piezas acodadas para el pretratamiento\" \/>\n<meta property=\"og:description\" content=\"La estaci\u00f3n de piezas acodadas de Arcotec posibilita el tratamiento por efecto corona de piezas acodadas a una frecuencia de hasta 100 m\/min.\" \/>\n<meta property=\"og:url\" content=\"https:\/\/arcotec.com\/es\/sistemas-de-pretratamiento\/coronaanlagen\/estacion-de-arco\/\" \/>\n<meta property=\"og:site_name\" content=\"arcotec\" \/>\n<meta property=\"article:modified_time\" content=\"2026-02-09T09:03:31+00:00\" \/>\n<meta property=\"og:image\" content=\"https:\/\/arcotec.com\/wp-content\/uploads\/2024\/08\/sheet-station-arcotec.jpg\" \/>\n\t<meta property=\"og:image:width\" content=\"422\" \/>\n\t<meta property=\"og:image:height\" content=\"422\" \/>\n\t<meta property=\"og:image:type\" content=\"image\/jpeg\" \/>\n<meta name=\"twitter:card\" content=\"summary_large_image\" \/>\n<meta name=\"twitter:label1\" content=\"Tiempo de lectura\" \/>\n\t<meta name=\"twitter:data1\" content=\"2 minutos\" \/>\n<script type=\"application\/ld+json\" class=\"yoast-schema-graph\">{\"@context\":\"https:\\\/\\\/schema.org\",\"@graph\":[{\"@type\":\"WebPage\",\"@id\":\"https:\\\/\\\/arcotec.com\\\/es\\\/sistemas-de-pretratamiento\\\/coronaanlagen\\\/estacion-de-arco\\\/\",\"url\":\"https:\\\/\\\/arcotec.com\\\/es\\\/sistemas-de-pretratamiento\\\/coronaanlagen\\\/estacion-de-arco\\\/\",\"name\":\"Estaci\u00f3n de piezas acodadas para el pretratamiento\",\"isPartOf\":{\"@id\":\"https:\\\/\\\/arcotec.com\\\/es\\\/#website\"},\"primaryImageOfPage\":{\"@id\":\"https:\\\/\\\/arcotec.com\\\/es\\\/sistemas-de-pretratamiento\\\/coronaanlagen\\\/estacion-de-arco\\\/#primaryimage\"},\"image\":{\"@id\":\"https:\\\/\\\/arcotec.com\\\/es\\\/sistemas-de-pretratamiento\\\/coronaanlagen\\\/estacion-de-arco\\\/#primaryimage\"},\"thumbnailUrl\":\"https:\\\/\\\/arcotec.com\\\/wp-content\\\/uploads\\\/2024\\\/08\\\/sheet-station-arcotec-300x300.jpg\",\"datePublished\":\"2024-05-06T13:41:30+00:00\",\"dateModified\":\"2026-02-09T09:03:31+00:00\",\"description\":\"La estaci\u00f3n de piezas acodadas de Arcotec posibilita el tratamiento por efecto corona de piezas acodadas a una frecuencia de hasta 100 m\\\/min.\",\"breadcrumb\":{\"@id\":\"https:\\\/\\\/arcotec.com\\\/es\\\/sistemas-de-pretratamiento\\\/coronaanlagen\\\/estacion-de-arco\\\/#breadcrumb\"},\"inLanguage\":\"es\",\"potentialAction\":[{\"@type\":\"ReadAction\",\"target\":[\"https:\\\/\\\/arcotec.com\\\/es\\\/sistemas-de-pretratamiento\\\/coronaanlagen\\\/estacion-de-arco\\\/\"]}]},{\"@type\":\"ImageObject\",\"inLanguage\":\"es\",\"@id\":\"https:\\\/\\\/arcotec.com\\\/es\\\/sistemas-de-pretratamiento\\\/coronaanlagen\\\/estacion-de-arco\\\/#primaryimage\",\"url\":\"https:\\\/\\\/arcotec.com\\\/wp-content\\\/uploads\\\/2024\\\/08\\\/sheet-station-arcotec-300x300.jpg\",\"contentUrl\":\"https:\\\/\\\/arcotec.com\\\/wp-content\\\/uploads\\\/2024\\\/08\\\/sheet-station-arcotec-300x300.jpg\"},{\"@type\":\"BreadcrumbList\",\"@id\":\"https:\\\/\\\/arcotec.com\\\/es\\\/sistemas-de-pretratamiento\\\/coronaanlagen\\\/estacion-de-arco\\\/#breadcrumb\",\"itemListElement\":[{\"@type\":\"ListItem\",\"position\":1,\"name\":\"Home\",\"item\":\"https:\\\/\\\/arcotec.com\\\/es\\\/\"},{\"@type\":\"ListItem\",\"position\":2,\"name\":\"Sistemas de pretratamiento\",\"item\":\"https:\\\/\\\/test.arcotec.com\\\/es\\\/sistemas-de-pretratamiento\\\/\"},{\"@type\":\"ListItem\",\"position\":3,\"name\":\"Planta corona\",\"item\":\"https:\\\/\\\/test.arcotec.com\\\/es\\\/sistemas-de-pretratamiento\\\/coronaanlagen\\\/\"},{\"@type\":\"ListItem\",\"position\":4,\"name\":\"Estaci\u00f3n de arco\"}]},{\"@type\":\"WebSite\",\"@id\":\"https:\\\/\\\/arcotec.com\\\/es\\\/#website\",\"url\":\"https:\\\/\\\/arcotec.com\\\/es\\\/\",\"name\":\"arcotec\",\"description\":\"\",\"potentialAction\":[{\"@type\":\"SearchAction\",\"target\":{\"@type\":\"EntryPoint\",\"urlTemplate\":\"https:\\\/\\\/arcotec.com\\\/es\\\/?s={search_term_string}\"},\"query-input\":{\"@type\":\"PropertyValueSpecification\",\"valueRequired\":true,\"valueName\":\"search_term_string\"}}],\"inLanguage\":\"es\"}]}<\/script>\n<!-- \/ Yoast SEO plugin. -->","yoast_head_json":{"title":"Estaci\u00f3n de piezas acodadas para el pretratamiento","description":"La estaci\u00f3n de piezas acodadas de Arcotec posibilita el tratamiento por efecto corona de piezas acodadas a una frecuencia de hasta 100 m\/min.","robots":{"index":"index","follow":"follow","max-snippet":"max-snippet:-1","max-image-preview":"max-image-preview:large","max-video-preview":"max-video-preview:-1"},"canonical":"https:\/\/arcotec.com\/es\/sistemas-de-pretratamiento\/coronaanlagen\/estacion-de-arco\/","og_locale":"es_ES","og_type":"article","og_title":"Estaci\u00f3n de piezas acodadas para el pretratamiento","og_description":"La estaci\u00f3n de piezas acodadas de Arcotec posibilita el tratamiento por efecto corona de piezas acodadas a una frecuencia de hasta 100 m\/min.","og_url":"https:\/\/arcotec.com\/es\/sistemas-de-pretratamiento\/coronaanlagen\/estacion-de-arco\/","og_site_name":"arcotec","article_modified_time":"2026-02-09T09:03:31+00:00","og_image":[{"width":422,"height":422,"url":"https:\/\/arcotec.com\/wp-content\/uploads\/2024\/08\/sheet-station-arcotec.jpg","type":"image\/jpeg"}],"twitter_card":"summary_large_image","twitter_misc":{"Tiempo de lectura":"2 minutos"},"schema":{"@context":"https:\/\/schema.org","@graph":[{"@type":"WebPage","@id":"https:\/\/arcotec.com\/es\/sistemas-de-pretratamiento\/coronaanlagen\/estacion-de-arco\/","url":"https:\/\/arcotec.com\/es\/sistemas-de-pretratamiento\/coronaanlagen\/estacion-de-arco\/","name":"Estaci\u00f3n de piezas acodadas para el pretratamiento","isPartOf":{"@id":"https:\/\/arcotec.com\/es\/#website"},"primaryImageOfPage":{"@id":"https:\/\/arcotec.com\/es\/sistemas-de-pretratamiento\/coronaanlagen\/estacion-de-arco\/#primaryimage"},"image":{"@id":"https:\/\/arcotec.com\/es\/sistemas-de-pretratamiento\/coronaanlagen\/estacion-de-arco\/#primaryimage"},"thumbnailUrl":"https:\/\/arcotec.com\/wp-content\/uploads\/2024\/08\/sheet-station-arcotec-300x300.jpg","datePublished":"2024-05-06T13:41:30+00:00","dateModified":"2026-02-09T09:03:31+00:00","description":"La estaci\u00f3n de piezas acodadas de Arcotec posibilita el tratamiento por efecto corona de piezas acodadas a una frecuencia de hasta 100 m\/min.","breadcrumb":{"@id":"https:\/\/arcotec.com\/es\/sistemas-de-pretratamiento\/coronaanlagen\/estacion-de-arco\/#breadcrumb"},"inLanguage":"es","potentialAction":[{"@type":"ReadAction","target":["https:\/\/arcotec.com\/es\/sistemas-de-pretratamiento\/coronaanlagen\/estacion-de-arco\/"]}]},{"@type":"ImageObject","inLanguage":"es","@id":"https:\/\/arcotec.com\/es\/sistemas-de-pretratamiento\/coronaanlagen\/estacion-de-arco\/#primaryimage","url":"https:\/\/arcotec.com\/wp-content\/uploads\/2024\/08\/sheet-station-arcotec-300x300.jpg","contentUrl":"https:\/\/arcotec.com\/wp-content\/uploads\/2024\/08\/sheet-station-arcotec-300x300.jpg"},{"@type":"BreadcrumbList","@id":"https:\/\/arcotec.com\/es\/sistemas-de-pretratamiento\/coronaanlagen\/estacion-de-arco\/#breadcrumb","itemListElement":[{"@type":"ListItem","position":1,"name":"Home","item":"https:\/\/arcotec.com\/es\/"},{"@type":"ListItem","position":2,"name":"Sistemas de pretratamiento","item":"https:\/\/test.arcotec.com\/es\/sistemas-de-pretratamiento\/"},{"@type":"ListItem","position":3,"name":"Planta corona","item":"https:\/\/test.arcotec.com\/es\/sistemas-de-pretratamiento\/coronaanlagen\/"},{"@type":"ListItem","position":4,"name":"Estaci\u00f3n de arco"}]},{"@type":"WebSite","@id":"https:\/\/arcotec.com\/es\/#website","url":"https:\/\/arcotec.com\/es\/","name":"arcotec","description":"","potentialAction":[{"@type":"SearchAction","target":{"@type":"EntryPoint","urlTemplate":"https:\/\/arcotec.com\/es\/?s={search_term_string}"},"query-input":{"@type":"PropertyValueSpecification","valueRequired":true,"valueName":"search_term_string"}}],"inLanguage":"es"}]}},"_links":{"self":[{"href":"https:\/\/arcotec.com\/es\/wp-json\/wp\/v2\/pages\/1561","targetHints":{"allow":["GET"]}}],"collection":[{"href":"https:\/\/arcotec.com\/es\/wp-json\/wp\/v2\/pages"}],"about":[{"href":"https:\/\/arcotec.com\/es\/wp-json\/wp\/v2\/types\/page"}],"author":[{"embeddable":true,"href":"https:\/\/arcotec.com\/es\/wp-json\/wp\/v2\/users\/1"}],"replies":[{"embeddable":true,"href":"https:\/\/arcotec.com\/es\/wp-json\/wp\/v2\/comments?post=1561"}],"version-history":[{"count":4,"href":"https:\/\/arcotec.com\/es\/wp-json\/wp\/v2\/pages\/1561\/revisions"}],"predecessor-version":[{"id":46968,"href":"https:\/\/arcotec.com\/es\/wp-json\/wp\/v2\/pages\/1561\/revisions\/46968"}],"up":[{"embeddable":true,"href":"https:\/\/arcotec.com\/es\/wp-json\/wp\/v2\/pages\/1414"}],"wp:attachment":[{"href":"https:\/\/arcotec.com\/es\/wp-json\/wp\/v2\/media?parent=1561"}],"curies":[{"name":"wp","href":"https:\/\/api.w.org\/{rel}","templated":true}]}}