{"id":1537,"date":"2024-05-06T15:44:34","date_gmt":"2024-05-06T13:44:34","guid":{"rendered":"https:\/\/test.arcotec.com\/?page_id=1537"},"modified":"2026-03-02T16:44:15","modified_gmt":"2026-03-02T15:44:15","slug":"silicatizacion","status":"publish","type":"page","link":"https:\/\/arcotec.com\/es\/sistemas-de-pretratamiento\/aplicacion-de-llama\/silicatizacion\/","title":{"rendered":"Silicatizaci\u00f3n"},"content":{"rendered":"\n<div style=\"height:25px\" aria-hidden=\"true\" class=\"wp-block-spacer\"><\/div>\n\n\n<div id=\"default-class\" class=\"headline-block default-class\">\r\n                        <div class=\"container\">     \r\n                            <div class=\"row\">\r\n                                <div class=\"col\">\r\n                                    <h1  style=\"color: var(--arcot-blue)\" class=\"wt-headline big  \">Silicatizaci\u00f3n<\/h1>\r\n                                <\/div>                                        \r\n                            <\/div>                         \r\n                                                        \r\n                        <\/div>                                \r\n                <\/div>\r\n            \n\n\n<div style=\"height:10px\" aria-hidden=\"true\" class=\"wp-block-spacer\"><\/div>\n\n\n\n<div class=\"wp-block-group container\"><div class=\"wp-block-group__inner-container is-layout-constrained wp-block-group-is-layout-constrained\">\n<p>Para los <strong>requisitos de tensi\u00f3n superficial m\u00e1s elevados<\/strong>, con arcosil\u00ae le ofrecemos un m\u00e9todo de silicatizaci\u00f3n que proporciona una mejora \u00f3ptima y duradera de la humectabilidad y adherencia de las superficies.<\/p>\n\n\n\n<div style=\"height:30px\" aria-hidden=\"true\" class=\"wp-block-spacer\"><\/div>\n\n\n<div id=\"default-class\" class=\"headline-block default-class\"> \r\n                                                \r\n                        <h2 style=\"color: var(--arcot-black)\" class=\"wt-subheadline \">Adherencia \u00f3ptima de las superficies mediante la silicatizaci\u00f3n<\/h2>                            \r\n                                                                           \r\n                <\/div><\/div><\/div>\n\n\n\n<div class=\"wp-block-group container arcot-list\"><div class=\"wp-block-group__inner-container is-layout-constrained wp-block-group-is-layout-constrained\">\n<div class=\"wp-block-columns is-layout-flex wp-container-core-columns-is-layout-9d6595d7 wp-block-columns-is-layout-flex\">\n<div class=\"wp-block-column is-layout-flow wp-block-column-is-layout-flow\" style=\"flex-basis:75%\">\n<p>El m\u00e9todo de silicatizaci\u00f3n supone un perfeccionamiento del procedimiento de flameado. En \u00e9l, a la llama (originada por la mezcla de gas de combusti\u00f3n y aire) se le a\u00f1ade un <strong>compuesto de silano<\/strong> ligeramente vol\u00e1til en una concentraci\u00f3n baja. El silicato producido en la llama como resultado se deposita en la superficie. Esa capa de silicato constituye una base \u00f3ptima para lograr una adherencia resistente y duradera.<\/p>\n\n\n\n<div style=\"height:10px\" aria-hidden=\"true\" class=\"wp-block-spacer\"><\/div>\n\n\n<div id=\"default-class\" class=\"headline-block default-class\"> \r\n                                                \r\n                        <h3 style=\"color: var(--arcot-black)\" class=\"wt-subheadline \">Eficacia y facilidad de uso: arcosil\u00ae<\/h3>                            \r\n                                                                           \r\n                <\/div>\n\n\n<p>Arcosil\u00ae es nuestro <strong>eficaz precursor de silano<\/strong> para la silicatizaci\u00f3n de superficies. La alimentaci\u00f3n de la llama se realiza f\u00e1cilmente con un dosificador de silano. Esto garantiza una aplicaci\u00f3n uniforme sobre el sustrato que se ha de tratar.<\/p>\n<\/div>\n\n\n\n<div class=\"wp-block-column is-layout-flow wp-block-column-is-layout-flow\" style=\"flex-basis:25%\">\n<div style=\"height:25px\" aria-hidden=\"true\" class=\"wp-block-spacer\"><\/div>\n\n\n\n<figure class=\"wp-block-image size-full is-style-default\"><img loading=\"lazy\" decoding=\"async\" width=\"2215\" height=\"2560\" src=\"https:\/\/arcotec.com\/wp-content\/uploads\/2026\/03\/2020226-ARCEC-SILIKATe-scaled.webp\" alt=\"\" class=\"wp-image-47582\" style=\"aspect-ratio:3\/4;object-fit:cover\" srcset=\"https:\/\/arcotec.com\/wp-content\/uploads\/2026\/03\/2020226-ARCEC-SILIKATe-scaled.webp 2215w, https:\/\/arcotec.com\/wp-content\/uploads\/2026\/03\/2020226-ARCEC-SILIKATe-260x300.webp 260w, https:\/\/arcotec.com\/wp-content\/uploads\/2026\/03\/2020226-ARCEC-SILIKATe-886x1024.webp 886w, https:\/\/arcotec.com\/wp-content\/uploads\/2026\/03\/2020226-ARCEC-SILIKATe-768x888.webp 768w, https:\/\/arcotec.com\/wp-content\/uploads\/2026\/03\/2020226-ARCEC-SILIKATe-1329x1536.webp 1329w, https:\/\/arcotec.com\/wp-content\/uploads\/2026\/03\/2020226-ARCEC-SILIKATe-1772x2048.webp 1772w, https:\/\/arcotec.com\/wp-content\/uploads\/2026\/03\/2020226-ARCEC-SILIKATe-600x693.webp 600w\" sizes=\"auto, (max-width: 2215px) 100vw, 2215px\" \/><\/figure>\n<\/div>\n<\/div>\n<\/div><\/div>\n\n\n\n<div style=\"height:100px\" aria-hidden=\"true\" class=\"wp-block-spacer\"><\/div>\n\n\n<div class=\"contact-banner-block\">    \r\n              <div class=\"container-fluid\" style=\"background-color: #008DD4 \">\r\n                        <div class=\"container\">                \r\n                           <div class=\"contact-banner-container\" >\r\n                           <div class=\"contact-banner-left\">\r\n                                 <p class=\"headline\">Le invitamos a contactarnos para una consulta gratuita.<\/p>\r\n                           <\/div>\r\n                          \r\n                           <div class=\"contact-banner-button\">\r\n                                <a class=\"wt-button\" href=\/es\/contacto\/>\r\n                                    <div class=\"wt-btn-outline\">\r\n                                        <span>Contacto<\/span>\r\n                                        <div class=\"wt-long-arrow-right\"><\/div>\r\n                                    <\/div>\r\n                                <\/a>\r\n                           <\/div>\r\n                                \r\n                           <\/div>\r\n                           <\/div>\r\n                        <\/div>\r\n                <\/div>\n\n\n<div style=\"height:100px\" aria-hidden=\"true\" class=\"wp-block-spacer\"><\/div>\n\n\n<div id=\"default-class\" class=\"headline-block default-class\">\r\n                        <div class=\"container\">     \r\n                            <div class=\"row\">\r\n                                <div class=\"col\">\r\n                                    <p  style=\"color: var(--arcot-black)\" class=\"wt-headline medium headline-p-big \">C\u00f3mo la silicatizaci\u00f3n posibilita una adherencia \u00f3ptima<\/p>\r\n                                <\/div>                                        \r\n                            <\/div>                         \r\n                                                        \r\n                        <\/div>                                \r\n                <\/div>\r\n            \n\n\n<div class=\"wp-block-group container\"><div class=\"wp-block-group__inner-container is-layout-constrained wp-block-group-is-layout-constrained\">\n<p>El silano se quema en el interior de la llama y se transforma en silicato (SiOx, x\u22482), formando una fina <strong>capa invisible<\/strong> de apenas unos nan\u00f3metros de grosor en la superficie a tratar. Esa capa aumenta la resistencia a largo plazo de la activaci\u00f3n. Asimismo, la capa de silicato evita la difusi\u00f3n del ox\u00edgeno y de la humedad, lo que puede impedir en gran medida la corrosi\u00f3n de los metales.<\/p>\n<\/div><\/div>\n\n\n\n<div style=\"height:10px\" aria-hidden=\"true\" class=\"wp-block-spacer\"><\/div>\n\n\n<div id=\"default-class\" class=\"headline-block default-class\">\r\n                        <div class=\"container\">     \r\n                            <div class=\"row\">\r\n                                <div class=\"col\">\r\n                                    <h2  style=\"color: var(--arcot-black)\" class=\"wt-headline medium  \">\u00bfCu\u00e1ndo conviene realizar una silicatizaci\u00f3n de las superficies?<\/h2>\r\n                                <\/div>                                        \r\n                            <\/div>                         \r\n                                                        \r\n                        <\/div>                                \r\n                <\/div>\r\n            \n\n\n<div class=\"wp-block-group container\"><div class=\"wp-block-group__inner-container is-layout-constrained wp-block-group-is-layout-constrained\">\n<p>Este procedimiento se utiliza especialmente cuando <strong>la adherencia debe satisfacer exigencias elevadas<\/strong> en las capas de acabado, p. ej., ofrecer resistencia a la humedad o protecci\u00f3n contra la corrosi\u00f3n. Su uso permite obtener buenos resultados en metales (p. ej., aluminio o cobre), vidrio e incluso en pl\u00e1sticos.<\/p>\n\n\n\n<p>En cada caso, al igual que con el flameado normal, es necesario determinar los <strong>ajustes \u00f3ptimos mediante la realizaci\u00f3n de ensayos<\/strong>. Para ello ponemos a su disposici\u00f3n nuestro <a href=\"https:\/\/arcotec.com\/es\/service-tecnico\/\">laboratorio<\/a>. Si lo prefiere, puede adquirir alguno de nuestros equipos de laboratorio para poder llevar a cabo ensayos r\u00e1pidos por su cuenta en cualquier momento. Asimismo, con las <a href=\"\/es\/sistemas-de-pretratamiento\/tintas-de-prueba\/\">tintas de prueba arcotest\u00ae<\/a> podr\u00e1 comprobar r\u00e1pidamente el resultado del tratamiento efectuado.<\/p>\n<\/div><\/div>\n\n\n\n<div style=\"height:30px\" aria-hidden=\"true\" class=\"wp-block-spacer\"><\/div>\n\n\n<div id=\"default-class\" class=\"headline-block default-class\">\r\n                        <div class=\"container\">     \r\n                            <div class=\"row\">\r\n                                <div class=\"col\">\r\n                                    <h2  style=\"color: var(--arcot-black)\" class=\"wt-headline medium  \">Uso de la silicatizaci\u00f3n de superficies en la pr\u00e1ctica<\/h2>\r\n                                <\/div>                                        \r\n                            <\/div>                         \r\n                                                        \r\n                        <\/div>                                \r\n                <\/div>\r\n            \n\n\n<div class=\"wp-block-group container\"><div class=\"wp-block-group__inner-container is-layout-constrained wp-block-group-is-layout-constrained\">\n<p>\u00bfEn qu\u00e9 casos concretos se utiliza el procedimiento de flameado con silano? <br>Como se ha indicado, se trata sobre todo de un procedimiento para el <strong>pretratamiento de sustratos met\u00e1licos y v\u00edtreos<\/strong>.<\/p>\n<\/div><\/div>\n\n\n\n<div style=\"height:200px\" aria-hidden=\"true\" class=\"wp-block-spacer\"><\/div>\n","protected":false},"excerpt":{"rendered":"<p>Para los requisitos de tensi\u00f3n superficial m\u00e1s elevados, con arcosil\u00ae le ofrecemos un m\u00e9todo de silicatizaci\u00f3n que proporciona una mejora \u00f3ptima y duradera de la humectabilidad y adherencia de las superficies. El m\u00e9todo de silicatizaci\u00f3n supone un perfeccionamiento del procedimiento de flameado. En \u00e9l, a la llama (originada por la mezcla de gas de combusti\u00f3n [&hellip;]<\/p>\n","protected":false},"author":1,"featured_media":0,"parent":1452,"menu_order":0,"comment_status":"closed","ping_status":"closed","template":"","meta":{"footnotes":""},"class_list":["post-1537","page","type-page","status-publish","hentry"],"yoast_head":"<!-- This site is optimized with the Yoast SEO plugin v27.3 - https:\/\/yoast.com\/product\/yoast-seo-wordpress\/ -->\n<title>Pretratamiento por silicatizaci\u00f3n eficaz Arcosil<\/title>\n<meta name=\"description\" content=\"La silicatizaci\u00f3n mejora considerablemente la adherencia en las superficies y las protege de la corrosi\u00f3n. \u27a4 \u00a1Inf\u00f3rmese ahora!\" \/>\n<meta name=\"robots\" content=\"index, follow, max-snippet:-1, max-image-preview:large, max-video-preview:-1\" \/>\n<link rel=\"canonical\" href=\"https:\/\/arcotec.com\/es\/sistemas-de-pretratamiento\/aplicacion-de-llama\/silicatizacion\/\" \/>\n<meta property=\"og:locale\" content=\"es_ES\" \/>\n<meta property=\"og:type\" content=\"article\" \/>\n<meta property=\"og:title\" content=\"Pretratamiento por silicatizaci\u00f3n eficaz Arcosil\" \/>\n<meta property=\"og:description\" content=\"La silicatizaci\u00f3n mejora considerablemente la adherencia en las superficies y las protege de la corrosi\u00f3n. \u27a4 \u00a1Inf\u00f3rmese ahora!\" \/>\n<meta property=\"og:url\" content=\"https:\/\/arcotec.com\/es\/sistemas-de-pretratamiento\/aplicacion-de-llama\/silicatizacion\/\" \/>\n<meta property=\"og:site_name\" content=\"arcotec\" \/>\n<meta property=\"article:modified_time\" content=\"2026-03-02T15:44:15+00:00\" \/>\n<meta property=\"og:image\" content=\"https:\/\/arcotec.com\/wp-content\/uploads\/2026\/03\/2020226-ARCEC-SILIKATe-scaled.webp\" \/>\n\t<meta property=\"og:image:width\" content=\"2215\" \/>\n\t<meta property=\"og:image:height\" content=\"2560\" \/>\n\t<meta property=\"og:image:type\" content=\"image\/webp\" \/>\n<meta name=\"twitter:card\" content=\"summary_large_image\" \/>\n<meta name=\"twitter:label1\" content=\"Tiempo de lectura\" \/>\n\t<meta name=\"twitter:data1\" content=\"2 minutos\" \/>\n<script type=\"application\/ld+json\" class=\"yoast-schema-graph\">{\"@context\":\"https:\\\/\\\/schema.org\",\"@graph\":[{\"@type\":\"WebPage\",\"@id\":\"https:\\\/\\\/arcotec.com\\\/es\\\/sistemas-de-pretratamiento\\\/aplicacion-de-llama\\\/silicatizacion\\\/\",\"url\":\"https:\\\/\\\/arcotec.com\\\/es\\\/sistemas-de-pretratamiento\\\/aplicacion-de-llama\\\/silicatizacion\\\/\",\"name\":\"Pretratamiento por silicatizaci\u00f3n eficaz Arcosil\",\"isPartOf\":{\"@id\":\"https:\\\/\\\/arcotec.com\\\/es\\\/#website\"},\"primaryImageOfPage\":{\"@id\":\"https:\\\/\\\/arcotec.com\\\/es\\\/sistemas-de-pretratamiento\\\/aplicacion-de-llama\\\/silicatizacion\\\/#primaryimage\"},\"image\":{\"@id\":\"https:\\\/\\\/arcotec.com\\\/es\\\/sistemas-de-pretratamiento\\\/aplicacion-de-llama\\\/silicatizacion\\\/#primaryimage\"},\"thumbnailUrl\":\"https:\\\/\\\/arcotec.com\\\/wp-content\\\/uploads\\\/2026\\\/03\\\/2020226-ARCEC-SILIKATe-scaled.webp\",\"datePublished\":\"2024-05-06T13:44:34+00:00\",\"dateModified\":\"2026-03-02T15:44:15+00:00\",\"description\":\"La silicatizaci\u00f3n mejora considerablemente la adherencia en las superficies y las protege de la corrosi\u00f3n. \u27a4 \u00a1Inf\u00f3rmese ahora!\",\"breadcrumb\":{\"@id\":\"https:\\\/\\\/arcotec.com\\\/es\\\/sistemas-de-pretratamiento\\\/aplicacion-de-llama\\\/silicatizacion\\\/#breadcrumb\"},\"inLanguage\":\"es\",\"potentialAction\":[{\"@type\":\"ReadAction\",\"target\":[\"https:\\\/\\\/arcotec.com\\\/es\\\/sistemas-de-pretratamiento\\\/aplicacion-de-llama\\\/silicatizacion\\\/\"]}]},{\"@type\":\"ImageObject\",\"inLanguage\":\"es\",\"@id\":\"https:\\\/\\\/arcotec.com\\\/es\\\/sistemas-de-pretratamiento\\\/aplicacion-de-llama\\\/silicatizacion\\\/#primaryimage\",\"url\":\"https:\\\/\\\/arcotec.com\\\/wp-content\\\/uploads\\\/2026\\\/03\\\/2020226-ARCEC-SILIKATe-scaled.webp\",\"contentUrl\":\"https:\\\/\\\/arcotec.com\\\/wp-content\\\/uploads\\\/2026\\\/03\\\/2020226-ARCEC-SILIKATe-scaled.webp\"},{\"@type\":\"BreadcrumbList\",\"@id\":\"https:\\\/\\\/arcotec.com\\\/es\\\/sistemas-de-pretratamiento\\\/aplicacion-de-llama\\\/silicatizacion\\\/#breadcrumb\",\"itemListElement\":[{\"@type\":\"ListItem\",\"position\":1,\"name\":\"Home\",\"item\":\"https:\\\/\\\/arcotec.com\\\/es\\\/\"},{\"@type\":\"ListItem\",\"position\":2,\"name\":\"Sistemas de pretratamiento\",\"item\":\"https:\\\/\\\/test.arcotec.com\\\/es\\\/sistemas-de-pretratamiento\\\/\"},{\"@type\":\"ListItem\",\"position\":3,\"name\":\"Aplicaci\u00f3n de llama\",\"item\":\"https:\\\/\\\/arcotec.com\\\/es\\\/sistemas-de-pretratamiento\\\/aplicacion-de-llama\\\/\"},{\"@type\":\"ListItem\",\"position\":4,\"name\":\"Silicatizaci\u00f3n\"}]},{\"@type\":\"WebSite\",\"@id\":\"https:\\\/\\\/arcotec.com\\\/es\\\/#website\",\"url\":\"https:\\\/\\\/arcotec.com\\\/es\\\/\",\"name\":\"arcotec\",\"description\":\"\",\"potentialAction\":[{\"@type\":\"SearchAction\",\"target\":{\"@type\":\"EntryPoint\",\"urlTemplate\":\"https:\\\/\\\/arcotec.com\\\/es\\\/?s={search_term_string}\"},\"query-input\":{\"@type\":\"PropertyValueSpecification\",\"valueRequired\":true,\"valueName\":\"search_term_string\"}}],\"inLanguage\":\"es\"}]}<\/script>\n<!-- \/ Yoast SEO plugin. -->","yoast_head_json":{"title":"Pretratamiento por silicatizaci\u00f3n eficaz Arcosil","description":"La silicatizaci\u00f3n mejora considerablemente la adherencia en las superficies y las protege de la corrosi\u00f3n. \u27a4 \u00a1Inf\u00f3rmese ahora!","robots":{"index":"index","follow":"follow","max-snippet":"max-snippet:-1","max-image-preview":"max-image-preview:large","max-video-preview":"max-video-preview:-1"},"canonical":"https:\/\/arcotec.com\/es\/sistemas-de-pretratamiento\/aplicacion-de-llama\/silicatizacion\/","og_locale":"es_ES","og_type":"article","og_title":"Pretratamiento por silicatizaci\u00f3n eficaz Arcosil","og_description":"La silicatizaci\u00f3n mejora considerablemente la adherencia en las superficies y las protege de la corrosi\u00f3n. \u27a4 \u00a1Inf\u00f3rmese ahora!","og_url":"https:\/\/arcotec.com\/es\/sistemas-de-pretratamiento\/aplicacion-de-llama\/silicatizacion\/","og_site_name":"arcotec","article_modified_time":"2026-03-02T15:44:15+00:00","og_image":[{"width":2215,"height":2560,"url":"https:\/\/arcotec.com\/wp-content\/uploads\/2026\/03\/2020226-ARCEC-SILIKATe-scaled.webp","type":"image\/webp"}],"twitter_card":"summary_large_image","twitter_misc":{"Tiempo de lectura":"2 minutos"},"schema":{"@context":"https:\/\/schema.org","@graph":[{"@type":"WebPage","@id":"https:\/\/arcotec.com\/es\/sistemas-de-pretratamiento\/aplicacion-de-llama\/silicatizacion\/","url":"https:\/\/arcotec.com\/es\/sistemas-de-pretratamiento\/aplicacion-de-llama\/silicatizacion\/","name":"Pretratamiento por silicatizaci\u00f3n eficaz Arcosil","isPartOf":{"@id":"https:\/\/arcotec.com\/es\/#website"},"primaryImageOfPage":{"@id":"https:\/\/arcotec.com\/es\/sistemas-de-pretratamiento\/aplicacion-de-llama\/silicatizacion\/#primaryimage"},"image":{"@id":"https:\/\/arcotec.com\/es\/sistemas-de-pretratamiento\/aplicacion-de-llama\/silicatizacion\/#primaryimage"},"thumbnailUrl":"https:\/\/arcotec.com\/wp-content\/uploads\/2026\/03\/2020226-ARCEC-SILIKATe-scaled.webp","datePublished":"2024-05-06T13:44:34+00:00","dateModified":"2026-03-02T15:44:15+00:00","description":"La silicatizaci\u00f3n mejora considerablemente la adherencia en las superficies y las protege de la corrosi\u00f3n. \u27a4 \u00a1Inf\u00f3rmese ahora!","breadcrumb":{"@id":"https:\/\/arcotec.com\/es\/sistemas-de-pretratamiento\/aplicacion-de-llama\/silicatizacion\/#breadcrumb"},"inLanguage":"es","potentialAction":[{"@type":"ReadAction","target":["https:\/\/arcotec.com\/es\/sistemas-de-pretratamiento\/aplicacion-de-llama\/silicatizacion\/"]}]},{"@type":"ImageObject","inLanguage":"es","@id":"https:\/\/arcotec.com\/es\/sistemas-de-pretratamiento\/aplicacion-de-llama\/silicatizacion\/#primaryimage","url":"https:\/\/arcotec.com\/wp-content\/uploads\/2026\/03\/2020226-ARCEC-SILIKATe-scaled.webp","contentUrl":"https:\/\/arcotec.com\/wp-content\/uploads\/2026\/03\/2020226-ARCEC-SILIKATe-scaled.webp"},{"@type":"BreadcrumbList","@id":"https:\/\/arcotec.com\/es\/sistemas-de-pretratamiento\/aplicacion-de-llama\/silicatizacion\/#breadcrumb","itemListElement":[{"@type":"ListItem","position":1,"name":"Home","item":"https:\/\/arcotec.com\/es\/"},{"@type":"ListItem","position":2,"name":"Sistemas de pretratamiento","item":"https:\/\/test.arcotec.com\/es\/sistemas-de-pretratamiento\/"},{"@type":"ListItem","position":3,"name":"Aplicaci\u00f3n de llama","item":"https:\/\/arcotec.com\/es\/sistemas-de-pretratamiento\/aplicacion-de-llama\/"},{"@type":"ListItem","position":4,"name":"Silicatizaci\u00f3n"}]},{"@type":"WebSite","@id":"https:\/\/arcotec.com\/es\/#website","url":"https:\/\/arcotec.com\/es\/","name":"arcotec","description":"","potentialAction":[{"@type":"SearchAction","target":{"@type":"EntryPoint","urlTemplate":"https:\/\/arcotec.com\/es\/?s={search_term_string}"},"query-input":{"@type":"PropertyValueSpecification","valueRequired":true,"valueName":"search_term_string"}}],"inLanguage":"es"}]}},"_links":{"self":[{"href":"https:\/\/arcotec.com\/es\/wp-json\/wp\/v2\/pages\/1537","targetHints":{"allow":["GET"]}}],"collection":[{"href":"https:\/\/arcotec.com\/es\/wp-json\/wp\/v2\/pages"}],"about":[{"href":"https:\/\/arcotec.com\/es\/wp-json\/wp\/v2\/types\/page"}],"author":[{"embeddable":true,"href":"https:\/\/arcotec.com\/es\/wp-json\/wp\/v2\/users\/1"}],"replies":[{"embeddable":true,"href":"https:\/\/arcotec.com\/es\/wp-json\/wp\/v2\/comments?post=1537"}],"version-history":[{"count":9,"href":"https:\/\/arcotec.com\/es\/wp-json\/wp\/v2\/pages\/1537\/revisions"}],"predecessor-version":[{"id":47591,"href":"https:\/\/arcotec.com\/es\/wp-json\/wp\/v2\/pages\/1537\/revisions\/47591"}],"up":[{"embeddable":true,"href":"https:\/\/arcotec.com\/es\/wp-json\/wp\/v2\/pages\/1452"}],"wp:attachment":[{"href":"https:\/\/arcotec.com\/es\/wp-json\/wp\/v2\/media?parent=1537"}],"curies":[{"name":"wp","href":"https:\/\/api.w.org\/{rel}","templated":true}]}}