{"id":1530,"date":"2024-05-06T15:40:46","date_gmt":"2024-05-06T13:40:46","guid":{"rendered":"https:\/\/test.arcotec.com\/?page_id=1530"},"modified":"2026-02-20T14:16:52","modified_gmt":"2026-02-20T13:16:52","slug":"generadores","status":"publish","type":"page","link":"https:\/\/arcotec.com\/es\/sistemas-de-pretratamiento\/coronaanlagen\/generadores\/","title":{"rendered":"Generadores"},"content":{"rendered":"\n<div style=\"height:25px\" aria-hidden=\"true\" class=\"wp-block-spacer\"><\/div>\n\n\n<div id=\"default-class\" class=\"headline-block default-class\">\r\n                        <div class=\"container\">     \r\n                            <div class=\"row\">\r\n                                <div class=\"col\">\r\n                                    <h1  style=\"color: var(--arcot-blue)\" class=\"wt-headline big  \">Generadores de efecto corona<\/h1>\r\n                                <\/div>                                        \r\n                            <\/div>                         \r\n                                                        \r\n                        <\/div>                                \r\n                <\/div>\r\n            \n\n<section id=\"\" class=\"text-block \">                \r\n                    <div class=\"container\">                        \r\n                                                \r\n                        <div class=\"row text\">\r\n                        <div class=\"col\">\r\n                            <div class=\"textBlock-text fs-16 fw-medium lh-26 text-block-html \">\r\n                                <p class=\"wp-block-wt-text-block\">Los generadores de efecto corona de Arcotec garantizan la&nbsp;<strong>activaci\u00f3n fiable y uniforme de las superficies<\/strong>&nbsp;de l\u00e1minas y piezas preformadas de pl\u00e1stico, metal y otros sustratos. Combin\u00e1ndolos con nuestras estaciones de tratamiento dise\u00f1adas a medida, obtendr\u00e1 soluciones optimizadas para cualquier caso de uso espec\u00edfico.<\/p>\n\r\n                            <\/div>\r\n                        <\/div>                                        \r\n                    <\/div>  \r\n                                              \r\n                    <\/div>                                \r\n            <\/section>\n\n\n<div style=\"height:15px\" aria-hidden=\"true\" class=\"wp-block-spacer\"><\/div>\n\n\n<div id=\"default-class\" class=\"headline-block default-class\">\r\n                        <div class=\"container\">     \r\n                            <div class=\"row\">\r\n                                <div class=\"col\">\r\n                                    <h2  style=\"color: var(--arcot-black)\" class=\"wt-headline medium  \">Generadores de efecto corona de alta frecuencia (AF) con contraelectrodo<\/h2>\r\n                                <\/div>                                        \r\n                            <\/div>                         \r\n                                                        \r\n                        <\/div>                                \r\n                <\/div>\r\n            \n\n\n<div class=\"wp-block-group container\"><div class=\"wp-block-group__inner-container is-layout-constrained wp-block-group-is-layout-constrained\">\n<div class=\"wp-block-columns is-layout-flex wp-container-core-columns-is-layout-9d6595d7 wp-block-columns-is-layout-flex\">\n<div class=\"wp-block-column is-layout-flow wp-block-column-is-layout-flow\" style=\"flex-basis:66.66%\">\n<div style=\"height:15px\" aria-hidden=\"true\" class=\"wp-block-spacer\"><\/div>\n\n\n<section id=\"\" class=\"text-block \">                \r\n                    <div class=\"container\">                        \r\n                                                \r\n                        <div class=\"row text\">\r\n                        <div class=\"col\">\r\n                            <div class=\"textBlock-text fs-16 fw-medium lh-26 text-block-html \">\r\n                                <p class=\"wp-block-wt-text-block\">Todos los generadores de efecto corona AF de Arcotec se fabrican utilizando una&nbsp;<strong>tecnolog\u00eda de semiconductores<\/strong>, lo cual aumenta su rendimiento considerablemente en comparaci\u00f3n con los aparatos de v\u00e1lvulas y, al mismo tiempo, reduce a un m\u00ednimo la radiaci\u00f3n parasitaria emitida.<\/p>\n\r\n                            <\/div>\r\n                        <\/div>                                        \r\n                    <\/div>  \r\n                                              \r\n                    <\/div>                                \r\n            <\/section>\n\n\n<div style=\"height:15px\" aria-hidden=\"true\" class=\"wp-block-spacer\"><\/div>\n\n\n<div id=\"default-class\" class=\"headline-block default-class\"> \r\n                        <h3 style=\"color: var(--arcot-black)\" class=\"wt-headline  \">Resumen de generadores de efecto corona de Arcotec<\/h3>                        \r\n                                                    \r\n                                                                           \r\n                <\/div>\n\n<section id=\"\" class=\"text-block \">                \r\n                    <div class=\"container\">                        \r\n                                                \r\n                        <div class=\"row text\">\r\n                        <div class=\"col\">\r\n                            <div class=\"textBlock-text fs-16 fw-medium lh-26 text-block-html \">\r\n                                <p class=\"wp-block-wt-text-block\">Gracias a su&nbsp;<strong>dise\u00f1o compacto<\/strong>, nuestros generadores de efecto corona son aptos para casi cualquier situaci\u00f3n de montaje. El indicador digital de potencia y el panel de mando intuitivo situados en la parte delantera de la carcasa hacen que su manejo sea sencillo y seguro. Como alternativa, es posible&nbsp;<strong>ajustar la potencia externamente<\/strong>&nbsp;a trav\u00e9s de un sistema de nivel superior. Para ello hay interfaces Ethernet y Profinet disponibles.<\/p>\n\r\n                            <\/div>\r\n                        <\/div>                                        \r\n                    <\/div>  \r\n                                              \r\n                    <\/div>                                \r\n            <\/section><\/div>\n\n\n\n<div class=\"wp-block-column is-layout-flow wp-block-column-is-layout-flow\" style=\"flex-basis:33.33%\"><div class=\"wp-block-image\">\n<figure class=\"aligncenter size-medium\"><img loading=\"lazy\" decoding=\"async\" width=\"300\" height=\"169\" src=\"https:\/\/arcotec.com\/wp-content\/uploads\/2024\/08\/corona-laboratory-unit-arcotec-300x169.jpg\" alt=\"Corona laboratory unit - Arcotec\" class=\"wp-image-2883\" srcset=\"https:\/\/arcotec.com\/wp-content\/uploads\/2024\/08\/corona-laboratory-unit-arcotec-300x169.jpg 300w, https:\/\/arcotec.com\/wp-content\/uploads\/2024\/08\/corona-laboratory-unit-arcotec-768x433.jpg 768w, https:\/\/arcotec.com\/wp-content\/uploads\/2024\/08\/corona-laboratory-unit-arcotec-600x338.jpg 600w, https:\/\/arcotec.com\/wp-content\/uploads\/2024\/08\/corona-laboratory-unit-arcotec.jpg 971w\" sizes=\"auto, (max-width: 300px) 100vw, 300px\" \/><\/figure>\n<\/div><\/div>\n<\/div>\n<\/div><\/div>\n\n\n\n<div style=\"height:30px\" aria-hidden=\"true\" class=\"wp-block-spacer\"><\/div>\n\n\n<div id=\"default-class\" class=\"headline-block default-class\">\r\n                        <div class=\"container\">     \r\n                                                     \r\n                            <div class=\"row\">\r\n                                <div class=\"col\">\r\n                                    <h3 style=\"color: var(--arcot-black)\" class=\"wt-subheadline  medium  \">Datos t\u00e9cnicos: generadores de efecto corona<\/h3>\r\n                                <\/div>                                        \r\n                            <\/div>                            \r\n                        <\/div>                                \r\n                <\/div>\r\n            \n\n\n<div style=\"height:15px\" aria-hidden=\"true\" class=\"wp-block-spacer\"><\/div>\n\n\n<section class=\"tab-table-block tab-table-block-id-69e77daeba613 \">\r\n                <div class=\"container\">\r\n                    <div class=\"accWrapper\">\r\n                        <div class=\"tab-content\" id=\"pills-tabContent\">\r\n                            <div class=\"tab-pane fade show active\" id=\"pills-1\" role=\"tabpanel\" aria-labelledby=\"pills-1-tab\">\r\n                                <div class=\"table-responsive\">\r\n                <table class=\"table design-table\">\r\n                    <thead class=\"table-style-1\"><tr><th>Aparato<\/th><th>Potencia<\/th><th>Suministro el\u00e9ctrico<\/th><th>Dimensiones en mm (An x Al x L)<\/th><\/tr><\/thead>\r\n                    <tbody>\r\n                        <tr><td>CG 06, CG 061<\/td><td>1000W<\/td><td>230 V\/monof\u00e1sico<\/td><td>470 \u00d7 210 \u00d7 530<\/td><\/tr><tr><td>CG 10<\/td><td>1000W<\/td><td>400 V\/bif\u00e1sico<\/td><td>470 \u00d7 210 \u00d7 530<\/td><\/tr><tr><td>CG 16, CG 20, CG 30, CG 40<\/td><td>1000W<\/td><td>400 V\/trif\u00e1sico<\/td><td>470 \u00d7 210 \u00d7 530<\/td><\/tr>\r\n                    <\/tbody>\r\n                <\/table>\r\n            <\/div>\r\n                            <\/div>\r\n                        <\/div>                        \r\n                    <\/div>                        \r\n                <\/div>                                            \r\n            <\/section>\n\n\n<div style=\"height:75px\" aria-hidden=\"true\" class=\"wp-block-spacer\"><\/div>\n\n\n<div class=\"contact-banner-block\">    \r\n              <div class=\"container-fluid\" style=\"background-color: #008DD4 \">\r\n                        <div class=\"container\">                \r\n                           <div class=\"contact-banner-container\" >\r\n                           <div class=\"contact-banner-left\">\r\n                                 <p class=\"headline\">Le invitamos a contactarnos para una consulta gratuita.<\/p>\r\n                           <\/div>\r\n                          \r\n                           <div class=\"contact-banner-button\">\r\n                                <a class=\"wt-button\" href=\/kontakt\/>\r\n                                    <div class=\"wt-btn-outline\">\r\n                                        <span>zum Kontakt<\/span>\r\n                                        <div class=\"wt-long-arrow-right\"><\/div>\r\n                                    <\/div>\r\n                                <\/a>\r\n                           <\/div>\r\n                                \r\n                           <\/div>\r\n                           <\/div>\r\n                        <\/div>\r\n                <\/div>\n\n\n<div style=\"height:75px\" aria-hidden=\"true\" class=\"wp-block-spacer\"><\/div>\n\n\n<div id=\"default-class\" class=\"headline-block default-class\">\r\n                        <div class=\"container\">     \r\n                            <div class=\"row\">\r\n                                <div class=\"col\">\r\n                                    <h2  style=\"color: var(--arcot-black)\" class=\"wt-headline medium  \">Generadores robustos de efecto corona para el tratamiento de superficies<\/h2>\r\n                                <\/div>                                        \r\n                            <\/div>                         \r\n                                                        \r\n                        <\/div>                                \r\n                <\/div>\r\n            \n\n<section id=\"\" class=\"text-block \">                \r\n                    <div class=\"container\">                        \r\n                                                \r\n                        <div class=\"row text\">\r\n                        <div class=\"col\">\r\n                            <div class=\"textBlock-text fs-16 fw-medium lh-26 text-block-html \">\r\n                                <p class=\"wp-block-wt-text-block\">Un&nbsp;<strong>generador potente y robusto<\/strong>&nbsp;es un componente indispensable en cualquier sistema de&nbsp;<a href=\"https:\/\/arcotec.com\/es\/sistemas-de-pretratamiento\/planta-corona\/\">pretratamiento por efecto corona<\/a>. Se utiliza para generar la alta tensi\u00f3n que se ha de trasladar al sustrato a trav\u00e9s de los electrodos. El efecto corona producido en la&nbsp;<strong>zona de descarga<\/strong>&nbsp;provoca la rotura de las cadenas moleculares de las superficies no polares, lo que hace que las capas de acabado puedan adherirse mejor a ellas.<\/p>\n<p>Este m\u00e9todo se utiliza principalmente para tratar&nbsp;<strong>sustratos finos<\/strong>&nbsp;como l\u00e1minas, etiquetas o material para envases tubulares o vasos sint\u00e9ticos, aunque un equipo de efecto corona tambi\u00e9n puede emplearse para el tratamiento de planchas y piezas preformadas de cualquier tipo.<\/p>\n\r\n                            <\/div>\r\n                        <\/div>                                        \r\n                    <\/div>  \r\n                                              \r\n                    <\/div>                                \r\n            <\/section>\n\n\n<div style=\"height:40px\" aria-hidden=\"true\" class=\"wp-block-spacer\"><\/div>\n\n\n<section id=\"\" class=\"text-block \">                \r\n                    <div class=\"container\">                        \r\n                        <div class=\"row\">                                        \r\n                        <div class=\"col\">\r\n                            <h3 class=\"textBlock-headline upper wt-font-color-black left  left \">Generadores de efecto corona para el tratamiento de sustratos finos<\/h3>\r\n                        <\/div>                                        \r\n                    <\/div>                        \r\n                        <div class=\"row text\">\r\n                        <div class=\"col\">\r\n                            <div class=\"textBlock-text fs-16 fw-medium lh-26 text-block-html \">\r\n                                <p class=\"wp-block-wt-text-block\">Los sustratos de bajo espesor son muy propensos a los da\u00f1os por&nbsp;<strong>fluctuaciones de la tensi\u00f3n<\/strong>, ya que estas provocan la formaci\u00f3n de un plasma heterog\u00e9neo que produce malos resultados en el tratamiento de superficies. En el peor de los casos, el sustrato puede incluso resultar da\u00f1ado.<\/p>\n<p>Los generadores de efecto corona de Arcotec ayudan a evitar tales problemas. Sus ciclos de alta frecuencia generan un&nbsp;<strong>plasma homog\u00e9neo de alta tensi\u00f3n<\/strong>&nbsp;que garantiza la activaci\u00f3n uniforme de la superficie del sustrato sin provocar ning\u00fan da\u00f1o.<\/p>\n\r\n                            <\/div>\r\n                        <\/div>                                        \r\n                    <\/div>  \r\n                                              \r\n                    <\/div>                                \r\n            <\/section>\n\n\n<div style=\"height:40px\" aria-hidden=\"true\" class=\"wp-block-spacer\"><\/div>\n\n\n<section id=\"\" class=\"text-block \">                \r\n                    <div class=\"container\">                        \r\n                        <div class=\"row\">                                        \r\n                        <div class=\"col\">\r\n                            <h3 class=\"textBlock-headline upper wt-font-color-black left  left \">Los potentes generadores de efecto corona posibilitan velocidades de tratamiento elevadas<\/h3>\r\n                        <\/div>                                        \r\n                    <\/div>                        \r\n                        <div class=\"row text\">\r\n                        <div class=\"col\">\r\n                            <div class=\"textBlock-text fs-16 fw-medium lh-26 text-block-html \">\r\n                                <p class=\"wp-block-wt-text-block\">Un generador potente es un requisito indispensable para lograr una activaci\u00f3n fiable de las superficies, incluso a una&nbsp;<strong>alta velocidad de tratamiento<\/strong>. La velocidad elevada del tratamiento&nbsp;<strong>no ralentiza el proceso de producci\u00f3n<\/strong>&nbsp;propiamente dicho. Esta es una ventaja m\u00e1s del&nbsp;<a href=\"https:\/\/arcotec.com\/es\/sistemas-de-pretratamiento\/planta-corona\/\">tratamiento por efecto corona<\/a>&nbsp;frente a los procedimientos qu\u00edmicos, en los que el secado requiere un periodo de tiempo adicional.<\/p>\n\r\n                            <\/div>\r\n                        <\/div>                                        \r\n                    <\/div>  \r\n                                              \r\n                    <\/div>                                \r\n            <\/section>\n\n\n<div style=\"height:100px\" aria-hidden=\"true\" class=\"wp-block-spacer\"><\/div>\n","protected":false},"excerpt":{"rendered":"","protected":false},"author":1,"featured_media":0,"parent":1414,"menu_order":0,"comment_status":"closed","ping_status":"closed","template":"","meta":{"footnotes":""},"class_list":["post-1530","page","type-page","status-publish","hentry"],"yoast_head":"<!-- This site is optimized with the Yoast SEO plugin v27.3 - https:\/\/yoast.com\/product\/yoast-seo-wordpress\/ -->\n<title>Generadores para semiconductores - Arcotec<\/title>\n<meta name=\"description\" content=\"Los generadores con interfaz para m\u00e1quinas y ajuste de potencia externo se distinguen en el suministro energ\u00e9tico de nuestros sistemas de pretratamiento de superficies.\" \/>\n<meta name=\"robots\" content=\"index, follow, max-snippet:-1, max-image-preview:large, max-video-preview:-1\" \/>\n<link rel=\"canonical\" href=\"https:\/\/arcotec.com\/es\/sistemas-de-pretratamiento\/coronaanlagen\/generadores\/\" \/>\n<meta property=\"og:locale\" content=\"es_ES\" \/>\n<meta property=\"og:type\" content=\"article\" \/>\n<meta property=\"og:title\" content=\"Generadores para semiconductores - Arcotec\" \/>\n<meta property=\"og:description\" content=\"Los generadores con interfaz para m\u00e1quinas y ajuste de potencia externo se distinguen en el suministro energ\u00e9tico de nuestros sistemas de pretratamiento de superficies.\" \/>\n<meta property=\"og:url\" content=\"https:\/\/arcotec.com\/es\/sistemas-de-pretratamiento\/coronaanlagen\/generadores\/\" \/>\n<meta property=\"og:site_name\" content=\"arcotec\" \/>\n<meta property=\"article:modified_time\" content=\"2026-02-20T13:16:52+00:00\" \/>\n<meta property=\"og:image\" content=\"https:\/\/arcotec.com\/wp-content\/uploads\/2024\/08\/corona-laboratory-unit-arcotec.jpg\" \/>\n\t<meta property=\"og:image:width\" content=\"971\" \/>\n\t<meta property=\"og:image:height\" content=\"547\" \/>\n\t<meta property=\"og:image:type\" content=\"image\/jpeg\" \/>\n<meta name=\"twitter:card\" content=\"summary_large_image\" \/>\n<meta name=\"twitter:label1\" content=\"Tiempo de lectura\" \/>\n\t<meta name=\"twitter:data1\" content=\"3 minutos\" \/>\n<script type=\"application\/ld+json\" class=\"yoast-schema-graph\">{\"@context\":\"https:\\\/\\\/schema.org\",\"@graph\":[{\"@type\":\"WebPage\",\"@id\":\"https:\\\/\\\/arcotec.com\\\/es\\\/sistemas-de-pretratamiento\\\/coronaanlagen\\\/generadores\\\/\",\"url\":\"https:\\\/\\\/arcotec.com\\\/es\\\/sistemas-de-pretratamiento\\\/coronaanlagen\\\/generadores\\\/\",\"name\":\"Generadores para semiconductores - Arcotec\",\"isPartOf\":{\"@id\":\"https:\\\/\\\/arcotec.com\\\/es\\\/#website\"},\"primaryImageOfPage\":{\"@id\":\"https:\\\/\\\/arcotec.com\\\/es\\\/sistemas-de-pretratamiento\\\/coronaanlagen\\\/generadores\\\/#primaryimage\"},\"image\":{\"@id\":\"https:\\\/\\\/arcotec.com\\\/es\\\/sistemas-de-pretratamiento\\\/coronaanlagen\\\/generadores\\\/#primaryimage\"},\"thumbnailUrl\":\"https:\\\/\\\/arcotec.com\\\/wp-content\\\/uploads\\\/2024\\\/08\\\/corona-laboratory-unit-arcotec-300x169.jpg\",\"datePublished\":\"2024-05-06T13:40:46+00:00\",\"dateModified\":\"2026-02-20T13:16:52+00:00\",\"description\":\"Los generadores con interfaz para m\u00e1quinas y ajuste de potencia externo se distinguen en el suministro energ\u00e9tico de nuestros sistemas de pretratamiento de superficies.\",\"breadcrumb\":{\"@id\":\"https:\\\/\\\/arcotec.com\\\/es\\\/sistemas-de-pretratamiento\\\/coronaanlagen\\\/generadores\\\/#breadcrumb\"},\"inLanguage\":\"es\",\"potentialAction\":[{\"@type\":\"ReadAction\",\"target\":[\"https:\\\/\\\/arcotec.com\\\/es\\\/sistemas-de-pretratamiento\\\/coronaanlagen\\\/generadores\\\/\"]}]},{\"@type\":\"ImageObject\",\"inLanguage\":\"es\",\"@id\":\"https:\\\/\\\/arcotec.com\\\/es\\\/sistemas-de-pretratamiento\\\/coronaanlagen\\\/generadores\\\/#primaryimage\",\"url\":\"https:\\\/\\\/arcotec.com\\\/wp-content\\\/uploads\\\/2024\\\/08\\\/corona-laboratory-unit-arcotec-300x169.jpg\",\"contentUrl\":\"https:\\\/\\\/arcotec.com\\\/wp-content\\\/uploads\\\/2024\\\/08\\\/corona-laboratory-unit-arcotec-300x169.jpg\"},{\"@type\":\"BreadcrumbList\",\"@id\":\"https:\\\/\\\/arcotec.com\\\/es\\\/sistemas-de-pretratamiento\\\/coronaanlagen\\\/generadores\\\/#breadcrumb\",\"itemListElement\":[{\"@type\":\"ListItem\",\"position\":1,\"name\":\"Home\",\"item\":\"https:\\\/\\\/arcotec.com\\\/es\\\/\"},{\"@type\":\"ListItem\",\"position\":2,\"name\":\"Sistemas de pretratamiento\",\"item\":\"https:\\\/\\\/test.arcotec.com\\\/es\\\/sistemas-de-pretratamiento\\\/\"},{\"@type\":\"ListItem\",\"position\":3,\"name\":\"Planta corona\",\"item\":\"https:\\\/\\\/test.arcotec.com\\\/es\\\/sistemas-de-pretratamiento\\\/coronaanlagen\\\/\"},{\"@type\":\"ListItem\",\"position\":4,\"name\":\"Generadores\"}]},{\"@type\":\"WebSite\",\"@id\":\"https:\\\/\\\/arcotec.com\\\/es\\\/#website\",\"url\":\"https:\\\/\\\/arcotec.com\\\/es\\\/\",\"name\":\"arcotec\",\"description\":\"\",\"potentialAction\":[{\"@type\":\"SearchAction\",\"target\":{\"@type\":\"EntryPoint\",\"urlTemplate\":\"https:\\\/\\\/arcotec.com\\\/es\\\/?s={search_term_string}\"},\"query-input\":{\"@type\":\"PropertyValueSpecification\",\"valueRequired\":true,\"valueName\":\"search_term_string\"}}],\"inLanguage\":\"es\"}]}<\/script>\n<!-- \/ Yoast SEO plugin. -->","yoast_head_json":{"title":"Generadores para semiconductores - Arcotec","description":"Los generadores con interfaz para m\u00e1quinas y ajuste de potencia externo se distinguen en el suministro energ\u00e9tico de nuestros sistemas de pretratamiento de superficies.","robots":{"index":"index","follow":"follow","max-snippet":"max-snippet:-1","max-image-preview":"max-image-preview:large","max-video-preview":"max-video-preview:-1"},"canonical":"https:\/\/arcotec.com\/es\/sistemas-de-pretratamiento\/coronaanlagen\/generadores\/","og_locale":"es_ES","og_type":"article","og_title":"Generadores para semiconductores - Arcotec","og_description":"Los generadores con interfaz para m\u00e1quinas y ajuste de potencia externo se distinguen en el suministro energ\u00e9tico de nuestros sistemas de pretratamiento de superficies.","og_url":"https:\/\/arcotec.com\/es\/sistemas-de-pretratamiento\/coronaanlagen\/generadores\/","og_site_name":"arcotec","article_modified_time":"2026-02-20T13:16:52+00:00","og_image":[{"width":971,"height":547,"url":"https:\/\/arcotec.com\/wp-content\/uploads\/2024\/08\/corona-laboratory-unit-arcotec.jpg","type":"image\/jpeg"}],"twitter_card":"summary_large_image","twitter_misc":{"Tiempo de lectura":"3 minutos"},"schema":{"@context":"https:\/\/schema.org","@graph":[{"@type":"WebPage","@id":"https:\/\/arcotec.com\/es\/sistemas-de-pretratamiento\/coronaanlagen\/generadores\/","url":"https:\/\/arcotec.com\/es\/sistemas-de-pretratamiento\/coronaanlagen\/generadores\/","name":"Generadores para semiconductores - Arcotec","isPartOf":{"@id":"https:\/\/arcotec.com\/es\/#website"},"primaryImageOfPage":{"@id":"https:\/\/arcotec.com\/es\/sistemas-de-pretratamiento\/coronaanlagen\/generadores\/#primaryimage"},"image":{"@id":"https:\/\/arcotec.com\/es\/sistemas-de-pretratamiento\/coronaanlagen\/generadores\/#primaryimage"},"thumbnailUrl":"https:\/\/arcotec.com\/wp-content\/uploads\/2024\/08\/corona-laboratory-unit-arcotec-300x169.jpg","datePublished":"2024-05-06T13:40:46+00:00","dateModified":"2026-02-20T13:16:52+00:00","description":"Los generadores con interfaz para m\u00e1quinas y ajuste de potencia externo se distinguen en el suministro energ\u00e9tico de nuestros sistemas de pretratamiento de superficies.","breadcrumb":{"@id":"https:\/\/arcotec.com\/es\/sistemas-de-pretratamiento\/coronaanlagen\/generadores\/#breadcrumb"},"inLanguage":"es","potentialAction":[{"@type":"ReadAction","target":["https:\/\/arcotec.com\/es\/sistemas-de-pretratamiento\/coronaanlagen\/generadores\/"]}]},{"@type":"ImageObject","inLanguage":"es","@id":"https:\/\/arcotec.com\/es\/sistemas-de-pretratamiento\/coronaanlagen\/generadores\/#primaryimage","url":"https:\/\/arcotec.com\/wp-content\/uploads\/2024\/08\/corona-laboratory-unit-arcotec-300x169.jpg","contentUrl":"https:\/\/arcotec.com\/wp-content\/uploads\/2024\/08\/corona-laboratory-unit-arcotec-300x169.jpg"},{"@type":"BreadcrumbList","@id":"https:\/\/arcotec.com\/es\/sistemas-de-pretratamiento\/coronaanlagen\/generadores\/#breadcrumb","itemListElement":[{"@type":"ListItem","position":1,"name":"Home","item":"https:\/\/arcotec.com\/es\/"},{"@type":"ListItem","position":2,"name":"Sistemas de pretratamiento","item":"https:\/\/test.arcotec.com\/es\/sistemas-de-pretratamiento\/"},{"@type":"ListItem","position":3,"name":"Planta corona","item":"https:\/\/test.arcotec.com\/es\/sistemas-de-pretratamiento\/coronaanlagen\/"},{"@type":"ListItem","position":4,"name":"Generadores"}]},{"@type":"WebSite","@id":"https:\/\/arcotec.com\/es\/#website","url":"https:\/\/arcotec.com\/es\/","name":"arcotec","description":"","potentialAction":[{"@type":"SearchAction","target":{"@type":"EntryPoint","urlTemplate":"https:\/\/arcotec.com\/es\/?s={search_term_string}"},"query-input":{"@type":"PropertyValueSpecification","valueRequired":true,"valueName":"search_term_string"}}],"inLanguage":"es"}]}},"_links":{"self":[{"href":"https:\/\/arcotec.com\/es\/wp-json\/wp\/v2\/pages\/1530","targetHints":{"allow":["GET"]}}],"collection":[{"href":"https:\/\/arcotec.com\/es\/wp-json\/wp\/v2\/pages"}],"about":[{"href":"https:\/\/arcotec.com\/es\/wp-json\/wp\/v2\/types\/page"}],"author":[{"embeddable":true,"href":"https:\/\/arcotec.com\/es\/wp-json\/wp\/v2\/users\/1"}],"replies":[{"embeddable":true,"href":"https:\/\/arcotec.com\/es\/wp-json\/wp\/v2\/comments?post=1530"}],"version-history":[{"count":6,"href":"https:\/\/arcotec.com\/es\/wp-json\/wp\/v2\/pages\/1530\/revisions"}],"predecessor-version":[{"id":47462,"href":"https:\/\/arcotec.com\/es\/wp-json\/wp\/v2\/pages\/1530\/revisions\/47462"}],"up":[{"embeddable":true,"href":"https:\/\/arcotec.com\/es\/wp-json\/wp\/v2\/pages\/1414"}],"wp:attachment":[{"href":"https:\/\/arcotec.com\/es\/wp-json\/wp\/v2\/media?parent=1530"}],"curies":[{"name":"wp","href":"https:\/\/api.w.org\/{rel}","templated":true}]}}