{"id":1521,"date":"2024-05-06T15:27:23","date_gmt":"2024-05-06T13:27:23","guid":{"rendered":"https:\/\/test.arcotec.com\/?page_id=1521"},"modified":"2024-09-02T14:36:49","modified_gmt":"2024-09-02T12:36:49","slug":"empresa","status":"publish","type":"page","link":"https:\/\/arcotec.com\/es\/empresa\/","title":{"rendered":"Empresa"},"content":{"rendered":"\n<div style=\"height:25px\" aria-hidden=\"true\" class=\"wp-block-spacer\"><\/div>\n\n\n<div id=\"default-class\" class=\"headline-block default-class\">\r\n                        <div class=\"container\">     \r\n                            <div class=\"row\">\r\n                                <div class=\"col\">\r\n                                    <h1  style=\"color: var(--arcot-blue)\" class=\"wt-headline   \">Historia de la empresa<\/h1>\r\n                                <\/div>                                        \r\n                            <\/div>                         \r\n                                                        \r\n                        <\/div>                                \r\n                <\/div>\r\n            \n\n\n<div style=\"height:20px\" aria-hidden=\"true\" class=\"wp-block-spacer\"><\/div>\n\n\n\n<div class=\"wp-block-group container\"><div class=\"wp-block-group__inner-container is-layout-constrained wp-block-group-is-layout-constrained\">\n<div class=\"wp-block-columns is-layout-flex wp-container-core-columns-is-layout-9d6595d7 wp-block-columns-is-layout-flex\">\n<div class=\"wp-block-column is-layout-flow wp-block-column-is-layout-flow\" style=\"flex-basis:33.33%\">\n<figure class=\"wp-block-image size-full\"><img loading=\"lazy\" decoding=\"async\" width=\"540\" height=\"308\" src=\"https:\/\/arcotec.com\/wp-content\/uploads\/2024\/07\/arcotec-building.jpg\" alt=\"Arcotec Geb\u00e4ude\" class=\"wp-image-2378\" srcset=\"https:\/\/arcotec.com\/wp-content\/uploads\/2024\/07\/arcotec-building.jpg 540w, https:\/\/arcotec.com\/wp-content\/uploads\/2024\/07\/arcotec-building-300x171.jpg 300w\" sizes=\"auto, (max-width: 540px) 100vw, 540px\" \/><\/figure>\n<\/div>\n\n\n\n<div class=\"wp-block-column is-layout-flow wp-block-column-is-layout-flow\" style=\"flex-basis:66.66%\"><section id=\"\" class=\"text-block \">                \r\n                    <div class=\"container\">                        \r\n                        <div class=\"row\">                                        \r\n                        <div class=\"col\">\r\n                            <h2 class=\"textBlock-headline upper wt-font-color-black left  left \">2019<\/h2>\r\n                        <\/div>                                        \r\n                    <\/div>                        \r\n                        <div class=\"row text\">\r\n                        <div class=\"col\">\r\n                            <div class=\"textBlock-text fs-16 fw-medium lh-26 text-block-html \">\r\n                                <p class=\"wp-block-wt-text-block\">Arcotec GmbH continua hoy con su \u00e9xito con m\u00e1s de 45 a\u00f1os de experiencia y como fabricante exclusivo de los tres m\u00e9todos de pretratameinto f\u00edsico a presi\u00f3n atmosf\u00e9rica (corona, plasma, llama). Las m\u00e1s de 25.000 instalaciones de pretratamiento Arcotec utilizadas en todo el mundo son la acreditaci\u00f3n de nuestra elevada calidad permanente y de nuestra experiencia \u00fanica en el campo del pretratameinto de superficies.<\/p>\n\r\n                            <\/div>\r\n                        <\/div>                                        \r\n                    <\/div>  \r\n                                              \r\n                    <\/div>                                \r\n            <\/section><\/div>\n<\/div>\n\n\n\n<div style=\"height:15px\" aria-hidden=\"true\" class=\"wp-block-spacer\"><\/div>\n\n\n\n<div class=\"wp-block-columns is-layout-flex wp-container-core-columns-is-layout-9d6595d7 wp-block-columns-is-layout-flex\">\n<div class=\"wp-block-column is-layout-flow wp-block-column-is-layout-flow\" style=\"flex-basis:33.33%\">\n<figure class=\"wp-block-image size-full\"><img loading=\"lazy\" decoding=\"async\" width=\"700\" height=\"400\" src=\"https:\/\/arcotec.com\/wp-content\/uploads\/2024\/07\/plasma-arcospot-arcotec.jpg\" alt=\"Plasma arcospot | Arcotec\" class=\"wp-image-1596\" srcset=\"https:\/\/arcotec.com\/wp-content\/uploads\/2024\/07\/plasma-arcospot-arcotec.jpg 700w, https:\/\/arcotec.com\/wp-content\/uploads\/2024\/07\/plasma-arcospot-arcotec-300x171.jpg 300w, https:\/\/arcotec.com\/wp-content\/uploads\/2024\/07\/plasma-arcospot-arcotec-600x343.jpg 600w\" sizes=\"auto, (max-width: 700px) 100vw, 700px\" \/><\/figure>\n<\/div>\n\n\n\n<div class=\"wp-block-column is-layout-flow wp-block-column-is-layout-flow\" style=\"flex-basis:66.66%\"><section id=\"\" class=\"text-block \">                \r\n                    <div class=\"container\">                        \r\n                        <div class=\"row\">                                        \r\n                        <div class=\"col\">\r\n                            <h2 class=\"textBlock-headline upper wt-font-color-black left  left \">1997<\/h2>\r\n                        <\/div>                                        \r\n                    <\/div>                        \r\n                        <div class=\"row text\">\r\n                        <div class=\"col\">\r\n                            <div class=\"textBlock-text fs-16 fw-medium lh-26 text-block-html \">\r\n                                <p class=\"wp-block-wt-text-block\">Introducci\u00f3n del equipo de plasma atmosf\u00e9rico (Arcospot\u00ae), que despide una descarga de chispas de alta energ\u00eda. Mediante la introducci\u00f3n de los equipos de plasma atmosf\u00e9rico se abri\u00f3 especialmente el mercado de materiales de dif\u00edcil tratamiento con un avance veloz.<\/p>\n\r\n                            <\/div>\r\n                        <\/div>                                        \r\n                    <\/div>  \r\n                                              \r\n                    <\/div>                                \r\n            <\/section><\/div>\n<\/div>\n\n\n\n<div style=\"height:15px\" aria-hidden=\"true\" class=\"wp-block-spacer\"><\/div>\n\n\n\n<div class=\"wp-block-columns is-layout-flex wp-container-core-columns-is-layout-9d6595d7 wp-block-columns-is-layout-flex\">\n<div class=\"wp-block-column is-layout-flow wp-block-column-is-layout-flow\" style=\"flex-basis:33.33%\">\n<figure class=\"wp-block-image size-full\"><img loading=\"lazy\" decoding=\"async\" width=\"700\" height=\"400\" src=\"https:\/\/arcotec.com\/wp-content\/uploads\/2024\/07\/flamme-arcogas-arcotec.jpg\" alt=\"Flamme arcogas | Arcotec\" class=\"wp-image-1588\" srcset=\"https:\/\/arcotec.com\/wp-content\/uploads\/2024\/07\/flamme-arcogas-arcotec.jpg 700w, https:\/\/arcotec.com\/wp-content\/uploads\/2024\/07\/flamme-arcogas-arcotec-300x171.jpg 300w, https:\/\/arcotec.com\/wp-content\/uploads\/2024\/07\/flamme-arcogas-arcotec-600x343.jpg 600w\" sizes=\"auto, (max-width: 700px) 100vw, 700px\" \/><\/figure>\n<\/div>\n\n\n\n<div class=\"wp-block-column is-layout-flow wp-block-column-is-layout-flow\" style=\"flex-basis:66.66%\"><section id=\"\" class=\"text-block \">                \r\n                    <div class=\"container\">                        \r\n                        <div class=\"row\">                                        \r\n                        <div class=\"col\">\r\n                            <h2 class=\"textBlock-headline upper wt-font-color-black left  left \">1991<\/h2>\r\n                        <\/div>                                        \r\n                    <\/div>                        \r\n                        <div class=\"row text\">\r\n                        <div class=\"col\">\r\n                            <div class=\"textBlock-text fs-16 fw-medium lh-26 text-block-html \">\r\n                                <p class=\"wp-block-wt-text-block\">Se introduce otro principio f\u00edsico de tratamiento, el \u201ctratamiento por llama\u201d.<\/p>\n\r\n                            <\/div>\r\n                        <\/div>                                        \r\n                    <\/div>  \r\n                                              \r\n                    <\/div>                                \r\n            <\/section><\/div>\n<\/div>\n\n\n\n<div style=\"height:15px\" aria-hidden=\"true\" class=\"wp-block-spacer\"><\/div>\n\n\n\n<div class=\"wp-block-columns is-layout-flex wp-container-core-columns-is-layout-9d6595d7 wp-block-columns-is-layout-flex\">\n<div class=\"wp-block-column is-layout-flow wp-block-column-is-layout-flow\" style=\"flex-basis:33.33%\"><div class=\"wp-block-image\">\n<figure class=\"aligncenter size-medium\"><img loading=\"lazy\" decoding=\"async\" width=\"300\" height=\"200\" src=\"https:\/\/arcotec.com\/wp-content\/uploads\/2024\/07\/arcotec-300x200.webp\" alt=\"Arcotec Logo\" class=\"wp-image-1688\" srcset=\"https:\/\/arcotec.com\/wp-content\/uploads\/2024\/07\/arcotec-300x200.webp 300w, https:\/\/arcotec.com\/wp-content\/uploads\/2024\/07\/arcotec-1024x683.webp 1024w, https:\/\/arcotec.com\/wp-content\/uploads\/2024\/07\/arcotec-768x512.webp 768w, https:\/\/arcotec.com\/wp-content\/uploads\/2024\/07\/arcotec-1536x1025.webp 1536w, https:\/\/arcotec.com\/wp-content\/uploads\/2024\/07\/arcotec-600x400.webp 600w, https:\/\/arcotec.com\/wp-content\/uploads\/2024\/07\/arcotec.webp 1776w\" sizes=\"auto, (max-width: 300px) 100vw, 300px\" \/><\/figure>\n<\/div><\/div>\n\n\n\n<div class=\"wp-block-column is-layout-flow wp-block-column-is-layout-flow\" style=\"flex-basis:66.66%\"><section id=\"\" class=\"text-block \">                \r\n                    <div class=\"container\">                        \r\n                        <div class=\"row\">                                        \r\n                        <div class=\"col\">\r\n                            <h2 class=\"textBlock-headline upper wt-font-color-black left  left \">1985<\/h2>\r\n                        <\/div>                                        \r\n                    <\/div>                        \r\n                        <div class=\"row text\">\r\n                        <div class=\"col\">\r\n                            <div class=\"textBlock-text fs-16 fw-medium lh-26 text-block-html \">\r\n                                <p class=\"wp-block-wt-text-block\">Se funda Arcotec GmbH.<\/p>\n\r\n                            <\/div>\r\n                        <\/div>                                        \r\n                    <\/div>  \r\n                                              \r\n                    <\/div>                                \r\n            <\/section><\/div>\n<\/div>\n\n\n\n<div style=\"height:15px\" aria-hidden=\"true\" class=\"wp-block-spacer\"><\/div>\n\n\n\n<div class=\"wp-block-columns is-layout-flex wp-container-core-columns-is-layout-9d6595d7 wp-block-columns-is-layout-flex\">\n<div class=\"wp-block-column is-layout-flow wp-block-column-is-layout-flow\" style=\"flex-basis:33.33%\">\n<figure class=\"wp-block-image size-full\"><img loading=\"lazy\" decoding=\"async\" width=\"700\" height=\"400\" src=\"https:\/\/arcotec.com\/wp-content\/uploads\/2024\/07\/plasma-arcojet-arcotec.jpg\" alt=\"Plasma arcojet | Arcotec\" class=\"wp-image-1592\" srcset=\"https:\/\/arcotec.com\/wp-content\/uploads\/2024\/07\/plasma-arcojet-arcotec.jpg 700w, https:\/\/arcotec.com\/wp-content\/uploads\/2024\/07\/plasma-arcojet-arcotec-300x171.jpg 300w, https:\/\/arcotec.com\/wp-content\/uploads\/2024\/07\/plasma-arcojet-arcotec-600x343.jpg 600w\" sizes=\"auto, (max-width: 700px) 100vw, 700px\" \/><\/figure>\n<\/div>\n\n\n\n<div class=\"wp-block-column is-layout-flow wp-block-column-is-layout-flow\" style=\"flex-basis:66.66%\"><section id=\"\" class=\"text-block \">                \r\n                    <div class=\"container\">                        \r\n                        <div class=\"row\">                                        \r\n                        <div class=\"col\">\r\n                            <h2 class=\"textBlock-headline upper wt-font-color-black left  left \">1976<\/h2>\r\n                        <\/div>                                        \r\n                    <\/div>                        \r\n                        <div class=\"row text\">\r\n                        <div class=\"col\">\r\n                            <div class=\"textBlock-text fs-16 fw-medium lh-26 text-block-html \">\r\n                                <p class=\"wp-block-wt-text-block\">Desarrollo e implantaci\u00f3n del primer equipo de plasma a nivel mundial con electrodos de chorro libre (Arcojet\u00ae) para el tratamiento de piezas mecanizadas de pl\u00e1stico; este funciona mediante un plasma el\u00e9ctrico.<\/p>\n\r\n                            <\/div>\r\n                        <\/div>                                        \r\n                    <\/div>  \r\n                                              \r\n                    <\/div>                                \r\n            <\/section><\/div>\n<\/div>\n\n\n\n<div style=\"height:15px\" aria-hidden=\"true\" class=\"wp-block-spacer\"><\/div>\n\n\n\n<div class=\"wp-block-columns is-layout-flex wp-container-core-columns-is-layout-9d6595d7 wp-block-columns-is-layout-flex\">\n<div class=\"wp-block-column is-layout-flow wp-block-column-is-layout-flow\" style=\"flex-basis:33.33%\">\n<figure class=\"wp-block-image size-full\"><img loading=\"lazy\" decoding=\"async\" width=\"700\" height=\"400\" src=\"https:\/\/arcotec.com\/wp-content\/uploads\/2024\/07\/corona-treatment-graphic-arcotec.jpg\" alt=\"Corona treatment graphic | Arcotec\" class=\"wp-image-1584\" srcset=\"https:\/\/arcotec.com\/wp-content\/uploads\/2024\/07\/corona-treatment-graphic-arcotec.jpg 700w, https:\/\/arcotec.com\/wp-content\/uploads\/2024\/07\/corona-treatment-graphic-arcotec-300x171.jpg 300w, https:\/\/arcotec.com\/wp-content\/uploads\/2024\/07\/corona-treatment-graphic-arcotec-600x343.jpg 600w\" sizes=\"auto, (max-width: 700px) 100vw, 700px\" \/><\/figure>\n<\/div>\n\n\n\n<div class=\"wp-block-column is-layout-flow wp-block-column-is-layout-flow\" style=\"flex-basis:66.66%\"><section id=\"\" class=\"text-block \">                \r\n                    <div class=\"container\">                        \r\n                        <div class=\"row\">                                        \r\n                        <div class=\"col\">\r\n                            <h2 class=\"textBlock-headline upper wt-font-color-black left  left \">1975<\/h2>\r\n                        <\/div>                                        \r\n                    <\/div>                        \r\n                        <div class=\"row text\">\r\n                        <div class=\"col\">\r\n                            <div class=\"textBlock-text fs-16 fw-medium lh-26 text-block-html \">\r\n                                <p class=\"wp-block-wt-text-block\">A partir de 1975 comienza la fabricaci\u00f3n de los equipos de pretratamiento a base de corona de alta frecuencia.<\/p>\n\r\n                            <\/div>\r\n                        <\/div>                                        \r\n                    <\/div>  \r\n                                              \r\n                    <\/div>                                \r\n            <\/section><\/div>\n<\/div>\n\n\n\n<div style=\"height:15px\" aria-hidden=\"true\" class=\"wp-block-spacer\"><\/div>\n\n\n\n<div class=\"wp-block-columns is-layout-flex wp-container-core-columns-is-layout-9d6595d7 wp-block-columns-is-layout-flex\">\n<div class=\"wp-block-column is-layout-flow wp-block-column-is-layout-flow\" style=\"flex-basis:33.33%\"><\/div>\n\n\n\n<div class=\"wp-block-column is-layout-flow wp-block-column-is-layout-flow\" style=\"flex-basis:66.66%\"><section id=\"\" class=\"text-block \">                \r\n                    <div class=\"container\">                        \r\n                        <div class=\"row\">                                        \r\n                        <div class=\"col\">\r\n                            <h2 class=\"textBlock-headline upper wt-font-color-black left  left \">1974<\/h2>\r\n                        <\/div>                                        \r\n                    <\/div>                        \r\n                        <div class=\"row text\">\r\n                        <div class=\"col\">\r\n                            <div class=\"textBlock-text fs-16 fw-medium lh-26 text-block-html \">\r\n                                <p class=\"wp-block-wt-text-block\">Fritz Bloss fund\u00f3 en 1974 un agencia comercial independiente.<\/p>\n\r\n                            <\/div>\r\n                        <\/div>                                        \r\n                    <\/div>  \r\n                                              \r\n                    <\/div>                                \r\n            <\/section><\/div>\n<\/div>\n<\/div><\/div>\n\n\n\n<div style=\"height:200px\" aria-hidden=\"true\" class=\"wp-block-spacer\"><\/div>\n","protected":false},"excerpt":{"rendered":"","protected":false},"author":1,"featured_media":0,"parent":0,"menu_order":0,"comment_status":"closed","ping_status":"closed","template":"","meta":{"footnotes":""},"class_list":["post-1521","page","type-page","status-publish","hentry"],"yoast_head":"<!-- This site is optimized with the Yoast SEO plugin v27.3 - https:\/\/yoast.com\/product\/yoast-seo-wordpress\/ -->\n<title>Conozca la historia completa de Arcotec<\/title>\n<meta name=\"description\" content=\"Desde hace casi 50 a\u00f1os, entusiasmamos a nuestros clientes con sistemas de alta calidad para el pretratamiento f\u00edsico de superficies.\" \/>\n<meta name=\"robots\" content=\"index, follow, max-snippet:-1, max-image-preview:large, max-video-preview:-1\" \/>\n<link rel=\"canonical\" href=\"https:\/\/arcotec.com\/es\/empresa\/\" \/>\n<meta property=\"og:locale\" content=\"es_ES\" \/>\n<meta property=\"og:type\" content=\"article\" \/>\n<meta property=\"og:title\" content=\"Conozca la historia completa de Arcotec\" \/>\n<meta property=\"og:description\" content=\"Desde hace casi 50 a\u00f1os, entusiasmamos a nuestros clientes con sistemas de alta calidad para el pretratamiento f\u00edsico de superficies.\" \/>\n<meta property=\"og:url\" content=\"https:\/\/arcotec.com\/es\/empresa\/\" \/>\n<meta property=\"og:site_name\" content=\"arcotec\" \/>\n<meta property=\"article:modified_time\" content=\"2024-09-02T12:36:49+00:00\" \/>\n<meta property=\"og:image\" content=\"https:\/\/test.arcotec.com\/wp-content\/uploads\/2024\/07\/arcotec-building.jpg\" \/>\n<meta name=\"twitter:card\" content=\"summary_large_image\" \/>\n<meta name=\"twitter:label1\" content=\"Tiempo de lectura\" \/>\n\t<meta name=\"twitter:data1\" content=\"3 minutos\" \/>\n<script type=\"application\/ld+json\" class=\"yoast-schema-graph\">{\"@context\":\"https:\\\/\\\/schema.org\",\"@graph\":[{\"@type\":\"WebPage\",\"@id\":\"https:\\\/\\\/arcotec.com\\\/es\\\/empresa\\\/\",\"url\":\"https:\\\/\\\/arcotec.com\\\/es\\\/empresa\\\/\",\"name\":\"Conozca la historia completa de Arcotec\",\"isPartOf\":{\"@id\":\"https:\\\/\\\/arcotec.com\\\/es\\\/#website\"},\"primaryImageOfPage\":{\"@id\":\"https:\\\/\\\/arcotec.com\\\/es\\\/empresa\\\/#primaryimage\"},\"image\":{\"@id\":\"https:\\\/\\\/arcotec.com\\\/es\\\/empresa\\\/#primaryimage\"},\"thumbnailUrl\":\"https:\\\/\\\/arcotec.com\\\/wp-content\\\/uploads\\\/2024\\\/07\\\/arcotec-building.jpg\",\"datePublished\":\"2024-05-06T13:27:23+00:00\",\"dateModified\":\"2024-09-02T12:36:49+00:00\",\"description\":\"Desde hace casi 50 a\u00f1os, entusiasmamos a nuestros clientes con sistemas de alta calidad para el pretratamiento f\u00edsico de superficies.\",\"breadcrumb\":{\"@id\":\"https:\\\/\\\/arcotec.com\\\/es\\\/empresa\\\/#breadcrumb\"},\"inLanguage\":\"es\",\"potentialAction\":[{\"@type\":\"ReadAction\",\"target\":[\"https:\\\/\\\/arcotec.com\\\/es\\\/empresa\\\/\"]}]},{\"@type\":\"ImageObject\",\"inLanguage\":\"es\",\"@id\":\"https:\\\/\\\/arcotec.com\\\/es\\\/empresa\\\/#primaryimage\",\"url\":\"https:\\\/\\\/arcotec.com\\\/wp-content\\\/uploads\\\/2024\\\/07\\\/arcotec-building.jpg\",\"contentUrl\":\"https:\\\/\\\/arcotec.com\\\/wp-content\\\/uploads\\\/2024\\\/07\\\/arcotec-building.jpg\"},{\"@type\":\"BreadcrumbList\",\"@id\":\"https:\\\/\\\/arcotec.com\\\/es\\\/empresa\\\/#breadcrumb\",\"itemListElement\":[{\"@type\":\"ListItem\",\"position\":1,\"name\":\"Home\",\"item\":\"https:\\\/\\\/arcotec.com\\\/es\\\/\"},{\"@type\":\"ListItem\",\"position\":2,\"name\":\"Empresa\"}]},{\"@type\":\"WebSite\",\"@id\":\"https:\\\/\\\/arcotec.com\\\/es\\\/#website\",\"url\":\"https:\\\/\\\/arcotec.com\\\/es\\\/\",\"name\":\"arcotec\",\"description\":\"\",\"potentialAction\":[{\"@type\":\"SearchAction\",\"target\":{\"@type\":\"EntryPoint\",\"urlTemplate\":\"https:\\\/\\\/arcotec.com\\\/es\\\/?s={search_term_string}\"},\"query-input\":{\"@type\":\"PropertyValueSpecification\",\"valueRequired\":true,\"valueName\":\"search_term_string\"}}],\"inLanguage\":\"es\"}]}<\/script>\n<!-- \/ Yoast SEO plugin. -->","yoast_head_json":{"title":"Conozca la historia completa de Arcotec","description":"Desde hace casi 50 a\u00f1os, entusiasmamos a nuestros clientes con sistemas de alta calidad para el pretratamiento f\u00edsico de superficies.","robots":{"index":"index","follow":"follow","max-snippet":"max-snippet:-1","max-image-preview":"max-image-preview:large","max-video-preview":"max-video-preview:-1"},"canonical":"https:\/\/arcotec.com\/es\/empresa\/","og_locale":"es_ES","og_type":"article","og_title":"Conozca la historia completa de Arcotec","og_description":"Desde hace casi 50 a\u00f1os, entusiasmamos a nuestros clientes con sistemas de alta calidad para el pretratamiento f\u00edsico de superficies.","og_url":"https:\/\/arcotec.com\/es\/empresa\/","og_site_name":"arcotec","article_modified_time":"2024-09-02T12:36:49+00:00","og_image":[{"url":"https:\/\/test.arcotec.com\/wp-content\/uploads\/2024\/07\/arcotec-building.jpg","type":"","width":"","height":""}],"twitter_card":"summary_large_image","twitter_misc":{"Tiempo de lectura":"3 minutos"},"schema":{"@context":"https:\/\/schema.org","@graph":[{"@type":"WebPage","@id":"https:\/\/arcotec.com\/es\/empresa\/","url":"https:\/\/arcotec.com\/es\/empresa\/","name":"Conozca la historia completa de Arcotec","isPartOf":{"@id":"https:\/\/arcotec.com\/es\/#website"},"primaryImageOfPage":{"@id":"https:\/\/arcotec.com\/es\/empresa\/#primaryimage"},"image":{"@id":"https:\/\/arcotec.com\/es\/empresa\/#primaryimage"},"thumbnailUrl":"https:\/\/arcotec.com\/wp-content\/uploads\/2024\/07\/arcotec-building.jpg","datePublished":"2024-05-06T13:27:23+00:00","dateModified":"2024-09-02T12:36:49+00:00","description":"Desde hace casi 50 a\u00f1os, entusiasmamos a nuestros clientes con sistemas de alta calidad para el pretratamiento f\u00edsico de superficies.","breadcrumb":{"@id":"https:\/\/arcotec.com\/es\/empresa\/#breadcrumb"},"inLanguage":"es","potentialAction":[{"@type":"ReadAction","target":["https:\/\/arcotec.com\/es\/empresa\/"]}]},{"@type":"ImageObject","inLanguage":"es","@id":"https:\/\/arcotec.com\/es\/empresa\/#primaryimage","url":"https:\/\/arcotec.com\/wp-content\/uploads\/2024\/07\/arcotec-building.jpg","contentUrl":"https:\/\/arcotec.com\/wp-content\/uploads\/2024\/07\/arcotec-building.jpg"},{"@type":"BreadcrumbList","@id":"https:\/\/arcotec.com\/es\/empresa\/#breadcrumb","itemListElement":[{"@type":"ListItem","position":1,"name":"Home","item":"https:\/\/arcotec.com\/es\/"},{"@type":"ListItem","position":2,"name":"Empresa"}]},{"@type":"WebSite","@id":"https:\/\/arcotec.com\/es\/#website","url":"https:\/\/arcotec.com\/es\/","name":"arcotec","description":"","potentialAction":[{"@type":"SearchAction","target":{"@type":"EntryPoint","urlTemplate":"https:\/\/arcotec.com\/es\/?s={search_term_string}"},"query-input":{"@type":"PropertyValueSpecification","valueRequired":true,"valueName":"search_term_string"}}],"inLanguage":"es"}]}},"_links":{"self":[{"href":"https:\/\/arcotec.com\/es\/wp-json\/wp\/v2\/pages\/1521","targetHints":{"allow":["GET"]}}],"collection":[{"href":"https:\/\/arcotec.com\/es\/wp-json\/wp\/v2\/pages"}],"about":[{"href":"https:\/\/arcotec.com\/es\/wp-json\/wp\/v2\/types\/page"}],"author":[{"embeddable":true,"href":"https:\/\/arcotec.com\/es\/wp-json\/wp\/v2\/users\/1"}],"replies":[{"embeddable":true,"href":"https:\/\/arcotec.com\/es\/wp-json\/wp\/v2\/comments?post=1521"}],"version-history":[{"count":4,"href":"https:\/\/arcotec.com\/es\/wp-json\/wp\/v2\/pages\/1521\/revisions"}],"predecessor-version":[{"id":2690,"href":"https:\/\/arcotec.com\/es\/wp-json\/wp\/v2\/pages\/1521\/revisions\/2690"}],"wp:attachment":[{"href":"https:\/\/arcotec.com\/es\/wp-json\/wp\/v2\/media?parent=1521"}],"curies":[{"name":"wp","href":"https:\/\/api.w.org\/{rel}","templated":true}]}}