{"id":1512,"date":"2024-05-06T15:36:24","date_gmt":"2024-05-06T13:36:24","guid":{"rendered":"https:\/\/test.arcotec.com\/?page_id=1512"},"modified":"2026-02-09T08:54:07","modified_gmt":"2026-02-09T07:54:07","slug":"testtinten","status":"publish","type":"page","link":"https:\/\/arcotec.com\/es\/sistemas-de-pretratamiento\/testtinten\/","title":{"rendered":"Testtinten"},"content":{"rendered":"\n<div style=\"height:25px\" aria-hidden=\"true\" class=\"wp-block-spacer\"><\/div>\n\n\n\n<div class=\"wp-block-group container\"><div class=\"wp-block-group__inner-container is-layout-constrained wp-block-group-is-layout-constrained\">\n<div class=\"wp-block-columns is-layout-flex wp-container-core-columns-is-layout-9d6595d7 wp-block-columns-is-layout-flex\">\n<div class=\"wp-block-column is-layout-flow wp-block-column-is-layout-flow\" style=\"flex-basis:66.66%\"><div id=\"default-class\" class=\"headline-block default-class\"> \r\n                        <h1 style=\"color: var(--arcot-blue)\" class=\"wt-headline  \">Tintas y rotuladores de prueba<\/h1>                        \r\n                        <h2 style=\"color: var(--arcot-black)\" class=\"wt-subheadline \">F\u00e1cil comprobaci\u00f3n de la tensi\u00f3n superficial<\/h2>                            \r\n                                                                           \r\n                <\/div>\n\n\n<div style=\"height:20px\" aria-hidden=\"true\" class=\"wp-block-spacer\"><\/div>\n<\/div>\n\n\n\n<div class=\"wp-block-column is-layout-flow wp-block-column-is-layout-flow\" style=\"flex-basis:33.33%\"><div class=\"wp-block-image\">\n<figure class=\"alignright size-medium\"><img loading=\"lazy\" decoding=\"async\" width=\"300\" height=\"227\" src=\"https:\/\/arcotec.com\/wp-content\/uploads\/2026\/02\/arcotest-test-inks-products-arcotec-300x227.jpg\" alt=\"\" class=\"wp-image-46848\" style=\"aspect-ratio:4\/3;object-fit:contain\" srcset=\"https:\/\/arcotec.com\/wp-content\/uploads\/2026\/02\/arcotest-test-inks-products-arcotec-300x227.jpg 300w, https:\/\/arcotec.com\/wp-content\/uploads\/2026\/02\/arcotest-test-inks-products-arcotec.jpg 422w\" sizes=\"auto, (max-width: 300px) 100vw, 300px\" \/><\/figure>\n<\/div><\/div>\n<\/div>\n<\/div><\/div>\n\n\n<section id=\"\" class=\"text-block \">                \r\n                    <div class=\"container\">                        \r\n                                                \r\n                        <div class=\"row text\">\r\n                        <div class=\"col\">\r\n                            <div class=\"textBlock-text fs-16 fw-medium lh-26 text-block-html \">\r\n                                <p class=\"wp-block-wt-text-block\">Las tintas de prueba de Arcotest<sup>\u00ae<\/sup>&nbsp;le permiten comprobar la&nbsp;<strong>tensi\u00f3n superficial<\/strong>&nbsp;de diferentes materiales de una manera r\u00e1pida y sencilla. As\u00ed podr\u00e1 realizar afirmaciones fiables sobre el grado de adherencia de tintas de impresi\u00f3n, pinturas, barnices y pegamentos sobre pl\u00e1stico, metal, vidrio y otros sustratos.<\/p>\n\r\n                            <\/div>\r\n                        <\/div>                                        \r\n                    <\/div>  \r\n                                              \r\n                    <\/div>                                \r\n            <\/section>\n\n\n<div style=\"height:20px\" aria-hidden=\"true\" class=\"wp-block-spacer\"><\/div>\n\n\n<section id=\"\" class=\"text-block \">                \r\n                    <div class=\"container\">                        \r\n                        <div class=\"row\">                                        \r\n                        <div class=\"col\">\r\n                            <P class=\"textBlock-headline upper wt-font-color-black left  left \">F\u00e1cil aplicaci\u00f3n, resultado fiable<\/P>\r\n                        <\/div>                                        \r\n                    <\/div>                        \r\n                        <div class=\"row text\">\r\n                        <div class=\"col\">\r\n                            <div class=\"textBlock-text fs-16 fw-medium lh-26 text-block-html \">\r\n                                <p class=\"wp-block-wt-text-block\">El procedimiento para determinar la tensi\u00f3n superficial con las tintas de prueba de Arcotest\u00ae es sumamente sencillo: trace una l\u00ednea corta con una tinta de prueba de la tensi\u00f3n superficial espec\u00edfica sobre la superficie que desea comprobar y observe su comportamiento. En pocos segundos obtendr\u00e1 un&nbsp;<strong>resultado fiable en mN\/m (dyn)<\/strong>.<\/p>\n<p>Si desea que la aplicaci\u00f3n sea a\u00fan m\u00e1s sencilla, puede optar por tintas de prueba Arcotest\u00ae en forma de&nbsp;<strong>rotuladores<\/strong>. Estos se manejan como un rotulador normal, lo que hace imposible cualquier derrame de l\u00edquido.<\/p>\n\r\n                            <\/div>\r\n                        <\/div>                                        \r\n                    <\/div>  \r\n                                              \r\n                    <\/div>                                \r\n            <\/section>\n\n\n<div style=\"height:50px\" aria-hidden=\"true\" class=\"wp-block-spacer\"><\/div>\n\n\n<div class=\"contact-banner-block\">    \r\n              <div class=\"container-fluid\" style=\"background-color: #008DD4 \">\r\n                        <div class=\"container\">                \r\n                           <div class=\"contact-banner-container\" >\r\n                           <div class=\"contact-banner-left\">\r\n                                 <p class=\"headline\">Pida tintas de prueba tras registrarse en nuestra tienda B2B<\/p>\r\n                           <\/div>\r\n                          \r\n                           <div class=\"contact-banner-button\">\r\n                                <a class=\"wt-button\" href=https:\/\/arcotest.de\/>\r\n                                    <div class=\"wt-btn-outline\">\r\n                                        <span>a la tienda<\/span>\r\n                                        <div class=\"wt-long-arrow-right\"><\/div>\r\n                                    <\/div>\r\n                                <\/a>\r\n                           <\/div>\r\n                                \r\n                           <\/div>\r\n                           <\/div>\r\n                        <\/div>\r\n                <\/div>\n\n\n<div style=\"height:50px\" aria-hidden=\"true\" class=\"wp-block-spacer\"><\/div>\n\n\n<div id=\"default-class\" class=\"headline-block default-class\">\r\n                        <div class=\"container\">     \r\n                            <div class=\"row\">\r\n                                <div class=\"col\">\r\n                                    <h2  style=\"color: var(--arcot-black)\" class=\"wt-headline big  \">Descubra los productos de Arcotest\u00ae<\/h2>\r\n                                <\/div>                                        \r\n                            <\/div>                         \r\n                                                        \r\n                        <\/div>                                \r\n                <\/div>\r\n            \n\n\n<div style=\"height:20px\" aria-hidden=\"true\" class=\"wp-block-spacer\"><\/div>\n\n\n<section id=\"\" class=\"text-block \">                \r\n                    <div class=\"container\">                        \r\n                                                \r\n                        <div class=\"row text\">\r\n                        <div class=\"col\">\r\n                            <div class=\"textBlock-text fs-16 fw-medium lh-26 text-block-html \">\r\n                                <p class=\"wp-block-wt-text-block\">Adem\u00e1s de nuestras&nbsp;<strong>eficaces tintas de prueba<\/strong>&nbsp;de las series PINK y BLUE (adaptadas a las normas DIN 53364 e ISO 8296), le ofrecemos una amplia gama de productos innovadores para determinar la tensi\u00f3n superficial de sus materiales.<\/p>\n\r\n                            <\/div>\r\n                        <\/div>                                        \r\n                    <\/div>  \r\n                                              \r\n                    <\/div>                                \r\n            <\/section>\n\n\n<div style=\"height:20px\" aria-hidden=\"true\" class=\"wp-block-spacer\"><\/div>\n\n\n<section id=\"\" class=\"text-block \">                \r\n                    <div class=\"container\">                        \r\n                        <div class=\"row\">                                        \r\n                        <div class=\"col\">\r\n                            <h3 class=\"textBlock-headline upper wt-font-color-black left  left \">Ecol\u00f3gicas e inofensivas para la salud: arcotest\u00ae ORGANIC<\/h3>\r\n                        <\/div>                                        \r\n                    <\/div>                        \r\n                        <div class=\"row text\">\r\n                        <div class=\"col\">\r\n                            <div class=\"textBlock-text fs-16 fw-medium lh-26 text-block-html \">\r\n                                <p class=\"wp-block-wt-text-block\">Para simplificar a\u00fan m\u00e1s la manipulaci\u00f3n de nuestras tintas de prueba, hemos creado la serie&nbsp;<a href=\"https:\/\/arcotest.info\/es\/rotuladores-de-prueba\/#organic\">arcotest<sup>\u00ae<\/sup>&nbsp;ORGANIC<\/a>. Esta incluye tintas ecol\u00f3gicas, no t\u00f3xicas y&nbsp;<strong>exentas de requisitos de etiquetado&nbsp;<\/strong>que suponen una alternativa a los productos convencionales. Su aplicaci\u00f3n y manipulaci\u00f3n est\u00e1n adaptadas a las normas DIN 53364 e ISO 8296.<\/p>\n\r\n                            <\/div>\r\n                        <\/div>                                        \r\n                    <\/div>  \r\n                                              \r\n                    <\/div>                                \r\n            <\/section>\n\n\n<div style=\"height:20px\" aria-hidden=\"true\" class=\"wp-block-spacer\"><\/div>\n\n\n<section id=\"\" class=\"text-block \">                \r\n                    <div class=\"container\">                        \r\n                        <div class=\"row\">                                        \r\n                        <div class=\"col\">\r\n                            <h3 class=\"textBlock-headline upper wt-font-color-black left  left \">QUICKTEST 38\u00ae y RAPIDTEST 38\u00ae: an\u00e1lisis de poliolefinas en segundos<\/h3>\r\n                        <\/div>                                        \r\n                    <\/div>                        \r\n                        <div class=\"row text\">\r\n                        <div class=\"col\">\r\n                            <div class=\"textBlock-text fs-16 fw-medium lh-26 text-block-html \">\r\n                                <p class=\"wp-block-wt-text-block\">Si lo que desea es&nbsp;<strong>analizar poliolefinas r\u00e1pidamente<\/strong>, tenemos dos series de tintas de prueba para usted:&nbsp;<a href=\"https:\/\/arcotest.info\/es\/rotuladores-de-prueba\/#quicktest\">QUICKTEST 38<sup>\u00ae<\/sup><\/a>&nbsp;y&nbsp;<a href=\"https:\/\/arcotest.info\/es\/rotuladores-de-prueba\/#rapidtest\">RAPIDTEST 38<sup>\u00ae<\/sup><\/a>. Ambas est\u00e1n disponibles en forma de pr\u00e1cticos rotuladores y son perfectas para la realizaci\u00f3n de test r\u00e1pidos y pruebas aleatorias. El resultado de la prueba no se diluye, lo que facilita su&nbsp;<strong>archivado permanente<\/strong>.<\/p>\n\r\n                            <\/div>\r\n                        <\/div>                                        \r\n                    <\/div>  \r\n                                              \r\n                    <\/div>                                \r\n            <\/section>\n\n\n<div style=\"height:20px\" aria-hidden=\"true\" class=\"wp-block-spacer\"><\/div>\n\n\n<section id=\"\" class=\"text-block \">                \r\n                    <div class=\"container\">                        \r\n                        <div class=\"row\">                                        \r\n                        <div class=\"col\">\r\n                            <h3 class=\"textBlock-headline upper wt-font-color-black left  left \">Detecci\u00f3n segura de part\u00edculas de suciedad con arcospray\u00ae 38<\/h3>\r\n                        <\/div>                                        \r\n                    <\/div>                        \r\n                        <div class=\"row text\">\r\n                        <div class=\"col\">\r\n                            <div class=\"textBlock-text fs-16 fw-medium lh-26 text-block-html \">\r\n                                <p class=\"wp-block-wt-text-block\">Las&nbsp;<strong>part\u00edculas de suciedad<\/strong>&nbsp;tambi\u00e9n pueden detectarse de forma segura con las tintas de prueba de arcotest<sup>\u00ae<\/sup>.&nbsp;<a href=\"https:\/\/arcotest.info\/es\/rotuladores-de-prueba\/#spray\">arcospray<sup>\u00ae<\/sup>38<\/a>&nbsp;permite comprobar la&nbsp;<strong>ausencia de grasa<\/strong>&nbsp;en peque\u00f1as y grandes superficies sin dejar rastro.<\/p>\n<p>Este m\u00e9todo aprovecha el hecho de que, a partir de una tensi\u00f3n superficial de 38 mN\/m, puede asumirse que una superficie est\u00e1 libre de grasa. El espray ofrece resultados fiables en dos segundos y despu\u00e9s se evapora<strong>&nbsp;sin dejar rastro<\/strong>.<\/p>\n<p>Arcospray<sup>\u00ae<\/sup>&nbsp;38 no es t\u00f3xico y no es nocivo para el medio ambiente ni para la salud.<\/p>\n<p>Hallar\u00e1 m\u00e1s informaci\u00f3n y a\u00fan m\u00e1s productos en&nbsp;<a href=\"https:\/\/arcotest.info\/es\/\">arcotest.info<\/a>.<\/p>\n\r\n                            <\/div>\r\n                        <\/div>                                        \r\n                    <\/div>  \r\n                                              \r\n                    <\/div>                                \r\n            <\/section>\n\n\n<div style=\"height:50px\" aria-hidden=\"true\" class=\"wp-block-spacer\"><\/div>\n","protected":false},"excerpt":{"rendered":"","protected":false},"author":1,"featured_media":0,"parent":1405,"menu_order":0,"comment_status":"closed","ping_status":"closed","template":"","meta":{"footnotes":""},"class_list":["post-1512","page","type-page","status-publish","hentry"],"yoast_head":"<!-- This site is optimized with the Yoast SEO plugin v27.3 - https:\/\/yoast.com\/product\/yoast-seo-wordpress\/ -->\n<title>Tintas de prueba Arcotec para determinar la tensi\u00f3n superficia<\/title>\n<meta name=\"description\" content=\"Las tintas de prueba permiten obtener informaci\u00f3n sobre la adherencia de pinturas, barnices y adhesivos en todas las superficies. \u27a4 Sencillo y r\u00e1pido.\" \/>\n<meta name=\"robots\" content=\"index, follow, max-snippet:-1, max-image-preview:large, max-video-preview:-1\" \/>\n<link rel=\"canonical\" href=\"https:\/\/arcotec.com\/es\/sistemas-de-pretratamiento\/testtinten\/\" \/>\n<meta property=\"og:locale\" content=\"es_ES\" \/>\n<meta property=\"og:type\" content=\"article\" \/>\n<meta property=\"og:title\" content=\"Tintas de prueba Arcotec para determinar la tensi\u00f3n superficia\" \/>\n<meta property=\"og:description\" content=\"Las tintas de prueba permiten obtener informaci\u00f3n sobre la adherencia de pinturas, barnices y adhesivos en todas las superficies. \u27a4 Sencillo y r\u00e1pido.\" \/>\n<meta property=\"og:url\" content=\"https:\/\/arcotec.com\/es\/sistemas-de-pretratamiento\/testtinten\/\" \/>\n<meta property=\"og:site_name\" content=\"arcotec\" \/>\n<meta property=\"article:modified_time\" content=\"2026-02-09T07:54:07+00:00\" \/>\n<meta property=\"og:image\" content=\"https:\/\/arcotec.com\/wp-content\/uploads\/2026\/02\/arcotest-test-inks-products-arcotec.jpg\" \/>\n\t<meta property=\"og:image:width\" content=\"422\" \/>\n\t<meta property=\"og:image:height\" content=\"320\" \/>\n\t<meta property=\"og:image:type\" content=\"image\/jpeg\" \/>\n<meta name=\"twitter:card\" content=\"summary_large_image\" \/>\n<meta name=\"twitter:label1\" content=\"Tiempo de lectura\" \/>\n\t<meta name=\"twitter:data1\" content=\"2 minutos\" \/>\n<script type=\"application\/ld+json\" class=\"yoast-schema-graph\">{\"@context\":\"https:\\\/\\\/schema.org\",\"@graph\":[{\"@type\":\"WebPage\",\"@id\":\"https:\\\/\\\/arcotec.com\\\/es\\\/sistemas-de-pretratamiento\\\/testtinten\\\/\",\"url\":\"https:\\\/\\\/arcotec.com\\\/es\\\/sistemas-de-pretratamiento\\\/testtinten\\\/\",\"name\":\"Tintas de prueba Arcotec para determinar la tensi\u00f3n superficia\",\"isPartOf\":{\"@id\":\"https:\\\/\\\/arcotec.com\\\/es\\\/#website\"},\"primaryImageOfPage\":{\"@id\":\"https:\\\/\\\/arcotec.com\\\/es\\\/sistemas-de-pretratamiento\\\/testtinten\\\/#primaryimage\"},\"image\":{\"@id\":\"https:\\\/\\\/arcotec.com\\\/es\\\/sistemas-de-pretratamiento\\\/testtinten\\\/#primaryimage\"},\"thumbnailUrl\":\"https:\\\/\\\/arcotec.com\\\/wp-content\\\/uploads\\\/2026\\\/02\\\/arcotest-test-inks-products-arcotec-300x227.jpg\",\"datePublished\":\"2024-05-06T13:36:24+00:00\",\"dateModified\":\"2026-02-09T07:54:07+00:00\",\"description\":\"Las tintas de prueba permiten obtener informaci\u00f3n sobre la adherencia de pinturas, barnices y adhesivos en todas las superficies. \u27a4 Sencillo y r\u00e1pido.\",\"breadcrumb\":{\"@id\":\"https:\\\/\\\/arcotec.com\\\/es\\\/sistemas-de-pretratamiento\\\/testtinten\\\/#breadcrumb\"},\"inLanguage\":\"es\",\"potentialAction\":[{\"@type\":\"ReadAction\",\"target\":[\"https:\\\/\\\/arcotec.com\\\/es\\\/sistemas-de-pretratamiento\\\/testtinten\\\/\"]}]},{\"@type\":\"ImageObject\",\"inLanguage\":\"es\",\"@id\":\"https:\\\/\\\/arcotec.com\\\/es\\\/sistemas-de-pretratamiento\\\/testtinten\\\/#primaryimage\",\"url\":\"https:\\\/\\\/arcotec.com\\\/wp-content\\\/uploads\\\/2026\\\/02\\\/arcotest-test-inks-products-arcotec-300x227.jpg\",\"contentUrl\":\"https:\\\/\\\/arcotec.com\\\/wp-content\\\/uploads\\\/2026\\\/02\\\/arcotest-test-inks-products-arcotec-300x227.jpg\"},{\"@type\":\"BreadcrumbList\",\"@id\":\"https:\\\/\\\/arcotec.com\\\/es\\\/sistemas-de-pretratamiento\\\/testtinten\\\/#breadcrumb\",\"itemListElement\":[{\"@type\":\"ListItem\",\"position\":1,\"name\":\"Home\",\"item\":\"https:\\\/\\\/arcotec.com\\\/es\\\/\"},{\"@type\":\"ListItem\",\"position\":2,\"name\":\"Sistemas de pretratamiento\",\"item\":\"https:\\\/\\\/test.arcotec.com\\\/es\\\/sistemas-de-pretratamiento\\\/\"},{\"@type\":\"ListItem\",\"position\":3,\"name\":\"Testtinten\"}]},{\"@type\":\"WebSite\",\"@id\":\"https:\\\/\\\/arcotec.com\\\/es\\\/#website\",\"url\":\"https:\\\/\\\/arcotec.com\\\/es\\\/\",\"name\":\"arcotec\",\"description\":\"\",\"potentialAction\":[{\"@type\":\"SearchAction\",\"target\":{\"@type\":\"EntryPoint\",\"urlTemplate\":\"https:\\\/\\\/arcotec.com\\\/es\\\/?s={search_term_string}\"},\"query-input\":{\"@type\":\"PropertyValueSpecification\",\"valueRequired\":true,\"valueName\":\"search_term_string\"}}],\"inLanguage\":\"es\"}]}<\/script>\n<!-- \/ Yoast SEO plugin. -->","yoast_head_json":{"title":"Tintas de prueba Arcotec para determinar la tensi\u00f3n superficia","description":"Las tintas de prueba permiten obtener informaci\u00f3n sobre la adherencia de pinturas, barnices y adhesivos en todas las superficies. \u27a4 Sencillo y r\u00e1pido.","robots":{"index":"index","follow":"follow","max-snippet":"max-snippet:-1","max-image-preview":"max-image-preview:large","max-video-preview":"max-video-preview:-1"},"canonical":"https:\/\/arcotec.com\/es\/sistemas-de-pretratamiento\/testtinten\/","og_locale":"es_ES","og_type":"article","og_title":"Tintas de prueba Arcotec para determinar la tensi\u00f3n superficia","og_description":"Las tintas de prueba permiten obtener informaci\u00f3n sobre la adherencia de pinturas, barnices y adhesivos en todas las superficies. \u27a4 Sencillo y r\u00e1pido.","og_url":"https:\/\/arcotec.com\/es\/sistemas-de-pretratamiento\/testtinten\/","og_site_name":"arcotec","article_modified_time":"2026-02-09T07:54:07+00:00","og_image":[{"width":422,"height":320,"url":"https:\/\/arcotec.com\/wp-content\/uploads\/2026\/02\/arcotest-test-inks-products-arcotec.jpg","type":"image\/jpeg"}],"twitter_card":"summary_large_image","twitter_misc":{"Tiempo de lectura":"2 minutos"},"schema":{"@context":"https:\/\/schema.org","@graph":[{"@type":"WebPage","@id":"https:\/\/arcotec.com\/es\/sistemas-de-pretratamiento\/testtinten\/","url":"https:\/\/arcotec.com\/es\/sistemas-de-pretratamiento\/testtinten\/","name":"Tintas de prueba Arcotec para determinar la tensi\u00f3n superficia","isPartOf":{"@id":"https:\/\/arcotec.com\/es\/#website"},"primaryImageOfPage":{"@id":"https:\/\/arcotec.com\/es\/sistemas-de-pretratamiento\/testtinten\/#primaryimage"},"image":{"@id":"https:\/\/arcotec.com\/es\/sistemas-de-pretratamiento\/testtinten\/#primaryimage"},"thumbnailUrl":"https:\/\/arcotec.com\/wp-content\/uploads\/2026\/02\/arcotest-test-inks-products-arcotec-300x227.jpg","datePublished":"2024-05-06T13:36:24+00:00","dateModified":"2026-02-09T07:54:07+00:00","description":"Las tintas de prueba permiten obtener informaci\u00f3n sobre la adherencia de pinturas, barnices y adhesivos en todas las superficies. \u27a4 Sencillo y r\u00e1pido.","breadcrumb":{"@id":"https:\/\/arcotec.com\/es\/sistemas-de-pretratamiento\/testtinten\/#breadcrumb"},"inLanguage":"es","potentialAction":[{"@type":"ReadAction","target":["https:\/\/arcotec.com\/es\/sistemas-de-pretratamiento\/testtinten\/"]}]},{"@type":"ImageObject","inLanguage":"es","@id":"https:\/\/arcotec.com\/es\/sistemas-de-pretratamiento\/testtinten\/#primaryimage","url":"https:\/\/arcotec.com\/wp-content\/uploads\/2026\/02\/arcotest-test-inks-products-arcotec-300x227.jpg","contentUrl":"https:\/\/arcotec.com\/wp-content\/uploads\/2026\/02\/arcotest-test-inks-products-arcotec-300x227.jpg"},{"@type":"BreadcrumbList","@id":"https:\/\/arcotec.com\/es\/sistemas-de-pretratamiento\/testtinten\/#breadcrumb","itemListElement":[{"@type":"ListItem","position":1,"name":"Home","item":"https:\/\/arcotec.com\/es\/"},{"@type":"ListItem","position":2,"name":"Sistemas de pretratamiento","item":"https:\/\/test.arcotec.com\/es\/sistemas-de-pretratamiento\/"},{"@type":"ListItem","position":3,"name":"Testtinten"}]},{"@type":"WebSite","@id":"https:\/\/arcotec.com\/es\/#website","url":"https:\/\/arcotec.com\/es\/","name":"arcotec","description":"","potentialAction":[{"@type":"SearchAction","target":{"@type":"EntryPoint","urlTemplate":"https:\/\/arcotec.com\/es\/?s={search_term_string}"},"query-input":{"@type":"PropertyValueSpecification","valueRequired":true,"valueName":"search_term_string"}}],"inLanguage":"es"}]}},"_links":{"self":[{"href":"https:\/\/arcotec.com\/es\/wp-json\/wp\/v2\/pages\/1512","targetHints":{"allow":["GET"]}}],"collection":[{"href":"https:\/\/arcotec.com\/es\/wp-json\/wp\/v2\/pages"}],"about":[{"href":"https:\/\/arcotec.com\/es\/wp-json\/wp\/v2\/types\/page"}],"author":[{"embeddable":true,"href":"https:\/\/arcotec.com\/es\/wp-json\/wp\/v2\/users\/1"}],"replies":[{"embeddable":true,"href":"https:\/\/arcotec.com\/es\/wp-json\/wp\/v2\/comments?post=1512"}],"version-history":[{"count":8,"href":"https:\/\/arcotec.com\/es\/wp-json\/wp\/v2\/pages\/1512\/revisions"}],"predecessor-version":[{"id":46874,"href":"https:\/\/arcotec.com\/es\/wp-json\/wp\/v2\/pages\/1512\/revisions\/46874"}],"up":[{"embeddable":true,"href":"https:\/\/arcotec.com\/es\/wp-json\/wp\/v2\/pages\/1405"}],"wp:attachment":[{"href":"https:\/\/arcotec.com\/es\/wp-json\/wp\/v2\/media?parent=1512"}],"curies":[{"name":"wp","href":"https:\/\/api.w.org\/{rel}","templated":true}]}}