{"id":1494,"date":"2024-05-06T15:26:38","date_gmt":"2024-05-06T13:26:38","guid":{"rendered":"https:\/\/test.arcotec.com\/?page_id=1494"},"modified":"2025-12-02T14:22:54","modified_gmt":"2025-12-02T13:22:54","slug":"labor","status":"publish","type":"page","link":"https:\/\/arcotec.com\/es\/labor\/","title":{"rendered":"Labor"},"content":{"rendered":"\n<div style=\"height:25px\" aria-hidden=\"true\" class=\"wp-block-spacer\"><\/div>\n\n\n<div id=\"default-class\" class=\"headline-block default-class\">\r\n                        <div class=\"container\">     \r\n                            <div class=\"row\">\r\n                                <div class=\"col\">\r\n                                    <h1  style=\"color: var(--arcot-blue)\" class=\"wt-headline big  \">El laboratorio de Arcotec<\/h1>\r\n                                <\/div>                                        \r\n                            <\/div>                         \r\n                                                        \r\n                        <\/div>                                \r\n                <\/div>\r\n            \n\n\n<div style=\"height:25px\" aria-hidden=\"true\" class=\"wp-block-spacer\"><\/div>\n\n\n<section id=\"\" class=\"text-block \">                \r\n                    <div class=\"container\">                        \r\n                                                \r\n                        <div class=\"row text\">\r\n                        <div class=\"col\">\r\n                            <div class=\"textBlock-text fs-16 fw-medium lh-26 text-block-html \">\r\n                                <p class=\"wp-block-wt-text-block\">El&nbsp;<strong>pretratamiento<\/strong>&nbsp;de superficies es un proceso complejo que est\u00e1 sujeto a estrictos requisitos. A veces es necesario activar sustratos sensibles eficazmente sin llegar a da\u00f1arlos o averiguar cu\u00e1ndo un sustrato ha alcanzado un nivel de activaci\u00f3n suficiente. La empresa Arcotec GmbH le ayuda a superar todos estos desaf\u00edos.<\/p>\n\r\n                            <\/div>\r\n                        <\/div>                                        \r\n                    <\/div>  \r\n                                              \r\n                    <\/div>                                \r\n            <\/section>\n\n\n<div style=\"height:30px\" aria-hidden=\"true\" class=\"wp-block-spacer\"><\/div>\n\n\n<div id=\"b-bold\" class=\"headline-block b-bold\">\r\n                        <div class=\"container\">     \r\n                            <div class=\"row\">\r\n                                <div class=\"col\">\r\n                                    <h2  style=\"color: var(--arcot-black)\" class=\"wt-headline medium  \">Juntos para crear una soluci\u00f3n \u00fanica a la medida de sus requisitos<\/h2>\r\n                                <\/div>                                        \r\n                            <\/div>                         \r\n                                                        \r\n                        <\/div>                                \r\n                <\/div>\r\n            \n\n\n<div style=\"height:30px\" aria-hidden=\"true\" class=\"wp-block-spacer\"><\/div>\n\n\n\n<div class=\"wp-block-group container arcot-list\"><div class=\"wp-block-group__inner-container is-layout-constrained wp-block-group-is-layout-constrained\">\n<div class=\"wp-block-columns is-layout-flex wp-container-core-columns-is-layout-9d6595d7 wp-block-columns-is-layout-flex\">\n<div class=\"wp-block-column is-layout-flow wp-block-column-is-layout-flow\" style=\"flex-basis:66.66%\"><section id=\"\" class=\"text-block \">                \r\n                    <div class=\"container\">                        \r\n                                                \r\n                        <div class=\"row text\">\r\n                        <div class=\"col\">\r\n                            <div class=\"textBlock-text fs-16 fw-medium lh-26 text-block-html \">\r\n                                <p class=\"wp-block-wt-text-block\">Nuestro equipo de f\u00edsicos, ingenieros y t\u00e9cnicos desarrolla para usted el&nbsp;<strong>m\u00e9todo de aplicaci\u00f3n m\u00e1s eficiente y viable<\/strong>&nbsp;y lo verifica en el marco de un ensayo pr\u00e1ctico. Para este fin disponemos de un laboratorio equipado con la tecnolog\u00eda m\u00e1s avanzada que nos permite simular cualquier par\u00e1metro de producci\u00f3n a condiciones casi reales.<\/p>\n<p>Creamos una&nbsp;<strong>soluci\u00f3n \u00f3ptima personalizada<\/strong>&nbsp;para cada uno de nuestros clientes. Para ello, nuestro laboratorio, nuestro taller y nuestro departamento de dise\u00f1o trabajan codo con codo en el desarrollo y en la construcci\u00f3n de un prototipo.<\/p>\n\r\n                            <\/div>\r\n                        <\/div>                                        \r\n                    <\/div>  \r\n                                              \r\n                    <\/div>                                \r\n            <\/section><\/div>\n\n\n\n<div class=\"wp-block-column is-layout-flow wp-block-column-is-layout-flow\" style=\"flex-basis:33.33%\"><div class=\"wp-block-image\">\n<figure class=\"alignright size-full\"><img loading=\"lazy\" decoding=\"async\" width=\"800\" height=\"453\" src=\"https:\/\/arcotec.com\/wp-content\/uploads\/2024\/07\/arcotec-labor.jpg\" alt=\"Arcotec Labor\" class=\"wp-image-1730\" srcset=\"https:\/\/arcotec.com\/wp-content\/uploads\/2024\/07\/arcotec-labor.jpg 800w, https:\/\/arcotec.com\/wp-content\/uploads\/2024\/07\/arcotec-labor-300x170.jpg 300w, https:\/\/arcotec.com\/wp-content\/uploads\/2024\/07\/arcotec-labor-768x435.jpg 768w, https:\/\/arcotec.com\/wp-content\/uploads\/2024\/07\/arcotec-labor-600x340.jpg 600w\" sizes=\"auto, (max-width: 800px) 100vw, 800px\" \/><\/figure>\n<\/div><\/div>\n<\/div>\n<\/div><\/div>\n\n\n\n<div style=\"height:30px\" aria-hidden=\"true\" class=\"wp-block-spacer\"><\/div>\n\n\n<section id=\"\" class=\"text-block \">                \r\n                    <div class=\"container\">                        \r\n                        <div class=\"row\">                                        \r\n                        <div class=\"col\">\r\n                            <h3 class=\"textBlock-headline upper wt-font-color-black left  left \">Equipamiento de nuestro laboratorio<\/h3>\r\n                        <\/div>                                        \r\n                    <\/div>                        \r\n                        <div class=\"row text\">\r\n                        <div class=\"col\">\r\n                            <div class=\"textBlock-text fs-16 fw-medium lh-26 text-block-html \">\r\n                                <p class=\"wp-block-wt-text-block\">Nuestro laboratorio cuenta con<strong>&nbsp;<\/strong>los&nbsp;<strong>equipos de pretratamiento Arcotec<\/strong>&nbsp;m\u00e1s avanzados para la realizaci\u00f3n de los cuatro procedimientos f\u00edsicos de activaci\u00f3n de<strong>&nbsp;<\/strong>superficies, as\u00ed como numerosos<strong>&nbsp;equipos destinados a aplicaciones espec\u00edficas<\/strong>. Para poder llevar a cabo todos los ensayos necesarios, nuestro laboratorio dispone tambi\u00e9n de la siguiente maquinaria adicional:<\/p>\n\r\n                            <\/div>\r\n                        <\/div>                                        \r\n                    <\/div>  \r\n                                              \r\n                    <\/div>                                \r\n            <\/section>\n\n\n<div class=\"wp-block-group container\"><div class=\"wp-block-group__inner-container is-layout-constrained wp-block-group-is-layout-constrained\">\n<ul class=\"wp-block-list\">\n<li>Bobinadora<\/li>\n\n\n\n<li>Unidad lineal<\/li>\n\n\n\n<li>Cintas transportadoras<\/li>\n\n\n\n<li>Viradores<\/li>\n\n\n\n<li>Robot<\/li>\n\n\n\n<li>Estaci\u00f3n de hojas<\/li>\n\n\n\n<li>Plato giratorio<\/li>\n<\/ul>\n<\/div><\/div>\n\n\n\n<div style=\"height:50px\" aria-hidden=\"true\" class=\"wp-block-spacer\"><\/div>\n\n\n<div class=\"contact-banner-block\">    \r\n              <div class=\"container-fluid\" style=\"background-color: #008DD4 \">\r\n                        <div class=\"container\">                \r\n                           <div class=\"contact-banner-container\" >\r\n                           <div class=\"contact-banner-left\">\r\n                                 <p class=\"headline\">Le invitamos a contactarnos para una consulta gratuita.<\/p>\r\n                           <\/div>\r\n                          \r\n                           <div class=\"contact-banner-button\">\r\n                                <a class=\"wt-button\" href=\/es\/contacto\/>\r\n                                    <div class=\"wt-btn-outline\">\r\n                                        <span>Contacto<\/span>\r\n                                        <div class=\"wt-long-arrow-right\"><\/div>\r\n                                    <\/div>\r\n                                <\/a>\r\n                           <\/div>\r\n                                \r\n                           <\/div>\r\n                           <\/div>\r\n                        <\/div>\r\n                <\/div>","protected":false},"excerpt":{"rendered":"","protected":false},"author":1,"featured_media":0,"parent":0,"menu_order":0,"comment_status":"closed","ping_status":"closed","template":"","meta":{"footnotes":""},"class_list":["post-1494","page","type-page","status-publish","hentry"],"yoast_head":"<!-- This site is optimized with the Yoast SEO plugin v27.3 - https:\/\/yoast.com\/product\/yoast-seo-wordpress\/ -->\n<title>Nuestro servicio t\u00e9cnico para sistemas de pretratamiento | Arcotec<\/title>\n<meta name=\"description\" content=\"El servicio t\u00e9cnico est\u00e1 disponible para usted en todo el mundo. Ponemos a su disposici\u00f3n t\u00e9cnicos especializados, piezas de repuestos etc. completos.\" \/>\n<meta name=\"robots\" content=\"index, follow, max-snippet:-1, max-image-preview:large, max-video-preview:-1\" \/>\n<link rel=\"canonical\" href=\"https:\/\/arcotec.com\/es\/labor\/\" \/>\n<meta property=\"og:locale\" content=\"es_ES\" \/>\n<meta property=\"og:type\" content=\"article\" \/>\n<meta property=\"og:title\" content=\"Nuestro servicio t\u00e9cnico para sistemas de pretratamiento | Arcotec\" \/>\n<meta property=\"og:description\" content=\"El servicio t\u00e9cnico est\u00e1 disponible para usted en todo el mundo. Ponemos a su disposici\u00f3n t\u00e9cnicos especializados, piezas de repuestos etc. completos.\" \/>\n<meta property=\"og:url\" content=\"https:\/\/arcotec.com\/es\/labor\/\" \/>\n<meta property=\"og:site_name\" content=\"arcotec\" \/>\n<meta property=\"article:modified_time\" content=\"2025-12-02T13:22:54+00:00\" \/>\n<meta property=\"og:image\" content=\"https:\/\/arcotec.com\/wp-content\/uploads\/2024\/07\/arcotec-labor.jpg\" \/>\n\t<meta property=\"og:image:width\" content=\"800\" \/>\n\t<meta property=\"og:image:height\" content=\"453\" \/>\n\t<meta property=\"og:image:type\" content=\"image\/jpeg\" \/>\n<meta name=\"twitter:card\" content=\"summary_large_image\" \/>\n<meta name=\"twitter:label1\" content=\"Tiempo de lectura\" \/>\n\t<meta name=\"twitter:data1\" content=\"2 minutos\" \/>\n<script type=\"application\/ld+json\" class=\"yoast-schema-graph\">{\"@context\":\"https:\\\/\\\/schema.org\",\"@graph\":[{\"@type\":\"WebPage\",\"@id\":\"https:\\\/\\\/arcotec.com\\\/es\\\/labor\\\/\",\"url\":\"https:\\\/\\\/arcotec.com\\\/es\\\/labor\\\/\",\"name\":\"Nuestro servicio t\u00e9cnico para sistemas de pretratamiento | Arcotec\",\"isPartOf\":{\"@id\":\"https:\\\/\\\/arcotec.com\\\/es\\\/#website\"},\"primaryImageOfPage\":{\"@id\":\"https:\\\/\\\/arcotec.com\\\/es\\\/labor\\\/#primaryimage\"},\"image\":{\"@id\":\"https:\\\/\\\/arcotec.com\\\/es\\\/labor\\\/#primaryimage\"},\"thumbnailUrl\":\"https:\\\/\\\/arcotec.com\\\/wp-content\\\/uploads\\\/2024\\\/07\\\/arcotec-labor.jpg\",\"datePublished\":\"2024-05-06T13:26:38+00:00\",\"dateModified\":\"2025-12-02T13:22:54+00:00\",\"description\":\"El servicio t\u00e9cnico est\u00e1 disponible para usted en todo el mundo. Ponemos a su disposici\u00f3n t\u00e9cnicos especializados, piezas de repuestos etc. completos.\",\"breadcrumb\":{\"@id\":\"https:\\\/\\\/arcotec.com\\\/es\\\/labor\\\/#breadcrumb\"},\"inLanguage\":\"es\",\"potentialAction\":[{\"@type\":\"ReadAction\",\"target\":[\"https:\\\/\\\/arcotec.com\\\/es\\\/labor\\\/\"]}]},{\"@type\":\"ImageObject\",\"inLanguage\":\"es\",\"@id\":\"https:\\\/\\\/arcotec.com\\\/es\\\/labor\\\/#primaryimage\",\"url\":\"https:\\\/\\\/arcotec.com\\\/wp-content\\\/uploads\\\/2024\\\/07\\\/arcotec-labor.jpg\",\"contentUrl\":\"https:\\\/\\\/arcotec.com\\\/wp-content\\\/uploads\\\/2024\\\/07\\\/arcotec-labor.jpg\"},{\"@type\":\"BreadcrumbList\",\"@id\":\"https:\\\/\\\/arcotec.com\\\/es\\\/labor\\\/#breadcrumb\",\"itemListElement\":[{\"@type\":\"ListItem\",\"position\":1,\"name\":\"Home\",\"item\":\"https:\\\/\\\/arcotec.com\\\/es\\\/\"},{\"@type\":\"ListItem\",\"position\":2,\"name\":\"Labor\"}]},{\"@type\":\"WebSite\",\"@id\":\"https:\\\/\\\/arcotec.com\\\/es\\\/#website\",\"url\":\"https:\\\/\\\/arcotec.com\\\/es\\\/\",\"name\":\"arcotec\",\"description\":\"\",\"potentialAction\":[{\"@type\":\"SearchAction\",\"target\":{\"@type\":\"EntryPoint\",\"urlTemplate\":\"https:\\\/\\\/arcotec.com\\\/es\\\/?s={search_term_string}\"},\"query-input\":{\"@type\":\"PropertyValueSpecification\",\"valueRequired\":true,\"valueName\":\"search_term_string\"}}],\"inLanguage\":\"es\"}]}<\/script>\n<!-- \/ Yoast SEO plugin. -->","yoast_head_json":{"title":"Nuestro servicio t\u00e9cnico para sistemas de pretratamiento | Arcotec","description":"El servicio t\u00e9cnico est\u00e1 disponible para usted en todo el mundo. Ponemos a su disposici\u00f3n t\u00e9cnicos especializados, piezas de repuestos etc. completos.","robots":{"index":"index","follow":"follow","max-snippet":"max-snippet:-1","max-image-preview":"max-image-preview:large","max-video-preview":"max-video-preview:-1"},"canonical":"https:\/\/arcotec.com\/es\/labor\/","og_locale":"es_ES","og_type":"article","og_title":"Nuestro servicio t\u00e9cnico para sistemas de pretratamiento | Arcotec","og_description":"El servicio t\u00e9cnico est\u00e1 disponible para usted en todo el mundo. Ponemos a su disposici\u00f3n t\u00e9cnicos especializados, piezas de repuestos etc. completos.","og_url":"https:\/\/arcotec.com\/es\/labor\/","og_site_name":"arcotec","article_modified_time":"2025-12-02T13:22:54+00:00","og_image":[{"width":800,"height":453,"url":"https:\/\/arcotec.com\/wp-content\/uploads\/2024\/07\/arcotec-labor.jpg","type":"image\/jpeg"}],"twitter_card":"summary_large_image","twitter_misc":{"Tiempo de lectura":"2 minutos"},"schema":{"@context":"https:\/\/schema.org","@graph":[{"@type":"WebPage","@id":"https:\/\/arcotec.com\/es\/labor\/","url":"https:\/\/arcotec.com\/es\/labor\/","name":"Nuestro servicio t\u00e9cnico para sistemas de pretratamiento | Arcotec","isPartOf":{"@id":"https:\/\/arcotec.com\/es\/#website"},"primaryImageOfPage":{"@id":"https:\/\/arcotec.com\/es\/labor\/#primaryimage"},"image":{"@id":"https:\/\/arcotec.com\/es\/labor\/#primaryimage"},"thumbnailUrl":"https:\/\/arcotec.com\/wp-content\/uploads\/2024\/07\/arcotec-labor.jpg","datePublished":"2024-05-06T13:26:38+00:00","dateModified":"2025-12-02T13:22:54+00:00","description":"El servicio t\u00e9cnico est\u00e1 disponible para usted en todo el mundo. Ponemos a su disposici\u00f3n t\u00e9cnicos especializados, piezas de repuestos etc. completos.","breadcrumb":{"@id":"https:\/\/arcotec.com\/es\/labor\/#breadcrumb"},"inLanguage":"es","potentialAction":[{"@type":"ReadAction","target":["https:\/\/arcotec.com\/es\/labor\/"]}]},{"@type":"ImageObject","inLanguage":"es","@id":"https:\/\/arcotec.com\/es\/labor\/#primaryimage","url":"https:\/\/arcotec.com\/wp-content\/uploads\/2024\/07\/arcotec-labor.jpg","contentUrl":"https:\/\/arcotec.com\/wp-content\/uploads\/2024\/07\/arcotec-labor.jpg"},{"@type":"BreadcrumbList","@id":"https:\/\/arcotec.com\/es\/labor\/#breadcrumb","itemListElement":[{"@type":"ListItem","position":1,"name":"Home","item":"https:\/\/arcotec.com\/es\/"},{"@type":"ListItem","position":2,"name":"Labor"}]},{"@type":"WebSite","@id":"https:\/\/arcotec.com\/es\/#website","url":"https:\/\/arcotec.com\/es\/","name":"arcotec","description":"","potentialAction":[{"@type":"SearchAction","target":{"@type":"EntryPoint","urlTemplate":"https:\/\/arcotec.com\/es\/?s={search_term_string}"},"query-input":{"@type":"PropertyValueSpecification","valueRequired":true,"valueName":"search_term_string"}}],"inLanguage":"es"}]}},"_links":{"self":[{"href":"https:\/\/arcotec.com\/es\/wp-json\/wp\/v2\/pages\/1494","targetHints":{"allow":["GET"]}}],"collection":[{"href":"https:\/\/arcotec.com\/es\/wp-json\/wp\/v2\/pages"}],"about":[{"href":"https:\/\/arcotec.com\/es\/wp-json\/wp\/v2\/types\/page"}],"author":[{"embeddable":true,"href":"https:\/\/arcotec.com\/es\/wp-json\/wp\/v2\/users\/1"}],"replies":[{"embeddable":true,"href":"https:\/\/arcotec.com\/es\/wp-json\/wp\/v2\/comments?post=1494"}],"version-history":[{"count":11,"href":"https:\/\/arcotec.com\/es\/wp-json\/wp\/v2\/pages\/1494\/revisions"}],"predecessor-version":[{"id":46203,"href":"https:\/\/arcotec.com\/es\/wp-json\/wp\/v2\/pages\/1494\/revisions\/46203"}],"wp:attachment":[{"href":"https:\/\/arcotec.com\/es\/wp-json\/wp\/v2\/media?parent=1494"}],"curies":[{"name":"wp","href":"https:\/\/api.w.org\/{rel}","templated":true}]}}