{"id":1488,"date":"2024-05-06T15:27:00","date_gmt":"2024-05-06T13:27:00","guid":{"rendered":"https:\/\/test.arcotec.com\/?page_id=1488"},"modified":"2024-09-02T14:39:11","modified_gmt":"2024-09-02T12:39:11","slug":"referencias","status":"publish","type":"page","link":"https:\/\/arcotec.com\/es\/referencias\/","title":{"rendered":"Referencias"},"content":{"rendered":"","protected":false},"excerpt":{"rendered":"","protected":false},"author":1,"featured_media":0,"parent":0,"menu_order":0,"comment_status":"closed","ping_status":"closed","template":"","meta":{"footnotes":""},"class_list":["post-1488","page","type-page","status-publish","hentry"],"yoast_head":"<!-- This site is optimized with the Yoast SEO plugin v27.3 - https:\/\/yoast.com\/product\/yoast-seo-wordpress\/ -->\n<title>Testimonios sinceros de clientes sobre Arcotec \u2013 L\u00e9alos ahora<\/title>\n<meta name=\"description\" content=\"Desde hace m\u00e1s de 45 a\u00f1os, Arcotec es un proveedor l\u00edder en las tres t\u00e9cnicas de pretratamiento f\u00edsico de superficies. \u27a4 \u00a1M\u00e1s informaci\u00f3n!\" \/>\n<meta name=\"robots\" content=\"index, follow, max-snippet:-1, max-image-preview:large, max-video-preview:-1\" \/>\n<link rel=\"canonical\" href=\"https:\/\/arcotec.com\/es\/referencias\/\" \/>\n<meta property=\"og:locale\" content=\"es_ES\" \/>\n<meta property=\"og:type\" content=\"article\" \/>\n<meta property=\"og:title\" content=\"Testimonios sinceros de clientes sobre Arcotec \u2013 L\u00e9alos ahora\" \/>\n<meta property=\"og:description\" content=\"Desde hace m\u00e1s de 45 a\u00f1os, Arcotec es un proveedor l\u00edder en las tres t\u00e9cnicas de pretratamiento f\u00edsico de superficies. \u27a4 \u00a1M\u00e1s informaci\u00f3n!\" \/>\n<meta property=\"og:url\" content=\"https:\/\/arcotec.com\/es\/referencias\/\" \/>\n<meta property=\"og:site_name\" content=\"arcotec\" \/>\n<meta property=\"article:modified_time\" content=\"2024-09-02T12:39:11+00:00\" \/>\n<meta name=\"twitter:card\" content=\"summary_large_image\" \/>\n<script type=\"application\/ld+json\" class=\"yoast-schema-graph\">{\"@context\":\"https:\\\/\\\/schema.org\",\"@graph\":[{\"@type\":\"WebPage\",\"@id\":\"https:\\\/\\\/arcotec.com\\\/es\\\/referencias\\\/\",\"url\":\"https:\\\/\\\/arcotec.com\\\/es\\\/referencias\\\/\",\"name\":\"Testimonios sinceros de clientes sobre Arcotec \u2013 L\u00e9alos ahora\",\"isPartOf\":{\"@id\":\"https:\\\/\\\/arcotec.com\\\/es\\\/#website\"},\"datePublished\":\"2024-05-06T13:27:00+00:00\",\"dateModified\":\"2024-09-02T12:39:11+00:00\",\"description\":\"Desde hace m\u00e1s de 45 a\u00f1os, Arcotec es un proveedor l\u00edder en las tres t\u00e9cnicas de pretratamiento f\u00edsico de superficies. \u27a4 \u00a1M\u00e1s informaci\u00f3n!\",\"breadcrumb\":{\"@id\":\"https:\\\/\\\/arcotec.com\\\/es\\\/referencias\\\/#breadcrumb\"},\"inLanguage\":\"es\",\"potentialAction\":[{\"@type\":\"ReadAction\",\"target\":[\"https:\\\/\\\/arcotec.com\\\/es\\\/referencias\\\/\"]}]},{\"@type\":\"BreadcrumbList\",\"@id\":\"https:\\\/\\\/arcotec.com\\\/es\\\/referencias\\\/#breadcrumb\",\"itemListElement\":[{\"@type\":\"ListItem\",\"position\":1,\"name\":\"Home\",\"item\":\"https:\\\/\\\/arcotec.com\\\/es\\\/\"},{\"@type\":\"ListItem\",\"position\":2,\"name\":\"Referencias\"}]},{\"@type\":\"WebSite\",\"@id\":\"https:\\\/\\\/arcotec.com\\\/es\\\/#website\",\"url\":\"https:\\\/\\\/arcotec.com\\\/es\\\/\",\"name\":\"arcotec\",\"description\":\"\",\"potentialAction\":[{\"@type\":\"SearchAction\",\"target\":{\"@type\":\"EntryPoint\",\"urlTemplate\":\"https:\\\/\\\/arcotec.com\\\/es\\\/?s={search_term_string}\"},\"query-input\":{\"@type\":\"PropertyValueSpecification\",\"valueRequired\":true,\"valueName\":\"search_term_string\"}}],\"inLanguage\":\"es\"}]}<\/script>\n<!-- \/ Yoast SEO plugin. -->","yoast_head_json":{"title":"Testimonios sinceros de clientes sobre Arcotec \u2013 L\u00e9alos ahora","description":"Desde hace m\u00e1s de 45 a\u00f1os, Arcotec es un proveedor l\u00edder en las tres t\u00e9cnicas de pretratamiento f\u00edsico de superficies. \u27a4 \u00a1M\u00e1s informaci\u00f3n!","robots":{"index":"index","follow":"follow","max-snippet":"max-snippet:-1","max-image-preview":"max-image-preview:large","max-video-preview":"max-video-preview:-1"},"canonical":"https:\/\/arcotec.com\/es\/referencias\/","og_locale":"es_ES","og_type":"article","og_title":"Testimonios sinceros de clientes sobre Arcotec \u2013 L\u00e9alos ahora","og_description":"Desde hace m\u00e1s de 45 a\u00f1os, Arcotec es un proveedor l\u00edder en las tres t\u00e9cnicas de pretratamiento f\u00edsico de superficies. \u27a4 \u00a1M\u00e1s informaci\u00f3n!","og_url":"https:\/\/arcotec.com\/es\/referencias\/","og_site_name":"arcotec","article_modified_time":"2024-09-02T12:39:11+00:00","twitter_card":"summary_large_image","schema":{"@context":"https:\/\/schema.org","@graph":[{"@type":"WebPage","@id":"https:\/\/arcotec.com\/es\/referencias\/","url":"https:\/\/arcotec.com\/es\/referencias\/","name":"Testimonios sinceros de clientes sobre Arcotec \u2013 L\u00e9alos ahora","isPartOf":{"@id":"https:\/\/arcotec.com\/es\/#website"},"datePublished":"2024-05-06T13:27:00+00:00","dateModified":"2024-09-02T12:39:11+00:00","description":"Desde hace m\u00e1s de 45 a\u00f1os, Arcotec es un proveedor l\u00edder en las tres t\u00e9cnicas de pretratamiento f\u00edsico de superficies. \u27a4 \u00a1M\u00e1s informaci\u00f3n!","breadcrumb":{"@id":"https:\/\/arcotec.com\/es\/referencias\/#breadcrumb"},"inLanguage":"es","potentialAction":[{"@type":"ReadAction","target":["https:\/\/arcotec.com\/es\/referencias\/"]}]},{"@type":"BreadcrumbList","@id":"https:\/\/arcotec.com\/es\/referencias\/#breadcrumb","itemListElement":[{"@type":"ListItem","position":1,"name":"Home","item":"https:\/\/arcotec.com\/es\/"},{"@type":"ListItem","position":2,"name":"Referencias"}]},{"@type":"WebSite","@id":"https:\/\/arcotec.com\/es\/#website","url":"https:\/\/arcotec.com\/es\/","name":"arcotec","description":"","potentialAction":[{"@type":"SearchAction","target":{"@type":"EntryPoint","urlTemplate":"https:\/\/arcotec.com\/es\/?s={search_term_string}"},"query-input":{"@type":"PropertyValueSpecification","valueRequired":true,"valueName":"search_term_string"}}],"inLanguage":"es"}]}},"_links":{"self":[{"href":"https:\/\/arcotec.com\/es\/wp-json\/wp\/v2\/pages\/1488","targetHints":{"allow":["GET"]}}],"collection":[{"href":"https:\/\/arcotec.com\/es\/wp-json\/wp\/v2\/pages"}],"about":[{"href":"https:\/\/arcotec.com\/es\/wp-json\/wp\/v2\/types\/page"}],"author":[{"embeddable":true,"href":"https:\/\/arcotec.com\/es\/wp-json\/wp\/v2\/users\/1"}],"replies":[{"embeddable":true,"href":"https:\/\/arcotec.com\/es\/wp-json\/wp\/v2\/comments?post=1488"}],"version-history":[{"count":1,"href":"https:\/\/arcotec.com\/es\/wp-json\/wp\/v2\/pages\/1488\/revisions"}],"predecessor-version":[{"id":1490,"href":"https:\/\/arcotec.com\/es\/wp-json\/wp\/v2\/pages\/1488\/revisions\/1490"}],"wp:attachment":[{"href":"https:\/\/arcotec.com\/es\/wp-json\/wp\/v2\/media?parent=1488"}],"curies":[{"name":"wp","href":"https:\/\/api.w.org\/{rel}","templated":true}]}}