{"id":1479,"date":"2024-05-06T15:34:29","date_gmt":"2024-05-06T13:34:29","guid":{"rendered":"https:\/\/test.arcotec.com\/?page_id=1479"},"modified":"2026-02-09T11:17:27","modified_gmt":"2026-02-09T10:17:27","slug":"plasma","status":"publish","type":"page","link":"https:\/\/arcotec.com\/es\/sistemas-de-pretratamiento\/plasma\/","title":{"rendered":"Plasma"},"content":{"rendered":"\n<div style=\"height:25px\" aria-hidden=\"true\" class=\"wp-block-spacer\"><\/div>\n\n\n<div id=\"default-class\" class=\"headline-block default-class\">\r\n                        <div class=\"container\">     \r\n                            <div class=\"row\">\r\n                                <div class=\"col\">\r\n                                    <h1  style=\"color: var(--arcot-blue)\" class=\"wt-headline big  \">Pretratamiento con plasma<\/h1>\r\n                                <\/div>                                        \r\n                            <\/div>                         \r\n                                                        \r\n                        <\/div>                                \r\n                <\/div>\r\n            \n\n\n<div style=\"height:20px\" aria-hidden=\"true\" class=\"wp-block-spacer\"><\/div>\n\n\n\n<div class=\"wp-block-group container\"><div class=\"wp-block-group__inner-container is-layout-constrained wp-block-group-is-layout-constrained\">\n<div class=\"wp-block-columns is-layout-flex wp-container-core-columns-is-layout-9d6595d7 wp-block-columns-is-layout-flex\">\n<div class=\"wp-block-column is-layout-flow wp-block-column-is-layout-flow\">\n<p>El pretratamiento con plasma es un m\u00e9todo muy popular actualmente para la activaci\u00f3n de superficies de pl\u00e1stico. Se trata de un procedimiento que crea las <strong>condiciones ideales para una buena adherencia<\/strong> de tintas, pinturas, barnices, pegamentos y otros recubrimientos sobre pl\u00e1sticos, metales y dem\u00e1s superficies.<\/p>\n\n\n\n<p>Los equipos necesarios para ello pueden integrarse f\u00e1cilmente en procesos de fabricaci\u00f3n existentes y<strong> no precisan de ning\u00fan contraelectrodo conectado a tierra<\/strong>. Esto hace que sean muy adecuados para el tratamiento de piezas preformadas de diferentes materiales.<\/p>\n<\/div>\n\n\n\n<div class=\"wp-block-column is-layout-flow wp-block-column-is-layout-flow\">\n<figure class=\"wp-block-image size-full\"><img loading=\"lazy\" decoding=\"async\" width=\"550\" height=\"200\" src=\"https:\/\/arcotec.com\/wp-content\/uploads\/2024\/08\/plasma-discharge-arcotec.jpg\" alt=\"Plasmaentladung Grafik - Arcotec\" class=\"wp-image-3124\" srcset=\"https:\/\/arcotec.com\/wp-content\/uploads\/2024\/08\/plasma-discharge-arcotec.jpg 550w, https:\/\/arcotec.com\/wp-content\/uploads\/2024\/08\/plasma-discharge-arcotec-300x109.jpg 300w\" sizes=\"auto, (max-width: 550px) 100vw, 550px\" \/><\/figure>\n<\/div>\n<\/div>\n<\/div><\/div>\n\n\n\n<div style=\"height:75px\" aria-hidden=\"true\" class=\"wp-block-spacer\"><\/div>\n\n\n<section class=\"product-tiles-block\">\r\n                <div class=\"container-fluid\">\r\n                 \r\n                           <div class=\"product-tiles-container\">\r\n                               \r\n               <div class=\"product-tiles-item\">\r\n                  <a class=\"wt-button\" href=\/es\/sistemas-de-pretratamiento\/plasma\/arcojet\/ target=_blank>\r\n                    <img decoding=\"async\" src=\"https:\/\/arcotec.com\/wp-content\/uploads\/2024\/08\/arcojet-plasma-generator-arcotec.jpg\" \/>\r\n                        <p class=\"product-headline headline-bg-no product-headline-white\">Arcojet\u00ae<\/p>\r\n                     <\/a>\r\n               <\/div>\r\n           \r\n               <div class=\"product-tiles-item\">\r\n                  <a class=\"wt-button\" href=\/es\/sistemas-de-pretratamiento\/plasma\/arcospot\/ target=_blank>\r\n                    <img decoding=\"async\" src=\"https:\/\/arcotec.com\/wp-content\/uploads\/2024\/08\/arcospot-plasma-generator-arcotec.jpg\" \/>\r\n                        <p class=\"product-headline headline-bg-no product-headline-white\">Arcospot\u00ae<\/p>\r\n                     <\/a>\r\n               <\/div>\r\n           \r\n                            <\/div>\r\n               \r\n                <\/div>                                                                \r\n            <\/section>\n\n\n<div style=\"height:75px\" aria-hidden=\"true\" class=\"wp-block-spacer\"><\/div>\n\n\n\n<div class=\"wp-block-group container\"><div class=\"wp-block-group__inner-container is-layout-constrained wp-block-group-is-layout-constrained\"><div id=\"default-class\" class=\"headline-block default-class\"> \r\n                        <h2 style=\"color: var(--arcot-black)\" class=\"wt-headline  \">\u00bfQu\u00e9 es el tratamiento con plasma?<\/h2>                        \r\n                                                    \r\n                                                                           \r\n                <\/div>\n\n\n<p>Las superficies de pl\u00e1sticos y metales, pero tambi\u00e9n de otros materiales como cer\u00e1mica, vidrio o ciertas clases de papel, tienen una humectabilidad reducida si no se tratan con anterioridad. Eso significa que poseen una <strong>energ\u00eda superficial baja <\/strong>que hace que sea dif\u00edcil o incluso imposible adherir sobre ellas sustancias l\u00edquidas como tintas, pinturas, barnices o pegamentos.<\/p>\n\n\n\n<p>Este problema puede solucionarse mediante la activaci\u00f3n de sus superficies. En el m\u00e9todo de <strong>pretratamiento con plasma <\/strong>hay dos electrodos entre los cuales se produce una descarga el\u00e9ctrica. Esa descarga genera un plasma que se conduce a la superficie del sustrato a trav\u00e9s de una corriente de aire. Una vez all\u00ed, rompe las cadenas moleculares, posibilitando la fijaci\u00f3n de radicales libres. Eso genera una <strong>buena humectabilidad de la superficie<\/strong>.<\/p>\n<\/div><\/div>\n\n\n\n<div style=\"height:30px\" aria-hidden=\"true\" class=\"wp-block-spacer\"><\/div>\n\n\n\n<div class=\"wp-block-group container\"><div class=\"wp-block-group__inner-container is-layout-constrained wp-block-group-is-layout-constrained\"><div id=\"default-class\" class=\"headline-block default-class\"> \r\n                        <h2 style=\"color: var(--arcot-black)\" class=\"wt-headline  \">Arcotec ofrece resultados excelentes<\/h2>                        \r\n                                                    \r\n                                                                           \r\n                <\/div>\n\n\n<div class=\"wp-block-columns is-layout-flex wp-container-core-columns-is-layout-9d6595d7 wp-block-columns-is-layout-flex\">\n<div class=\"wp-block-column is-layout-flow wp-block-column-is-layout-flow\">\n<div class=\"wp-block-columns is-layout-flex wp-container-core-columns-is-layout-9d6595d7 wp-block-columns-is-layout-flex\">\n<div class=\"wp-block-column is-layout-flow wp-block-column-is-layout-flow\"><div id=\"default-class\" class=\"headline-block default-class\"> \r\n                                                \r\n                        <h3 style=\"color: var(--arcot-black)\" class=\"wt-subheadline \">Ideal para el pretratamiento en una l\u00ednea de producci\u00f3n<\/h3>                            \r\n                                                                           \r\n                <\/div>\n\n\n<p>Los equipos de plasma de Arcotec funcionan bajo presi\u00f3n atmosf\u00e9rica. Eso hace que no necesiten <strong>ninguna c\u00e1mara de vac\u00edo independiente<\/strong>, por lo que son muy adecuados para un proceso industrial continuo integrados en una l\u00ednea de producci\u00f3n.<\/p>\n\n\n\n<div style=\"height:10px\" aria-hidden=\"true\" class=\"wp-block-spacer\"><\/div>\n\n\n<div id=\"default-class\" class=\"headline-block default-class\"> \r\n                                                \r\n                        <h3 style=\"color: var(--arcot-black)\" class=\"wt-subheadline \">Adaptaci\u00f3n a la medida de sus requisitos<\/h3>                            \r\n                                                                           \r\n                <\/div>\n\n\n<p>Los equipos de plasma de Arcotec se suministran en diversas configuraciones, por lo que son aptos para<strong> todas las situaciones de montaje<\/strong>. Nuestros especialistas pueden dise\u00f1ar una soluci\u00f3n adaptada estrechamente a sus necesidades.<\/p>\n<\/div>\n\n\n\n<div class=\"wp-block-column is-layout-flow wp-block-column-is-layout-flow\"><div id=\"default-class\" class=\"headline-block default-class\"> \r\n                                                \r\n                        <h3 style=\"color: var(--arcot-black)\" class=\"wt-subheadline \">Pretratamiento de piezas preformadas<\/h3>                            \r\n                                                                           \r\n                <\/div>\n\n\n<p>Dado que los equipos de plasma pueden funcionar <strong>sin un contraelectrodo conectado a masa<\/strong>, con ellos tambi\u00e9n es posible realizar f\u00e1cilmente el pretratamiento de piezas preformadas, perfiles, ranuras de pegado o cajas plegables a una velocidad de hasta 200 metros por minuto.<\/p>\n\n\n\n<div style=\"height:10px\" aria-hidden=\"true\" class=\"wp-block-spacer\"><\/div>\n\n\n<div id=\"default-class\" class=\"headline-block default-class\"> \r\n                                                \r\n                        <h3 style=\"color: var(--arcot-black)\" class=\"wt-subheadline \">Pretratamiento con plasma en sala limpia<\/h3>                            \r\n                                                                           \r\n                <\/div>\n\n\n<p>Los equipos de plasma son aptos para el uso en sala limpia.<\/p>\n<\/div>\n<\/div>\n<\/div>\n<\/div>\n<\/div><\/div>\n\n\n\n<div style=\"height:75px\" aria-hidden=\"true\" class=\"wp-block-spacer\"><\/div>\n\n\n<div class=\"contact-banner-block\">    \r\n              <div class=\"container-fluid\" style=\"background-color: #008DD4 \">\r\n                        <div class=\"container\">                \r\n                           <div class=\"contact-banner-container\" >\r\n                           <div class=\"contact-banner-left\">\r\n                                 <p class=\"headline\">Le invitamos a contactarnos para una consulta gratuita.<\/p>\r\n                           <\/div>\r\n                          \r\n                           <div class=\"contact-banner-button\">\r\n                                <a class=\"wt-button\" href=\/es\/contacto\/>\r\n                                    <div class=\"wt-btn-outline\">\r\n                                        <span>Contacto<\/span>\r\n                                        <div class=\"wt-long-arrow-right\"><\/div>\r\n                                    <\/div>\r\n                                <\/a>\r\n                           <\/div>\r\n                                \r\n                           <\/div>\r\n                           <\/div>\r\n                        <\/div>\r\n                <\/div>\n\n\n<div style=\"height:75px\" aria-hidden=\"true\" class=\"wp-block-spacer\"><\/div>\n\n\n\n<div class=\"wp-block-group container\"><div class=\"wp-block-group__inner-container is-layout-constrained wp-block-group-is-layout-constrained\"><div id=\"default-class\" class=\"headline-block default-class\"> \r\n                        <h2 style=\"color: var(--arcot-black)\" class=\"wt-headline  \">Preguntas frecuentes sobre el pretratamiento con plasma<\/h2>                        \r\n                                                    \r\n                                                                           \r\n                <\/div>\n\n<div id=\"default-class\" class=\"headline-block default-class\"> \r\n                                                \r\n                        <h3 style=\"color: var(--arcot-black)\" class=\"wt-subheadline \">\u00bfQu\u00e9 es el plasma?<\/h3>                            \r\n                                                                           \r\n                <\/div>\n\n\n<p>Se denomina <strong>plasma <\/strong>a un cuarto estado de agregaci\u00f3n de la materia que complementa a los conocidos estados s\u00f3lido, l\u00edquido y gaseoso. Espec\u00edficamente, se trata de una mezcla conductora de la electricidad compuesta de iones, electrones libres y \u00e1tomos o mol\u00e9culas sin carga. En el tratamiento con plasma se utilizan esos radicales libres para aumentar la humectabilidad de la superficie tratada.<\/p>\n\n\n<div id=\"default-class\" class=\"headline-block default-class\"> \r\n                                                \r\n                        <h3 style=\"color: var(--arcot-black)\" class=\"wt-subheadline \">\u00bfEn qu\u00e9 sustratos o superficies puede utilizarse el pretratamiento con plasma?<\/h3>                            \r\n                                                                           \r\n                <\/div>\n\n\n<p>La activaci\u00f3n de superficies con plasma es actualmente un procedimiento habitual para el <strong>pretratamiento de pl\u00e1sticos<\/strong>. Se utiliza, por ejemplo, antes de pintar, imprimir o pegar pol\u00edmeros como el polipropileno o el polietileno. Pero el pretratamiento con plasma tambi\u00e9n es adecuado para la activaci\u00f3n de metales, cer\u00e1mica, papel y vidrio.<\/p>\n<\/div><\/div>\n\n\n\n<div style=\"height:200px\" aria-hidden=\"true\" class=\"wp-block-spacer\"><\/div>\n","protected":false},"excerpt":{"rendered":"<p>El pretratamiento con plasma es un m\u00e9todo muy popular actualmente para la activaci\u00f3n de superficies de pl\u00e1stico. Se trata de un procedimiento que crea las condiciones ideales para una buena adherencia de tintas, pinturas, barnices, pegamentos y otros recubrimientos sobre pl\u00e1sticos, metales y dem\u00e1s superficies. Los equipos necesarios para ello pueden integrarse f\u00e1cilmente en procesos [&hellip;]<\/p>\n","protected":false},"author":1,"featured_media":0,"parent":1405,"menu_order":0,"comment_status":"closed","ping_status":"closed","template":"","meta":{"footnotes":""},"class_list":["post-1479","page","type-page","status-publish","hentry"],"yoast_head":"<!-- This site is optimized with the Yoast SEO plugin v27.3 - https:\/\/yoast.com\/product\/yoast-seo-wordpress\/ -->\n<title>Pretratamiento de superficies con plasma atmosf\u00e9rico de Arcotec<\/title>\n<meta name=\"description\" content=\"Trate las superficies de materiales de una manera eficaz con equipos de plasma. Para una adherencia segura de: \u2713pinturas, \u2713barnices, \u2713l\u00e1minas.\" \/>\n<meta name=\"robots\" content=\"index, follow, max-snippet:-1, max-image-preview:large, max-video-preview:-1\" \/>\n<link rel=\"canonical\" href=\"https:\/\/arcotec.com\/es\/sistemas-de-pretratamiento\/plasma\/\" \/>\n<meta property=\"og:locale\" content=\"es_ES\" \/>\n<meta property=\"og:type\" content=\"article\" \/>\n<meta property=\"og:title\" content=\"Pretratamiento de superficies con plasma atmosf\u00e9rico de Arcotec\" \/>\n<meta property=\"og:description\" content=\"Trate las superficies de materiales de una manera eficaz con equipos de plasma. Para una adherencia segura de: \u2713pinturas, \u2713barnices, \u2713l\u00e1minas.\" \/>\n<meta property=\"og:url\" content=\"https:\/\/arcotec.com\/es\/sistemas-de-pretratamiento\/plasma\/\" \/>\n<meta property=\"og:site_name\" content=\"arcotec\" \/>\n<meta property=\"article:modified_time\" content=\"2026-02-09T10:17:27+00:00\" \/>\n<meta property=\"og:image\" content=\"https:\/\/arcotec.com\/wp-content\/uploads\/2024\/08\/plasma-discharge-arcotec.jpg\" \/>\n\t<meta property=\"og:image:width\" content=\"550\" \/>\n\t<meta property=\"og:image:height\" content=\"200\" \/>\n\t<meta property=\"og:image:type\" content=\"image\/jpeg\" \/>\n<meta name=\"twitter:card\" content=\"summary_large_image\" \/>\n<meta name=\"twitter:label1\" content=\"Tiempo de lectura\" \/>\n\t<meta name=\"twitter:data1\" content=\"3 minutos\" \/>\n<script type=\"application\/ld+json\" class=\"yoast-schema-graph\">{\"@context\":\"https:\\\/\\\/schema.org\",\"@graph\":[{\"@type\":\"WebPage\",\"@id\":\"https:\\\/\\\/arcotec.com\\\/es\\\/sistemas-de-pretratamiento\\\/plasma\\\/\",\"url\":\"https:\\\/\\\/arcotec.com\\\/es\\\/sistemas-de-pretratamiento\\\/plasma\\\/\",\"name\":\"Pretratamiento de superficies con plasma atmosf\u00e9rico de Arcotec\",\"isPartOf\":{\"@id\":\"https:\\\/\\\/arcotec.com\\\/es\\\/#website\"},\"primaryImageOfPage\":{\"@id\":\"https:\\\/\\\/arcotec.com\\\/es\\\/sistemas-de-pretratamiento\\\/plasma\\\/#primaryimage\"},\"image\":{\"@id\":\"https:\\\/\\\/arcotec.com\\\/es\\\/sistemas-de-pretratamiento\\\/plasma\\\/#primaryimage\"},\"thumbnailUrl\":\"https:\\\/\\\/arcotec.com\\\/wp-content\\\/uploads\\\/2024\\\/08\\\/plasma-discharge-arcotec.jpg\",\"datePublished\":\"2024-05-06T13:34:29+00:00\",\"dateModified\":\"2026-02-09T10:17:27+00:00\",\"description\":\"Trate las superficies de materiales de una manera eficaz con equipos de plasma. Para una adherencia segura de: \u2713pinturas, \u2713barnices, \u2713l\u00e1minas.\",\"breadcrumb\":{\"@id\":\"https:\\\/\\\/arcotec.com\\\/es\\\/sistemas-de-pretratamiento\\\/plasma\\\/#breadcrumb\"},\"inLanguage\":\"es\",\"potentialAction\":[{\"@type\":\"ReadAction\",\"target\":[\"https:\\\/\\\/arcotec.com\\\/es\\\/sistemas-de-pretratamiento\\\/plasma\\\/\"]}]},{\"@type\":\"ImageObject\",\"inLanguage\":\"es\",\"@id\":\"https:\\\/\\\/arcotec.com\\\/es\\\/sistemas-de-pretratamiento\\\/plasma\\\/#primaryimage\",\"url\":\"https:\\\/\\\/arcotec.com\\\/wp-content\\\/uploads\\\/2024\\\/08\\\/plasma-discharge-arcotec.jpg\",\"contentUrl\":\"https:\\\/\\\/arcotec.com\\\/wp-content\\\/uploads\\\/2024\\\/08\\\/plasma-discharge-arcotec.jpg\"},{\"@type\":\"BreadcrumbList\",\"@id\":\"https:\\\/\\\/arcotec.com\\\/es\\\/sistemas-de-pretratamiento\\\/plasma\\\/#breadcrumb\",\"itemListElement\":[{\"@type\":\"ListItem\",\"position\":1,\"name\":\"Home\",\"item\":\"https:\\\/\\\/arcotec.com\\\/es\\\/\"},{\"@type\":\"ListItem\",\"position\":2,\"name\":\"Sistemas de pretratamiento\",\"item\":\"https:\\\/\\\/test.arcotec.com\\\/es\\\/sistemas-de-pretratamiento\\\/\"},{\"@type\":\"ListItem\",\"position\":3,\"name\":\"Plasma\"}]},{\"@type\":\"WebSite\",\"@id\":\"https:\\\/\\\/arcotec.com\\\/es\\\/#website\",\"url\":\"https:\\\/\\\/arcotec.com\\\/es\\\/\",\"name\":\"arcotec\",\"description\":\"\",\"potentialAction\":[{\"@type\":\"SearchAction\",\"target\":{\"@type\":\"EntryPoint\",\"urlTemplate\":\"https:\\\/\\\/arcotec.com\\\/es\\\/?s={search_term_string}\"},\"query-input\":{\"@type\":\"PropertyValueSpecification\",\"valueRequired\":true,\"valueName\":\"search_term_string\"}}],\"inLanguage\":\"es\"}]}<\/script>\n<!-- \/ Yoast SEO plugin. -->","yoast_head_json":{"title":"Pretratamiento de superficies con plasma atmosf\u00e9rico de Arcotec","description":"Trate las superficies de materiales de una manera eficaz con equipos de plasma. Para una adherencia segura de: \u2713pinturas, \u2713barnices, \u2713l\u00e1minas.","robots":{"index":"index","follow":"follow","max-snippet":"max-snippet:-1","max-image-preview":"max-image-preview:large","max-video-preview":"max-video-preview:-1"},"canonical":"https:\/\/arcotec.com\/es\/sistemas-de-pretratamiento\/plasma\/","og_locale":"es_ES","og_type":"article","og_title":"Pretratamiento de superficies con plasma atmosf\u00e9rico de Arcotec","og_description":"Trate las superficies de materiales de una manera eficaz con equipos de plasma. Para una adherencia segura de: \u2713pinturas, \u2713barnices, \u2713l\u00e1minas.","og_url":"https:\/\/arcotec.com\/es\/sistemas-de-pretratamiento\/plasma\/","og_site_name":"arcotec","article_modified_time":"2026-02-09T10:17:27+00:00","og_image":[{"width":550,"height":200,"url":"https:\/\/arcotec.com\/wp-content\/uploads\/2024\/08\/plasma-discharge-arcotec.jpg","type":"image\/jpeg"}],"twitter_card":"summary_large_image","twitter_misc":{"Tiempo de lectura":"3 minutos"},"schema":{"@context":"https:\/\/schema.org","@graph":[{"@type":"WebPage","@id":"https:\/\/arcotec.com\/es\/sistemas-de-pretratamiento\/plasma\/","url":"https:\/\/arcotec.com\/es\/sistemas-de-pretratamiento\/plasma\/","name":"Pretratamiento de superficies con plasma atmosf\u00e9rico de Arcotec","isPartOf":{"@id":"https:\/\/arcotec.com\/es\/#website"},"primaryImageOfPage":{"@id":"https:\/\/arcotec.com\/es\/sistemas-de-pretratamiento\/plasma\/#primaryimage"},"image":{"@id":"https:\/\/arcotec.com\/es\/sistemas-de-pretratamiento\/plasma\/#primaryimage"},"thumbnailUrl":"https:\/\/arcotec.com\/wp-content\/uploads\/2024\/08\/plasma-discharge-arcotec.jpg","datePublished":"2024-05-06T13:34:29+00:00","dateModified":"2026-02-09T10:17:27+00:00","description":"Trate las superficies de materiales de una manera eficaz con equipos de plasma. Para una adherencia segura de: \u2713pinturas, \u2713barnices, \u2713l\u00e1minas.","breadcrumb":{"@id":"https:\/\/arcotec.com\/es\/sistemas-de-pretratamiento\/plasma\/#breadcrumb"},"inLanguage":"es","potentialAction":[{"@type":"ReadAction","target":["https:\/\/arcotec.com\/es\/sistemas-de-pretratamiento\/plasma\/"]}]},{"@type":"ImageObject","inLanguage":"es","@id":"https:\/\/arcotec.com\/es\/sistemas-de-pretratamiento\/plasma\/#primaryimage","url":"https:\/\/arcotec.com\/wp-content\/uploads\/2024\/08\/plasma-discharge-arcotec.jpg","contentUrl":"https:\/\/arcotec.com\/wp-content\/uploads\/2024\/08\/plasma-discharge-arcotec.jpg"},{"@type":"BreadcrumbList","@id":"https:\/\/arcotec.com\/es\/sistemas-de-pretratamiento\/plasma\/#breadcrumb","itemListElement":[{"@type":"ListItem","position":1,"name":"Home","item":"https:\/\/arcotec.com\/es\/"},{"@type":"ListItem","position":2,"name":"Sistemas de pretratamiento","item":"https:\/\/test.arcotec.com\/es\/sistemas-de-pretratamiento\/"},{"@type":"ListItem","position":3,"name":"Plasma"}]},{"@type":"WebSite","@id":"https:\/\/arcotec.com\/es\/#website","url":"https:\/\/arcotec.com\/es\/","name":"arcotec","description":"","potentialAction":[{"@type":"SearchAction","target":{"@type":"EntryPoint","urlTemplate":"https:\/\/arcotec.com\/es\/?s={search_term_string}"},"query-input":{"@type":"PropertyValueSpecification","valueRequired":true,"valueName":"search_term_string"}}],"inLanguage":"es"}]}},"_links":{"self":[{"href":"https:\/\/arcotec.com\/es\/wp-json\/wp\/v2\/pages\/1479","targetHints":{"allow":["GET"]}}],"collection":[{"href":"https:\/\/arcotec.com\/es\/wp-json\/wp\/v2\/pages"}],"about":[{"href":"https:\/\/arcotec.com\/es\/wp-json\/wp\/v2\/types\/page"}],"author":[{"embeddable":true,"href":"https:\/\/arcotec.com\/es\/wp-json\/wp\/v2\/users\/1"}],"replies":[{"embeddable":true,"href":"https:\/\/arcotec.com\/es\/wp-json\/wp\/v2\/comments?post=1479"}],"version-history":[{"count":4,"href":"https:\/\/arcotec.com\/es\/wp-json\/wp\/v2\/pages\/1479\/revisions"}],"predecessor-version":[{"id":47092,"href":"https:\/\/arcotec.com\/es\/wp-json\/wp\/v2\/pages\/1479\/revisions\/47092"}],"up":[{"embeddable":true,"href":"https:\/\/arcotec.com\/es\/wp-json\/wp\/v2\/pages\/1405"}],"wp:attachment":[{"href":"https:\/\/arcotec.com\/es\/wp-json\/wp\/v2\/media?parent=1479"}],"curies":[{"name":"wp","href":"https:\/\/api.w.org\/{rel}","templated":true}]}}