{"id":1461,"date":"2024-05-07T16:20:51","date_gmt":"2024-05-07T14:20:51","guid":{"rendered":"https:\/\/test.arcotec.com\/?page_id=1461"},"modified":"2026-02-19T15:51:42","modified_gmt":"2026-02-19T14:51:42","slug":"pie-de-imprenta","status":"publish","type":"page","link":"https:\/\/arcotec.com\/es\/pie-de-imprenta\/","title":{"rendered":"Pie de imprenta"},"content":{"rendered":"<section id=\"\" class=\"text-block \">                \r\n                    <div class=\"container\">                        \r\n                        <div class=\"row\">                                        \r\n                        <div class=\"col\">\r\n                            <h1 class=\"textBlock-headline upper wt-font-color-blue left  left \">Pie de imprenta<\/h1>\r\n                        <\/div>                                        \r\n                    <\/div>                        \r\n                        <div class=\"row text\">\r\n                        <div class=\"col\">\r\n                            <div class=\"textBlock-text fs-16 fw-medium lh-26 text-block-html \">\r\n                                <p class=\"wp-block-wt-text-block\">Informaci\u00f3n conforme al art\u00edculo 18 del MStV:<\/p>\n<p><strong>Arcotec GmbH<\/strong><br \/>Rotweg 24<br \/>71297 M\u00f6nsheim<\/p>\n<p><strong>Representada por:<\/strong><br \/>Arcotec GmbH<br \/>Propietario: Fritz P. Bloss \/ Sebastian Bloss<\/p>\n<p><strong>Contacto:<\/strong><br \/>Tel\u00e9fono:+ 49 (0) 7044 92 12 0<br \/>Fax: + 49 (0) 7044 92 12 12<br \/>E-Mail: <a href=\"mailto:info@arcotec.com\" target=\"_blank\" rel=\"noreferrer noopener\">info@arcotec.com<\/a><\/p>\n<p><strong>Registro de entrada:<\/strong><br \/>Inscripci\u00f3n en el registro mercantil.<br \/>Tribunal de registro: Tribunal local de Mannheim<br \/>N\u00famero de registro: HRB 51565-M<\/p>\n<p><strong>Impuesto sobre el valor a\u00f1adido:<\/strong><br \/>N\u00famero de identificaci\u00f3n del impuesto sobre el valor a\u00f1adido seg\u00fan el \u00a727a de la Ley del Impuesto sobre el Valor A\u00f1adido:<br \/>NIF: DE144525337<br \/>N\u00famero de impuestos: CIF: 48020\/12071<\/p>\n<p><strong>Responsable seg\u00fan el \u00a7 18 MStV:<\/strong><br \/>Arcotec GmbH<br \/>Sebastian Bloss<br \/>Rotweg 24<br \/>D-71297 M\u00f6nsheim<\/p>\n<p><strong>Soluci\u00f3n de controversias<\/strong><br \/>No estamos obligados ni dispuestos a participar en procedimientos de resoluci\u00f3n de litigios ante un organismo de conciliaci\u00f3n de consumidores.<\/p>\n<p><strong>Derechos de autor<\/strong><br \/>Los contenidos y las obras de estas p\u00e1ginas creadas por los operadores del sitio est\u00e1n sujetos a la ley alemana de derechos de autor. La reproducci\u00f3n, edici\u00f3n, distribuci\u00f3n y cualquier tipo de uso fuera de los l\u00edmites de la ley de derechos de autor requieren el consentimiento por escrito del respectivo autor o creador. Las descargas y copias de estas p\u00e1ginas s\u00f3lo se permiten para uso privado y no comercial.<br \/>En la medida en que el contenido de este sitio no haya sido creado por el operador, se respetan los derechos de autor de terceros. En particular, el contenido de terceros se identifica como tal. Si a pesar de ello, se entera de una infracci\u00f3n de derechos de autor, por favor inf\u00f3rmenos. Si nos enteramos de alguna infracci\u00f3n, eliminaremos ese contenido inmediatamente.<\/p>\n\r\n                            <\/div>\r\n                        <\/div>                                        \r\n                    <\/div>  \r\n                                              \r\n                    <\/div>                                \r\n            <\/section>\n\n\n<div style=\"height:100px\" aria-hidden=\"true\" class=\"wp-block-spacer\"><\/div>\n","protected":false},"excerpt":{"rendered":"","protected":false},"author":1,"featured_media":0,"parent":0,"menu_order":0,"comment_status":"closed","ping_status":"closed","template":"","meta":{"footnotes":""},"class_list":["post-1461","page","type-page","status-publish","hentry"],"yoast_head":"<!-- This site is optimized with the Yoast SEO plugin v27.3 - https:\/\/yoast.com\/product\/yoast-seo-wordpress\/ -->\n<title>Informaci\u00f3n legal de Arcotec GmbH<\/title>\n<meta name=\"description\" content=\"En el apartado de informaci\u00f3n legal hallar\u00e1 informaci\u00f3n completa sobre nuestros contenidos y mucho m\u00e1s. \u00a1Estamos a su entera disposici\u00f3n!\" \/>\n<meta name=\"robots\" content=\"index, follow, max-snippet:-1, max-image-preview:large, max-video-preview:-1\" \/>\n<link rel=\"canonical\" href=\"https:\/\/arcotec.com\/es\/pie-de-imprenta\/\" \/>\n<meta property=\"og:locale\" content=\"es_ES\" \/>\n<meta property=\"og:type\" content=\"article\" \/>\n<meta property=\"og:title\" content=\"Informaci\u00f3n legal de Arcotec GmbH\" \/>\n<meta property=\"og:description\" content=\"En el apartado de informaci\u00f3n legal hallar\u00e1 informaci\u00f3n completa sobre nuestros contenidos y mucho m\u00e1s. \u00a1Estamos a su entera disposici\u00f3n!\" \/>\n<meta property=\"og:url\" content=\"https:\/\/arcotec.com\/es\/pie-de-imprenta\/\" \/>\n<meta property=\"og:site_name\" content=\"arcotec\" \/>\n<meta property=\"article:modified_time\" content=\"2026-02-19T14:51:42+00:00\" \/>\n<meta name=\"twitter:card\" content=\"summary_large_image\" \/>\n<meta name=\"twitter:label1\" content=\"Tiempo de lectura\" \/>\n\t<meta name=\"twitter:data1\" content=\"2 minutos\" \/>\n<script type=\"application\/ld+json\" class=\"yoast-schema-graph\">{\"@context\":\"https:\\\/\\\/schema.org\",\"@graph\":[{\"@type\":\"WebPage\",\"@id\":\"https:\\\/\\\/arcotec.com\\\/es\\\/pie-de-imprenta\\\/\",\"url\":\"https:\\\/\\\/arcotec.com\\\/es\\\/pie-de-imprenta\\\/\",\"name\":\"Informaci\u00f3n legal de Arcotec GmbH\",\"isPartOf\":{\"@id\":\"https:\\\/\\\/arcotec.com\\\/es\\\/#website\"},\"datePublished\":\"2024-05-07T14:20:51+00:00\",\"dateModified\":\"2026-02-19T14:51:42+00:00\",\"description\":\"En el apartado de informaci\u00f3n legal hallar\u00e1 informaci\u00f3n completa sobre nuestros contenidos y mucho m\u00e1s. \u00a1Estamos a su entera disposici\u00f3n!\",\"breadcrumb\":{\"@id\":\"https:\\\/\\\/arcotec.com\\\/es\\\/pie-de-imprenta\\\/#breadcrumb\"},\"inLanguage\":\"es\",\"potentialAction\":[{\"@type\":\"ReadAction\",\"target\":[\"https:\\\/\\\/arcotec.com\\\/es\\\/pie-de-imprenta\\\/\"]}]},{\"@type\":\"BreadcrumbList\",\"@id\":\"https:\\\/\\\/arcotec.com\\\/es\\\/pie-de-imprenta\\\/#breadcrumb\",\"itemListElement\":[{\"@type\":\"ListItem\",\"position\":1,\"name\":\"Home\",\"item\":\"https:\\\/\\\/arcotec.com\\\/es\\\/\"},{\"@type\":\"ListItem\",\"position\":2,\"name\":\"Pie de imprenta\"}]},{\"@type\":\"WebSite\",\"@id\":\"https:\\\/\\\/arcotec.com\\\/es\\\/#website\",\"url\":\"https:\\\/\\\/arcotec.com\\\/es\\\/\",\"name\":\"arcotec\",\"description\":\"\",\"potentialAction\":[{\"@type\":\"SearchAction\",\"target\":{\"@type\":\"EntryPoint\",\"urlTemplate\":\"https:\\\/\\\/arcotec.com\\\/es\\\/?s={search_term_string}\"},\"query-input\":{\"@type\":\"PropertyValueSpecification\",\"valueRequired\":true,\"valueName\":\"search_term_string\"}}],\"inLanguage\":\"es\"}]}<\/script>\n<!-- \/ Yoast SEO plugin. -->","yoast_head_json":{"title":"Informaci\u00f3n legal de Arcotec GmbH","description":"En el apartado de informaci\u00f3n legal hallar\u00e1 informaci\u00f3n completa sobre nuestros contenidos y mucho m\u00e1s. \u00a1Estamos a su entera disposici\u00f3n!","robots":{"index":"index","follow":"follow","max-snippet":"max-snippet:-1","max-image-preview":"max-image-preview:large","max-video-preview":"max-video-preview:-1"},"canonical":"https:\/\/arcotec.com\/es\/pie-de-imprenta\/","og_locale":"es_ES","og_type":"article","og_title":"Informaci\u00f3n legal de Arcotec GmbH","og_description":"En el apartado de informaci\u00f3n legal hallar\u00e1 informaci\u00f3n completa sobre nuestros contenidos y mucho m\u00e1s. \u00a1Estamos a su entera disposici\u00f3n!","og_url":"https:\/\/arcotec.com\/es\/pie-de-imprenta\/","og_site_name":"arcotec","article_modified_time":"2026-02-19T14:51:42+00:00","twitter_card":"summary_large_image","twitter_misc":{"Tiempo de lectura":"2 minutos"},"schema":{"@context":"https:\/\/schema.org","@graph":[{"@type":"WebPage","@id":"https:\/\/arcotec.com\/es\/pie-de-imprenta\/","url":"https:\/\/arcotec.com\/es\/pie-de-imprenta\/","name":"Informaci\u00f3n legal de Arcotec GmbH","isPartOf":{"@id":"https:\/\/arcotec.com\/es\/#website"},"datePublished":"2024-05-07T14:20:51+00:00","dateModified":"2026-02-19T14:51:42+00:00","description":"En el apartado de informaci\u00f3n legal hallar\u00e1 informaci\u00f3n completa sobre nuestros contenidos y mucho m\u00e1s. \u00a1Estamos a su entera disposici\u00f3n!","breadcrumb":{"@id":"https:\/\/arcotec.com\/es\/pie-de-imprenta\/#breadcrumb"},"inLanguage":"es","potentialAction":[{"@type":"ReadAction","target":["https:\/\/arcotec.com\/es\/pie-de-imprenta\/"]}]},{"@type":"BreadcrumbList","@id":"https:\/\/arcotec.com\/es\/pie-de-imprenta\/#breadcrumb","itemListElement":[{"@type":"ListItem","position":1,"name":"Home","item":"https:\/\/arcotec.com\/es\/"},{"@type":"ListItem","position":2,"name":"Pie de imprenta"}]},{"@type":"WebSite","@id":"https:\/\/arcotec.com\/es\/#website","url":"https:\/\/arcotec.com\/es\/","name":"arcotec","description":"","potentialAction":[{"@type":"SearchAction","target":{"@type":"EntryPoint","urlTemplate":"https:\/\/arcotec.com\/es\/?s={search_term_string}"},"query-input":{"@type":"PropertyValueSpecification","valueRequired":true,"valueName":"search_term_string"}}],"inLanguage":"es"}]}},"_links":{"self":[{"href":"https:\/\/arcotec.com\/es\/wp-json\/wp\/v2\/pages\/1461","targetHints":{"allow":["GET"]}}],"collection":[{"href":"https:\/\/arcotec.com\/es\/wp-json\/wp\/v2\/pages"}],"about":[{"href":"https:\/\/arcotec.com\/es\/wp-json\/wp\/v2\/types\/page"}],"author":[{"embeddable":true,"href":"https:\/\/arcotec.com\/es\/wp-json\/wp\/v2\/users\/1"}],"replies":[{"embeddable":true,"href":"https:\/\/arcotec.com\/es\/wp-json\/wp\/v2\/comments?post=1461"}],"version-history":[{"count":9,"href":"https:\/\/arcotec.com\/es\/wp-json\/wp\/v2\/pages\/1461\/revisions"}],"predecessor-version":[{"id":47443,"href":"https:\/\/arcotec.com\/es\/wp-json\/wp\/v2\/pages\/1461\/revisions\/47443"}],"wp:attachment":[{"href":"https:\/\/arcotec.com\/es\/wp-json\/wp\/v2\/media?parent=1461"}],"curies":[{"name":"wp","href":"https:\/\/api.w.org\/{rel}","templated":true}]}}