{"id":1434,"date":"2024-05-07T16:20:22","date_gmt":"2024-05-07T14:20:22","guid":{"rendered":"https:\/\/test.arcotec.com\/?page_id=1434"},"modified":"2026-03-16T15:25:13","modified_gmt":"2026-03-16T14:25:13","slug":"downloads","status":"publish","type":"page","link":"https:\/\/arcotec.com\/es\/downloads\/","title":{"rendered":"Downloads"},"content":{"rendered":"\n<div style=\"height:25px\" aria-hidden=\"true\" class=\"wp-block-spacer\"><\/div>\n\n\n<div id=\"default-class\" class=\"headline-block default-class\">\r\n                        <div class=\"container\">     \r\n                            <div class=\"row\">\r\n                                <div class=\"col\">\r\n                                    <h1  style=\"color: var(--arcot-blue)\" class=\"wt-headline big  \">Downloads flyer<\/h1>\r\n                                <\/div>                                        \r\n                            <\/div>                         \r\n                                                        \r\n                        <\/div>                                \r\n                <\/div>\r\n            \n\n\n<div style=\"height:20px\" aria-hidden=\"true\" class=\"wp-block-spacer\"><\/div>\n\n\n\r\n            <section id=\"\" class=\"acc-block acc-block-id-69d7fe3ea4d33   \">\r\n                \r\n                <div class=\"container\">    \r\n                    \r\n        <div class=\"accWrapper\">                                                \r\n            \r\n            <div class=\"row\">\r\n                <div class=\"col-12\">\r\n                    <div class=\"acc-box\">\r\n                        \r\n                        <div class=\"click-area\">                            \r\n                                <p class=\"title\">FTS Aparatos de mando Flyer<\/p>\r\n                                <div class=\"plus\"><\/div>\r\n                        <\/div>\r\n                        \r\n                        <div class=\"content-area  position-left \">\r\n                            \r\n                            <div class=\"content\">\r\n                                <div class=\"text-wrapper\"><ul>\n<li><a href=\"\/wp-content\/uploads\/2024\/07\/fts-arcotec-de.pdf\" target=\"_blank\" rel=\"noopener\">Deutsch<\/a><\/li>\n<li><a href=\"\/wp-content\/uploads\/2024\/07\/fts-arcotec-en.pdf\" target=\"_blank\" rel=\"noopener\">English<\/a><\/li>\n<li><a href=\"\/wp-content\/uploads\/2024\/07\/fts-arcotec-fr.pdf\" target=\"_blank\" rel=\"noopener\">Fran\u00e7ais<\/a><\/li>\n<li><a href=\"\/wp-content\/uploads\/2024\/07\/fts-arcotec-sp.pdf\" target=\"_blank\" rel=\"noopener\">Espa\u00f1ol<\/a><\/li>\n<li><a href=\"\/wp-content\/uploads\/2024\/07\/fts-arcotec-ru.pdf\" target=\"_blank\" rel=\"noopener\">P\u0443\u0441\u0441\u043a\u0438\u0439<\/a><\/li>\n<li><a href=\"\/wp-content\/uploads\/2024\/07\/fts-arcotec-tr.pdf\" target=\"_blank\" rel=\"noopener\">T\u00fcrk<\/a><\/li>\n<li><a href=\"\/wp-content\/uploads\/2024\/07\/fts-arcotec-pl.pdf\" target=\"_blank\" rel=\"noopener\">Polski<\/a><\/li>\n<\/ul>\n<\/div>\r\n                                \r\n                            <\/div>\r\n                            \r\n                        <\/div>\r\n                        \r\n                    <\/div> \r\n                <\/div>\r\n            <\/div>\r\n            <div class=\"row\">\r\n                <div class=\"col-12\">\r\n                    <div class=\"acc-box\">\r\n                        \r\n                        <div class=\"click-area\">                            \r\n                                <p class=\"title\">EFT Aparatos de mando Flyer<\/p>\r\n                                <div class=\"plus\"><\/div>\r\n                        <\/div>\r\n                        \r\n                        <div class=\"content-area  position-left \">\r\n                            \r\n                            <div class=\"content\">\r\n                                <div class=\"text-wrapper\"><ul>\n<li><a href=\"\/wp-content\/uploads\/2024\/07\/eft-arcotec-de.pdf\" target=\"_blank\" rel=\"noopener\">Deutsch<\/a><\/li>\n<li><a href=\"\/wp-content\/uploads\/2024\/07\/eft-arcotec-en.pdf\" target=\"_blank\" rel=\"noopener\">English<\/a><\/li>\n<li><a href=\"\/wp-content\/uploads\/2024\/07\/eft-arcotec-fr.pdf\" target=\"_blank\" rel=\"noopener\">Fran\u00e7ais<\/a><\/li>\n<li><a href=\"\/wp-content\/uploads\/2024\/07\/eft-arcotec-sp.pdf\" target=\"_blank\" rel=\"noopener\">Espa\u00f1ol<\/a><\/li>\n<li><a href=\"\/wp-content\/uploads\/2024\/07\/eft-arcotec-ru.pdf\" target=\"_blank\" rel=\"noopener\">P\u0443\u0441\u0441\u043a\u0438\u0439<\/a><\/li>\n<li><a href=\"\/wp-content\/uploads\/2024\/07\/eft-arcotec-tr.pdf\" target=\"_blank\" rel=\"noopener\">T\u00fcrk<\/a><\/li>\n<li><a href=\"\/wp-content\/uploads\/2024\/07\/eft-arcotec-pl.pdf\" target=\"_blank\" rel=\"noopener\">Polski<\/a><\/li>\n<\/ul>\n<\/div>\r\n                                \r\n                            <\/div>\r\n                            \r\n                        <\/div>\r\n                        \r\n                    <\/div> \r\n                <\/div>\r\n            <\/div>\r\n            <div class=\"row\">\r\n                <div class=\"col-12\">\r\n                    <div class=\"acc-box\">\r\n                        \r\n                        <div class=\"click-area\">                            \r\n                                <p class=\"title\">PGS061P Generador de plasma Flyer<\/p>\r\n                                <div class=\"plus\"><\/div>\r\n                        <\/div>\r\n                        \r\n                        <div class=\"content-area  position-left \">\r\n                            \r\n                            <div class=\"content\">\r\n                                <div class=\"text-wrapper\"><ul>\n<li><a href=\"\/wp-content\/uploads\/2024\/07\/plasmageraet-arcospot-pgs-061-de.pdf\" target=\"_blank\" rel=\"noopener\">Deutsch<\/a><\/li>\n<li><a href=\"\/wp-content\/uploads\/2024\/07\/arcospot-pgs-061-plasma-device-en.pdf\" target=\"_blank\" rel=\"noopener\">English<\/a><\/li>\n<li><a href=\"\/wp-content\/uploads\/2024\/07\/generateur-plasma-arcospot-pgs-061-fr.pdf\" target=\"_blank\" rel=\"noopener\">Fran\u00e7ais<\/a><\/li>\n<li><a href=\"\/wp-content\/uploads\/2024\/07\/equipo-de-plasma-arcospot-pgs-061-sp.pdf\" target=\"_blank\" rel=\"noopener\">Espa\u00f1ol<\/a><\/li>\n<li><a href=\"\/wp-content\/uploads\/2024\/07\/arcospot-pgs-061-ru.pdf\" target=\"_blank\" rel=\"noopener\">P\u0443\u0441\u0441\u043a\u0438\u0439<\/a><\/li>\n<li><a href=\"\/wp-content\/uploads\/2024\/07\/plazma-cihazi-arcospot-pgs-061-tr.pdf\" target=\"_blank\" rel=\"noopener\">T\u00fcrk<\/a><\/li>\n<li><a href=\"\/wp-content\/uploads\/2024\/07\/urzadzenie-plazmowe-arcospot-pgs-061-pl.pdf\" target=\"_blank\" rel=\"noopener\">Polski<\/a><\/li>\n<\/ul>\n<\/div>\r\n                                \r\n                            <\/div>\r\n                            \r\n                        <\/div>\r\n                        \r\n                    <\/div> \r\n                <\/div>\r\n            <\/div>\r\n            <div class=\"row\">\r\n                <div class=\"col-12\">\r\n                    <div class=\"acc-box\">\r\n                        \r\n                        <div class=\"click-area\">                            \r\n                                <p class=\"title\">PGS062P Generador de plasma Flyer<\/p>\r\n                                <div class=\"plus\"><\/div>\r\n                        <\/div>\r\n                        \r\n                        <div class=\"content-area  position-left \">\r\n                            \r\n                            <div class=\"content\">\r\n                                <div class=\"text-wrapper\"><ul>\n<li><a href=\"\/wp-content\/uploads\/2024\/07\/plasmageraet-arcospot-pgs-062.pdf\" target=\"_blank\" rel=\"noopener\">Deutsch<\/a><\/li>\n<li><a href=\"\/wp-content\/uploads\/2024\/07\/arcospot-pgs-062-plasma-device-en.pdf\" target=\"_blank\" rel=\"noopener\">English<\/a><\/li>\n<li><a href=\"\/wp-content\/uploads\/2024\/07\/generateur-plasma-arcospot-pgs-062-fr.pdf\" target=\"_blank\" rel=\"noopener\">Fran\u00e7ais<\/a><\/li>\n<li><a href=\"\/wp-content\/uploads\/2024\/07\/equipo-de-plasma-arcospot-pgs-062-sp.pdf\" target=\"_blank\" rel=\"noopener\">Espa\u00f1ol<\/a><\/li>\n<li><a href=\"\/wp-content\/uploads\/2024\/07\/arcospot-pgs-062-arcotec-ru.pdf\" target=\"_blank\" rel=\"noopener\">P\u0443\u0441\u0441\u043a\u0438\u0439<\/a><\/li>\n<li><a href=\"\/wp-content\/uploads\/2024\/07\/plazma-cihazi-arcospot-pgs-062-tr.pdf\" target=\"_blank\" rel=\"noopener\">T\u00fcrk<\/a><\/li>\n<li><a href=\"\/wp-content\/uploads\/2024\/07\/urzadzenie-plazmowe-arcospot-pgs-062-pl.pdf\" target=\"_blank\" rel=\"noopener\">Polski<\/a><\/li>\n<\/ul>\n<\/div>\r\n                                \r\n                            <\/div>\r\n                            \r\n                        <\/div>\r\n                        \r\n                    <\/div> \r\n                <\/div>\r\n            <\/div>\r\n            <div class=\"row\">\r\n                <div class=\"col-12\">\r\n                    <div class=\"acc-box\">\r\n                        \r\n                        <div class=\"click-area\">                            \r\n                                <p class=\"title\">PG051 Generador de plasma Flyer<\/p>\r\n                                <div class=\"plus\"><\/div>\r\n                        <\/div>\r\n                        \r\n                        <div class=\"content-area  position-left \">\r\n                            \r\n                            <div class=\"content\">\r\n                                <div class=\"text-wrapper\"><ul>\n<li><a href=\"\/wp-content\/uploads\/2024\/07\/plasmageraet-arcojet-pg-051-de.pdf\" target=\"_blank\" rel=\"noopener\">Deutsch<\/a><\/li>\n<li><a href=\"\/wp-content\/uploads\/2024\/07\/arcojet-pg-051-plasma-device-en.pdf\" target=\"_blank\" rel=\"noopener\">English<\/a><\/li>\n<li><a href=\"\/wp-content\/uploads\/2024\/07\/generateur-plasma-arcojet-pg-051-fr.pdf\" target=\"_blank\" rel=\"noopener\">Fran\u00e7ais<\/a><\/li>\n<li><a href=\"\/wp-content\/uploads\/2024\/07\/equipo-de-plasma-arcojet-pg-051-sp.pdf\" target=\"_blank\" rel=\"noopener\">Espa\u00f1ol<\/a><\/li>\n<li><a href=\"\/wp-content\/uploads\/2024\/07\/arcojet-pg-051-arcotec-ru.pdf\" target=\"_blank\" rel=\"noopener\">P\u0443\u0441\u0441\u043a\u0438\u0439<\/a><\/li>\n<li><a href=\"\/wp-content\/uploads\/2024\/07\/plazma-cihazi-arcojet-pg-051-tr.pdf\" target=\"_blank\" rel=\"noopener\">T\u00fcrk<\/a><\/li>\n<li><a href=\"\/wp-content\/uploads\/2024\/07\/urzadzenie-plazmowe-arcojet-pg-051-pl.pdf\" target=\"_blank\" rel=\"noopener\">Polski<\/a><\/li>\n<\/ul>\n<\/div>\r\n                                \r\n                            <\/div>\r\n                            \r\n                        <\/div>\r\n                        \r\n                    <\/div> \r\n                <\/div>\r\n            <\/div>\r\n            <div class=\"row\">\r\n                <div class=\"col-12\">\r\n                    <div class=\"acc-box\">\r\n                        \r\n                        <div class=\"click-area\">                            \r\n                                <p class=\"title\">PG052 Generador de plasma Flyer <\/p>\r\n                                <div class=\"plus\"><\/div>\r\n                        <\/div>\r\n                        \r\n                        <div class=\"content-area  position-left \">\r\n                            \r\n                            <div class=\"content\">\r\n                                <div class=\"text-wrapper\"><ul>\n<li><a href=\"\/wp-content\/uploads\/2024\/07\/plasmageraet-arcojet-pg-052-de.pdf\" target=\"_blank\" rel=\"noopener\">Deutsch<\/a><\/li>\n<li><a href=\"\/wp-content\/uploads\/2024\/07\/arcojet-pg-052-plasma-device-en.pdf\" target=\"_blank\" rel=\"noopener\">English<\/a><\/li>\n<li><a href=\"\/wp-content\/uploads\/2024\/07\/generateur-plasma-arcojet-pg-052-fr.pdf\" target=\"_blank\" rel=\"noopener\">Fran\u00e7ais<\/a><\/li>\n<li><a href=\"\/wp-content\/uploads\/2024\/07\/equipo-de-plasma-arcojet-pg-052-sp.pdf\" target=\"_blank\" rel=\"noopener\">Espa\u00f1ol<\/a><\/li>\n<li><a href=\"\/wp-content\/uploads\/2024\/07\/arcojet-pg-052-arcotec-ru.pdf\" target=\"_blank\" rel=\"noopener\">P\u0443\u0441\u0441\u043a\u0438\u0439<\/a><\/li>\n<li><a href=\"\/wp-content\/uploads\/2024\/07\/plazma-cihazi-arcojet-pg-052-tr.pdf\" target=\"_blank\" rel=\"noopener\">T\u00fcrk<\/a><\/li>\n<li><a href=\"\/wp-content\/uploads\/2024\/07\/urzadzenie-plazmowe-arcojet-pg-052-pl.pdf\" target=\"_blank\" rel=\"noopener\">Polski<\/a><\/li>\n<\/ul>\n<\/div>\r\n                                \r\n                            <\/div>\r\n                            \r\n                        <\/div>\r\n                        \r\n                    <\/div> \r\n                <\/div>\r\n            <\/div>\r\n            <div class=\"row\">\r\n                <div class=\"col-12\">\r\n                    <div class=\"acc-box\">\r\n                        \r\n                        <div class=\"click-area\">                            \r\n                                <p class=\"title\">FTM Aplicaci\u00f3n manual de llama Flyer<\/p>\r\n                                <div class=\"plus\"><\/div>\r\n                        <\/div>\r\n                        \r\n                        <div class=\"content-area  position-left \">\r\n                            \r\n                            <div class=\"content\">\r\n                                <div class=\"text-wrapper\"><ul>\n<li><a href=\"\/wp-content\/uploads\/2024\/07\/handbeflammgeraet-ftm-arcotec-de.pdf\" target=\"_blank\" rel=\"noopener\">Deutsch<\/a><\/li>\n<li><a href=\"\/wp-content\/uploads\/2024\/07\/manual-flame-treatment-unit-ftm-arcotec-en-1.pdf\" target=\"_blank\" rel=\"noopener\">English<\/a><\/li>\n<li><a href=\"\/wp-content\/uploads\/2024\/07\/appareil-manual-traitement-flammage-ftm-arcotec-fr.pdf\" target=\"_blank\" rel=\"noopener\">Fran\u00e7ais<\/a><\/li>\n<li><a href=\"\/wp-content\/uploads\/2024\/07\/equipo-de-flameado-manual-ftm-arcotec-sp.pdf\" target=\"_blank\" rel=\"noopener\">Espa\u00f1ol<\/a><\/li>\n<li><a href=\"\/wp-content\/uploads\/2024\/07\/manual-flame-treatment-unit-ftm-arcotec-ru-1.pdf\" target=\"_blank\" rel=\"noopener\">P\u0443\u0441\u0441\u043a\u0438\u0439<\/a><\/li>\n<li><a href=\"\/wp-content\/uploads\/2024\/07\/el-alev-cihazi-ftm-arcotec-tr-1.pdf\" target=\"_blank\" rel=\"noopener\">T\u00fcrk<\/a><\/li>\n<li><a href=\"\/wp-content\/uploads\/2024\/07\/reczne-arzadzenie-do-obrobki-plomieniem-ftm-arcotec-pl.pdf\" target=\"_blank\" rel=\"noopener\">Polski<\/a><\/li>\n<\/ul>\n<\/div>\r\n                                \r\n                            <\/div>\r\n                            \r\n                        <\/div>\r\n                        \r\n                    <\/div> \r\n                <\/div>\r\n            <\/div>\r\n            <div class=\"row\">\r\n                <div class=\"col-12\">\r\n                    <div class=\"acc-box\">\r\n                        \r\n                        <div class=\"click-area\">                            \r\n                                <p class=\"title\">FTS Silan Flyer<\/p>\r\n                                <div class=\"plus\"><\/div>\r\n                        <\/div>\r\n                        \r\n                        <div class=\"content-area  position-left \">\r\n                            \r\n                            <div class=\"content\">\r\n                                <div class=\"text-wrapper\"><ul>\n<li><a href=\"\/wp-content\/uploads\/2024\/07\/flammenbehandlung-silikatisierung-arcotec-de.pdf\" target=\"_blank\" rel=\"noopener\">Deutsch<\/a><\/li>\n<li><a href=\"\/wp-content\/uploads\/2024\/07\/flame-treatment-silicoating-arcotec-en.pdf\" target=\"_blank\" rel=\"noopener\">English<\/a><\/li>\n<li><a href=\"\/wp-content\/uploads\/2024\/07\/traitement-flammage-avec-silicatisation-arcotec-fr.pdf\" target=\"_blank\" rel=\"noopener\">Fran\u00e7ais<\/a><\/li>\n<li><a href=\"\/wp-content\/uploads\/2024\/07\/tratamiento-flameado-silicatos-arcotec-sp.pdf\" target=\"_blank\" rel=\"noopener\">Espa\u00f1ol<\/a><\/li>\n<li><a href=\"\/wp-content\/uploads\/2024\/07\/flame-treatment-silicoating-arcotec-ru.pdf\" target=\"_blank\" rel=\"noopener\">P\u0443\u0441\u0441\u043a\u0438\u0439<\/a><\/li>\n<li><a href=\"\/wp-content\/uploads\/2024\/07\/silikatizasyonlu-uygulamasi-arcotec-tr.pdf\" target=\"_blank\" rel=\"noopener\">T\u00fcrk<\/a><\/li>\n<li><a href=\"\/wp-content\/uploads\/2024\/07\/flame-treatment-silicoating-arcotec-pl.pdf\" target=\"_blank\" rel=\"noopener\">Polski<\/a><\/li>\n<\/ul>\n<\/div>\r\n                                \r\n                            <\/div>\r\n                            \r\n                        <\/div>\r\n                        \r\n                    <\/div> \r\n                <\/div>\r\n            <\/div>                                                \r\n        <\/div>                        \r\n                <\/div>                                            \r\n                                      \r\n            <\/section>\r\n            <noscript>\r\n                    <style>\r\n                        \r\n                        .acc-block .acc-box .content {\r\n                            font-size: 18pt;\r\n                            line-height: 26pt;\r\n                            opacity: 1 !important;\r\n                            visibility: visible !important;\r\n                            max-height: inherit !important;\r\n                        }\r\n                        .acc-block .acc-box .content-area {\r\n                            padding-bottom: 20px !important;\r\n                            padding-top: 20px !important;\r\n                        }\r\n                        \r\n                    <\/style>\r\n                <\/noscript>\n\n\n<div style=\"height:200px\" aria-hidden=\"true\" class=\"wp-block-spacer\"><\/div>\n","protected":false},"excerpt":{"rendered":"","protected":false},"author":1,"featured_media":0,"parent":0,"menu_order":0,"comment_status":"closed","ping_status":"closed","template":"","meta":{"footnotes":""},"class_list":["post-1434","page","type-page","status-publish","hentry"],"yoast_head":"<!-- This site is optimized with the Yoast SEO plugin v27.3 - https:\/\/yoast.com\/product\/yoast-seo-wordpress\/ -->\n<title>Informaci\u00f3n sobre las ofertas de Arcotec para descargar<\/title>\n<meta name=\"description\" content=\"Aqu\u00ed encontrar\u00e1 informaci\u00f3n sobre nuestros productos y ofertas en formato descargable. \u27a4 Desc\u00fabrala Arcotec ahora.\" \/>\n<meta name=\"robots\" content=\"index, follow, max-snippet:-1, max-image-preview:large, max-video-preview:-1\" \/>\n<link rel=\"canonical\" href=\"https:\/\/arcotec.com\/es\/downloads\/\" \/>\n<meta property=\"og:locale\" content=\"es_ES\" \/>\n<meta property=\"og:type\" content=\"article\" \/>\n<meta property=\"og:title\" content=\"Informaci\u00f3n sobre las ofertas de Arcotec para descargar\" \/>\n<meta property=\"og:description\" content=\"Aqu\u00ed encontrar\u00e1 informaci\u00f3n sobre nuestros productos y ofertas en formato descargable. \u27a4 Desc\u00fabrala Arcotec ahora.\" \/>\n<meta property=\"og:url\" content=\"https:\/\/arcotec.com\/es\/downloads\/\" \/>\n<meta property=\"og:site_name\" content=\"arcotec\" \/>\n<meta property=\"article:modified_time\" content=\"2026-03-16T14:25:13+00:00\" \/>\n<meta name=\"twitter:card\" content=\"summary_large_image\" \/>\n<script type=\"application\/ld+json\" class=\"yoast-schema-graph\">{\"@context\":\"https:\\\/\\\/schema.org\",\"@graph\":[{\"@type\":\"WebPage\",\"@id\":\"https:\\\/\\\/arcotec.com\\\/es\\\/downloads\\\/\",\"url\":\"https:\\\/\\\/arcotec.com\\\/es\\\/downloads\\\/\",\"name\":\"Informaci\u00f3n sobre las ofertas de Arcotec para descargar\",\"isPartOf\":{\"@id\":\"https:\\\/\\\/arcotec.com\\\/es\\\/#website\"},\"datePublished\":\"2024-05-07T14:20:22+00:00\",\"dateModified\":\"2026-03-16T14:25:13+00:00\",\"description\":\"Aqu\u00ed encontrar\u00e1 informaci\u00f3n sobre nuestros productos y ofertas en formato descargable. \u27a4 Desc\u00fabrala Arcotec ahora.\",\"breadcrumb\":{\"@id\":\"https:\\\/\\\/arcotec.com\\\/es\\\/downloads\\\/#breadcrumb\"},\"inLanguage\":\"es\",\"potentialAction\":[{\"@type\":\"ReadAction\",\"target\":[\"https:\\\/\\\/arcotec.com\\\/es\\\/downloads\\\/\"]}]},{\"@type\":\"BreadcrumbList\",\"@id\":\"https:\\\/\\\/arcotec.com\\\/es\\\/downloads\\\/#breadcrumb\",\"itemListElement\":[{\"@type\":\"ListItem\",\"position\":1,\"name\":\"Home\",\"item\":\"https:\\\/\\\/arcotec.com\\\/es\\\/\"},{\"@type\":\"ListItem\",\"position\":2,\"name\":\"Downloads\"}]},{\"@type\":\"WebSite\",\"@id\":\"https:\\\/\\\/arcotec.com\\\/es\\\/#website\",\"url\":\"https:\\\/\\\/arcotec.com\\\/es\\\/\",\"name\":\"arcotec\",\"description\":\"\",\"potentialAction\":[{\"@type\":\"SearchAction\",\"target\":{\"@type\":\"EntryPoint\",\"urlTemplate\":\"https:\\\/\\\/arcotec.com\\\/es\\\/?s={search_term_string}\"},\"query-input\":{\"@type\":\"PropertyValueSpecification\",\"valueRequired\":true,\"valueName\":\"search_term_string\"}}],\"inLanguage\":\"es\"}]}<\/script>\n<!-- \/ Yoast SEO plugin. -->","yoast_head_json":{"title":"Informaci\u00f3n sobre las ofertas de Arcotec para descargar","description":"Aqu\u00ed encontrar\u00e1 informaci\u00f3n sobre nuestros productos y ofertas en formato descargable. \u27a4 Desc\u00fabrala Arcotec ahora.","robots":{"index":"index","follow":"follow","max-snippet":"max-snippet:-1","max-image-preview":"max-image-preview:large","max-video-preview":"max-video-preview:-1"},"canonical":"https:\/\/arcotec.com\/es\/downloads\/","og_locale":"es_ES","og_type":"article","og_title":"Informaci\u00f3n sobre las ofertas de Arcotec para descargar","og_description":"Aqu\u00ed encontrar\u00e1 informaci\u00f3n sobre nuestros productos y ofertas en formato descargable. \u27a4 Desc\u00fabrala Arcotec ahora.","og_url":"https:\/\/arcotec.com\/es\/downloads\/","og_site_name":"arcotec","article_modified_time":"2026-03-16T14:25:13+00:00","twitter_card":"summary_large_image","schema":{"@context":"https:\/\/schema.org","@graph":[{"@type":"WebPage","@id":"https:\/\/arcotec.com\/es\/downloads\/","url":"https:\/\/arcotec.com\/es\/downloads\/","name":"Informaci\u00f3n sobre las ofertas de Arcotec para descargar","isPartOf":{"@id":"https:\/\/arcotec.com\/es\/#website"},"datePublished":"2024-05-07T14:20:22+00:00","dateModified":"2026-03-16T14:25:13+00:00","description":"Aqu\u00ed encontrar\u00e1 informaci\u00f3n sobre nuestros productos y ofertas en formato descargable. \u27a4 Desc\u00fabrala Arcotec ahora.","breadcrumb":{"@id":"https:\/\/arcotec.com\/es\/downloads\/#breadcrumb"},"inLanguage":"es","potentialAction":[{"@type":"ReadAction","target":["https:\/\/arcotec.com\/es\/downloads\/"]}]},{"@type":"BreadcrumbList","@id":"https:\/\/arcotec.com\/es\/downloads\/#breadcrumb","itemListElement":[{"@type":"ListItem","position":1,"name":"Home","item":"https:\/\/arcotec.com\/es\/"},{"@type":"ListItem","position":2,"name":"Downloads"}]},{"@type":"WebSite","@id":"https:\/\/arcotec.com\/es\/#website","url":"https:\/\/arcotec.com\/es\/","name":"arcotec","description":"","potentialAction":[{"@type":"SearchAction","target":{"@type":"EntryPoint","urlTemplate":"https:\/\/arcotec.com\/es\/?s={search_term_string}"},"query-input":{"@type":"PropertyValueSpecification","valueRequired":true,"valueName":"search_term_string"}}],"inLanguage":"es"}]}},"_links":{"self":[{"href":"https:\/\/arcotec.com\/es\/wp-json\/wp\/v2\/pages\/1434","targetHints":{"allow":["GET"]}}],"collection":[{"href":"https:\/\/arcotec.com\/es\/wp-json\/wp\/v2\/pages"}],"about":[{"href":"https:\/\/arcotec.com\/es\/wp-json\/wp\/v2\/types\/page"}],"author":[{"embeddable":true,"href":"https:\/\/arcotec.com\/es\/wp-json\/wp\/v2\/users\/1"}],"replies":[{"embeddable":true,"href":"https:\/\/arcotec.com\/es\/wp-json\/wp\/v2\/comments?post=1434"}],"version-history":[{"count":5,"href":"https:\/\/arcotec.com\/es\/wp-json\/wp\/v2\/pages\/1434\/revisions"}],"predecessor-version":[{"id":47714,"href":"https:\/\/arcotec.com\/es\/wp-json\/wp\/v2\/pages\/1434\/revisions\/47714"}],"wp:attachment":[{"href":"https:\/\/arcotec.com\/es\/wp-json\/wp\/v2\/media?parent=1434"}],"curies":[{"name":"wp","href":"https:\/\/api.w.org\/{rel}","templated":true}]}}