{"id":44876,"date":"2025-11-21T15:19:53","date_gmt":"2025-11-21T14:19:53","guid":{"rendered":"https:\/\/test.arcotec.com\/?page_id=44876"},"modified":"2026-03-30T18:33:00","modified_gmt":"2026-03-30T16:33:00","slug":"surface-cleaner","status":"publish","type":"page","link":"https:\/\/arcotec.com\/en\/surface-cleaner\/","title":{"rendered":"arcotestCLEANER"},"content":{"rendered":"\n<div class=\"wp-block-group container\"><div class=\"wp-block-group__inner-container is-layout-constrained wp-block-group-is-layout-constrained\">\n<h2 class=\"wp-block-heading\">arcotestCLEANER &#8211; Safety Data Sheet SDB<\/h2>\n\n\n\n<div class=\"wp-block-columns is-layout-flex wp-container-core-columns-is-layout-9d6595d7 wp-block-columns-is-layout-flex\">\n<div class=\"wp-block-column is-layout-flow wp-block-column-is-layout-flow\" style=\"flex-basis:5%\">\n<figure class=\"wp-block-image size-large is-resized\"><img decoding=\"async\" src=\"\/wp-content\/uploads\/2025\/11\/de.png\" alt=\"Deutsche Flagge\" class=\"wp-image-13261\" style=\"width:32px\"\/><\/figure>\n<\/div>\n\n\n\n<div class=\"wp-block-column is-layout-flow wp-block-column-is-layout-flow\">\n<div class=\"wp-block-columns is-layout-flex wp-container-core-columns-is-layout-9d6595d7 wp-block-columns-is-layout-flex\">\n<div class=\"wp-block-column is-layout-flow wp-block-column-is-layout-flow\">\n<h5 class=\"wp-block-heading\">Sicherheitdatenblatt PDF, deutsch<\/h5>\n\n\n\n<div class=\"wp-block-file\"><a id=\"wp-block-file--media-80572e71-9616-4818-90c1-19768ce6e7cc\" href=\"\/wp-content\/uploads\/2025\/11\/SDB-arcotestCLEANER_V1.3_de.pdf\" target=\"_blank\" rel=\"noreferrer noopener\">SDB-arcotestCLEANER_V1.3_de<\/a><\/div>\n<\/div>\n\n\n\n<div class=\"wp-block-column is-layout-flow wp-block-column-is-layout-flow\">\n<h5 class=\"wp-block-heading\">Informationsblatt PDF, deutsch<\/h5>\n\n\n\n<div class=\"wp-block-file\"><a id=\"wp-block-file--media-8154f93c-d9c4-4b82-beea-a0b44238129c\" href=\"\/wp-content\/uploads\/2019\/11\/Infoblatt-CLEANER_de.pdf\" target=\"_blank\" rel=\"noreferrer noopener\">Infoblatt arcotestCLEANER_de<\/a><\/div>\n<\/div>\n<\/div>\n<\/div>\n<\/div>\n\n\n\n<div style=\"height:100px\" aria-hidden=\"true\" class=\"wp-block-spacer\"><\/div>\n\n\n\n<div class=\"wp-block-columns is-layout-flex wp-container-core-columns-is-layout-9d6595d7 wp-block-columns-is-layout-flex\">\n<div class=\"wp-block-column is-layout-flow wp-block-column-is-layout-flow\" style=\"flex-basis:5%\">\n<figure class=\"wp-block-image size-full is-resized\"><img decoding=\"async\" src=\"\/wp-content\/uploads\/2025\/11\/swiss.webp\" alt=\"\" class=\"wp-image-23447\" style=\"width:32px\"\/><\/figure>\n<\/div>\n\n\n\n<div class=\"wp-block-column is-layout-flow wp-block-column-is-layout-flow\">\n<div class=\"wp-block-columns is-layout-flex wp-container-core-columns-is-layout-9d6595d7 wp-block-columns-is-layout-flex\">\n<div class=\"wp-block-column is-layout-flow wp-block-column-is-layout-flow\">\n<h5 class=\"wp-block-heading\">Sicherheitdatenblatt PDF, deutsch Schweiz<\/h5>\n\n\n\n<div class=\"wp-block-file\"><a id=\"wp-block-file--media-80572e71-9616-4818-90c1-19768ce6e7cc\" href=\"\/wp-content\/uploads\/2025\/11\/arcotestCLEANER_SDB_1.0-de-ch.pdf\" target=\"_blank\" rel=\"noreferrer noopener\">arcotestCLEANER_SDB_1.0 de-ch<\/a><\/div>\n<\/div>\n\n\n\n<div class=\"wp-block-column is-layout-flow wp-block-column-is-layout-flow\">\n<h5 class=\"wp-block-heading\">Fiche de donn\u00e9es de s\u00e9curit\u00e9 PDF, fran\u00e7ais Schweiz<\/h5>\n\n\n\n<div class=\"wp-block-file\"><a id=\"wp-block-file--media-8154f93c-d9c4-4b82-beea-a0b44238129c\" href=\"\/wp-content\/uploads\/2025\/11\/arcotestCLEANER-V1.0-FR-ch.pdf\" target=\"_blank\" rel=\"noreferrer noopener\">arcotestCLEANER V1.0 FR-ch<\/a><\/div>\n<\/div>\n<\/div>\n<\/div>\n<\/div>\n\n\n\n<div style=\"height:100px\" aria-hidden=\"true\" class=\"wp-block-spacer\"><\/div>\n\n\n\n<div class=\"wp-block-columns is-layout-flex wp-container-core-columns-is-layout-9d6595d7 wp-block-columns-is-layout-flex\">\n<div class=\"wp-block-column is-layout-flow wp-block-column-is-layout-flow\" style=\"flex-basis:5%\">\n<figure class=\"wp-block-image size-large is-resized\"><img decoding=\"async\" src=\"\/wp-content\/uploads\/2025\/11\/uk.png\" alt=\"United Kingdom\" class=\"wp-image-13259\" style=\"width:32px\"\/><\/figure>\n<\/div>\n\n\n\n<div class=\"wp-block-column is-layout-flow wp-block-column-is-layout-flow\">\n<div class=\"wp-block-columns is-layout-flex wp-container-core-columns-is-layout-9d6595d7 wp-block-columns-is-layout-flex\">\n<div class=\"wp-block-column is-layout-flow wp-block-column-is-layout-flow\">\n<h5 class=\"wp-block-heading\">Safety Data Sheet PDF, english<\/h5>\n\n\n\n<div class=\"wp-block-file\"><a id=\"wp-block-file--media-4b0431f6-c0e5-4a87-8a1e-e450965bc347\" href=\"\/wp-content\/uploads\/2025\/11\/SDB-arcotestCLEANER_V1.3_en.pdf\" target=\"_blank\" rel=\"noreferrer noopener\">SDB-arcotestCLEANER_V1.3_en<\/a><\/div>\n<\/div>\n\n\n\n<div class=\"wp-block-column is-layout-flow wp-block-column-is-layout-flow\">\n<h5 class=\"wp-block-heading\">Informations sheet, english<\/h5>\n\n\n\n<div class=\"wp-block-file\"><a id=\"wp-block-file--media-f1f6f26b-bce2-4ce8-88c1-2d3e6b64a0b8\" href=\"\/wp-content\/uploads\/2019\/11\/Infosheet-CLEANER_en.pdf\" target=\"_blank\" rel=\"noreferrer noopener\">Infosheet CLEANER_en<\/a><\/div>\n<\/div>\n<\/div>\n<\/div>\n<\/div>\n\n\n\n<div style=\"height:100px\" aria-hidden=\"true\" class=\"wp-block-spacer\"><\/div>\n\n\n\n<div class=\"wp-block-columns is-layout-flex wp-container-core-columns-is-layout-9d6595d7 wp-block-columns-is-layout-flex\">\n<div class=\"wp-block-column is-layout-flow wp-block-column-is-layout-flow\" style=\"flex-basis:5%\">\n<figure class=\"wp-block-image size-full is-resized\"><img decoding=\"async\" src=\"\/wp-content\/uploads\/2025\/11\/fr.png\" alt=\"France\" class=\"wp-image-13256\" style=\"width:32px\"\/><\/figure>\n<\/div>\n\n\n\n<div class=\"wp-block-column is-layout-flow wp-block-column-is-layout-flow\">\n<h5 class=\"wp-block-heading\">Fiche de donn\u00e9es de s\u00e9curit\u00e9 PDF, fran\u00e7ais<\/h5>\n\n\n\n<div class=\"wp-block-file\"><a id=\"wp-block-file--media-aba8a9b5-eda6-4ca7-ba47-75a155caf3ae\" href=\"\/wp-content\/uploads\/2025\/11\/SDB-arcotestCLEANER_V1.2_fr.pdf\" target=\"_blank\" rel=\"noreferrer noopener\">SDB-arcotestCLEANER_V1.2_fr<\/a><\/div>\n<\/div>\n<\/div>\n\n\n\n<div style=\"height:100px\" aria-hidden=\"true\" class=\"wp-block-spacer\"><\/div>\n\n\n\n<div class=\"wp-block-columns are-vertically-aligned-top is-layout-flex wp-container-core-columns-is-layout-9d6595d7 wp-block-columns-is-layout-flex\">\n<div class=\"wp-block-column is-vertically-aligned-top is-layout-flow wp-block-column-is-layout-flow\" style=\"flex-basis:5%\">\n<figure class=\"wp-block-image size-full is-resized\"><img decoding=\"async\" src=\"\/wp-content\/uploads\/2025\/11\/es.png\" alt=\"\" class=\"wp-image-13628\" style=\"width:32px\"\/><\/figure>\n<\/div>\n\n\n\n<div class=\"wp-block-column is-vertically-aligned-top is-layout-flow wp-block-column-is-layout-flow\">\n<h5 class=\"wp-block-heading\">\u200bFicha de datos de seguridad PDF, espa\u00f1ol&nbsp;&nbsp;<\/h5>\n\n\n\n<div class=\"wp-block-group is-nowrap is-layout-flex wp-container-core-group-is-layout-ad2f72ca wp-block-group-is-layout-flex\">\n<div class=\"wp-block-file\"><a id=\"wp-block-file--media-a55f44e9-9121-4bb3-834b-5596ef099595\" href=\"\/wp-content\/uploads\/2025\/11\/SDB-arcotestCLEANER-V1.0-ESEU-.pdf\" target=\"_blank\" rel=\"noreferrer noopener\">SDB-arcotestCLEANER-V1.0-ESEU-<\/a><\/div>\n<\/div>\n<\/div>\n\n\n\n<div class=\"wp-block-column is-vertically-aligned-top is-layout-flow wp-block-column-is-layout-flow\"><\/div>\n<\/div>\n\n\n\n<div style=\"height:100px\" aria-hidden=\"true\" class=\"wp-block-spacer\"><\/div>\n\n\n\n<div class=\"wp-block-columns is-layout-flex wp-container-core-columns-is-layout-9d6595d7 wp-block-columns-is-layout-flex\">\n<div class=\"wp-block-column is-layout-flow wp-block-column-is-layout-flow\" style=\"flex-basis:5%\">\n<figure class=\"wp-block-image size-full is-resized\"><img decoding=\"async\" src=\"\/wp-content\/uploads\/2025\/11\/it.png\" alt=\"italiano\" class=\"wp-image-18890\" style=\"width:32px\"\/><\/figure>\n<\/div>\n\n\n\n<div class=\"wp-block-column is-layout-flow wp-block-column-is-layout-flow\">\n<h5 class=\"wp-block-heading\">Scheda dati di sicurezza PDF, italiano<\/h5>\n\n\n\n<div class=\"wp-block-file\"><a id=\"wp-block-file--media-aba8a9b5-eda6-4ca7-ba47-75a155caf3ae\" href=\"\/wp-content\/uploads\/2025\/11\/SDB-arcotestCLEANER_V.1.1_it.pdf\" target=\"_blank\" rel=\"noreferrer noopener\">SDB-arcotestCLEANER_V.1.1_it<\/a><\/div>\n<\/div>\n<\/div>\n\n\n\n<div style=\"height:100px\" aria-hidden=\"true\" class=\"wp-block-spacer\"><\/div>\n\n\n\n<div class=\"wp-block-columns is-layout-flex wp-container-core-columns-is-layout-9d6595d7 wp-block-columns-is-layout-flex\">\n<div class=\"wp-block-column is-layout-flow wp-block-column-is-layout-flow\" style=\"flex-basis:5%\">\n<figure class=\"wp-block-image size-full is-resized\"><img loading=\"lazy\" decoding=\"async\" width=\"500\" height=\"500\" src=\"\/wp-content\/uploads\/2025\/11\/nl.png\" alt=\"nederlands\" class=\"wp-image-13790\" style=\"width:32px\"\/><\/figure>\n<\/div>\n\n\n\n<div class=\"wp-block-column is-layout-flow wp-block-column-is-layout-flow\">\n<h5 class=\"wp-block-heading\">Veiligheidsinformatieblad PDF, nederlands<\/h5>\n\n\n\n<div class=\"wp-block-file\"><a id=\"wp-block-file--media-9b928c48-1f5b-48e3-9eb3-1119a771ebdc\" href=\"\/wp-content\/uploads\/2025\/11\/SDB-arcotestCLEANER-V1.1-NL-1.pdf\" target=\"_blank\" rel=\"noreferrer noopener\">SDB arcotestCLEANER V1.1 NL-1<\/a><\/div>\n<\/div>\n<\/div>\n\n\n\n<div style=\"height:100px\" aria-hidden=\"true\" class=\"wp-block-spacer\"><\/div>\n\n\n\n<div class=\"wp-block-columns is-layout-flex wp-container-core-columns-is-layout-9d6595d7 wp-block-columns-is-layout-flex\">\n<div class=\"wp-block-column is-layout-flow wp-block-column-is-layout-flow\" style=\"flex-basis:5%\">\n<figure class=\"wp-block-image size-full is-resized\"><img decoding=\"async\" src=\"\/wp-content\/uploads\/2025\/11\/pl.png\" alt=\"polski\" class=\"wp-image-13786\" style=\"width:32px\"\/><\/figure>\n<\/div>\n\n\n\n<div class=\"wp-block-column is-layout-flow wp-block-column-is-layout-flow\">\n<h5 class=\"wp-block-heading\">Karta charakterystyki substancji niebezpiecznej PDF, Polski<\/h5>\n\n\n\n<div class=\"wp-block-file\"><a id=\"wp-block-file--media-5a30b71e-e2ce-490e-8aa8-a29cf9000947\" href=\"\/wp-content\/uploads\/2025\/11\/SDB-arcotestCLEANER_V1.2_pl.pdf\" target=\"_blank\" rel=\"noreferrer noopener\">SDB-arcotestCLEANER_V1.2_pl<\/a><\/div>\n<\/div>\n<\/div>\n\n\n\n<div style=\"height:100px\" aria-hidden=\"true\" class=\"wp-block-spacer\"><\/div>\n\n\n\n<div class=\"wp-block-columns is-layout-flex wp-container-core-columns-is-layout-9d6595d7 wp-block-columns-is-layout-flex\">\n<div class=\"wp-block-column is-layout-flow wp-block-column-is-layout-flow\" style=\"flex-basis:5%\">\n<figure class=\"wp-block-image size-full is-resized\"><img decoding=\"async\" src=\"\/wp-content\/uploads\/2025\/11\/ro.png\" alt=\"Rum\u00e4nien\" class=\"wp-image-13779\" style=\"width:32px\"\/><\/figure>\n<\/div>\n\n\n\n<div class=\"wp-block-column is-layout-flow wp-block-column-is-layout-flow\">\n<h5 class=\"wp-block-heading\">Fi\u015fa tehnic\u0103 de securitate&nbsp;PDF, rom\u00e2nesc<br><\/h5>\n\n\n\n<div class=\"wp-block-file\"><a id=\"wp-block-file--media-8ed93698-0ba8-404c-832f-51ff1d4cbf34\" href=\"\/wp-content\/uploads\/2025\/11\/SDB-arcotestCLEANER-V1.1-RO_.pdf\" target=\"_blank\" rel=\"noreferrer noopener\">SDB arcotestCLEANER V1.1 RO_<\/a><\/div>\n<\/div>\n<\/div>\n\n\n\n<div style=\"height:100px\" aria-hidden=\"true\" class=\"wp-block-spacer\"><\/div>\n\n\n\n<div class=\"wp-block-columns is-layout-flex wp-container-core-columns-is-layout-9d6595d7 wp-block-columns-is-layout-flex\" style=\"font-size:16px\">\n<div class=\"wp-block-column is-layout-flow wp-block-column-is-layout-flow\" style=\"flex-basis:5%\">\n<figure class=\"wp-block-image size-full is-resized\"><img decoding=\"async\" src=\"\/wp-content\/uploads\/2025\/11\/sv.png\" alt=\"sv\u00e9d\" class=\"wp-image-13834\" style=\"width:32px;height:32px\"\/><\/figure>\n<\/div>\n\n\n\n<div class=\"wp-block-column is-layout-flow wp-block-column-is-layout-flow\">\n<h5 class=\"wp-block-heading\">S\u00e4kerhetsdatablad PDF, svenska<\/h5>\n\n\n\n<div class=\"wp-block-file\"><a id=\"wp-block-file--media-c24b56b8-bd4b-45ee-a6f6-4297c71dff85\" href=\"\/wp-content\/uploads\/2025\/11\/SDB-arcotestCLEANER_V1.0_sv.pdf\" target=\"_blank\" rel=\"noreferrer noopener\">SDB-arcotestCLEANER_V1.0_sv<\/a><\/div>\n<\/div>\n<\/div>\n\n\n\n<div style=\"height:100px\" aria-hidden=\"true\" class=\"wp-block-spacer\"><\/div>\n\n\n\n<div class=\"wp-block-columns is-layout-flex wp-container-core-columns-is-layout-9d6595d7 wp-block-columns-is-layout-flex\">\n<div class=\"wp-block-column is-layout-flow wp-block-column-is-layout-flow\" style=\"flex-basis:5%\">\n<figure class=\"wp-block-image size-full is-resized\"><img decoding=\"async\" src=\"\/wp-content\/uploads\/2025\/11\/sl.png\" alt=\"Slovensko\" class=\"wp-image-18900\" style=\"width:32px;height:32px\"\/><\/figure>\n<\/div>\n\n\n\n<div class=\"wp-block-column is-layout-flow wp-block-column-is-layout-flow\">\n<h5 class=\"wp-block-heading\">Varnostni list PDF, sloven\u0161\u010dina<\/h5>\n\n\n\n<div class=\"wp-block-columns is-layout-flex wp-container-core-columns-is-layout-9d6595d7 wp-block-columns-is-layout-flex\">\n<div class=\"wp-block-column is-layout-flow wp-block-column-is-layout-flow\">\n<div class=\"wp-block-file\"><a id=\"wp-block-file--media-5d54e765-0925-4262-b76b-59010de4e30d\" href=\"\/wp-content\/uploads\/2025\/11\/SDB-arcotestCLEANER_V1.0_sl.pdf\" target=\"_blank\" rel=\"noreferrer noopener\">SDB-arcotestCLEANER_V1.0_sl<\/a><\/div>\n<\/div>\n<\/div>\n<\/div>\n<\/div>\n\n\n\n<div style=\"height:100px\" aria-hidden=\"true\" class=\"wp-block-spacer\"><\/div>\n<\/div><\/div>\n","protected":false},"excerpt":{"rendered":"<p>arcotestCLEANER &#8211; Safety Data Sheet SDB Sicherheitdatenblatt PDF, deutsch Informationsblatt PDF, deutsch Sicherheitdatenblatt PDF, deutsch Schweiz Fiche de donn\u00e9es de s\u00e9curit\u00e9 PDF, fran\u00e7ais Schweiz Safety Data Sheet PDF, english Informations sheet, english Fiche de donn\u00e9es de s\u00e9curit\u00e9 PDF, fran\u00e7ais \u200bFicha de datos de seguridad PDF, espa\u00f1ol&nbsp;&nbsp; Scheda dati di sicurezza PDF, italiano Veiligheidsinformatieblad PDF, nederlands [&hellip;]<\/p>\n","protected":false},"author":1,"featured_media":0,"parent":0,"menu_order":0,"comment_status":"closed","ping_status":"closed","template":"","meta":{"footnotes":""},"class_list":["post-44876","page","type-page","status-publish","hentry"],"yoast_head":"<!-- This site is optimized with the Yoast SEO plugin v27.3 - https:\/\/yoast.com\/product\/yoast-seo-wordpress\/ -->\n<title>arcotestCLEANER - arcotec<\/title>\n<meta name=\"robots\" content=\"noindex, follow\" \/>\n<meta property=\"og:locale\" content=\"en_US\" \/>\n<meta property=\"og:type\" content=\"article\" \/>\n<meta property=\"og:title\" content=\"arcotestCLEANER - arcotec\" \/>\n<meta property=\"og:description\" content=\"arcotestCLEANER &#8211; Safety Data Sheet SDB Sicherheitdatenblatt PDF, deutsch Informationsblatt PDF, deutsch Sicherheitdatenblatt PDF, deutsch Schweiz Fiche de donn\u00e9es de s\u00e9curit\u00e9 PDF, fran\u00e7ais Schweiz Safety Data Sheet PDF, english Informations sheet, english Fiche de donn\u00e9es de s\u00e9curit\u00e9 PDF, fran\u00e7ais \u200bFicha de datos de seguridad PDF, espa\u00f1ol&nbsp;&nbsp; Scheda dati di sicurezza PDF, italiano Veiligheidsinformatieblad PDF, nederlands [&hellip;]\" \/>\n<meta property=\"og:url\" content=\"https:\/\/arcotec.com\/en\/surface-cleaner\/\" \/>\n<meta property=\"og:site_name\" content=\"arcotec\" \/>\n<meta property=\"article:modified_time\" content=\"2026-03-30T16:33:00+00:00\" \/>\n<meta name=\"twitter:card\" content=\"summary_large_image\" \/>\n<meta name=\"twitter:label1\" content=\"Est. reading time\" \/>\n\t<meta name=\"twitter:data1\" content=\"3 minutes\" \/>\n<script type=\"application\/ld+json\" class=\"yoast-schema-graph\">{\"@context\":\"https:\\\/\\\/schema.org\",\"@graph\":[{\"@type\":\"WebPage\",\"@id\":\"https:\\\/\\\/arcotec.com\\\/en\\\/surface-cleaner\\\/\",\"url\":\"https:\\\/\\\/arcotec.com\\\/en\\\/surface-cleaner\\\/\",\"name\":\"arcotestCLEANER - arcotec\",\"isPartOf\":{\"@id\":\"https:\\\/\\\/arcotec.com\\\/en\\\/#website\"},\"datePublished\":\"2025-11-21T14:19:53+00:00\",\"dateModified\":\"2026-03-30T16:33:00+00:00\",\"breadcrumb\":{\"@id\":\"https:\\\/\\\/arcotec.com\\\/en\\\/surface-cleaner\\\/#breadcrumb\"},\"inLanguage\":\"en-US\",\"potentialAction\":[{\"@type\":\"ReadAction\",\"target\":[\"https:\\\/\\\/arcotec.com\\\/en\\\/surface-cleaner\\\/\"]}]},{\"@type\":\"BreadcrumbList\",\"@id\":\"https:\\\/\\\/arcotec.com\\\/en\\\/surface-cleaner\\\/#breadcrumb\",\"itemListElement\":[{\"@type\":\"ListItem\",\"position\":1,\"name\":\"Home\",\"item\":\"https:\\\/\\\/arcotec.com\\\/en\\\/\"},{\"@type\":\"ListItem\",\"position\":2,\"name\":\"arcotestCLEANER\"}]},{\"@type\":\"WebSite\",\"@id\":\"https:\\\/\\\/arcotec.com\\\/en\\\/#website\",\"url\":\"https:\\\/\\\/arcotec.com\\\/en\\\/\",\"name\":\"arcotec\",\"description\":\"\",\"potentialAction\":[{\"@type\":\"SearchAction\",\"target\":{\"@type\":\"EntryPoint\",\"urlTemplate\":\"https:\\\/\\\/arcotec.com\\\/en\\\/?s={search_term_string}\"},\"query-input\":{\"@type\":\"PropertyValueSpecification\",\"valueRequired\":true,\"valueName\":\"search_term_string\"}}],\"inLanguage\":\"en-US\"}]}<\/script>\n<!-- \/ Yoast SEO plugin. -->","yoast_head_json":{"title":"arcotestCLEANER - arcotec","robots":{"index":"noindex","follow":"follow"},"og_locale":"en_US","og_type":"article","og_title":"arcotestCLEANER - arcotec","og_description":"arcotestCLEANER &#8211; Safety Data Sheet SDB Sicherheitdatenblatt PDF, deutsch Informationsblatt PDF, deutsch Sicherheitdatenblatt PDF, deutsch Schweiz Fiche de donn\u00e9es de s\u00e9curit\u00e9 PDF, fran\u00e7ais Schweiz Safety Data Sheet PDF, english Informations sheet, english Fiche de donn\u00e9es de s\u00e9curit\u00e9 PDF, fran\u00e7ais \u200bFicha de datos de seguridad PDF, espa\u00f1ol&nbsp;&nbsp; Scheda dati di sicurezza PDF, italiano Veiligheidsinformatieblad PDF, nederlands [&hellip;]","og_url":"https:\/\/arcotec.com\/en\/surface-cleaner\/","og_site_name":"arcotec","article_modified_time":"2026-03-30T16:33:00+00:00","twitter_card":"summary_large_image","twitter_misc":{"Est. reading time":"3 minutes"},"schema":{"@context":"https:\/\/schema.org","@graph":[{"@type":"WebPage","@id":"https:\/\/arcotec.com\/en\/surface-cleaner\/","url":"https:\/\/arcotec.com\/en\/surface-cleaner\/","name":"arcotestCLEANER - arcotec","isPartOf":{"@id":"https:\/\/arcotec.com\/en\/#website"},"datePublished":"2025-11-21T14:19:53+00:00","dateModified":"2026-03-30T16:33:00+00:00","breadcrumb":{"@id":"https:\/\/arcotec.com\/en\/surface-cleaner\/#breadcrumb"},"inLanguage":"en-US","potentialAction":[{"@type":"ReadAction","target":["https:\/\/arcotec.com\/en\/surface-cleaner\/"]}]},{"@type":"BreadcrumbList","@id":"https:\/\/arcotec.com\/en\/surface-cleaner\/#breadcrumb","itemListElement":[{"@type":"ListItem","position":1,"name":"Home","item":"https:\/\/arcotec.com\/en\/"},{"@type":"ListItem","position":2,"name":"arcotestCLEANER"}]},{"@type":"WebSite","@id":"https:\/\/arcotec.com\/en\/#website","url":"https:\/\/arcotec.com\/en\/","name":"arcotec","description":"","potentialAction":[{"@type":"SearchAction","target":{"@type":"EntryPoint","urlTemplate":"https:\/\/arcotec.com\/en\/?s={search_term_string}"},"query-input":{"@type":"PropertyValueSpecification","valueRequired":true,"valueName":"search_term_string"}}],"inLanguage":"en-US"}]}},"_links":{"self":[{"href":"https:\/\/arcotec.com\/en\/wp-json\/wp\/v2\/pages\/44876","targetHints":{"allow":["GET"]}}],"collection":[{"href":"https:\/\/arcotec.com\/en\/wp-json\/wp\/v2\/pages"}],"about":[{"href":"https:\/\/arcotec.com\/en\/wp-json\/wp\/v2\/types\/page"}],"author":[{"embeddable":true,"href":"https:\/\/arcotec.com\/en\/wp-json\/wp\/v2\/users\/1"}],"replies":[{"embeddable":true,"href":"https:\/\/arcotec.com\/en\/wp-json\/wp\/v2\/comments?post=44876"}],"version-history":[{"count":3,"href":"https:\/\/arcotec.com\/en\/wp-json\/wp\/v2\/pages\/44876\/revisions"}],"predecessor-version":[{"id":44977,"href":"https:\/\/arcotec.com\/en\/wp-json\/wp\/v2\/pages\/44876\/revisions\/44977"}],"wp:attachment":[{"href":"https:\/\/arcotec.com\/en\/wp-json\/wp\/v2\/media?parent=44876"}],"curies":[{"name":"wp","href":"https:\/\/api.w.org\/{rel}","templated":true}]}}