{"id":44874,"date":"2025-11-21T15:11:06","date_gmt":"2025-11-21T14:11:06","guid":{"rendered":"https:\/\/test.arcotec.com\/arcoweb\/"},"modified":"2026-03-30T18:45:15","modified_gmt":"2026-03-30T16:45:15","slug":"arcoweb","status":"publish","type":"page","link":"https:\/\/arcotec.com\/en\/arcoweb\/","title":{"rendered":"arcoweb"},"content":{"rendered":"\n<div class=\"wp-block-group container\"><div class=\"wp-block-group__inner-container is-layout-constrained wp-block-group-is-layout-constrained\">\n<div class=\"wp-block-columns is-layout-flex wp-container-core-columns-is-layout-9d6595d7 wp-block-columns-is-layout-flex\">\n<div class=\"wp-block-column is-layout-flow wp-block-column-is-layout-flow\" style=\"flex-basis:100%\">\n<h1 class=\"wp-block-heading\">arcoweb\u00ae &#8211;  Sicherheitsdatenblatt SDB<\/h1>\n\n\n\n<h3 class=\"wp-block-heading\">arcoweb\u00ae tissues<br>ORGANIC&nbsp;<strong>38 mN\/m&nbsp; \u2022 38 dyne\/cm&nbsp;<\/strong><\/h3>\n\n\n\n<div style=\"height:21px\" aria-hidden=\"true\" class=\"wp-block-spacer\"><\/div>\n\n\n\n<div class=\"wp-block-columns is-layout-flex wp-container-core-columns-is-layout-9d6595d7 wp-block-columns-is-layout-flex\">\n<div class=\"wp-block-column is-layout-flow wp-block-column-is-layout-flow\" style=\"flex-basis:5%\">\n<figure class=\"wp-block-image size-large is-resized\"><img decoding=\"async\" src=\"\/wp-content\/uploads\/2025\/11\/de.png\" alt=\"Deutsche Flagge\" class=\"wp-image-13261\" style=\"width:32px;height:32px\"\/><\/figure>\n<\/div>\n\n\n\n<div class=\"wp-block-column is-layout-flow wp-block-column-is-layout-flow\">\n<h5 class=\"wp-block-heading\">Sicherheitdatenblatt PDF, deutsch<\/h5>\n\n\n\n<div class=\"wp-block-file\"><a id=\"wp-block-file--media-80572e71-9616-4818-90c1-19768ce6e7cc\" href=\"\/wp-content\/uploads\/2025\/11\/Z0-SDB_Tinte-u.-Stifte-ORGANIC-30-46-V1.1-de-1.pdf\" target=\"_blank\" rel=\"noreferrer noopener\">SDB_ORGANIC 30-46 1.1_de<\/a><\/div>\n<\/div>\n\n\n\n<div class=\"wp-block-column is-layout-flow wp-block-column-is-layout-flow\">\n<h5 class=\"wp-block-heading\">Informationsblatt PDF, deutsch<\/h5>\n\n\n\n<div class=\"wp-block-file\"><a id=\"wp-block-file--media-8154f93c-d9c4-4b82-beea-a0b44238129c\" href=\"\/wp-content\/uploads\/2025\/11\/INFO-arcoweb.pdf\" target=\"_blank\" rel=\"noreferrer noopener\">INFO arcoweb<\/a><\/div>\n<\/div>\n<\/div>\n<\/div>\n<\/div>\n\n\n\n<div style=\"height:100px\" aria-hidden=\"true\" class=\"wp-block-spacer\"><\/div>\n\n\n\n<div class=\"wp-block-columns is-layout-flex wp-container-core-columns-is-layout-9d6595d7 wp-block-columns-is-layout-flex\">\n<div class=\"wp-block-column is-layout-flow wp-block-column-is-layout-flow\" style=\"flex-basis:5%\">\n<figure class=\"wp-block-image size-full is-resized\"><img decoding=\"async\" src=\"\/wp-content\/uploads\/2025\/11\/uk.png\" alt=\"United Kingdom\" class=\"wp-image-18846\" style=\"width:32px;height:32px\"\/><\/figure>\n<\/div>\n\n\n\n<div class=\"wp-block-column is-layout-flow wp-block-column-is-layout-flow\">\n<h5 class=\"wp-block-heading\">Safety Data Sheet PDF, english<\/h5>\n\n\n\n<div class=\"wp-block-file\"><a id=\"wp-block-file--media-ccee3d7f-4fed-44f8-8542-069b0cc2d631\" href=\"\/wp-content\/uploads\/2025\/11\/SDB-ORGANIC-INK-PEN-30-46_V1.3_en.pdf\" target=\"_blank\" rel=\"noreferrer noopener\">SDB-ORGANIC-INK-PEN-30-46_V1.3_en<\/a><\/div>\n<\/div>\n<\/div>\n\n\n\n<div style=\"height:100px\" aria-hidden=\"true\" class=\"wp-block-spacer\"><\/div>\n\n\n\n<div class=\"wp-block-columns is-layout-flex wp-container-core-columns-is-layout-9d6595d7 wp-block-columns-is-layout-flex\">\n<div class=\"wp-block-column is-layout-flow wp-block-column-is-layout-flow\" style=\"flex-basis:5%\">\n<figure class=\"wp-block-image size-full is-resized\"><img decoding=\"async\" src=\"\/wp-content\/uploads\/2025\/11\/fr.png\" alt=\"France\" class=\"wp-image-18845\" style=\"width:32px;height:32px\"\/><\/figure>\n<\/div>\n\n\n\n<div class=\"wp-block-column is-layout-flow wp-block-column-is-layout-flow\">\n<h5 class=\"wp-block-heading\">Fiche de donn\u00e9es de s\u00e9curit\u00e9 PDF, fran\u00e7ais<\/h5>\n\n\n\n<div class=\"wp-block-file\"><a id=\"wp-block-file--media-ccee3d7f-4fed-44f8-8542-069b0cc2d631\" href=\"\/wp-content\/uploads\/2025\/11\/SDB-ORGANIC-30-46_V1.3_fr.pdf\" target=\"_blank\" rel=\"noreferrer noopener\">SDB-ORGANIC-30-46_V1.3_fr<\/a><\/div>\n<\/div>\n<\/div>\n\n\n\n<div style=\"height:100px\" aria-hidden=\"true\" class=\"wp-block-spacer\"><\/div>\n\n\n\n<div class=\"wp-block-columns is-layout-flex wp-container-core-columns-is-layout-9d6595d7 wp-block-columns-is-layout-flex\">\n<div class=\"wp-block-column is-layout-flow wp-block-column-is-layout-flow\" style=\"flex-basis:5%\">\n<figure class=\"wp-block-image size-full is-resized\"><img decoding=\"async\" src=\"\/wp-content\/uploads\/2025\/11\/it.png\" alt=\"italiano\" class=\"wp-image-18890\" style=\"width:32px;height:32px\"\/><\/figure>\n<\/div>\n\n\n\n<div class=\"wp-block-column is-layout-flow wp-block-column-is-layout-flow\">\n<h5 class=\"wp-block-heading\">Scheda dati di sicurezza PDF, italiano<\/h5>\n\n\n\n<div class=\"wp-block-file\"><a id=\"wp-block-file--media-ccee3d7f-4fed-44f8-8542-069b0cc2d631\" href=\"\/wp-content\/uploads\/2025\/11\/SDB-ORGANIC-30-46_V1.3_it.pdf\" target=\"_blank\" rel=\"noreferrer noopener\">SDB-ORGANIC-30-46_V1.3_it<\/a><\/div>\n<\/div>\n<\/div>\n\n\n\n<div style=\"height:100px\" aria-hidden=\"true\" class=\"wp-block-spacer\"><\/div>\n\n\n\n<div class=\"wp-block-columns is-layout-flex wp-container-core-columns-is-layout-9d6595d7 wp-block-columns-is-layout-flex\">\n<div class=\"wp-block-column is-layout-flow wp-block-column-is-layout-flow\" style=\"flex-basis:5%\">\n<figure class=\"wp-block-image size-full is-resized\"><img decoding=\"async\" src=\"\/wp-content\/uploads\/2025\/11\/pl.png\" alt=\"polski\" class=\"wp-image-13786\" style=\"width:32px;height:32px\"\/><\/figure>\n<\/div>\n\n\n\n<div class=\"wp-block-column is-layout-flow wp-block-column-is-layout-flow\">\n<h5 class=\"wp-block-heading\">Karta charakterystyki substancji niebezpiecznej&nbsp; PDF, polski<\/h5>\n\n\n\n<div class=\"wp-block-file\"><a id=\"wp-block-file--media-ccee3d7f-4fed-44f8-8542-069b0cc2d631\" href=\"\/wp-content\/uploads\/2025\/11\/SDB-ORGANIC-30-46-V1.2_PL.pdf\" target=\"_blank\" rel=\"noreferrer noopener\">SDB ORGANIC 30 -46 V1.2_PL<\/a><\/div>\n<\/div>\n<\/div>\n\n\n\n<div style=\"height:100px\" aria-hidden=\"true\" class=\"wp-block-spacer\"><\/div>\n\n\n\n<div class=\"wp-block-columns is-layout-flex wp-container-core-columns-is-layout-9d6595d7 wp-block-columns-is-layout-flex\">\n<div class=\"wp-block-column is-layout-flow wp-block-column-is-layout-flow\" style=\"flex-basis:5%\">\n<figure class=\"wp-block-image size-full is-resized\"><img loading=\"lazy\" decoding=\"async\" width=\"500\" height=\"500\" src=\"\/wp-content\/uploads\/2025\/11\/nl.png\" alt=\"nederlands\" class=\"wp-image-13790\" style=\"width:32px;height:32px\"\/><\/figure>\n<\/div>\n\n\n\n<div class=\"wp-block-column is-layout-flow wp-block-column-is-layout-flow\">\n<h5 class=\"wp-block-heading\">Veiligheidsinformatieblad PDF, Nederlands<\/h5>\n\n\n\n<div class=\"wp-block-file\"><a id=\"wp-block-file--media-84da9212-48d6-4108-a773-4392362a2d58\" href=\"\/wp-content\/uploads\/2025\/11\/SDB-ORGANIC-30-46-V-1.2-NL.pdf\" target=\"_blank\" rel=\"noreferrer noopener\">SDB ORGANIC 30-46 V 1.2 NL<\/a><\/div>\n<\/div>\n<\/div>\n\n\n\n<div style=\"height:100px\" aria-hidden=\"true\" class=\"wp-block-spacer\"><\/div>\n\n\n\n<div class=\"wp-block-columns is-layout-flex wp-container-core-columns-is-layout-9d6595d7 wp-block-columns-is-layout-flex\">\n<div class=\"wp-block-column is-layout-flow wp-block-column-is-layout-flow\" style=\"flex-basis:5%\">\n<figure class=\"wp-block-image size-large is-resized\"><img decoding=\"async\" src=\"\/wp-content\/uploads\/2025\/11\/ro.png\" alt=\"Rum\u00e4nien\" class=\"wp-image-13780\" style=\"width:32px;height:32px\"\/><\/figure>\n<\/div>\n\n\n\n<div class=\"wp-block-column is-layout-flow wp-block-column-is-layout-flow\">\n<h5 class=\"wp-block-heading\">Fi\u015fa tehnic\u0103 de securitate PDF, rom\u00e2nesc<\/h5>\n\n\n\n<div class=\"wp-block-file\"><a id=\"wp-block-file--media-9b816573-14b4-4d72-8ff5-e5eafe4b01db\" href=\"\/wp-content\/uploads\/2025\/11\/SDB-ORGANIC-TESTTINTE-30-46-V1.2-RO-1.pdf\" target=\"_blank\" rel=\"noreferrer noopener\">SDB ORGANIC TESTTINTE 30-46 V1.2 RO<\/a><\/div>\n<\/div>\n<\/div>\n\n\n\n<div style=\"height:100px\" aria-hidden=\"true\" class=\"wp-block-spacer\"><\/div>\n\n\n\n<div class=\"wp-block-columns is-layout-flex wp-container-core-columns-is-layout-9d6595d7 wp-block-columns-is-layout-flex\">\n<div class=\"wp-block-column is-layout-flow wp-block-column-is-layout-flow\" style=\"flex-basis:5%\">\n<figure class=\"wp-block-image size-full is-resized\"><img decoding=\"async\" src=\"\/wp-content\/uploads\/2025\/11\/sk.png\" alt=\"slovin\u010dina\" class=\"wp-image-13806\" style=\"width:32px;height:32px\"\/><\/figure>\n<\/div>\n\n\n\n<div class=\"wp-block-column is-layout-flow wp-block-column-is-layout-flow\">\n<h5 class=\"wp-block-heading\">Karta bezpe\u010dnostn\u00fdch \u00fadajov PDF, slovensky<\/h5>\n\n\n\n<div class=\"wp-block-file\"><a id=\"wp-block-file--media-50cd4ebc-8667-4ddd-b0fc-7020181229f5\" href=\"\/wp-content\/uploads\/2025\/11\/SDB-ORGANIC-30-46-V1.2-SK.pdf\" target=\"_blank\" rel=\"noreferrer noopener\">SDB ORGANIC 30-46 V1.2 SK<\/a><\/div>\n<\/div>\n<\/div>\n\n\n\n<div style=\"height:100px\" aria-hidden=\"true\" class=\"wp-block-spacer\"><\/div>\n\n\n\n<div class=\"wp-block-columns is-layout-flex wp-container-core-columns-is-layout-9d6595d7 wp-block-columns-is-layout-flex\">\n<div class=\"wp-block-column is-layout-flow wp-block-column-is-layout-flow\" style=\"flex-basis:5%\">\n<figure class=\"wp-block-image size-full is-resized\"><img decoding=\"async\" src=\"\/wp-content\/uploads\/2025\/11\/sl.png\" alt=\"Slovensko\" class=\"wp-image-13799\" style=\"width:32px;height:32px\"\/><\/figure>\n<\/div>\n\n\n\n<div class=\"wp-block-column is-layout-flow wp-block-column-is-layout-flow\">\n<h5 class=\"wp-block-heading\">Varnostni list PDF, sloven\u0161\u010dina<\/h5>\n\n\n\n<div class=\"wp-block-file\"><a id=\"wp-block-file--media-78935c41-3e79-435c-85f2-e529c9dac66f\" href=\"\/wp-content\/uploads\/2025\/11\/SDB-ORGANIC-30-46-V1.2-SL.pdf\" target=\"_blank\" rel=\"noreferrer noopener\">SDB ORGANIC 30-46 V1.2 SL<\/a><\/div>\n<\/div>\n<\/div>\n\n\n\n<div style=\"height:100px\" aria-hidden=\"true\" class=\"wp-block-spacer\"><\/div>\n<\/div><\/div>\n","protected":false},"excerpt":{"rendered":"<p>arcoweb\u00ae &#8211; Sicherheitsdatenblatt SDB arcoweb\u00ae tissuesORGANIC&nbsp;38 mN\/m&nbsp; \u2022 38 dyne\/cm&nbsp; Sicherheitdatenblatt PDF, deutsch Informationsblatt PDF, deutsch Safety Data Sheet PDF, english Fiche de donn\u00e9es de s\u00e9curit\u00e9 PDF, fran\u00e7ais Scheda dati di sicurezza PDF, italiano Karta charakterystyki substancji niebezpiecznej&nbsp; PDF, polski Veiligheidsinformatieblad PDF, Nederlands Fi\u015fa tehnic\u0103 de securitate PDF, rom\u00e2nesc Karta bezpe\u010dnostn\u00fdch \u00fadajov PDF, slovensky Varnostni [&hellip;]<\/p>\n","protected":false},"author":1,"featured_media":0,"parent":0,"menu_order":0,"comment_status":"closed","ping_status":"closed","template":"","meta":{"footnotes":""},"class_list":["post-44874","page","type-page","status-publish","hentry"],"yoast_head":"<!-- This site is optimized with the Yoast SEO plugin v27.3 - https:\/\/yoast.com\/product\/yoast-seo-wordpress\/ -->\n<title>arcoweb - arcotec<\/title>\n<meta name=\"robots\" content=\"noindex, follow\" \/>\n<meta property=\"og:locale\" content=\"en_US\" \/>\n<meta property=\"og:type\" content=\"article\" \/>\n<meta property=\"og:title\" content=\"arcoweb - arcotec\" \/>\n<meta property=\"og:description\" content=\"arcoweb\u00ae &#8211; Sicherheitsdatenblatt SDB arcoweb\u00ae tissuesORGANIC&nbsp;38 mN\/m&nbsp; \u2022 38 dyne\/cm&nbsp; Sicherheitdatenblatt PDF, deutsch Informationsblatt PDF, deutsch Safety Data Sheet PDF, english Fiche de donn\u00e9es de s\u00e9curit\u00e9 PDF, fran\u00e7ais Scheda dati di sicurezza PDF, italiano Karta charakterystyki substancji niebezpiecznej&nbsp; PDF, polski Veiligheidsinformatieblad PDF, Nederlands Fi\u015fa tehnic\u0103 de securitate PDF, rom\u00e2nesc Karta bezpe\u010dnostn\u00fdch \u00fadajov PDF, slovensky Varnostni [&hellip;]\" \/>\n<meta property=\"og:url\" content=\"https:\/\/arcotec.com\/en\/arcoweb\/\" \/>\n<meta property=\"og:site_name\" content=\"arcotec\" \/>\n<meta property=\"article:modified_time\" content=\"2026-03-30T16:45:15+00:00\" \/>\n<meta name=\"twitter:card\" content=\"summary_large_image\" \/>\n<meta name=\"twitter:label1\" content=\"Est. reading time\" \/>\n\t<meta name=\"twitter:data1\" content=\"3 minutes\" \/>\n<script type=\"application\/ld+json\" class=\"yoast-schema-graph\">{\"@context\":\"https:\\\/\\\/schema.org\",\"@graph\":[{\"@type\":\"WebPage\",\"@id\":\"https:\\\/\\\/arcotec.com\\\/en\\\/arcoweb\\\/\",\"url\":\"https:\\\/\\\/arcotec.com\\\/en\\\/arcoweb\\\/\",\"name\":\"arcoweb - arcotec\",\"isPartOf\":{\"@id\":\"https:\\\/\\\/arcotec.com\\\/en\\\/#website\"},\"datePublished\":\"2025-11-21T14:11:06+00:00\",\"dateModified\":\"2026-03-30T16:45:15+00:00\",\"breadcrumb\":{\"@id\":\"https:\\\/\\\/arcotec.com\\\/en\\\/arcoweb\\\/#breadcrumb\"},\"inLanguage\":\"en-US\",\"potentialAction\":[{\"@type\":\"ReadAction\",\"target\":[\"https:\\\/\\\/arcotec.com\\\/en\\\/arcoweb\\\/\"]}]},{\"@type\":\"BreadcrumbList\",\"@id\":\"https:\\\/\\\/arcotec.com\\\/en\\\/arcoweb\\\/#breadcrumb\",\"itemListElement\":[{\"@type\":\"ListItem\",\"position\":1,\"name\":\"Home\",\"item\":\"https:\\\/\\\/arcotec.com\\\/en\\\/\"},{\"@type\":\"ListItem\",\"position\":2,\"name\":\"arcoweb\"}]},{\"@type\":\"WebSite\",\"@id\":\"https:\\\/\\\/arcotec.com\\\/en\\\/#website\",\"url\":\"https:\\\/\\\/arcotec.com\\\/en\\\/\",\"name\":\"arcotec\",\"description\":\"\",\"potentialAction\":[{\"@type\":\"SearchAction\",\"target\":{\"@type\":\"EntryPoint\",\"urlTemplate\":\"https:\\\/\\\/arcotec.com\\\/en\\\/?s={search_term_string}\"},\"query-input\":{\"@type\":\"PropertyValueSpecification\",\"valueRequired\":true,\"valueName\":\"search_term_string\"}}],\"inLanguage\":\"en-US\"}]}<\/script>\n<!-- \/ Yoast SEO plugin. -->","yoast_head_json":{"title":"arcoweb - arcotec","robots":{"index":"noindex","follow":"follow"},"og_locale":"en_US","og_type":"article","og_title":"arcoweb - arcotec","og_description":"arcoweb\u00ae &#8211; Sicherheitsdatenblatt SDB arcoweb\u00ae tissuesORGANIC&nbsp;38 mN\/m&nbsp; \u2022 38 dyne\/cm&nbsp; Sicherheitdatenblatt PDF, deutsch Informationsblatt PDF, deutsch Safety Data Sheet PDF, english Fiche de donn\u00e9es de s\u00e9curit\u00e9 PDF, fran\u00e7ais Scheda dati di sicurezza PDF, italiano Karta charakterystyki substancji niebezpiecznej&nbsp; PDF, polski Veiligheidsinformatieblad PDF, Nederlands Fi\u015fa tehnic\u0103 de securitate PDF, rom\u00e2nesc Karta bezpe\u010dnostn\u00fdch \u00fadajov PDF, slovensky Varnostni [&hellip;]","og_url":"https:\/\/arcotec.com\/en\/arcoweb\/","og_site_name":"arcotec","article_modified_time":"2026-03-30T16:45:15+00:00","twitter_card":"summary_large_image","twitter_misc":{"Est. reading time":"3 minutes"},"schema":{"@context":"https:\/\/schema.org","@graph":[{"@type":"WebPage","@id":"https:\/\/arcotec.com\/en\/arcoweb\/","url":"https:\/\/arcotec.com\/en\/arcoweb\/","name":"arcoweb - arcotec","isPartOf":{"@id":"https:\/\/arcotec.com\/en\/#website"},"datePublished":"2025-11-21T14:11:06+00:00","dateModified":"2026-03-30T16:45:15+00:00","breadcrumb":{"@id":"https:\/\/arcotec.com\/en\/arcoweb\/#breadcrumb"},"inLanguage":"en-US","potentialAction":[{"@type":"ReadAction","target":["https:\/\/arcotec.com\/en\/arcoweb\/"]}]},{"@type":"BreadcrumbList","@id":"https:\/\/arcotec.com\/en\/arcoweb\/#breadcrumb","itemListElement":[{"@type":"ListItem","position":1,"name":"Home","item":"https:\/\/arcotec.com\/en\/"},{"@type":"ListItem","position":2,"name":"arcoweb"}]},{"@type":"WebSite","@id":"https:\/\/arcotec.com\/en\/#website","url":"https:\/\/arcotec.com\/en\/","name":"arcotec","description":"","potentialAction":[{"@type":"SearchAction","target":{"@type":"EntryPoint","urlTemplate":"https:\/\/arcotec.com\/en\/?s={search_term_string}"},"query-input":{"@type":"PropertyValueSpecification","valueRequired":true,"valueName":"search_term_string"}}],"inLanguage":"en-US"}]}},"_links":{"self":[{"href":"https:\/\/arcotec.com\/en\/wp-json\/wp\/v2\/pages\/44874","targetHints":{"allow":["GET"]}}],"collection":[{"href":"https:\/\/arcotec.com\/en\/wp-json\/wp\/v2\/pages"}],"about":[{"href":"https:\/\/arcotec.com\/en\/wp-json\/wp\/v2\/types\/page"}],"author":[{"embeddable":true,"href":"https:\/\/arcotec.com\/en\/wp-json\/wp\/v2\/users\/1"}],"replies":[{"embeddable":true,"href":"https:\/\/arcotec.com\/en\/wp-json\/wp\/v2\/comments?post=44874"}],"version-history":[{"count":6,"href":"https:\/\/arcotec.com\/en\/wp-json\/wp\/v2\/pages\/44874\/revisions"}],"predecessor-version":[{"id":44934,"href":"https:\/\/arcotec.com\/en\/wp-json\/wp\/v2\/pages\/44874\/revisions\/44934"}],"wp:attachment":[{"href":"https:\/\/arcotec.com\/en\/wp-json\/wp\/v2\/media?parent=44874"}],"curies":[{"name":"wp","href":"https:\/\/api.w.org\/{rel}","templated":true}]}}